
{"id":1608,"date":"2026-01-30T10:08:01","date_gmt":"2026-01-30T08:08:01","guid":{"rendered":"https:\/\/www.centrumczystosci.com\/WP\/?post_type=product&#038;p=1608"},"modified":"2026-04-01T16:14:20","modified_gmt":"2026-04-01T14:14:20","slug":"morana-super-sciereczki-super-wytrzymale-3szt-m005","status":"publish","type":"product","link":"https:\/\/www.centrumczystosci.com\/WP\/produkt\/morana-super-sciereczki-super-wytrzymale-3szt-m005","title":{"rendered":"MORANA Super \u015aciereczki super wytrzyma\u0142e 3szt M005"},"content":{"rendered":"<div class=\"esp_column_description\">\n<section class=\"section\">\n<div class=\"item item-12\">\n<section class=\"text-item\">\n<h2>MORANA Super \u015aciereczki super wytrzyma\u0142e 3szt M005<\/h2>\n<p>MORANA Super \u015aciereczki super wytrzyma\u0142e to doskona\u0142e rozwi\u0105zanie dla wymagaj\u0105cych klient\u00f3w, kt\u00f3rzy oczekuj\u0105 maksymalnej wydajno\u015bci i jako\u015bci od swoich \u015brodk\u00f3w czyszcz\u0105cych. Wykonane z najwy\u017cszej jako\u015bci mikrofibry, te super wytrzyma\u0142e \u015bciereczki s\u0105 niezwykle ch\u0142onne, skuteczne i trwa\u0142e. MORANA Super \u015aciereczki super wytrzyma\u0142e s\u0105 zaprojektowane w taki spos\u00f3b, aby doskonale radzi\u0107 sobie z r\u00f3\u017cnymi rodzajami zabrudze\u0144, bez konieczno\u015bci stosowania dodatkowych \u015brodk\u00f3w chemicznych. Doskonale nadaj\u0105 si\u0119 do czyszczenia mebli, pod\u0142\u00f3g, okien, a nawet samochod\u00f3w. W sklepie internetowym MORANA Super \u015aciereczki super wytrzyma\u0142e s\u0105 dost\u0119pne w zestawie 3 sztuk, co stanowi idealne rozwi\u0105zanie dla os\u00f3b, kt\u00f3re chc\u0105 zaopatrzy\u0107 si\u0119 w wysokiej jako\u015bci produkty w przyst\u0119pnej cenie. Ka\u017cda z trzech \u015bciereczek ma inny kolor, co u\u0142atwia rozr\u00f3\u017cnienie ich zastosowa\u0144. Je\u015bli szukasz trwa\u0142ych, skutecznych i wydajnych \u015brodk\u00f3w czyszcz\u0105cych, MORANA Super \u015aciereczki super wytrzyma\u0142e s\u0105 idealnym wyborem dla Ciebie. Zam\u00f3w teraz w sklepie internetowym i ciesz si\u0119 idealnie czystymi powierzchniami w swoim domu czy biurze!<\/p>\n<\/section>\n<\/div>\n<\/section>\n<section class=\"section\">\n<div class=\"item item-6\">\n<section class=\"image-item\"><img decoding=\"async\" src=\"https:\/\/imge.pl\/p\/317883\/n\/bd702eb178e03b28a1a79ebb168eb6eb.jpg\" \/><\/section>\n<\/div>\n<\/section>\n<\/div>\n","protected":false},"excerpt":{"rendered":"<p>MORANA Super \u015aciereczki super wytrzyma\u0142e 3szt M005 MORANA Super \u015aciereczki super wytrzyma\u0142e to doskona\u0142e rozwi\u0105zanie dla wymagaj\u0105cych klient\u00f3w, kt\u00f3rzy oczekuj\u0105 maksymalnej wydajno\u015bci i jako\u015bci od swoich \u015brodk\u00f3w czyszcz\u0105cych. Wykonane z najwy\u017cszej jako\u015bci mikrofibry, te super wytrzyma\u0142e \u015bciereczki s\u0105 niezwykle ch\u0142onne, skuteczne i trwa\u0142e. MORANA Super \u015aciereczki super wytrzyma\u0142e s\u0105 zaprojektowane w taki spos\u00f3b, aby doskonale&#8230;<\/p>\n","protected":false},"featured_media":5129,"comment_status":"open","ping_status":"closed","template":"","meta":{"om_disable_all_campaigns":false,"_kadence_starter_templates_imported_post":false,"_kad_post_transparent":"default","_kad_post_title":"","_kad_post_layout":"default","_kad_post_sidebar_id":"","_kad_post_content_style":"default","_kad_post_vertical_padding":"default","_kad_post_feature":"","_kad_post_feature_position":"","_kad_post_header":false,"_kad_post_footer":false},"product_brand":[113],"product_cat":[15,79,58],"product_tag":[],"class_list":{"0":"post-1608","1":"product","2":"type-product","3":"status-publish","4":"has-post-thumbnail","6":"product_brand-morana","7":"product_cat-wszystkie-produkty","8":"product_cat-akcesoria-do-sprzatania","9":"product_cat-scierki-do-mycia","11":"first","12":"instock","13":"taxable","14":"shipping-taxable","15":"purchasable","16":"product-type-simple","17":"entry","18":"content-bg","19":"loop-entry"},"yoast_head":"<!-- This site is optimized with the Yoast SEO plugin v26.7 - https:\/\/yoast.com\/wordpress\/plugins\/seo\/ -->\n<title>MORANA Super \u015aciereczki super wytrzyma\u0142e 3szt M005 - Centrum Czysto\u015bci - Hurtownia chemii gospodarczej<\/title>\n<meta name=\"description\" content=\"MORANA Super \u015aciereczki super wytrzyma\u0142e to dobre rozwi\u0105zanie dla wymagaj\u0105cych klient\u00f3w, kt\u00f3rzy chc\u0105 wydajno\u015bci i jako\u015bci od swoich \u015brodk\u00f3w czyszcz\u0105cych.\" \/>\n<meta name=\"robots\" content=\"index, follow, max-snippet:-1, max-image-preview:large, max-video-preview:-1\" \/>\n<link rel=\"canonical\" href=\"https:\/\/www.centrumczystosci.com\/WP\/produkt\/morana-super-sciereczki-super-wytrzymale-3szt-m005\" \/>\n<meta property=\"og:locale\" content=\"pl_PL\" \/>\n<meta property=\"og:type\" content=\"article\" \/>\n<meta property=\"og:title\" content=\"MORANA Super \u015aciereczki super wytrzyma\u0142e 3szt M005 - Centrum Czysto\u015bci - Hurtownia chemii gospodarczej\" \/>\n<meta property=\"og:description\" content=\"MORANA Super \u015aciereczki super wytrzyma\u0142e to dobre rozwi\u0105zanie dla wymagaj\u0105cych klient\u00f3w, kt\u00f3rzy chc\u0105 wydajno\u015bci i jako\u015bci od swoich \u015brodk\u00f3w czyszcz\u0105cych.\" \/>\n<meta property=\"og:url\" content=\"https:\/\/www.centrumczystosci.com\/WP\/produkt\/morana-super-sciereczki-super-wytrzymale-3szt-m005\" \/>\n<meta property=\"og:site_name\" content=\"Centrum Czysto\u015bci - Hurtownia chemii gospodarczej\" \/>\n<meta property=\"article:modified_time\" content=\"2026-04-01T14:14:20+00:00\" \/>\n<meta property=\"og:image\" content=\"https:\/\/www.centrumczystosci.com\/WP\/wp-content\/uploads\/2025\/02\/MORANA-Super-Sciereczki-super-wytrzymale-3szt-M005.jpg\" \/>\n\t<meta property=\"og:image:width\" content=\"1920\" \/>\n\t<meta property=\"og:image:height\" content=\"1920\" \/>\n\t<meta property=\"og:image:type\" content=\"image\/jpeg\" \/>\n<meta name=\"twitter:card\" content=\"summary_large_image\" \/>\n<meta name=\"twitter:label1\" content=\"Szacowany czas czytania\" \/>\n\t<meta name=\"twitter:data1\" content=\"2 minuty\" \/>\n<script type=\"application\/ld+json\" class=\"yoast-schema-graph\">{\"@context\":\"https:\/\/schema.org\",\"@graph\":[{\"@type\":\"WebPage\",\"@id\":\"https:\/\/www.centrumczystosci.com\/WP\/produkt\/morana-super-sciereczki-super-wytrzymale-3szt-m005\",\"url\":\"https:\/\/www.centrumczystosci.com\/WP\/produkt\/morana-super-sciereczki-super-wytrzymale-3szt-m005\",\"name\":\"MORANA Super \u015aciereczki super wytrzyma\u0142e 3szt M005 - Centrum Czysto\u015bci - Hurtownia chemii gospodarczej\",\"isPartOf\":{\"@id\":\"https:\/\/www.centrumczystosci.com\/WP\/#website\"},\"primaryImageOfPage\":{\"@id\":\"https:\/\/www.centrumczystosci.com\/WP\/produkt\/morana-super-sciereczki-super-wytrzymale-3szt-m005#primaryimage\"},\"image\":{\"@id\":\"https:\/\/www.centrumczystosci.com\/WP\/produkt\/morana-super-sciereczki-super-wytrzymale-3szt-m005#primaryimage\"},\"thumbnailUrl\":\"https:\/\/www.centrumczystosci.com\/WP\/wp-content\/uploads\/2025\/02\/MORANA-Super-Sciereczki-super-wytrzymale-3szt-M005.jpg\",\"datePublished\":\"2026-01-30T08:08:01+00:00\",\"dateModified\":\"2026-04-01T14:14:20+00:00\",\"description\":\"MORANA Super \u015aciereczki super wytrzyma\u0142e to dobre rozwi\u0105zanie dla wymagaj\u0105cych klient\u00f3w, kt\u00f3rzy chc\u0105 wydajno\u015bci i jako\u015bci od swoich \u015brodk\u00f3w czyszcz\u0105cych.\",\"breadcrumb\":{\"@id\":\"https:\/\/www.centrumczystosci.com\/WP\/produkt\/morana-super-sciereczki-super-wytrzymale-3szt-m005#breadcrumb\"},\"inLanguage\":\"pl-PL\",\"potentialAction\":[{\"@type\":\"ReadAction\",\"target\":[\"https:\/\/www.centrumczystosci.com\/WP\/produkt\/morana-super-sciereczki-super-wytrzymale-3szt-m005\"]}]},{\"@type\":\"ImageObject\",\"inLanguage\":\"pl-PL\",\"@id\":\"https:\/\/www.centrumczystosci.com\/WP\/produkt\/morana-super-sciereczki-super-wytrzymale-3szt-m005#primaryimage\",\"url\":\"https:\/\/www.centrumczystosci.com\/WP\/wp-content\/uploads\/2025\/02\/MORANA-Super-Sciereczki-super-wytrzymale-3szt-M005.jpg\",\"contentUrl\":\"https:\/\/www.centrumczystosci.com\/WP\/wp-content\/uploads\/2025\/02\/MORANA-Super-Sciereczki-super-wytrzymale-3szt-M005.jpg\",\"width\":1920,\"height\":1920,\"caption\":\"e1013dc33867fdfdd751ca47225cb9914d7253861233ec25088582f23a100557c1a5100102a51ff0a81aa598b5b5ba663dc4855cbf7fdad134c59f14356c9ae739862cdeb7d23393d36ff39f66965e07\"},{\"@type\":\"BreadcrumbList\",\"@id\":\"https:\/\/www.centrumczystosci.com\/WP\/produkt\/morana-super-sciereczki-super-wytrzymale-3szt-m005#breadcrumb\",\"itemListElement\":[{\"@type\":\"ListItem\",\"position\":1,\"name\":\"Strona g\u0142\u00f3wna\",\"item\":\"https:\/\/www.centrumczystosci.com\/WP\/\"},{\"@type\":\"ListItem\",\"position\":2,\"name\":\"Sklep\",\"item\":\"https:\/\/www.centrumczystosci.com\/WP\/shop\"},{\"@type\":\"ListItem\",\"position\":3,\"name\":\"MORANA Super \u015aciereczki super wytrzyma\u0142e 3szt M005\"}]},{\"@type\":\"WebSite\",\"@id\":\"https:\/\/www.centrumczystosci.com\/WP\/#website\",\"url\":\"https:\/\/www.centrumczystosci.com\/WP\/\",\"name\":\"Centrum Czysto\u015bci - Hurtownia chemii gospodarczej\",\"description\":\"\",\"publisher\":{\"@id\":\"https:\/\/www.centrumczystosci.com\/WP\/#organization\"},\"potentialAction\":[{\"@type\":\"SearchAction\",\"target\":{\"@type\":\"EntryPoint\",\"urlTemplate\":\"https:\/\/www.centrumczystosci.com\/WP\/?s={search_term_string}\"},\"query-input\":{\"@type\":\"PropertyValueSpecification\",\"valueRequired\":true,\"valueName\":\"search_term_string\"}}],\"inLanguage\":\"pl-PL\"},{\"@type\":\"Organization\",\"@id\":\"https:\/\/www.centrumczystosci.com\/WP\/#organization\",\"name\":\"Centrum Czysto\u015bci - Hurtownia chemii gospodarczej\",\"url\":\"https:\/\/www.centrumczystosci.com\/WP\/\",\"logo\":{\"@type\":\"ImageObject\",\"inLanguage\":\"pl-PL\",\"@id\":\"https:\/\/www.centrumczystosci.com\/WP\/#\/schema\/logo\/image\/\",\"url\":\"https:\/\/www.centrumczystosci.com\/WP\/wp-content\/uploads\/2025\/02\/cropped-logo-CC-4000x4000-1.png\",\"contentUrl\":\"https:\/\/www.centrumczystosci.com\/WP\/wp-content\/uploads\/2025\/02\/cropped-logo-CC-4000x4000-1.png\",\"width\":2983,\"height\":1602,\"caption\":\"Centrum Czysto\u015bci - Hurtownia chemii gospodarczej\"},\"image\":{\"@id\":\"https:\/\/www.centrumczystosci.com\/WP\/#\/schema\/logo\/image\/\"}}]}<\/script>\n<!-- \/ Yoast SEO plugin. -->","yoast_head_json":{"title":"MORANA Super \u015aciereczki super wytrzyma\u0142e 3szt M005 - Centrum Czysto\u015bci - Hurtownia chemii gospodarczej","description":"MORANA Super \u015aciereczki super wytrzyma\u0142e to dobre rozwi\u0105zanie dla wymagaj\u0105cych klient\u00f3w, kt\u00f3rzy chc\u0105 wydajno\u015bci i jako\u015bci od swoich \u015brodk\u00f3w czyszcz\u0105cych.","robots":{"index":"index","follow":"follow","max-snippet":"max-snippet:-1","max-image-preview":"max-image-preview:large","max-video-preview":"max-video-preview:-1"},"canonical":"https:\/\/www.centrumczystosci.com\/WP\/produkt\/morana-super-sciereczki-super-wytrzymale-3szt-m005","og_locale":"pl_PL","og_type":"article","og_title":"MORANA Super \u015aciereczki super wytrzyma\u0142e 3szt M005 - Centrum Czysto\u015bci - Hurtownia chemii gospodarczej","og_description":"MORANA Super \u015aciereczki super wytrzyma\u0142e to dobre rozwi\u0105zanie dla wymagaj\u0105cych klient\u00f3w, kt\u00f3rzy chc\u0105 wydajno\u015bci i jako\u015bci od swoich \u015brodk\u00f3w czyszcz\u0105cych.","og_url":"https:\/\/www.centrumczystosci.com\/WP\/produkt\/morana-super-sciereczki-super-wytrzymale-3szt-m005","og_site_name":"Centrum Czysto\u015bci - Hurtownia chemii gospodarczej","article_modified_time":"2026-04-01T14:14:20+00:00","og_image":[{"width":1920,"height":1920,"url":"https:\/\/www.centrumczystosci.com\/WP\/wp-content\/uploads\/2025\/02\/MORANA-Super-Sciereczki-super-wytrzymale-3szt-M005.jpg","type":"image\/jpeg"}],"twitter_card":"summary_large_image","twitter_misc":{"Szacowany czas czytania":"2 minuty"},"schema":{"@context":"https:\/\/schema.org","@graph":[{"@type":"WebPage","@id":"https:\/\/www.centrumczystosci.com\/WP\/produkt\/morana-super-sciereczki-super-wytrzymale-3szt-m005","url":"https:\/\/www.centrumczystosci.com\/WP\/produkt\/morana-super-sciereczki-super-wytrzymale-3szt-m005","name":"MORANA Super \u015aciereczki super wytrzyma\u0142e 3szt M005 - Centrum Czysto\u015bci - Hurtownia chemii gospodarczej","isPartOf":{"@id":"https:\/\/www.centrumczystosci.com\/WP\/#website"},"primaryImageOfPage":{"@id":"https:\/\/www.centrumczystosci.com\/WP\/produkt\/morana-super-sciereczki-super-wytrzymale-3szt-m005#primaryimage"},"image":{"@id":"https:\/\/www.centrumczystosci.com\/WP\/produkt\/morana-super-sciereczki-super-wytrzymale-3szt-m005#primaryimage"},"thumbnailUrl":"https:\/\/www.centrumczystosci.com\/WP\/wp-content\/uploads\/2025\/02\/MORANA-Super-Sciereczki-super-wytrzymale-3szt-M005.jpg","datePublished":"2026-01-30T08:08:01+00:00","dateModified":"2026-04-01T14:14:20+00:00","description":"MORANA Super \u015aciereczki super wytrzyma\u0142e to dobre rozwi\u0105zanie dla wymagaj\u0105cych klient\u00f3w, kt\u00f3rzy chc\u0105 wydajno\u015bci i jako\u015bci od swoich \u015brodk\u00f3w czyszcz\u0105cych.","breadcrumb":{"@id":"https:\/\/www.centrumczystosci.com\/WP\/produkt\/morana-super-sciereczki-super-wytrzymale-3szt-m005#breadcrumb"},"inLanguage":"pl-PL","potentialAction":[{"@type":"ReadAction","target":["https:\/\/www.centrumczystosci.com\/WP\/produkt\/morana-super-sciereczki-super-wytrzymale-3szt-m005"]}]},{"@type":"ImageObject","inLanguage":"pl-PL","@id":"https:\/\/www.centrumczystosci.com\/WP\/produkt\/morana-super-sciereczki-super-wytrzymale-3szt-m005#primaryimage","url":"https:\/\/www.centrumczystosci.com\/WP\/wp-content\/uploads\/2025\/02\/MORANA-Super-Sciereczki-super-wytrzymale-3szt-M005.jpg","contentUrl":"https:\/\/www.centrumczystosci.com\/WP\/wp-content\/uploads\/2025\/02\/MORANA-Super-Sciereczki-super-wytrzymale-3szt-M005.jpg","width":1920,"height":1920,"caption":"e1013dc33867fdfdd751ca47225cb9914d7253861233ec25088582f23a100557c1a5100102a51ff0a81aa598b5b5ba663dc4855cbf7fdad134c59f14356c9ae739862cdeb7d23393d36ff39f66965e07"},{"@type":"BreadcrumbList","@id":"https:\/\/www.centrumczystosci.com\/WP\/produkt\/morana-super-sciereczki-super-wytrzymale-3szt-m005#breadcrumb","itemListElement":[{"@type":"ListItem","position":1,"name":"Strona g\u0142\u00f3wna","item":"https:\/\/www.centrumczystosci.com\/WP\/"},{"@type":"ListItem","position":2,"name":"Sklep","item":"https:\/\/www.centrumczystosci.com\/WP\/shop"},{"@type":"ListItem","position":3,"name":"MORANA Super \u015aciereczki super wytrzyma\u0142e 3szt M005"}]},{"@type":"WebSite","@id":"https:\/\/www.centrumczystosci.com\/WP\/#website","url":"https:\/\/www.centrumczystosci.com\/WP\/","name":"Centrum Czysto\u015bci - Hurtownia chemii gospodarczej","description":"","publisher":{"@id":"https:\/\/www.centrumczystosci.com\/WP\/#organization"},"potentialAction":[{"@type":"SearchAction","target":{"@type":"EntryPoint","urlTemplate":"https:\/\/www.centrumczystosci.com\/WP\/?s={search_term_string}"},"query-input":{"@type":"PropertyValueSpecification","valueRequired":true,"valueName":"search_term_string"}}],"inLanguage":"pl-PL"},{"@type":"Organization","@id":"https:\/\/www.centrumczystosci.com\/WP\/#organization","name":"Centrum Czysto\u015bci - Hurtownia chemii gospodarczej","url":"https:\/\/www.centrumczystosci.com\/WP\/","logo":{"@type":"ImageObject","inLanguage":"pl-PL","@id":"https:\/\/www.centrumczystosci.com\/WP\/#\/schema\/logo\/image\/","url":"https:\/\/www.centrumczystosci.com\/WP\/wp-content\/uploads\/2025\/02\/cropped-logo-CC-4000x4000-1.png","contentUrl":"https:\/\/www.centrumczystosci.com\/WP\/wp-content\/uploads\/2025\/02\/cropped-logo-CC-4000x4000-1.png","width":2983,"height":1602,"caption":"Centrum Czysto\u015bci - Hurtownia chemii gospodarczej"},"image":{"@id":"https:\/\/www.centrumczystosci.com\/WP\/#\/schema\/logo\/image\/"}}]}},"_links":{"self":[{"href":"https:\/\/www.centrumczystosci.com\/WP\/wp-json\/wp\/v2\/product\/1608","targetHints":{"allow":["GET"]}}],"collection":[{"href":"https:\/\/www.centrumczystosci.com\/WP\/wp-json\/wp\/v2\/product"}],"about":[{"href":"https:\/\/www.centrumczystosci.com\/WP\/wp-json\/wp\/v2\/types\/product"}],"replies":[{"embeddable":true,"href":"https:\/\/www.centrumczystosci.com\/WP\/wp-json\/wp\/v2\/comments?post=1608"}],"wp:featuredmedia":[{"embeddable":true,"href":"https:\/\/www.centrumczystosci.com\/WP\/wp-json\/wp\/v2\/media\/5129"}],"wp:attachment":[{"href":"https:\/\/www.centrumczystosci.com\/WP\/wp-json\/wp\/v2\/media?parent=1608"}],"wp:term":[{"taxonomy":"product_brand","embeddable":true,"href":"https:\/\/www.centrumczystosci.com\/WP\/wp-json\/wp\/v2\/product_brand?post=1608"},{"taxonomy":"product_cat","embeddable":true,"href":"https:\/\/www.centrumczystosci.com\/WP\/wp-json\/wp\/v2\/product_cat?post=1608"},{"taxonomy":"product_tag","embeddable":true,"href":"https:\/\/www.centrumczystosci.com\/WP\/wp-json\/wp\/v2\/product_tag?post=1608"}],"curies":[{"name":"wp","href":"https:\/\/api.w.org\/{rel}","templated":true}]}}