
{"id":1641,"date":"2026-01-29T14:47:03","date_gmt":"2026-01-29T12:47:03","guid":{"rendered":"https:\/\/www.centrumczystosci.com\/WP\/?post_type=product&#038;p=1641"},"modified":"2026-04-21T09:11:40","modified_gmt":"2026-04-21T07:11:40","slug":"gold-cytrus-plyn-do-mycia-naczyn-rumianek-kanister-5l","status":"publish","type":"product","link":"https:\/\/www.centrumczystosci.com\/WP\/produkt\/gold-cytrus-plyn-do-mycia-naczyn-rumianek-kanister-5l","title":{"rendered":"GOLD CYTRUS P\u0142yn do mycia naczy\u0144 Rumianek kanister 5L"},"content":{"rendered":"<p><!--- SELLASIST HTML START --><\/p>\n<div class=\"esp_column_description\">\n<section class=\"section\">\n<div class=\"item item-12\">\n<section class=\"text-item\">\n<h2>GOLD CYTRUS P\u0142yn do mycia naczy\u0144 Rumianek kanister 5L<\/h2>\n<\/section>\n<\/div>\n<\/section>\n<section class=\"section\">\n<div class=\"item item-6\">\n<section class=\"text-item\">P\u0142yn do mycia naczy\u0144 GOLD CYTRUS z dodatkiem rumianku to skuteczna formu\u0142a zaprojektowana specjalnie, aby u\u0142atwi\u0107 codzienne dbanie o czysto\u015b\u0107 naczy\u0144. Dzi\u0119ki po\u0142\u0105czeniu mocy z\u0142otych cytrus\u00f3w z \u0142agodnym dzia\u0142aniem rumianku, produkt doskonale radzi sobie z t\u0142ustymi zabrudzeniami, pozostawiaj\u0105c naczynia l\u015bni\u0105co czyste. Praktyczny kanister o pojemno\u015bci 5 litr\u00f3w zapewnia d\u0142ugotrwa\u0142e zastosowanie. Odkryj skuteczn\u0105 formu\u0142\u0119 GOLD CYTRUS ju\u017c dzi\u015b i ciesz si\u0119 nieskaziteln\u0105 czysto\u015bci\u0105 w kuchni.<\/section>\n<\/div>\n<div class=\"item item-6\">\n<section class=\"image-item\"><img decoding=\"async\" src=\"https:\/\/imge.pl\/p\/317883\/n\/fdbc1f6f580c042dd8d09518a8360be9.jpg\" \/><\/section>\n<\/div>\n<\/section>\n<section class=\"section\"><\/section>\n<\/div>\n","protected":false},"excerpt":{"rendered":"<p>GOLD CYTRUS P\u0142yn do mycia naczy\u0144 Rumianek kanister 5L P\u0142yn do mycia naczy\u0144 GOLD CYTRUS z dodatkiem rumianku to skuteczna formu\u0142a zaprojektowana specjalnie, aby u\u0142atwi\u0107 codzienne dbanie o czysto\u015b\u0107 naczy\u0144. Dzi\u0119ki po\u0142\u0105czeniu mocy z\u0142otych cytrus\u00f3w z \u0142agodnym dzia\u0142aniem rumianku, produkt doskonale radzi sobie z t\u0142ustymi zabrudzeniami, pozostawiaj\u0105c naczynia l\u015bni\u0105co czyste. Praktyczny kanister o pojemno\u015bci 5&#8230;<\/p>\n","protected":false},"featured_media":4785,"comment_status":"open","ping_status":"closed","template":"","meta":{"om_disable_all_campaigns":false,"_kadence_starter_templates_imported_post":false,"_kad_post_transparent":"default","_kad_post_title":"","_kad_post_layout":"default","_kad_post_sidebar_id":"","_kad_post_content_style":"default","_kad_post_vertical_padding":"default","_kad_post_feature":"","_kad_post_feature_position":"","_kad_post_header":false,"_kad_post_footer":false},"product_brand":[128],"product_cat":[101,95,15],"product_tag":[],"class_list":{"0":"post-1641","1":"product","2":"type-product","3":"status-publish","4":"has-post-thumbnail","6":"product_brand-gold-cytrus","7":"product_cat-plyny-do-mycia-naczyn","8":"product_cat-srodki-czystosci","9":"product_cat-wszystkie-produkty","11":"first","12":"instock","13":"taxable","14":"shipping-taxable","15":"purchasable","16":"product-type-simple","17":"entry","18":"content-bg","19":"loop-entry"},"yoast_head":"<!-- This site is optimized with the Yoast SEO plugin v26.7 - https:\/\/yoast.com\/wordpress\/plugins\/seo\/ -->\n<title>GOLD CYTRUS P\u0142yn do mycia naczy\u0144 Rumianek kanister 5L - Centrum Czysto\u015bci - Hurtownia chemii gospodarczej<\/title>\n<meta name=\"description\" content=\"P\u0142yn do mycia naczy\u0144 GOLD CYTRUS z dodatkiem rumianku to skuteczna formu\u0142a zaprojektowana specjalnie, aby u\u0142atwi\u0107 codzienne dbanie o czysto\u015b\u0107 naczy\u0144.\" \/>\n<meta name=\"robots\" content=\"index, follow, max-snippet:-1, max-image-preview:large, max-video-preview:-1\" \/>\n<link rel=\"canonical\" href=\"https:\/\/www.centrumczystosci.com\/WP\/produkt\/gold-cytrus-plyn-do-mycia-naczyn-rumianek-kanister-5l\" \/>\n<meta property=\"og:locale\" content=\"pl_PL\" \/>\n<meta property=\"og:type\" content=\"article\" \/>\n<meta property=\"og:title\" content=\"GOLD CYTRUS P\u0142yn do mycia naczy\u0144 Rumianek kanister 5L - Centrum Czysto\u015bci - Hurtownia chemii gospodarczej\" \/>\n<meta property=\"og:description\" content=\"P\u0142yn do mycia naczy\u0144 GOLD CYTRUS z dodatkiem rumianku to skuteczna formu\u0142a zaprojektowana specjalnie, aby u\u0142atwi\u0107 codzienne dbanie o czysto\u015b\u0107 naczy\u0144.\" \/>\n<meta property=\"og:url\" content=\"https:\/\/www.centrumczystosci.com\/WP\/produkt\/gold-cytrus-plyn-do-mycia-naczyn-rumianek-kanister-5l\" \/>\n<meta property=\"og:site_name\" content=\"Centrum Czysto\u015bci - Hurtownia chemii gospodarczej\" \/>\n<meta property=\"article:modified_time\" content=\"2026-04-21T07:11:40+00:00\" \/>\n<meta property=\"og:image\" content=\"https:\/\/www.centrumczystosci.com\/WP\/wp-content\/uploads\/2025\/04\/fdbc1f6f580c042dd8d09518a8360be9.jpg\" \/>\n\t<meta property=\"og:image:width\" content=\"1879\" \/>\n\t<meta property=\"og:image:height\" content=\"2442\" \/>\n\t<meta property=\"og:image:type\" content=\"image\/jpeg\" \/>\n<meta name=\"twitter:card\" content=\"summary_large_image\" \/>\n<meta name=\"twitter:label1\" content=\"Szacowany czas czytania\" \/>\n\t<meta name=\"twitter:data1\" content=\"1 minuta\" \/>\n<script type=\"application\/ld+json\" class=\"yoast-schema-graph\">{\"@context\":\"https:\/\/schema.org\",\"@graph\":[{\"@type\":\"WebPage\",\"@id\":\"https:\/\/www.centrumczystosci.com\/WP\/produkt\/gold-cytrus-plyn-do-mycia-naczyn-rumianek-kanister-5l\",\"url\":\"https:\/\/www.centrumczystosci.com\/WP\/produkt\/gold-cytrus-plyn-do-mycia-naczyn-rumianek-kanister-5l\",\"name\":\"GOLD CYTRUS P\u0142yn do mycia naczy\u0144 Rumianek kanister 5L - Centrum Czysto\u015bci - Hurtownia chemii gospodarczej\",\"isPartOf\":{\"@id\":\"https:\/\/www.centrumczystosci.com\/WP\/#website\"},\"primaryImageOfPage\":{\"@id\":\"https:\/\/www.centrumczystosci.com\/WP\/produkt\/gold-cytrus-plyn-do-mycia-naczyn-rumianek-kanister-5l#primaryimage\"},\"image\":{\"@id\":\"https:\/\/www.centrumczystosci.com\/WP\/produkt\/gold-cytrus-plyn-do-mycia-naczyn-rumianek-kanister-5l#primaryimage\"},\"thumbnailUrl\":\"https:\/\/www.centrumczystosci.com\/WP\/wp-content\/uploads\/2025\/04\/fdbc1f6f580c042dd8d09518a8360be9.jpg\",\"datePublished\":\"2026-01-29T12:47:03+00:00\",\"dateModified\":\"2026-04-21T07:11:40+00:00\",\"description\":\"P\u0142yn do mycia naczy\u0144 GOLD CYTRUS z dodatkiem rumianku to skuteczna formu\u0142a zaprojektowana specjalnie, aby u\u0142atwi\u0107 codzienne dbanie o czysto\u015b\u0107 naczy\u0144.\",\"breadcrumb\":{\"@id\":\"https:\/\/www.centrumczystosci.com\/WP\/produkt\/gold-cytrus-plyn-do-mycia-naczyn-rumianek-kanister-5l#breadcrumb\"},\"inLanguage\":\"pl-PL\",\"potentialAction\":[{\"@type\":\"ReadAction\",\"target\":[\"https:\/\/www.centrumczystosci.com\/WP\/produkt\/gold-cytrus-plyn-do-mycia-naczyn-rumianek-kanister-5l\"]}]},{\"@type\":\"ImageObject\",\"inLanguage\":\"pl-PL\",\"@id\":\"https:\/\/www.centrumczystosci.com\/WP\/produkt\/gold-cytrus-plyn-do-mycia-naczyn-rumianek-kanister-5l#primaryimage\",\"url\":\"https:\/\/www.centrumczystosci.com\/WP\/wp-content\/uploads\/2025\/04\/fdbc1f6f580c042dd8d09518a8360be9.jpg\",\"contentUrl\":\"https:\/\/www.centrumczystosci.com\/WP\/wp-content\/uploads\/2025\/04\/fdbc1f6f580c042dd8d09518a8360be9.jpg\",\"width\":1879,\"height\":2442},{\"@type\":\"BreadcrumbList\",\"@id\":\"https:\/\/www.centrumczystosci.com\/WP\/produkt\/gold-cytrus-plyn-do-mycia-naczyn-rumianek-kanister-5l#breadcrumb\",\"itemListElement\":[{\"@type\":\"ListItem\",\"position\":1,\"name\":\"Strona g\u0142\u00f3wna\",\"item\":\"https:\/\/www.centrumczystosci.com\/WP\/\"},{\"@type\":\"ListItem\",\"position\":2,\"name\":\"Sklep\",\"item\":\"https:\/\/www.centrumczystosci.com\/WP\/shop\"},{\"@type\":\"ListItem\",\"position\":3,\"name\":\"GOLD CYTRUS P\u0142yn do mycia naczy\u0144 Rumianek kanister 5L\"}]},{\"@type\":\"WebSite\",\"@id\":\"https:\/\/www.centrumczystosci.com\/WP\/#website\",\"url\":\"https:\/\/www.centrumczystosci.com\/WP\/\",\"name\":\"Centrum Czysto\u015bci - Hurtownia chemii gospodarczej\",\"description\":\"\",\"publisher\":{\"@id\":\"https:\/\/www.centrumczystosci.com\/WP\/#organization\"},\"potentialAction\":[{\"@type\":\"SearchAction\",\"target\":{\"@type\":\"EntryPoint\",\"urlTemplate\":\"https:\/\/www.centrumczystosci.com\/WP\/?s={search_term_string}\"},\"query-input\":{\"@type\":\"PropertyValueSpecification\",\"valueRequired\":true,\"valueName\":\"search_term_string\"}}],\"inLanguage\":\"pl-PL\"},{\"@type\":\"Organization\",\"@id\":\"https:\/\/www.centrumczystosci.com\/WP\/#organization\",\"name\":\"Centrum Czysto\u015bci - Hurtownia chemii gospodarczej\",\"url\":\"https:\/\/www.centrumczystosci.com\/WP\/\",\"logo\":{\"@type\":\"ImageObject\",\"inLanguage\":\"pl-PL\",\"@id\":\"https:\/\/www.centrumczystosci.com\/WP\/#\/schema\/logo\/image\/\",\"url\":\"https:\/\/www.centrumczystosci.com\/WP\/wp-content\/uploads\/2025\/02\/cropped-logo-CC-4000x4000-1.png\",\"contentUrl\":\"https:\/\/www.centrumczystosci.com\/WP\/wp-content\/uploads\/2025\/02\/cropped-logo-CC-4000x4000-1.png\",\"width\":2983,\"height\":1602,\"caption\":\"Centrum Czysto\u015bci - Hurtownia chemii gospodarczej\"},\"image\":{\"@id\":\"https:\/\/www.centrumczystosci.com\/WP\/#\/schema\/logo\/image\/\"}}]}<\/script>\n<!-- \/ Yoast SEO plugin. -->","yoast_head_json":{"title":"GOLD CYTRUS P\u0142yn do mycia naczy\u0144 Rumianek kanister 5L - Centrum Czysto\u015bci - Hurtownia chemii gospodarczej","description":"P\u0142yn do mycia naczy\u0144 GOLD CYTRUS z dodatkiem rumianku to skuteczna formu\u0142a zaprojektowana specjalnie, aby u\u0142atwi\u0107 codzienne dbanie o czysto\u015b\u0107 naczy\u0144.","robots":{"index":"index","follow":"follow","max-snippet":"max-snippet:-1","max-image-preview":"max-image-preview:large","max-video-preview":"max-video-preview:-1"},"canonical":"https:\/\/www.centrumczystosci.com\/WP\/produkt\/gold-cytrus-plyn-do-mycia-naczyn-rumianek-kanister-5l","og_locale":"pl_PL","og_type":"article","og_title":"GOLD CYTRUS P\u0142yn do mycia naczy\u0144 Rumianek kanister 5L - Centrum Czysto\u015bci - Hurtownia chemii gospodarczej","og_description":"P\u0142yn do mycia naczy\u0144 GOLD CYTRUS z dodatkiem rumianku to skuteczna formu\u0142a zaprojektowana specjalnie, aby u\u0142atwi\u0107 codzienne dbanie o czysto\u015b\u0107 naczy\u0144.","og_url":"https:\/\/www.centrumczystosci.com\/WP\/produkt\/gold-cytrus-plyn-do-mycia-naczyn-rumianek-kanister-5l","og_site_name":"Centrum Czysto\u015bci - Hurtownia chemii gospodarczej","article_modified_time":"2026-04-21T07:11:40+00:00","og_image":[{"width":1879,"height":2442,"url":"https:\/\/www.centrumczystosci.com\/WP\/wp-content\/uploads\/2025\/04\/fdbc1f6f580c042dd8d09518a8360be9.jpg","type":"image\/jpeg"}],"twitter_card":"summary_large_image","twitter_misc":{"Szacowany czas czytania":"1 minuta"},"schema":{"@context":"https:\/\/schema.org","@graph":[{"@type":"WebPage","@id":"https:\/\/www.centrumczystosci.com\/WP\/produkt\/gold-cytrus-plyn-do-mycia-naczyn-rumianek-kanister-5l","url":"https:\/\/www.centrumczystosci.com\/WP\/produkt\/gold-cytrus-plyn-do-mycia-naczyn-rumianek-kanister-5l","name":"GOLD CYTRUS P\u0142yn do mycia naczy\u0144 Rumianek kanister 5L - Centrum Czysto\u015bci - Hurtownia chemii gospodarczej","isPartOf":{"@id":"https:\/\/www.centrumczystosci.com\/WP\/#website"},"primaryImageOfPage":{"@id":"https:\/\/www.centrumczystosci.com\/WP\/produkt\/gold-cytrus-plyn-do-mycia-naczyn-rumianek-kanister-5l#primaryimage"},"image":{"@id":"https:\/\/www.centrumczystosci.com\/WP\/produkt\/gold-cytrus-plyn-do-mycia-naczyn-rumianek-kanister-5l#primaryimage"},"thumbnailUrl":"https:\/\/www.centrumczystosci.com\/WP\/wp-content\/uploads\/2025\/04\/fdbc1f6f580c042dd8d09518a8360be9.jpg","datePublished":"2026-01-29T12:47:03+00:00","dateModified":"2026-04-21T07:11:40+00:00","description":"P\u0142yn do mycia naczy\u0144 GOLD CYTRUS z dodatkiem rumianku to skuteczna formu\u0142a zaprojektowana specjalnie, aby u\u0142atwi\u0107 codzienne dbanie o czysto\u015b\u0107 naczy\u0144.","breadcrumb":{"@id":"https:\/\/www.centrumczystosci.com\/WP\/produkt\/gold-cytrus-plyn-do-mycia-naczyn-rumianek-kanister-5l#breadcrumb"},"inLanguage":"pl-PL","potentialAction":[{"@type":"ReadAction","target":["https:\/\/www.centrumczystosci.com\/WP\/produkt\/gold-cytrus-plyn-do-mycia-naczyn-rumianek-kanister-5l"]}]},{"@type":"ImageObject","inLanguage":"pl-PL","@id":"https:\/\/www.centrumczystosci.com\/WP\/produkt\/gold-cytrus-plyn-do-mycia-naczyn-rumianek-kanister-5l#primaryimage","url":"https:\/\/www.centrumczystosci.com\/WP\/wp-content\/uploads\/2025\/04\/fdbc1f6f580c042dd8d09518a8360be9.jpg","contentUrl":"https:\/\/www.centrumczystosci.com\/WP\/wp-content\/uploads\/2025\/04\/fdbc1f6f580c042dd8d09518a8360be9.jpg","width":1879,"height":2442},{"@type":"BreadcrumbList","@id":"https:\/\/www.centrumczystosci.com\/WP\/produkt\/gold-cytrus-plyn-do-mycia-naczyn-rumianek-kanister-5l#breadcrumb","itemListElement":[{"@type":"ListItem","position":1,"name":"Strona g\u0142\u00f3wna","item":"https:\/\/www.centrumczystosci.com\/WP\/"},{"@type":"ListItem","position":2,"name":"Sklep","item":"https:\/\/www.centrumczystosci.com\/WP\/shop"},{"@type":"ListItem","position":3,"name":"GOLD CYTRUS P\u0142yn do mycia naczy\u0144 Rumianek kanister 5L"}]},{"@type":"WebSite","@id":"https:\/\/www.centrumczystosci.com\/WP\/#website","url":"https:\/\/www.centrumczystosci.com\/WP\/","name":"Centrum Czysto\u015bci - Hurtownia chemii gospodarczej","description":"","publisher":{"@id":"https:\/\/www.centrumczystosci.com\/WP\/#organization"},"potentialAction":[{"@type":"SearchAction","target":{"@type":"EntryPoint","urlTemplate":"https:\/\/www.centrumczystosci.com\/WP\/?s={search_term_string}"},"query-input":{"@type":"PropertyValueSpecification","valueRequired":true,"valueName":"search_term_string"}}],"inLanguage":"pl-PL"},{"@type":"Organization","@id":"https:\/\/www.centrumczystosci.com\/WP\/#organization","name":"Centrum Czysto\u015bci - Hurtownia chemii gospodarczej","url":"https:\/\/www.centrumczystosci.com\/WP\/","logo":{"@type":"ImageObject","inLanguage":"pl-PL","@id":"https:\/\/www.centrumczystosci.com\/WP\/#\/schema\/logo\/image\/","url":"https:\/\/www.centrumczystosci.com\/WP\/wp-content\/uploads\/2025\/02\/cropped-logo-CC-4000x4000-1.png","contentUrl":"https:\/\/www.centrumczystosci.com\/WP\/wp-content\/uploads\/2025\/02\/cropped-logo-CC-4000x4000-1.png","width":2983,"height":1602,"caption":"Centrum Czysto\u015bci - Hurtownia chemii gospodarczej"},"image":{"@id":"https:\/\/www.centrumczystosci.com\/WP\/#\/schema\/logo\/image\/"}}]}},"_links":{"self":[{"href":"https:\/\/www.centrumczystosci.com\/WP\/wp-json\/wp\/v2\/product\/1641","targetHints":{"allow":["GET"]}}],"collection":[{"href":"https:\/\/www.centrumczystosci.com\/WP\/wp-json\/wp\/v2\/product"}],"about":[{"href":"https:\/\/www.centrumczystosci.com\/WP\/wp-json\/wp\/v2\/types\/product"}],"replies":[{"embeddable":true,"href":"https:\/\/www.centrumczystosci.com\/WP\/wp-json\/wp\/v2\/comments?post=1641"}],"wp:featuredmedia":[{"embeddable":true,"href":"https:\/\/www.centrumczystosci.com\/WP\/wp-json\/wp\/v2\/media\/4785"}],"wp:attachment":[{"href":"https:\/\/www.centrumczystosci.com\/WP\/wp-json\/wp\/v2\/media?parent=1641"}],"wp:term":[{"taxonomy":"product_brand","embeddable":true,"href":"https:\/\/www.centrumczystosci.com\/WP\/wp-json\/wp\/v2\/product_brand?post=1641"},{"taxonomy":"product_cat","embeddable":true,"href":"https:\/\/www.centrumczystosci.com\/WP\/wp-json\/wp\/v2\/product_cat?post=1641"},{"taxonomy":"product_tag","embeddable":true,"href":"https:\/\/www.centrumczystosci.com\/WP\/wp-json\/wp\/v2\/product_tag?post=1641"}],"curies":[{"name":"wp","href":"https:\/\/api.w.org\/{rel}","templated":true}]}}