
{"id":1699,"date":"2026-01-30T10:31:48","date_gmt":"2026-01-30T08:31:48","guid":{"rendered":"https:\/\/www.centrumczystosci.com\/WP\/?post_type=product&#038;p=1699"},"modified":"2026-04-01T16:14:19","modified_gmt":"2026-04-01T14:14:19","slug":"pampers-harmonie-aqua-chusteczki-nawilzane-dla-dzieci-op-10-szt","status":"publish","type":"product","link":"https:\/\/www.centrumczystosci.com\/WP\/produkt\/pampers-harmonie-aqua-chusteczki-nawilzane-dla-dzieci-op-10-szt","title":{"rendered":"PAMPERS Harmonie AQUA Chusteczki nawil\u017cane dla dzieci op. 10 szt"},"content":{"rendered":"<p><!--- SELLASIST HTML START --><\/p>\n<div class=\"esp_column_description\">\n<section class=\"section\">\n<div class=\"item item-12\">\n<section class=\"text-item\">\n<h2>PAMPERS Harmonie AQUA Chusteczki nawil\u017cane dla dzieci op. 10 szt<\/h2>\n<\/section>\n<\/div>\n<\/section>\n<section class=\"section\">\n<div class=\"item item-6\">\n<section class=\"text-item\">PAMPERS Harmonie AQUA Chusteczki nawil\u017cane dla dzieci to doskona\u0142e rozwi\u0105zanie dla rodzic\u00f3w dbaj\u0105cych o delikatn\u0105 sk\u00f3r\u0119 swoich pociech. Opakowanie zawiera 10 sztuk, zapewniaj\u0105cych nawil\u017cenie i piel\u0119gnacj\u0119 sk\u00f3ry dziecka. Dzi\u0119ki wyj\u0105tkowej formule Aqua, chusteczki s\u0105 delikatne i \u0142agodne dla sk\u00f3ry, minimalizuj\u0105c ryzyko podra\u017cnie\u0144. PAMPERS Harmonie AQUA to produkt stworzony z my\u015bl\u0105 o komforcie i bezpiecze\u0144stwie najm\u0142odszych.<\/section>\n<\/div>\n<div class=\"item item-6\"><\/div>\n<\/section>\n<section class=\"section\">\n<div class=\"item item-6\"><\/div>\n<\/section>\n<section class=\"section\">\n<div class=\"item item-12\">\n<section class=\"text-item\">\n<ul>\n<li>Chusteczki nawil\u017cane\u00a0PAMPERS Harmonie AQUA\u00a0stanowi\u0105 idealne rozwi\u0105zanie dla wymagaj\u0105cych rodzic\u00f3w, kt\u00f3rzy priorytetem stawiaj\u0105 ochron\u0119 delikatnej sk\u00f3ry swoich dzieci.<\/li>\n<li>Opakowanie zawiera 10 sztuk\u00a0chusteczek, zapewniaj\u0105cych skuteczne nawil\u017cenie i kompleksow\u0105 piel\u0119gnacj\u0119 sk\u00f3ry malucha.<\/li>\n<li>Dzi\u0119ki wyj\u0105tkowej, innowacyjnej formule\u00a0Aqua, chusteczki s\u0105 niezwykle delikatne i \u0142agodne dla sk\u00f3ry, redukuj\u0105c ryzyko podra\u017cnie\u0144 i alergii.\u00a0PAMPERS Harmonie AQUA\u00a0to produkt stworzony z my\u015bl\u0105 o zapewnieniu nie tylko komfortu, ale przede wszystkim bezpiecze\u0144stwa najm\u0142odszych u\u017cytkownik\u00f3w.<\/li>\n<\/ul>\n<\/section>\n<\/div>\n<\/section>\n<section class=\"section\">\n<div class=\"item item-6\"><\/div>\n<\/section>\n<section class=\"section\">\n<div class=\"item item-6\"><\/div>\n<div class=\"item item-6\"><\/div>\n<\/section>\n<section class=\"section\">\n<div class=\"item item-6\"><\/div>\n<\/section>\n<\/div>\n","protected":false},"excerpt":{"rendered":"<p>PAMPERS Harmonie AQUA Chusteczki nawil\u017cane dla dzieci op. 10 szt PAMPERS Harmonie AQUA Chusteczki nawil\u017cane dla dzieci to doskona\u0142e rozwi\u0105zanie dla rodzic\u00f3w dbaj\u0105cych o delikatn\u0105 sk\u00f3r\u0119 swoich pociech. Opakowanie zawiera 10 sztuk, zapewniaj\u0105cych nawil\u017cenie i piel\u0119gnacj\u0119 sk\u00f3ry dziecka. Dzi\u0119ki wyj\u0105tkowej formule Aqua, chusteczki s\u0105 delikatne i \u0142agodne dla sk\u00f3ry, minimalizuj\u0105c ryzyko podra\u017cnie\u0144. PAMPERS Harmonie AQUA&#8230;<\/p>\n","protected":false},"featured_media":6972,"comment_status":"open","ping_status":"closed","template":"","meta":{"om_disable_all_campaigns":false,"_kadence_starter_templates_imported_post":false,"_kad_post_transparent":"default","_kad_post_title":"","_kad_post_layout":"default","_kad_post_sidebar_id":"","_kad_post_content_style":"default","_kad_post_vertical_padding":"default","_kad_post_feature":"","_kad_post_feature_position":"","_kad_post_header":false,"_kad_post_footer":false},"product_brand":[137],"product_cat":[84,82,15],"product_tag":[],"class_list":{"0":"post-1699","1":"product","2":"type-product","3":"status-publish","4":"has-post-thumbnail","6":"product_brand-pampers","7":"product_cat-chusteczki-nawilzane","8":"product_cat-zdrowie-i-higiena","9":"product_cat-wszystkie-produkty","11":"first","12":"instock","13":"taxable","14":"shipping-taxable","15":"purchasable","16":"product-type-simple","17":"entry","18":"content-bg","19":"loop-entry"},"yoast_head":"<!-- This site is optimized with the Yoast SEO plugin v26.7 - https:\/\/yoast.com\/wordpress\/plugins\/seo\/ -->\n<title>PAMPERS Harmonie AQUA Chusteczki nawil\u017cane dla dzieci op. 10 szt - Centrum Czysto\u015bci - Hurtownia chemii gospodarczej<\/title>\n<meta name=\"description\" content=\"PAMPERS Harmonie AQUA Chusteczki nawil\u017cane dla dzieci to doskona\u0142e rozwi\u0105zanie dla rodzic\u00f3w dbaj\u0105cych o delikatn\u0105 sk\u00f3r\u0119 swoich pociech.\" \/>\n<meta name=\"robots\" content=\"index, follow, max-snippet:-1, max-image-preview:large, max-video-preview:-1\" \/>\n<link rel=\"canonical\" href=\"https:\/\/www.centrumczystosci.com\/WP\/produkt\/pampers-harmonie-aqua-chusteczki-nawilzane-dla-dzieci-op-10-szt\" \/>\n<meta property=\"og:locale\" content=\"pl_PL\" \/>\n<meta property=\"og:type\" content=\"article\" \/>\n<meta property=\"og:title\" content=\"PAMPERS Harmonie AQUA Chusteczki nawil\u017cane dla dzieci op. 10 szt - Centrum Czysto\u015bci - Hurtownia chemii gospodarczej\" \/>\n<meta property=\"og:description\" content=\"PAMPERS Harmonie AQUA Chusteczki nawil\u017cane dla dzieci to doskona\u0142e rozwi\u0105zanie dla rodzic\u00f3w dbaj\u0105cych o delikatn\u0105 sk\u00f3r\u0119 swoich pociech.\" \/>\n<meta property=\"og:url\" content=\"https:\/\/www.centrumczystosci.com\/WP\/produkt\/pampers-harmonie-aqua-chusteczki-nawilzane-dla-dzieci-op-10-szt\" \/>\n<meta property=\"og:site_name\" content=\"Centrum Czysto\u015bci - Hurtownia chemii gospodarczej\" \/>\n<meta property=\"article:modified_time\" content=\"2026-04-01T14:14:19+00:00\" \/>\n<meta property=\"og:image\" content=\"https:\/\/www.centrumczystosci.com\/WP\/wp-content\/uploads\/2025\/02\/PAMPERS-Harmonie-AQUA-Chusteczki-nawilzane-dla-dzieci-op.-10-szt.jpg\" \/>\n\t<meta property=\"og:image:width\" content=\"1011\" \/>\n\t<meta property=\"og:image:height\" content=\"713\" \/>\n\t<meta property=\"og:image:type\" content=\"image\/jpeg\" \/>\n<meta name=\"twitter:card\" content=\"summary_large_image\" \/>\n<meta name=\"twitter:label1\" content=\"Szacowany czas czytania\" \/>\n\t<meta name=\"twitter:data1\" content=\"2 minuty\" \/>\n<script type=\"application\/ld+json\" class=\"yoast-schema-graph\">{\"@context\":\"https:\/\/schema.org\",\"@graph\":[{\"@type\":\"WebPage\",\"@id\":\"https:\/\/www.centrumczystosci.com\/WP\/produkt\/pampers-harmonie-aqua-chusteczki-nawilzane-dla-dzieci-op-10-szt\",\"url\":\"https:\/\/www.centrumczystosci.com\/WP\/produkt\/pampers-harmonie-aqua-chusteczki-nawilzane-dla-dzieci-op-10-szt\",\"name\":\"PAMPERS Harmonie AQUA Chusteczki nawil\u017cane dla dzieci op. 10 szt - Centrum Czysto\u015bci - Hurtownia chemii gospodarczej\",\"isPartOf\":{\"@id\":\"https:\/\/www.centrumczystosci.com\/WP\/#website\"},\"primaryImageOfPage\":{\"@id\":\"https:\/\/www.centrumczystosci.com\/WP\/produkt\/pampers-harmonie-aqua-chusteczki-nawilzane-dla-dzieci-op-10-szt#primaryimage\"},\"image\":{\"@id\":\"https:\/\/www.centrumczystosci.com\/WP\/produkt\/pampers-harmonie-aqua-chusteczki-nawilzane-dla-dzieci-op-10-szt#primaryimage\"},\"thumbnailUrl\":\"https:\/\/www.centrumczystosci.com\/WP\/wp-content\/uploads\/2025\/02\/PAMPERS-Harmonie-AQUA-Chusteczki-nawilzane-dla-dzieci-op.-10-szt.jpg\",\"datePublished\":\"2026-01-30T08:31:48+00:00\",\"dateModified\":\"2026-04-01T14:14:19+00:00\",\"description\":\"PAMPERS Harmonie AQUA Chusteczki nawil\u017cane dla dzieci to doskona\u0142e rozwi\u0105zanie dla rodzic\u00f3w dbaj\u0105cych o delikatn\u0105 sk\u00f3r\u0119 swoich pociech.\",\"breadcrumb\":{\"@id\":\"https:\/\/www.centrumczystosci.com\/WP\/produkt\/pampers-harmonie-aqua-chusteczki-nawilzane-dla-dzieci-op-10-szt#breadcrumb\"},\"inLanguage\":\"pl-PL\",\"potentialAction\":[{\"@type\":\"ReadAction\",\"target\":[\"https:\/\/www.centrumczystosci.com\/WP\/produkt\/pampers-harmonie-aqua-chusteczki-nawilzane-dla-dzieci-op-10-szt\"]}]},{\"@type\":\"ImageObject\",\"inLanguage\":\"pl-PL\",\"@id\":\"https:\/\/www.centrumczystosci.com\/WP\/produkt\/pampers-harmonie-aqua-chusteczki-nawilzane-dla-dzieci-op-10-szt#primaryimage\",\"url\":\"https:\/\/www.centrumczystosci.com\/WP\/wp-content\/uploads\/2025\/02\/PAMPERS-Harmonie-AQUA-Chusteczki-nawilzane-dla-dzieci-op.-10-szt.jpg\",\"contentUrl\":\"https:\/\/www.centrumczystosci.com\/WP\/wp-content\/uploads\/2025\/02\/PAMPERS-Harmonie-AQUA-Chusteczki-nawilzane-dla-dzieci-op.-10-szt.jpg\",\"width\":1011,\"height\":713,\"caption\":\"beab584c6bc21493333c83c6d3ce6a78918e6c4ac6984988428b8ca3f7f78f0c41e102c7897f4e280470615ea5f3b4f1f95b1b7b190cba6f0f0c8e37228a91bc3da86d1fdbe54099351793241a9e7f4a\"},{\"@type\":\"BreadcrumbList\",\"@id\":\"https:\/\/www.centrumczystosci.com\/WP\/produkt\/pampers-harmonie-aqua-chusteczki-nawilzane-dla-dzieci-op-10-szt#breadcrumb\",\"itemListElement\":[{\"@type\":\"ListItem\",\"position\":1,\"name\":\"Strona g\u0142\u00f3wna\",\"item\":\"https:\/\/www.centrumczystosci.com\/WP\/\"},{\"@type\":\"ListItem\",\"position\":2,\"name\":\"Sklep\",\"item\":\"https:\/\/www.centrumczystosci.com\/WP\/shop\"},{\"@type\":\"ListItem\",\"position\":3,\"name\":\"PAMPERS Harmonie AQUA Chusteczki nawil\u017cane dla dzieci op. 10 szt\"}]},{\"@type\":\"WebSite\",\"@id\":\"https:\/\/www.centrumczystosci.com\/WP\/#website\",\"url\":\"https:\/\/www.centrumczystosci.com\/WP\/\",\"name\":\"Centrum Czysto\u015bci - Hurtownia chemii gospodarczej\",\"description\":\"\",\"publisher\":{\"@id\":\"https:\/\/www.centrumczystosci.com\/WP\/#organization\"},\"potentialAction\":[{\"@type\":\"SearchAction\",\"target\":{\"@type\":\"EntryPoint\",\"urlTemplate\":\"https:\/\/www.centrumczystosci.com\/WP\/?s={search_term_string}\"},\"query-input\":{\"@type\":\"PropertyValueSpecification\",\"valueRequired\":true,\"valueName\":\"search_term_string\"}}],\"inLanguage\":\"pl-PL\"},{\"@type\":\"Organization\",\"@id\":\"https:\/\/www.centrumczystosci.com\/WP\/#organization\",\"name\":\"Centrum Czysto\u015bci - Hurtownia chemii gospodarczej\",\"url\":\"https:\/\/www.centrumczystosci.com\/WP\/\",\"logo\":{\"@type\":\"ImageObject\",\"inLanguage\":\"pl-PL\",\"@id\":\"https:\/\/www.centrumczystosci.com\/WP\/#\/schema\/logo\/image\/\",\"url\":\"https:\/\/www.centrumczystosci.com\/WP\/wp-content\/uploads\/2025\/02\/cropped-logo-CC-4000x4000-1.png\",\"contentUrl\":\"https:\/\/www.centrumczystosci.com\/WP\/wp-content\/uploads\/2025\/02\/cropped-logo-CC-4000x4000-1.png\",\"width\":2983,\"height\":1602,\"caption\":\"Centrum Czysto\u015bci - Hurtownia chemii gospodarczej\"},\"image\":{\"@id\":\"https:\/\/www.centrumczystosci.com\/WP\/#\/schema\/logo\/image\/\"}}]}<\/script>\n<!-- \/ Yoast SEO plugin. -->","yoast_head_json":{"title":"PAMPERS Harmonie AQUA Chusteczki nawil\u017cane dla dzieci op. 10 szt - Centrum Czysto\u015bci - Hurtownia chemii gospodarczej","description":"PAMPERS Harmonie AQUA Chusteczki nawil\u017cane dla dzieci to doskona\u0142e rozwi\u0105zanie dla rodzic\u00f3w dbaj\u0105cych o delikatn\u0105 sk\u00f3r\u0119 swoich pociech.","robots":{"index":"index","follow":"follow","max-snippet":"max-snippet:-1","max-image-preview":"max-image-preview:large","max-video-preview":"max-video-preview:-1"},"canonical":"https:\/\/www.centrumczystosci.com\/WP\/produkt\/pampers-harmonie-aqua-chusteczki-nawilzane-dla-dzieci-op-10-szt","og_locale":"pl_PL","og_type":"article","og_title":"PAMPERS Harmonie AQUA Chusteczki nawil\u017cane dla dzieci op. 10 szt - Centrum Czysto\u015bci - Hurtownia chemii gospodarczej","og_description":"PAMPERS Harmonie AQUA Chusteczki nawil\u017cane dla dzieci to doskona\u0142e rozwi\u0105zanie dla rodzic\u00f3w dbaj\u0105cych o delikatn\u0105 sk\u00f3r\u0119 swoich pociech.","og_url":"https:\/\/www.centrumczystosci.com\/WP\/produkt\/pampers-harmonie-aqua-chusteczki-nawilzane-dla-dzieci-op-10-szt","og_site_name":"Centrum Czysto\u015bci - Hurtownia chemii gospodarczej","article_modified_time":"2026-04-01T14:14:19+00:00","og_image":[{"width":1011,"height":713,"url":"https:\/\/www.centrumczystosci.com\/WP\/wp-content\/uploads\/2025\/02\/PAMPERS-Harmonie-AQUA-Chusteczki-nawilzane-dla-dzieci-op.-10-szt.jpg","type":"image\/jpeg"}],"twitter_card":"summary_large_image","twitter_misc":{"Szacowany czas czytania":"2 minuty"},"schema":{"@context":"https:\/\/schema.org","@graph":[{"@type":"WebPage","@id":"https:\/\/www.centrumczystosci.com\/WP\/produkt\/pampers-harmonie-aqua-chusteczki-nawilzane-dla-dzieci-op-10-szt","url":"https:\/\/www.centrumczystosci.com\/WP\/produkt\/pampers-harmonie-aqua-chusteczki-nawilzane-dla-dzieci-op-10-szt","name":"PAMPERS Harmonie AQUA Chusteczki nawil\u017cane dla dzieci op. 10 szt - Centrum Czysto\u015bci - Hurtownia chemii gospodarczej","isPartOf":{"@id":"https:\/\/www.centrumczystosci.com\/WP\/#website"},"primaryImageOfPage":{"@id":"https:\/\/www.centrumczystosci.com\/WP\/produkt\/pampers-harmonie-aqua-chusteczki-nawilzane-dla-dzieci-op-10-szt#primaryimage"},"image":{"@id":"https:\/\/www.centrumczystosci.com\/WP\/produkt\/pampers-harmonie-aqua-chusteczki-nawilzane-dla-dzieci-op-10-szt#primaryimage"},"thumbnailUrl":"https:\/\/www.centrumczystosci.com\/WP\/wp-content\/uploads\/2025\/02\/PAMPERS-Harmonie-AQUA-Chusteczki-nawilzane-dla-dzieci-op.-10-szt.jpg","datePublished":"2026-01-30T08:31:48+00:00","dateModified":"2026-04-01T14:14:19+00:00","description":"PAMPERS Harmonie AQUA Chusteczki nawil\u017cane dla dzieci to doskona\u0142e rozwi\u0105zanie dla rodzic\u00f3w dbaj\u0105cych o delikatn\u0105 sk\u00f3r\u0119 swoich pociech.","breadcrumb":{"@id":"https:\/\/www.centrumczystosci.com\/WP\/produkt\/pampers-harmonie-aqua-chusteczki-nawilzane-dla-dzieci-op-10-szt#breadcrumb"},"inLanguage":"pl-PL","potentialAction":[{"@type":"ReadAction","target":["https:\/\/www.centrumczystosci.com\/WP\/produkt\/pampers-harmonie-aqua-chusteczki-nawilzane-dla-dzieci-op-10-szt"]}]},{"@type":"ImageObject","inLanguage":"pl-PL","@id":"https:\/\/www.centrumczystosci.com\/WP\/produkt\/pampers-harmonie-aqua-chusteczki-nawilzane-dla-dzieci-op-10-szt#primaryimage","url":"https:\/\/www.centrumczystosci.com\/WP\/wp-content\/uploads\/2025\/02\/PAMPERS-Harmonie-AQUA-Chusteczki-nawilzane-dla-dzieci-op.-10-szt.jpg","contentUrl":"https:\/\/www.centrumczystosci.com\/WP\/wp-content\/uploads\/2025\/02\/PAMPERS-Harmonie-AQUA-Chusteczki-nawilzane-dla-dzieci-op.-10-szt.jpg","width":1011,"height":713,"caption":"beab584c6bc21493333c83c6d3ce6a78918e6c4ac6984988428b8ca3f7f78f0c41e102c7897f4e280470615ea5f3b4f1f95b1b7b190cba6f0f0c8e37228a91bc3da86d1fdbe54099351793241a9e7f4a"},{"@type":"BreadcrumbList","@id":"https:\/\/www.centrumczystosci.com\/WP\/produkt\/pampers-harmonie-aqua-chusteczki-nawilzane-dla-dzieci-op-10-szt#breadcrumb","itemListElement":[{"@type":"ListItem","position":1,"name":"Strona g\u0142\u00f3wna","item":"https:\/\/www.centrumczystosci.com\/WP\/"},{"@type":"ListItem","position":2,"name":"Sklep","item":"https:\/\/www.centrumczystosci.com\/WP\/shop"},{"@type":"ListItem","position":3,"name":"PAMPERS Harmonie AQUA Chusteczki nawil\u017cane dla dzieci op. 10 szt"}]},{"@type":"WebSite","@id":"https:\/\/www.centrumczystosci.com\/WP\/#website","url":"https:\/\/www.centrumczystosci.com\/WP\/","name":"Centrum Czysto\u015bci - Hurtownia chemii gospodarczej","description":"","publisher":{"@id":"https:\/\/www.centrumczystosci.com\/WP\/#organization"},"potentialAction":[{"@type":"SearchAction","target":{"@type":"EntryPoint","urlTemplate":"https:\/\/www.centrumczystosci.com\/WP\/?s={search_term_string}"},"query-input":{"@type":"PropertyValueSpecification","valueRequired":true,"valueName":"search_term_string"}}],"inLanguage":"pl-PL"},{"@type":"Organization","@id":"https:\/\/www.centrumczystosci.com\/WP\/#organization","name":"Centrum Czysto\u015bci - Hurtownia chemii gospodarczej","url":"https:\/\/www.centrumczystosci.com\/WP\/","logo":{"@type":"ImageObject","inLanguage":"pl-PL","@id":"https:\/\/www.centrumczystosci.com\/WP\/#\/schema\/logo\/image\/","url":"https:\/\/www.centrumczystosci.com\/WP\/wp-content\/uploads\/2025\/02\/cropped-logo-CC-4000x4000-1.png","contentUrl":"https:\/\/www.centrumczystosci.com\/WP\/wp-content\/uploads\/2025\/02\/cropped-logo-CC-4000x4000-1.png","width":2983,"height":1602,"caption":"Centrum Czysto\u015bci - Hurtownia chemii gospodarczej"},"image":{"@id":"https:\/\/www.centrumczystosci.com\/WP\/#\/schema\/logo\/image\/"}}]}},"_links":{"self":[{"href":"https:\/\/www.centrumczystosci.com\/WP\/wp-json\/wp\/v2\/product\/1699","targetHints":{"allow":["GET"]}}],"collection":[{"href":"https:\/\/www.centrumczystosci.com\/WP\/wp-json\/wp\/v2\/product"}],"about":[{"href":"https:\/\/www.centrumczystosci.com\/WP\/wp-json\/wp\/v2\/types\/product"}],"replies":[{"embeddable":true,"href":"https:\/\/www.centrumczystosci.com\/WP\/wp-json\/wp\/v2\/comments?post=1699"}],"wp:featuredmedia":[{"embeddable":true,"href":"https:\/\/www.centrumczystosci.com\/WP\/wp-json\/wp\/v2\/media\/6972"}],"wp:attachment":[{"href":"https:\/\/www.centrumczystosci.com\/WP\/wp-json\/wp\/v2\/media?parent=1699"}],"wp:term":[{"taxonomy":"product_brand","embeddable":true,"href":"https:\/\/www.centrumczystosci.com\/WP\/wp-json\/wp\/v2\/product_brand?post=1699"},{"taxonomy":"product_cat","embeddable":true,"href":"https:\/\/www.centrumczystosci.com\/WP\/wp-json\/wp\/v2\/product_cat?post=1699"},{"taxonomy":"product_tag","embeddable":true,"href":"https:\/\/www.centrumczystosci.com\/WP\/wp-json\/wp\/v2\/product_tag?post=1699"}],"curies":[{"name":"wp","href":"https:\/\/api.w.org\/{rel}","templated":true}]}}