
{"id":1709,"date":"2026-01-30T10:31:47","date_gmt":"2026-01-30T08:31:47","guid":{"rendered":"https:\/\/www.centrumczystosci.com\/WP\/?post_type=product&#038;p=1709"},"modified":"2026-04-19T08:07:37","modified_gmt":"2026-04-19T06:07:37","slug":"pampers-fresh-clean-chusteczki-nawilzane-dla-dzieci-op-15x80-szt","status":"publish","type":"product","link":"https:\/\/www.centrumczystosci.com\/WP\/produkt\/pampers-fresh-clean-chusteczki-nawilzane-dla-dzieci-op-15x80-szt","title":{"rendered":"PAMPERS FRESH CLEAN chusteczki nawil\u017cane dla dzieci op. 15&#215;80 szt"},"content":{"rendered":"<p><!--- SELLASIST HTML START --><\/p>\n<div class=\"esp_column_description\">\n<section class=\"section\">\n<div class=\"item item-12\">\n<section class=\"text-item\">\n<h1>PAMPERS FRESH CLEAN chusteczki nawil\u017cane dla dzieci op. 15&#215;80 szt<\/h1>\n<\/section>\n<\/div>\n<\/section>\n<section class=\"section\">\n<div class=\"item item-6\">\n<section class=\"text-item\">PAMPERS Chusteczki FRESH CLEAN dla dzieci s\u0105 w wyj\u0105tkowo delikatnej formule, idealne do codziennej piel\u0119gnacji sk\u00f3ry malucha. Opakowanie zawiera 15 paczek po 80 sztuk, zapewniaj\u0105c d\u0142ugotrwa\u0142e korzystanie z produktu. Chusteczki PAMPERS zapewniaj\u0105 skuteczne oczyszczenie i od\u015bwie\u017cenie sk\u00f3ry dziecka, zapewniaj\u0105c jednocze\u015bnie nawil\u017cenie i piel\u0119gnacj\u0119. Dzi\u0119ki praktycznemu formatowi, chusteczki s\u0105 idealne do u\u017cywania w domu oraz w podr\u00f3\u017cy. Pozw\u00f3l swojemu dziecku cieszy\u0107 si\u0119 komfortem i czysto\u015bci\u0105 dzi\u0119ki PAMPERS Chusteczki FRESH CLEAN.<\/section>\n<\/div>\n<div class=\"item item-6\"><\/div>\n<\/section>\n<section class=\"section\">\n<div class=\"item item-6\"><\/div>\n<\/section>\n<section class=\"section\">\n<div class=\"item item-6\">\n<section class=\"text-item\">\n<ul>\n<li>Nawil\u017cenie i ochrona sk\u00f3ry dziecka:\u00a0Chusteczki PAMPERS FRESH CLEAN zapewniaj\u0105 skuteczne nawil\u017cenie oraz ochron\u0119 delikatnej sk\u00f3ry malucha.<\/li>\n<li>Wyj\u0105tkowo delikatna formu\u0142a:\u00a0Dzi\u0119ki formule o wysokiej jako\u015bci, chusteczki s\u0105 \u0142agodne dla sk\u00f3ry dziecka, nie powoduj\u0105c podra\u017cnie\u0144.<\/li>\n<li>Praktyczny format opakowania: Opakowanie zawieraj\u0105ce 15 paczek po 80 chusteczek, u\u0142atwia przechowywanie i zapewnia d\u0142ugotrwa\u0142e korzystanie z produktu.<\/li>\n<li>Uniwersalne zastosowanie:\u00a0Doskona\u0142e zar\u00f3wno do u\u017cywania w domu, jak i do zabrania w podr\u00f3\u017c, dzi\u0119ki czemu Twoje dziecko mo\u017ce cieszy\u0107 si\u0119 komfortem i \u015bwie\u017co\u015bci\u0105 bez wzgl\u0119du na okoliczno\u015bci.<\/li>\n<li>Oczyszczanie i od\u015bwie\u017canie sk\u00f3ry: produkt skutecznie usuwa zabrudzenia i od\u015bwie\u017caj\u0105 sk\u00f3r\u0119, dbaj\u0105c jednocze\u015bnie o jej odpowiednie nawil\u017cenie.<\/li>\n<\/ul>\n<\/section>\n<\/div>\n<div class=\"item item-6\"><\/div>\n<\/section>\n<section class=\"section\">\n<div class=\"item item-6\"><\/div>\n<\/section>\n<section class=\"section\">\n<div class=\"item item-6\"><\/div>\n<div class=\"item item-6\"><\/div>\n<\/section>\n<section class=\"section\">\n<div class=\"item item-6\"><\/div>\n<div class=\"item item-6\"><\/div>\n<\/section>\n<section class=\"section\">\n<div class=\"item item-6\"><\/div>\n<\/section>\n<\/div>\n","protected":false},"excerpt":{"rendered":"<p>PAMPERS FRESH CLEAN chusteczki nawil\u017cane dla dzieci op. 15&#215;80 szt PAMPERS Chusteczki FRESH CLEAN dla dzieci s\u0105 w wyj\u0105tkowo delikatnej formule, idealne do codziennej piel\u0119gnacji sk\u00f3ry malucha. Opakowanie zawiera 15 paczek po 80 sztuk, zapewniaj\u0105c d\u0142ugotrwa\u0142e korzystanie z produktu. Chusteczki PAMPERS zapewniaj\u0105 skuteczne oczyszczenie i od\u015bwie\u017cenie sk\u00f3ry dziecka, zapewniaj\u0105c jednocze\u015bnie nawil\u017cenie i piel\u0119gnacj\u0119. Dzi\u0119ki praktycznemu&#8230;<\/p>\n","protected":false},"featured_media":6970,"comment_status":"open","ping_status":"closed","template":"","meta":{"om_disable_all_campaigns":false,"_kadence_starter_templates_imported_post":false,"_kad_post_transparent":"default","_kad_post_title":"","_kad_post_layout":"default","_kad_post_sidebar_id":"","_kad_post_content_style":"default","_kad_post_vertical_padding":"default","_kad_post_feature":"","_kad_post_feature_position":"","_kad_post_header":false,"_kad_post_footer":false},"product_brand":[137],"product_cat":[84,82,15],"product_tag":[],"class_list":{"0":"post-1709","1":"product","2":"type-product","3":"status-publish","4":"has-post-thumbnail","6":"product_brand-pampers","7":"product_cat-chusteczki-nawilzane","8":"product_cat-zdrowie-i-higiena","9":"product_cat-wszystkie-produkty","11":"first","12":"instock","13":"featured","14":"taxable","15":"shipping-taxable","16":"purchasable","17":"product-type-simple","18":"entry","19":"content-bg","20":"loop-entry"},"yoast_head":"<!-- This site is optimized with the Yoast SEO plugin v26.7 - https:\/\/yoast.com\/wordpress\/plugins\/seo\/ -->\n<title>PAMPERS FRESH CLEAN chusteczki nawil\u017cane dla dzieci op. 15x80 szt - Centrum Czysto\u015bci - Hurtownia chemii gospodarczej<\/title>\n<meta name=\"description\" content=\"PAMPERS Chusteczki FRESH CLEAN dla dzieci s\u0105 w wyj\u0105tkowo delikatnej formule, idealne do codziennej piel\u0119gnacji sk\u00f3ry malucha.\" \/>\n<meta name=\"robots\" content=\"index, follow, max-snippet:-1, max-image-preview:large, max-video-preview:-1\" \/>\n<link rel=\"canonical\" href=\"https:\/\/www.centrumczystosci.com\/WP\/produkt\/pampers-fresh-clean-chusteczki-nawilzane-dla-dzieci-op-15x80-szt\" \/>\n<meta property=\"og:locale\" content=\"pl_PL\" \/>\n<meta property=\"og:type\" content=\"article\" \/>\n<meta property=\"og:title\" content=\"PAMPERS FRESH CLEAN chusteczki nawil\u017cane dla dzieci op. 15x80 szt - Centrum Czysto\u015bci - Hurtownia chemii gospodarczej\" \/>\n<meta property=\"og:description\" content=\"PAMPERS Chusteczki FRESH CLEAN dla dzieci s\u0105 w wyj\u0105tkowo delikatnej formule, idealne do codziennej piel\u0119gnacji sk\u00f3ry malucha.\" \/>\n<meta property=\"og:url\" content=\"https:\/\/www.centrumczystosci.com\/WP\/produkt\/pampers-fresh-clean-chusteczki-nawilzane-dla-dzieci-op-15x80-szt\" \/>\n<meta property=\"og:site_name\" content=\"Centrum Czysto\u015bci - Hurtownia chemii gospodarczej\" \/>\n<meta property=\"article:modified_time\" content=\"2026-04-19T06:07:37+00:00\" \/>\n<meta property=\"og:image\" content=\"https:\/\/www.centrumczystosci.com\/WP\/wp-content\/uploads\/2025\/02\/PAMPERS-FRESH-CLEAN-chusteczki-nawilzane-dla-dzieci-op.-15x80-szt.png\" \/>\n\t<meta property=\"og:image:width\" content=\"916\" \/>\n\t<meta property=\"og:image:height\" content=\"790\" \/>\n\t<meta property=\"og:image:type\" content=\"image\/png\" \/>\n<meta name=\"twitter:card\" content=\"summary_large_image\" \/>\n<meta name=\"twitter:label1\" content=\"Szacowany czas czytania\" \/>\n\t<meta name=\"twitter:data1\" content=\"2 minuty\" \/>\n<script type=\"application\/ld+json\" class=\"yoast-schema-graph\">{\"@context\":\"https:\/\/schema.org\",\"@graph\":[{\"@type\":\"WebPage\",\"@id\":\"https:\/\/www.centrumczystosci.com\/WP\/produkt\/pampers-fresh-clean-chusteczki-nawilzane-dla-dzieci-op-15x80-szt\",\"url\":\"https:\/\/www.centrumczystosci.com\/WP\/produkt\/pampers-fresh-clean-chusteczki-nawilzane-dla-dzieci-op-15x80-szt\",\"name\":\"PAMPERS FRESH CLEAN chusteczki nawil\u017cane dla dzieci op. 15x80 szt - Centrum Czysto\u015bci - Hurtownia chemii gospodarczej\",\"isPartOf\":{\"@id\":\"https:\/\/www.centrumczystosci.com\/WP\/#website\"},\"primaryImageOfPage\":{\"@id\":\"https:\/\/www.centrumczystosci.com\/WP\/produkt\/pampers-fresh-clean-chusteczki-nawilzane-dla-dzieci-op-15x80-szt#primaryimage\"},\"image\":{\"@id\":\"https:\/\/www.centrumczystosci.com\/WP\/produkt\/pampers-fresh-clean-chusteczki-nawilzane-dla-dzieci-op-15x80-szt#primaryimage\"},\"thumbnailUrl\":\"https:\/\/www.centrumczystosci.com\/WP\/wp-content\/uploads\/2025\/02\/PAMPERS-FRESH-CLEAN-chusteczki-nawilzane-dla-dzieci-op.-15x80-szt.png\",\"datePublished\":\"2026-01-30T08:31:47+00:00\",\"dateModified\":\"2026-04-19T06:07:37+00:00\",\"description\":\"PAMPERS Chusteczki FRESH CLEAN dla dzieci s\u0105 w wyj\u0105tkowo delikatnej formule, idealne do codziennej piel\u0119gnacji sk\u00f3ry malucha.\",\"breadcrumb\":{\"@id\":\"https:\/\/www.centrumczystosci.com\/WP\/produkt\/pampers-fresh-clean-chusteczki-nawilzane-dla-dzieci-op-15x80-szt#breadcrumb\"},\"inLanguage\":\"pl-PL\",\"potentialAction\":[{\"@type\":\"ReadAction\",\"target\":[\"https:\/\/www.centrumczystosci.com\/WP\/produkt\/pampers-fresh-clean-chusteczki-nawilzane-dla-dzieci-op-15x80-szt\"]}]},{\"@type\":\"ImageObject\",\"inLanguage\":\"pl-PL\",\"@id\":\"https:\/\/www.centrumczystosci.com\/WP\/produkt\/pampers-fresh-clean-chusteczki-nawilzane-dla-dzieci-op-15x80-szt#primaryimage\",\"url\":\"https:\/\/www.centrumczystosci.com\/WP\/wp-content\/uploads\/2025\/02\/PAMPERS-FRESH-CLEAN-chusteczki-nawilzane-dla-dzieci-op.-15x80-szt.png\",\"contentUrl\":\"https:\/\/www.centrumczystosci.com\/WP\/wp-content\/uploads\/2025\/02\/PAMPERS-FRESH-CLEAN-chusteczki-nawilzane-dla-dzieci-op.-15x80-szt.png\",\"width\":916,\"height\":790},{\"@type\":\"BreadcrumbList\",\"@id\":\"https:\/\/www.centrumczystosci.com\/WP\/produkt\/pampers-fresh-clean-chusteczki-nawilzane-dla-dzieci-op-15x80-szt#breadcrumb\",\"itemListElement\":[{\"@type\":\"ListItem\",\"position\":1,\"name\":\"Strona g\u0142\u00f3wna\",\"item\":\"https:\/\/www.centrumczystosci.com\/WP\/\"},{\"@type\":\"ListItem\",\"position\":2,\"name\":\"Sklep\",\"item\":\"https:\/\/www.centrumczystosci.com\/WP\/shop\"},{\"@type\":\"ListItem\",\"position\":3,\"name\":\"PAMPERS FRESH CLEAN chusteczki nawil\u017cane dla dzieci op. 15&#215;80 szt\"}]},{\"@type\":\"WebSite\",\"@id\":\"https:\/\/www.centrumczystosci.com\/WP\/#website\",\"url\":\"https:\/\/www.centrumczystosci.com\/WP\/\",\"name\":\"Centrum Czysto\u015bci - Hurtownia chemii gospodarczej\",\"description\":\"\",\"publisher\":{\"@id\":\"https:\/\/www.centrumczystosci.com\/WP\/#organization\"},\"potentialAction\":[{\"@type\":\"SearchAction\",\"target\":{\"@type\":\"EntryPoint\",\"urlTemplate\":\"https:\/\/www.centrumczystosci.com\/WP\/?s={search_term_string}\"},\"query-input\":{\"@type\":\"PropertyValueSpecification\",\"valueRequired\":true,\"valueName\":\"search_term_string\"}}],\"inLanguage\":\"pl-PL\"},{\"@type\":\"Organization\",\"@id\":\"https:\/\/www.centrumczystosci.com\/WP\/#organization\",\"name\":\"Centrum Czysto\u015bci - Hurtownia chemii gospodarczej\",\"url\":\"https:\/\/www.centrumczystosci.com\/WP\/\",\"logo\":{\"@type\":\"ImageObject\",\"inLanguage\":\"pl-PL\",\"@id\":\"https:\/\/www.centrumczystosci.com\/WP\/#\/schema\/logo\/image\/\",\"url\":\"https:\/\/www.centrumczystosci.com\/WP\/wp-content\/uploads\/2025\/02\/cropped-logo-CC-4000x4000-1.png\",\"contentUrl\":\"https:\/\/www.centrumczystosci.com\/WP\/wp-content\/uploads\/2025\/02\/cropped-logo-CC-4000x4000-1.png\",\"width\":2983,\"height\":1602,\"caption\":\"Centrum Czysto\u015bci - Hurtownia chemii gospodarczej\"},\"image\":{\"@id\":\"https:\/\/www.centrumczystosci.com\/WP\/#\/schema\/logo\/image\/\"}}]}<\/script>\n<!-- \/ Yoast SEO plugin. -->","yoast_head_json":{"title":"PAMPERS FRESH CLEAN chusteczki nawil\u017cane dla dzieci op. 15x80 szt - Centrum Czysto\u015bci - Hurtownia chemii gospodarczej","description":"PAMPERS Chusteczki FRESH CLEAN dla dzieci s\u0105 w wyj\u0105tkowo delikatnej formule, idealne do codziennej piel\u0119gnacji sk\u00f3ry malucha.","robots":{"index":"index","follow":"follow","max-snippet":"max-snippet:-1","max-image-preview":"max-image-preview:large","max-video-preview":"max-video-preview:-1"},"canonical":"https:\/\/www.centrumczystosci.com\/WP\/produkt\/pampers-fresh-clean-chusteczki-nawilzane-dla-dzieci-op-15x80-szt","og_locale":"pl_PL","og_type":"article","og_title":"PAMPERS FRESH CLEAN chusteczki nawil\u017cane dla dzieci op. 15x80 szt - Centrum Czysto\u015bci - Hurtownia chemii gospodarczej","og_description":"PAMPERS Chusteczki FRESH CLEAN dla dzieci s\u0105 w wyj\u0105tkowo delikatnej formule, idealne do codziennej piel\u0119gnacji sk\u00f3ry malucha.","og_url":"https:\/\/www.centrumczystosci.com\/WP\/produkt\/pampers-fresh-clean-chusteczki-nawilzane-dla-dzieci-op-15x80-szt","og_site_name":"Centrum Czysto\u015bci - Hurtownia chemii gospodarczej","article_modified_time":"2026-04-19T06:07:37+00:00","og_image":[{"width":916,"height":790,"url":"https:\/\/www.centrumczystosci.com\/WP\/wp-content\/uploads\/2025\/02\/PAMPERS-FRESH-CLEAN-chusteczki-nawilzane-dla-dzieci-op.-15x80-szt.png","type":"image\/png"}],"twitter_card":"summary_large_image","twitter_misc":{"Szacowany czas czytania":"2 minuty"},"schema":{"@context":"https:\/\/schema.org","@graph":[{"@type":"WebPage","@id":"https:\/\/www.centrumczystosci.com\/WP\/produkt\/pampers-fresh-clean-chusteczki-nawilzane-dla-dzieci-op-15x80-szt","url":"https:\/\/www.centrumczystosci.com\/WP\/produkt\/pampers-fresh-clean-chusteczki-nawilzane-dla-dzieci-op-15x80-szt","name":"PAMPERS FRESH CLEAN chusteczki nawil\u017cane dla dzieci op. 15x80 szt - Centrum Czysto\u015bci - Hurtownia chemii gospodarczej","isPartOf":{"@id":"https:\/\/www.centrumczystosci.com\/WP\/#website"},"primaryImageOfPage":{"@id":"https:\/\/www.centrumczystosci.com\/WP\/produkt\/pampers-fresh-clean-chusteczki-nawilzane-dla-dzieci-op-15x80-szt#primaryimage"},"image":{"@id":"https:\/\/www.centrumczystosci.com\/WP\/produkt\/pampers-fresh-clean-chusteczki-nawilzane-dla-dzieci-op-15x80-szt#primaryimage"},"thumbnailUrl":"https:\/\/www.centrumczystosci.com\/WP\/wp-content\/uploads\/2025\/02\/PAMPERS-FRESH-CLEAN-chusteczki-nawilzane-dla-dzieci-op.-15x80-szt.png","datePublished":"2026-01-30T08:31:47+00:00","dateModified":"2026-04-19T06:07:37+00:00","description":"PAMPERS Chusteczki FRESH CLEAN dla dzieci s\u0105 w wyj\u0105tkowo delikatnej formule, idealne do codziennej piel\u0119gnacji sk\u00f3ry malucha.","breadcrumb":{"@id":"https:\/\/www.centrumczystosci.com\/WP\/produkt\/pampers-fresh-clean-chusteczki-nawilzane-dla-dzieci-op-15x80-szt#breadcrumb"},"inLanguage":"pl-PL","potentialAction":[{"@type":"ReadAction","target":["https:\/\/www.centrumczystosci.com\/WP\/produkt\/pampers-fresh-clean-chusteczki-nawilzane-dla-dzieci-op-15x80-szt"]}]},{"@type":"ImageObject","inLanguage":"pl-PL","@id":"https:\/\/www.centrumczystosci.com\/WP\/produkt\/pampers-fresh-clean-chusteczki-nawilzane-dla-dzieci-op-15x80-szt#primaryimage","url":"https:\/\/www.centrumczystosci.com\/WP\/wp-content\/uploads\/2025\/02\/PAMPERS-FRESH-CLEAN-chusteczki-nawilzane-dla-dzieci-op.-15x80-szt.png","contentUrl":"https:\/\/www.centrumczystosci.com\/WP\/wp-content\/uploads\/2025\/02\/PAMPERS-FRESH-CLEAN-chusteczki-nawilzane-dla-dzieci-op.-15x80-szt.png","width":916,"height":790},{"@type":"BreadcrumbList","@id":"https:\/\/www.centrumczystosci.com\/WP\/produkt\/pampers-fresh-clean-chusteczki-nawilzane-dla-dzieci-op-15x80-szt#breadcrumb","itemListElement":[{"@type":"ListItem","position":1,"name":"Strona g\u0142\u00f3wna","item":"https:\/\/www.centrumczystosci.com\/WP\/"},{"@type":"ListItem","position":2,"name":"Sklep","item":"https:\/\/www.centrumczystosci.com\/WP\/shop"},{"@type":"ListItem","position":3,"name":"PAMPERS FRESH CLEAN chusteczki nawil\u017cane dla dzieci op. 15&#215;80 szt"}]},{"@type":"WebSite","@id":"https:\/\/www.centrumczystosci.com\/WP\/#website","url":"https:\/\/www.centrumczystosci.com\/WP\/","name":"Centrum Czysto\u015bci - Hurtownia chemii gospodarczej","description":"","publisher":{"@id":"https:\/\/www.centrumczystosci.com\/WP\/#organization"},"potentialAction":[{"@type":"SearchAction","target":{"@type":"EntryPoint","urlTemplate":"https:\/\/www.centrumczystosci.com\/WP\/?s={search_term_string}"},"query-input":{"@type":"PropertyValueSpecification","valueRequired":true,"valueName":"search_term_string"}}],"inLanguage":"pl-PL"},{"@type":"Organization","@id":"https:\/\/www.centrumczystosci.com\/WP\/#organization","name":"Centrum Czysto\u015bci - Hurtownia chemii gospodarczej","url":"https:\/\/www.centrumczystosci.com\/WP\/","logo":{"@type":"ImageObject","inLanguage":"pl-PL","@id":"https:\/\/www.centrumczystosci.com\/WP\/#\/schema\/logo\/image\/","url":"https:\/\/www.centrumczystosci.com\/WP\/wp-content\/uploads\/2025\/02\/cropped-logo-CC-4000x4000-1.png","contentUrl":"https:\/\/www.centrumczystosci.com\/WP\/wp-content\/uploads\/2025\/02\/cropped-logo-CC-4000x4000-1.png","width":2983,"height":1602,"caption":"Centrum Czysto\u015bci - Hurtownia chemii gospodarczej"},"image":{"@id":"https:\/\/www.centrumczystosci.com\/WP\/#\/schema\/logo\/image\/"}}]}},"_links":{"self":[{"href":"https:\/\/www.centrumczystosci.com\/WP\/wp-json\/wp\/v2\/product\/1709","targetHints":{"allow":["GET"]}}],"collection":[{"href":"https:\/\/www.centrumczystosci.com\/WP\/wp-json\/wp\/v2\/product"}],"about":[{"href":"https:\/\/www.centrumczystosci.com\/WP\/wp-json\/wp\/v2\/types\/product"}],"replies":[{"embeddable":true,"href":"https:\/\/www.centrumczystosci.com\/WP\/wp-json\/wp\/v2\/comments?post=1709"}],"wp:featuredmedia":[{"embeddable":true,"href":"https:\/\/www.centrumczystosci.com\/WP\/wp-json\/wp\/v2\/media\/6970"}],"wp:attachment":[{"href":"https:\/\/www.centrumczystosci.com\/WP\/wp-json\/wp\/v2\/media?parent=1709"}],"wp:term":[{"taxonomy":"product_brand","embeddable":true,"href":"https:\/\/www.centrumczystosci.com\/WP\/wp-json\/wp\/v2\/product_brand?post=1709"},{"taxonomy":"product_cat","embeddable":true,"href":"https:\/\/www.centrumczystosci.com\/WP\/wp-json\/wp\/v2\/product_cat?post=1709"},{"taxonomy":"product_tag","embeddable":true,"href":"https:\/\/www.centrumczystosci.com\/WP\/wp-json\/wp\/v2\/product_tag?post=1709"}],"curies":[{"name":"wp","href":"https:\/\/api.w.org\/{rel}","templated":true}]}}