
{"id":1728,"date":"2026-01-29T15:40:48","date_gmt":"2026-01-29T13:40:48","guid":{"rendered":"https:\/\/www.centrumczystosci.com\/WP\/?post_type=product&#038;p=1728"},"modified":"2026-04-18T13:06:42","modified_gmt":"2026-04-18T11:06:42","slug":"kostki-do-wc-bref-color-fresh-flowers-3x50g","status":"publish","type":"product","link":"https:\/\/www.centrumczystosci.com\/WP\/produkt\/kostki-do-wc-bref-color-fresh-flowers-3x50g","title":{"rendered":"Kostki do WC BREF COLOR FRESH FLOWERS, 3x50g"},"content":{"rendered":"<p><!--- SELLASIST HTML START --><\/p>\n<div class=\"esp_column_description\">\n<section class=\"section\">\n<div class=\"item item-12\">\n<section class=\"text-item\">\n<h2>Kostki do WC BREF COLOR FRESH FLOWERS, 3x50g<\/h2>\n<\/section>\n<\/div>\n<\/section>\n<section class=\"section\">\n<div class=\"item item-6\">\n<section class=\"text-item\">Kostki do WC BREF COLOR FRESH FLOWERS, 3x50g to produkt, kt\u00f3ry pomo\u017ce Ci utrzyma\u0107 Twoje WC w czysto\u015bci i \u015bwie\u017co\u015bci. Kostki zawieraj\u0105 innowacyjn\u0105 formu\u0142\u0119, kt\u00f3ra skutecznie chroni przed nieprzyjemnymi zapachami i pozostawia w toalecie przyjemny, kwiatowy zapach.<\/p>\n<p>Kostki do WC BREF COLOR FRESH FLOWERS, 3x50g s\u0105 bardzo \u0142atwe w u\u017cyciu. Wystarczy umie\u015bci\u0107 jedn\u0105 kostk\u0119 w muszli WC, a sk\u0142adniki aktywne b\u0119d\u0105 stopniowo uwalnia\u0107 si\u0119 przez ca\u0142y czas, zapewniaj\u0105c skuteczn\u0105 ochron\u0119 przed nieprzyjemnymi zapachami. Jeden zestaw kostek wystarcza na d\u0142ugi czas, dzi\u0119ki czemu produkt ten jest bardzo wydajny.<\/p>\n<p>Dodatkow\u0105 zalet\u0105 Kostek do WC BREF COLOR FRESH FLOWERS, 3x50g jest ich intensywny, niebieski kolor, kt\u00f3ry nadaje wodzie w toalecie pi\u0119kny odcie\u0144. Dzi\u0119ki temu szybko i \u0142atwo mo\u017cesz sprawdzi\u0107, czy kostka jest aktywna.<\/p>\n<p>Kostki do WC BREF COLOR FRESH FLOWERS, 3x50g s\u0105 r\u00f3wnie\u017c bezpieczne dla rur i zbiornik\u00f3w septikowych, wi\u0119c mo\u017cesz je \u015bmia\u0142o stosowa\u0107 w ka\u017cdym WC.<\/p>\n<p>Je\u015bli szukasz skutecznego sposobu na utrzymanie swojego WC w czysto\u015bci i \u015bwie\u017co\u015bci, Kostki do WC BREF COLOR FRESH FLOWERS, 3x50g to idealny produkt dla Ciebie. Zapewni\u0105 one skuteczn\u0105 ochron\u0119 przed nieprzyjemnymi zapachami i pozostawi\u0105 w Twojej toalecie przyjemny, kwiatowy zapach. Produkt ten jest \u0142atwy w u\u017cyciu, wydajny i bezpieczny dla rur i zbiornik\u00f3w septikowych.<\/p>\n<\/section>\n<\/div>\n<div class=\"item item-6\">\n<section class=\"image-item\"><img decoding=\"async\" src=\"https:\/\/imge.pl\/p\/317883\/n\/8d4703c1413ba39784043d1135e3d9c8.jpg\" \/><\/section>\n<\/div>\n<\/section>\n<section class=\"section\">\n","protected":false},"excerpt":{"rendered":"<p>Kostki do WC BREF COLOR FRESH FLOWERS, 3x50g Kostki do WC BREF COLOR FRESH FLOWERS, 3x50g to produkt, kt\u00f3ry pomo\u017ce Ci utrzyma\u0107 Twoje WC w czysto\u015bci i \u015bwie\u017co\u015bci. Kostki zawieraj\u0105 innowacyjn\u0105 formu\u0142\u0119, kt\u00f3ra skutecznie chroni przed nieprzyjemnymi zapachami i pozostawia w toalecie przyjemny, kwiatowy zapach. Kostki do WC BREF COLOR FRESH FLOWERS, 3x50g s\u0105 bardzo&#8230;<\/p>\n","protected":false},"featured_media":4845,"comment_status":"open","ping_status":"closed","template":"","meta":{"om_disable_all_campaigns":false,"_kadence_starter_templates_imported_post":false,"_kad_post_transparent":"default","_kad_post_title":"","_kad_post_layout":"default","_kad_post_sidebar_id":"","_kad_post_content_style":"default","_kad_post_vertical_padding":"default","_kad_post_feature":"","_kad_post_feature_position":"","_kad_post_header":false,"_kad_post_footer":false},"product_brand":[139],"product_cat":[100,95,15],"product_tag":[],"class_list":{"0":"post-1728","1":"product","2":"type-product","3":"status-publish","4":"has-post-thumbnail","6":"product_brand-bref","7":"product_cat-kostki-i-zawieszki-do-wc","8":"product_cat-srodki-czystosci","9":"product_cat-wszystkie-produkty","11":"first","12":"instock","13":"taxable","14":"shipping-taxable","15":"purchasable","16":"product-type-simple","17":"entry","18":"content-bg","19":"loop-entry"},"yoast_head":"<!-- This site is optimized with the Yoast SEO plugin v26.7 - https:\/\/yoast.com\/wordpress\/plugins\/seo\/ -->\n<title>Kostki do WC BREF COLOR FRESH FLOWERS, 3x50g - Centrum Czysto\u015bci - Hurtownia chemii gospodarczej<\/title>\n<meta name=\"robots\" content=\"index, follow, max-snippet:-1, max-image-preview:large, max-video-preview:-1\" \/>\n<link rel=\"canonical\" href=\"https:\/\/www.centrumczystosci.com\/WP\/produkt\/kostki-do-wc-bref-color-fresh-flowers-3x50g\" \/>\n<meta property=\"og:locale\" content=\"pl_PL\" \/>\n<meta property=\"og:type\" content=\"article\" \/>\n<meta property=\"og:title\" content=\"Kostki do WC BREF COLOR FRESH FLOWERS, 3x50g - Centrum Czysto\u015bci - Hurtownia chemii gospodarczej\" \/>\n<meta property=\"og:description\" content=\"Kostki do WC BREF COLOR FRESH FLOWERS, 3x50g Kostki do WC BREF COLOR FRESH FLOWERS, 3x50g to produkt, kt\u00f3ry pomo\u017ce Ci utrzyma\u0107 Twoje WC w czysto\u015bci i \u015bwie\u017co\u015bci. Kostki zawieraj\u0105 innowacyjn\u0105 formu\u0142\u0119, kt\u00f3ra skutecznie chroni przed nieprzyjemnymi zapachami i pozostawia w toalecie przyjemny, kwiatowy zapach. Kostki do WC BREF COLOR FRESH FLOWERS, 3x50g s\u0105 bardzo...\" \/>\n<meta property=\"og:url\" content=\"https:\/\/www.centrumczystosci.com\/WP\/produkt\/kostki-do-wc-bref-color-fresh-flowers-3x50g\" \/>\n<meta property=\"og:site_name\" content=\"Centrum Czysto\u015bci - Hurtownia chemii gospodarczej\" \/>\n<meta property=\"article:modified_time\" content=\"2026-04-18T11:06:42+00:00\" \/>\n<meta property=\"og:image\" content=\"https:\/\/www.centrumczystosci.com\/WP\/wp-content\/uploads\/2025\/04\/8d4703c1413ba39784043d1135e3d9c8.jpg\" \/>\n\t<meta property=\"og:image:width\" content=\"361\" \/>\n\t<meta property=\"og:image:height\" content=\"540\" \/>\n\t<meta property=\"og:image:type\" content=\"image\/jpeg\" \/>\n<meta name=\"twitter:card\" content=\"summary_large_image\" \/>\n<meta name=\"twitter:label1\" content=\"Szacowany czas czytania\" \/>\n\t<meta name=\"twitter:data1\" content=\"1 minuta\" \/>\n<script type=\"application\/ld+json\" class=\"yoast-schema-graph\">{\"@context\":\"https:\/\/schema.org\",\"@graph\":[{\"@type\":\"WebPage\",\"@id\":\"https:\/\/www.centrumczystosci.com\/WP\/produkt\/kostki-do-wc-bref-color-fresh-flowers-3x50g\",\"url\":\"https:\/\/www.centrumczystosci.com\/WP\/produkt\/kostki-do-wc-bref-color-fresh-flowers-3x50g\",\"name\":\"Kostki do WC BREF COLOR FRESH FLOWERS, 3x50g - Centrum Czysto\u015bci - Hurtownia chemii gospodarczej\",\"isPartOf\":{\"@id\":\"https:\/\/www.centrumczystosci.com\/WP\/#website\"},\"primaryImageOfPage\":{\"@id\":\"https:\/\/www.centrumczystosci.com\/WP\/produkt\/kostki-do-wc-bref-color-fresh-flowers-3x50g#primaryimage\"},\"image\":{\"@id\":\"https:\/\/www.centrumczystosci.com\/WP\/produkt\/kostki-do-wc-bref-color-fresh-flowers-3x50g#primaryimage\"},\"thumbnailUrl\":\"https:\/\/www.centrumczystosci.com\/WP\/wp-content\/uploads\/2025\/04\/8d4703c1413ba39784043d1135e3d9c8.jpg\",\"datePublished\":\"2026-01-29T13:40:48+00:00\",\"dateModified\":\"2026-04-18T11:06:42+00:00\",\"breadcrumb\":{\"@id\":\"https:\/\/www.centrumczystosci.com\/WP\/produkt\/kostki-do-wc-bref-color-fresh-flowers-3x50g#breadcrumb\"},\"inLanguage\":\"pl-PL\",\"potentialAction\":[{\"@type\":\"ReadAction\",\"target\":[\"https:\/\/www.centrumczystosci.com\/WP\/produkt\/kostki-do-wc-bref-color-fresh-flowers-3x50g\"]}]},{\"@type\":\"ImageObject\",\"inLanguage\":\"pl-PL\",\"@id\":\"https:\/\/www.centrumczystosci.com\/WP\/produkt\/kostki-do-wc-bref-color-fresh-flowers-3x50g#primaryimage\",\"url\":\"https:\/\/www.centrumczystosci.com\/WP\/wp-content\/uploads\/2025\/04\/8d4703c1413ba39784043d1135e3d9c8.jpg\",\"contentUrl\":\"https:\/\/www.centrumczystosci.com\/WP\/wp-content\/uploads\/2025\/04\/8d4703c1413ba39784043d1135e3d9c8.jpg\",\"width\":361,\"height\":540},{\"@type\":\"BreadcrumbList\",\"@id\":\"https:\/\/www.centrumczystosci.com\/WP\/produkt\/kostki-do-wc-bref-color-fresh-flowers-3x50g#breadcrumb\",\"itemListElement\":[{\"@type\":\"ListItem\",\"position\":1,\"name\":\"Strona g\u0142\u00f3wna\",\"item\":\"https:\/\/www.centrumczystosci.com\/WP\/\"},{\"@type\":\"ListItem\",\"position\":2,\"name\":\"Sklep\",\"item\":\"https:\/\/www.centrumczystosci.com\/WP\/shop\"},{\"@type\":\"ListItem\",\"position\":3,\"name\":\"Kostki do WC BREF COLOR FRESH FLOWERS, 3x50g\"}]},{\"@type\":\"WebSite\",\"@id\":\"https:\/\/www.centrumczystosci.com\/WP\/#website\",\"url\":\"https:\/\/www.centrumczystosci.com\/WP\/\",\"name\":\"Centrum Czysto\u015bci - Hurtownia chemii gospodarczej\",\"description\":\"\",\"publisher\":{\"@id\":\"https:\/\/www.centrumczystosci.com\/WP\/#organization\"},\"potentialAction\":[{\"@type\":\"SearchAction\",\"target\":{\"@type\":\"EntryPoint\",\"urlTemplate\":\"https:\/\/www.centrumczystosci.com\/WP\/?s={search_term_string}\"},\"query-input\":{\"@type\":\"PropertyValueSpecification\",\"valueRequired\":true,\"valueName\":\"search_term_string\"}}],\"inLanguage\":\"pl-PL\"},{\"@type\":\"Organization\",\"@id\":\"https:\/\/www.centrumczystosci.com\/WP\/#organization\",\"name\":\"Centrum Czysto\u015bci - Hurtownia chemii gospodarczej\",\"url\":\"https:\/\/www.centrumczystosci.com\/WP\/\",\"logo\":{\"@type\":\"ImageObject\",\"inLanguage\":\"pl-PL\",\"@id\":\"https:\/\/www.centrumczystosci.com\/WP\/#\/schema\/logo\/image\/\",\"url\":\"https:\/\/www.centrumczystosci.com\/WP\/wp-content\/uploads\/2025\/02\/cropped-logo-CC-4000x4000-1.png\",\"contentUrl\":\"https:\/\/www.centrumczystosci.com\/WP\/wp-content\/uploads\/2025\/02\/cropped-logo-CC-4000x4000-1.png\",\"width\":2983,\"height\":1602,\"caption\":\"Centrum Czysto\u015bci - Hurtownia chemii gospodarczej\"},\"image\":{\"@id\":\"https:\/\/www.centrumczystosci.com\/WP\/#\/schema\/logo\/image\/\"}}]}<\/script>\n<!-- \/ Yoast SEO plugin. -->","yoast_head_json":{"title":"Kostki do WC BREF COLOR FRESH FLOWERS, 3x50g - Centrum Czysto\u015bci - Hurtownia chemii gospodarczej","robots":{"index":"index","follow":"follow","max-snippet":"max-snippet:-1","max-image-preview":"max-image-preview:large","max-video-preview":"max-video-preview:-1"},"canonical":"https:\/\/www.centrumczystosci.com\/WP\/produkt\/kostki-do-wc-bref-color-fresh-flowers-3x50g","og_locale":"pl_PL","og_type":"article","og_title":"Kostki do WC BREF COLOR FRESH FLOWERS, 3x50g - Centrum Czysto\u015bci - Hurtownia chemii gospodarczej","og_description":"Kostki do WC BREF COLOR FRESH FLOWERS, 3x50g Kostki do WC BREF COLOR FRESH FLOWERS, 3x50g to produkt, kt\u00f3ry pomo\u017ce Ci utrzyma\u0107 Twoje WC w czysto\u015bci i \u015bwie\u017co\u015bci. Kostki zawieraj\u0105 innowacyjn\u0105 formu\u0142\u0119, kt\u00f3ra skutecznie chroni przed nieprzyjemnymi zapachami i pozostawia w toalecie przyjemny, kwiatowy zapach. Kostki do WC BREF COLOR FRESH FLOWERS, 3x50g s\u0105 bardzo...","og_url":"https:\/\/www.centrumczystosci.com\/WP\/produkt\/kostki-do-wc-bref-color-fresh-flowers-3x50g","og_site_name":"Centrum Czysto\u015bci - Hurtownia chemii gospodarczej","article_modified_time":"2026-04-18T11:06:42+00:00","og_image":[{"width":361,"height":540,"url":"https:\/\/www.centrumczystosci.com\/WP\/wp-content\/uploads\/2025\/04\/8d4703c1413ba39784043d1135e3d9c8.jpg","type":"image\/jpeg"}],"twitter_card":"summary_large_image","twitter_misc":{"Szacowany czas czytania":"1 minuta"},"schema":{"@context":"https:\/\/schema.org","@graph":[{"@type":"WebPage","@id":"https:\/\/www.centrumczystosci.com\/WP\/produkt\/kostki-do-wc-bref-color-fresh-flowers-3x50g","url":"https:\/\/www.centrumczystosci.com\/WP\/produkt\/kostki-do-wc-bref-color-fresh-flowers-3x50g","name":"Kostki do WC BREF COLOR FRESH FLOWERS, 3x50g - Centrum Czysto\u015bci - Hurtownia chemii gospodarczej","isPartOf":{"@id":"https:\/\/www.centrumczystosci.com\/WP\/#website"},"primaryImageOfPage":{"@id":"https:\/\/www.centrumczystosci.com\/WP\/produkt\/kostki-do-wc-bref-color-fresh-flowers-3x50g#primaryimage"},"image":{"@id":"https:\/\/www.centrumczystosci.com\/WP\/produkt\/kostki-do-wc-bref-color-fresh-flowers-3x50g#primaryimage"},"thumbnailUrl":"https:\/\/www.centrumczystosci.com\/WP\/wp-content\/uploads\/2025\/04\/8d4703c1413ba39784043d1135e3d9c8.jpg","datePublished":"2026-01-29T13:40:48+00:00","dateModified":"2026-04-18T11:06:42+00:00","breadcrumb":{"@id":"https:\/\/www.centrumczystosci.com\/WP\/produkt\/kostki-do-wc-bref-color-fresh-flowers-3x50g#breadcrumb"},"inLanguage":"pl-PL","potentialAction":[{"@type":"ReadAction","target":["https:\/\/www.centrumczystosci.com\/WP\/produkt\/kostki-do-wc-bref-color-fresh-flowers-3x50g"]}]},{"@type":"ImageObject","inLanguage":"pl-PL","@id":"https:\/\/www.centrumczystosci.com\/WP\/produkt\/kostki-do-wc-bref-color-fresh-flowers-3x50g#primaryimage","url":"https:\/\/www.centrumczystosci.com\/WP\/wp-content\/uploads\/2025\/04\/8d4703c1413ba39784043d1135e3d9c8.jpg","contentUrl":"https:\/\/www.centrumczystosci.com\/WP\/wp-content\/uploads\/2025\/04\/8d4703c1413ba39784043d1135e3d9c8.jpg","width":361,"height":540},{"@type":"BreadcrumbList","@id":"https:\/\/www.centrumczystosci.com\/WP\/produkt\/kostki-do-wc-bref-color-fresh-flowers-3x50g#breadcrumb","itemListElement":[{"@type":"ListItem","position":1,"name":"Strona g\u0142\u00f3wna","item":"https:\/\/www.centrumczystosci.com\/WP\/"},{"@type":"ListItem","position":2,"name":"Sklep","item":"https:\/\/www.centrumczystosci.com\/WP\/shop"},{"@type":"ListItem","position":3,"name":"Kostki do WC BREF COLOR FRESH FLOWERS, 3x50g"}]},{"@type":"WebSite","@id":"https:\/\/www.centrumczystosci.com\/WP\/#website","url":"https:\/\/www.centrumczystosci.com\/WP\/","name":"Centrum Czysto\u015bci - Hurtownia chemii gospodarczej","description":"","publisher":{"@id":"https:\/\/www.centrumczystosci.com\/WP\/#organization"},"potentialAction":[{"@type":"SearchAction","target":{"@type":"EntryPoint","urlTemplate":"https:\/\/www.centrumczystosci.com\/WP\/?s={search_term_string}"},"query-input":{"@type":"PropertyValueSpecification","valueRequired":true,"valueName":"search_term_string"}}],"inLanguage":"pl-PL"},{"@type":"Organization","@id":"https:\/\/www.centrumczystosci.com\/WP\/#organization","name":"Centrum Czysto\u015bci - Hurtownia chemii gospodarczej","url":"https:\/\/www.centrumczystosci.com\/WP\/","logo":{"@type":"ImageObject","inLanguage":"pl-PL","@id":"https:\/\/www.centrumczystosci.com\/WP\/#\/schema\/logo\/image\/","url":"https:\/\/www.centrumczystosci.com\/WP\/wp-content\/uploads\/2025\/02\/cropped-logo-CC-4000x4000-1.png","contentUrl":"https:\/\/www.centrumczystosci.com\/WP\/wp-content\/uploads\/2025\/02\/cropped-logo-CC-4000x4000-1.png","width":2983,"height":1602,"caption":"Centrum Czysto\u015bci - Hurtownia chemii gospodarczej"},"image":{"@id":"https:\/\/www.centrumczystosci.com\/WP\/#\/schema\/logo\/image\/"}}]}},"_links":{"self":[{"href":"https:\/\/www.centrumczystosci.com\/WP\/wp-json\/wp\/v2\/product\/1728","targetHints":{"allow":["GET"]}}],"collection":[{"href":"https:\/\/www.centrumczystosci.com\/WP\/wp-json\/wp\/v2\/product"}],"about":[{"href":"https:\/\/www.centrumczystosci.com\/WP\/wp-json\/wp\/v2\/types\/product"}],"replies":[{"embeddable":true,"href":"https:\/\/www.centrumczystosci.com\/WP\/wp-json\/wp\/v2\/comments?post=1728"}],"wp:featuredmedia":[{"embeddable":true,"href":"https:\/\/www.centrumczystosci.com\/WP\/wp-json\/wp\/v2\/media\/4845"}],"wp:attachment":[{"href":"https:\/\/www.centrumczystosci.com\/WP\/wp-json\/wp\/v2\/media?parent=1728"}],"wp:term":[{"taxonomy":"product_brand","embeddable":true,"href":"https:\/\/www.centrumczystosci.com\/WP\/wp-json\/wp\/v2\/product_brand?post=1728"},{"taxonomy":"product_cat","embeddable":true,"href":"https:\/\/www.centrumczystosci.com\/WP\/wp-json\/wp\/v2\/product_cat?post=1728"},{"taxonomy":"product_tag","embeddable":true,"href":"https:\/\/www.centrumczystosci.com\/WP\/wp-json\/wp\/v2\/product_tag?post=1728"}],"curies":[{"name":"wp","href":"https:\/\/api.w.org\/{rel}","templated":true}]}}