
{"id":4981,"date":"2025-04-18T07:14:58","date_gmt":"2025-04-18T07:14:58","guid":{"rendered":"https:\/\/www.centrumczystosci.com\/WP\/?post_type=product&#038;p=4981"},"modified":"2026-04-16T16:38:51","modified_gmt":"2026-04-16T14:38:51","slug":"knigliche-wsche-pyn-do-pukania-blaue-leidenschaft-de-3x18l","status":"publish","type":"product","link":"https:\/\/www.centrumczystosci.com\/WP\/produkt\/knigliche-wsche-pyn-do-pukania-blaue-leidenschaft-de-3x18l","title":{"rendered":"K\u00f6nigliche W\u00e4sche P\u0142yn do p\u0142ukania Blaue Leidenschaft DE 3&#215;1,8L"},"content":{"rendered":"<p><!--- SELLASIST HTML START --><\/p>\n<div class=\"esp_column_description\">\n<section class=\"section\">\n<div class=\"item item-12\">\n<section class=\"text-item\">\n<h1>K\u00f6nigliche W\u00e4sche P\u0142yn do p\u0142ukania Blaue Leidenschaft DE 3&#215;1,8L<\/h1>\n<\/section>\n<\/div>\n<\/section>\n<section class=\"section\">\n<div class=\"item item-6\">\n<section class=\"text-item\">Przedstawiamy K\u00f6nigliche W\u00e4sche P\u0142yn do p\u0142ukania Blaue Leidenschaft, idealny wyb\u00f3r dla tych, kt\u00f3rzy pragn\u0105 doskona\u0142ej jako\u015bci i \u015bwie\u017co\u015bci w ka\u017cdym praniu.Ten p\u0142yn do p\u0142ukania o pojemno\u015bci 3&#215;1,8 litra zosta\u0142 stworzony w oparciu o unikaln\u0105 formu\u0142\u0119, kt\u00f3ra zapewnia g\u0142\u0119bokie i skuteczne czyszczenie Twoich tkanin. Dzi\u0119ki swoim w\u0142a\u015bciwo\u015bciom, produkt penetruje w\u0142\u00f3kna tkanin, niweluj\u0105c uporczywe zapachy i pozostawiaj\u0105c ubrania delikatnie pachn\u0105ce \u015bwie\u017co\u015bci\u0105, kt\u00f3r\u0105 pokochasz.<\/p>\n<p>P\u0142yn do p\u0142ukania Blaue Leidenschaft nie tylko zapewnia skuteczne czyszczenie, ale tak\u017ce chroni Twoje ubrania przed powstawaniem osad\u00f3w, kt\u00f3re mog\u0105 wp\u0142ywa\u0107 na ich jako\u015b\u0107 i wygl\u0105d. To znakomity produkt zar\u00f3wno dla delikatnych tkanin, jak i dla odzie\u017cy codziennej, aby\u015b zawsze czu\u0142 si\u0119 \u015bwietnie w swoich ulubionych ubraniach.<\/p>\n<p>Nasza formu\u0142a jest oparta na sk\u0142adnikach o wysokiej jako\u015bci, kt\u00f3re respektuj\u0105 \u015brodowisko. Ponadto, p\u0142yn do p\u0142ukania Blaue Leidenschaft jest \u0142agodny dla sk\u00f3ry, dzi\u0119ki czemu nadaje si\u0119 r\u00f3wnie\u017c dla os\u00f3b o wra\u017cliwej sk\u00f3rze.<\/p>\n<p>Daj swoim ubraniom wyj\u0105tkow\u0105 trosk\u0119, wybieraj\u0105c K\u00f6nigliche W\u00e4sche P\u0142yn do p\u0142ukania Blaue Leidenschaft. Zam\u00f3w ju\u017c dzi\u015b i ciesz si\u0119 pi\u0119knie pachn\u0105cymi, czystymi i \u015bwie\u017cymi tkaninami, kt\u00f3re b\u0119d\u0105 Tobie towarzyszy\u0107 przez wiele praniu.<\/p>\n<\/section>\n<\/div>\n<div class=\"item item-6\"><\/div>\n<\/section>\n<section class=\"section\">\n<div class=\"item item-6\"><\/div>\n<\/section>\n<\/div>\n","protected":false},"excerpt":{"rendered":"<p>K\u00f6nigliche W\u00e4sche P\u0142yn do p\u0142ukania Blaue Leidenschaft DE 3&#215;1,8L Przedstawiamy K\u00f6nigliche W\u00e4sche P\u0142yn do p\u0142ukania Blaue Leidenschaft, idealny wyb\u00f3r dla tych, kt\u00f3rzy pragn\u0105 doskona\u0142ej jako\u015bci i \u015bwie\u017co\u015bci w ka\u017cdym praniu.Ten p\u0142yn do p\u0142ukania o pojemno\u015bci 3&#215;1,8 litra zosta\u0142 stworzony w oparciu o unikaln\u0105 formu\u0142\u0119, kt\u00f3ra zapewnia g\u0142\u0119bokie i skuteczne czyszczenie Twoich tkanin. Dzi\u0119ki swoim w\u0142a\u015bciwo\u015bciom,&#8230;<\/p>\n","protected":false},"featured_media":4986,"comment_status":"open","ping_status":"closed","template":"","meta":{"om_disable_all_campaigns":false,"_kadence_starter_templates_imported_post":false,"_kad_post_transparent":"default","_kad_post_title":"","_kad_post_layout":"default","_kad_post_sidebar_id":"","_kad_post_content_style":"default","_kad_post_vertical_padding":"default","_kad_post_feature":"","_kad_post_feature_position":"","_kad_post_header":false,"_kad_post_footer":false},"product_brand":[153],"product_cat":[15,26,30],"product_tag":[],"class_list":{"0":"post-4981","1":"product","2":"type-product","3":"status-publish","4":"has-post-thumbnail","6":"product_brand-knigliche-wsche","7":"product_cat-wszystkie-produkty","8":"product_cat-chemia-gospodarcza","9":"product_cat-plyny-do-plukania-tkanin","11":"first","12":"instock","13":"taxable","14":"shipping-taxable","15":"purchasable","16":"product-type-simple","17":"entry","18":"content-bg","19":"loop-entry"},"yoast_head":"<!-- This site is optimized with the Yoast SEO plugin v26.7 - https:\/\/yoast.com\/wordpress\/plugins\/seo\/ -->\n<title>K\u00f6nigliche W\u00e4sche P\u0142yn do p\u0142ukania Blaue Leidenschaft DE 3x1,8L - Centrum Czysto\u015bci - Hurtownia chemii gospodarczej<\/title>\n<meta name=\"robots\" content=\"index, follow, max-snippet:-1, max-image-preview:large, max-video-preview:-1\" \/>\n<link rel=\"canonical\" href=\"https:\/\/www.centrumczystosci.com\/WP\/produkt\/knigliche-wsche-pyn-do-pukania-blaue-leidenschaft-de-3x18l\" \/>\n<meta property=\"og:locale\" content=\"pl_PL\" \/>\n<meta property=\"og:type\" content=\"article\" \/>\n<meta property=\"og:title\" content=\"K\u00f6nigliche W\u00e4sche P\u0142yn do p\u0142ukania Blaue Leidenschaft DE 3x1,8L - Centrum Czysto\u015bci - Hurtownia chemii gospodarczej\" \/>\n<meta property=\"og:description\" content=\"K\u00f6nigliche W\u00e4sche P\u0142yn do p\u0142ukania Blaue Leidenschaft DE 3&#215;1,8L Przedstawiamy K\u00f6nigliche W\u00e4sche P\u0142yn do p\u0142ukania Blaue Leidenschaft, idealny wyb\u00f3r dla tych, kt\u00f3rzy pragn\u0105 doskona\u0142ej jako\u015bci i \u015bwie\u017co\u015bci w ka\u017cdym praniu.Ten p\u0142yn do p\u0142ukania o pojemno\u015bci 3&#215;1,8 litra zosta\u0142 stworzony w oparciu o unikaln\u0105 formu\u0142\u0119, kt\u00f3ra zapewnia g\u0142\u0119bokie i skuteczne czyszczenie Twoich tkanin. Dzi\u0119ki swoim w\u0142a\u015bciwo\u015bciom,...\" \/>\n<meta property=\"og:url\" content=\"https:\/\/www.centrumczystosci.com\/WP\/produkt\/knigliche-wsche-pyn-do-pukania-blaue-leidenschaft-de-3x18l\" \/>\n<meta property=\"og:site_name\" content=\"Centrum Czysto\u015bci - Hurtownia chemii gospodarczej\" \/>\n<meta property=\"article:modified_time\" content=\"2026-04-16T14:38:51+00:00\" \/>\n<meta property=\"og:image\" content=\"https:\/\/www.centrumczystosci.com\/WP\/wp-content\/uploads\/2025\/04\/0bea45bd0deb4d60fade620cd466d081.jpg\" \/>\n\t<meta property=\"og:image:width\" content=\"1352\" \/>\n\t<meta property=\"og:image:height\" content=\"1343\" \/>\n\t<meta property=\"og:image:type\" content=\"image\/jpeg\" \/>\n<meta name=\"twitter:card\" content=\"summary_large_image\" \/>\n<meta name=\"twitter:label1\" content=\"Szacowany czas czytania\" \/>\n\t<meta name=\"twitter:data1\" content=\"1 minuta\" \/>\n<script type=\"application\/ld+json\" class=\"yoast-schema-graph\">{\"@context\":\"https:\/\/schema.org\",\"@graph\":[{\"@type\":\"WebPage\",\"@id\":\"https:\/\/www.centrumczystosci.com\/WP\/produkt\/knigliche-wsche-pyn-do-pukania-blaue-leidenschaft-de-3x18l\",\"url\":\"https:\/\/www.centrumczystosci.com\/WP\/produkt\/knigliche-wsche-pyn-do-pukania-blaue-leidenschaft-de-3x18l\",\"name\":\"K\u00f6nigliche W\u00e4sche P\u0142yn do p\u0142ukania Blaue Leidenschaft DE 3x1,8L - Centrum Czysto\u015bci - Hurtownia chemii gospodarczej\",\"isPartOf\":{\"@id\":\"https:\/\/www.centrumczystosci.com\/WP\/#website\"},\"primaryImageOfPage\":{\"@id\":\"https:\/\/www.centrumczystosci.com\/WP\/produkt\/knigliche-wsche-pyn-do-pukania-blaue-leidenschaft-de-3x18l#primaryimage\"},\"image\":{\"@id\":\"https:\/\/www.centrumczystosci.com\/WP\/produkt\/knigliche-wsche-pyn-do-pukania-blaue-leidenschaft-de-3x18l#primaryimage\"},\"thumbnailUrl\":\"https:\/\/www.centrumczystosci.com\/WP\/wp-content\/uploads\/2025\/04\/0bea45bd0deb4d60fade620cd466d081.jpg\",\"datePublished\":\"2025-04-18T07:14:58+00:00\",\"dateModified\":\"2026-04-16T14:38:51+00:00\",\"breadcrumb\":{\"@id\":\"https:\/\/www.centrumczystosci.com\/WP\/produkt\/knigliche-wsche-pyn-do-pukania-blaue-leidenschaft-de-3x18l#breadcrumb\"},\"inLanguage\":\"pl-PL\",\"potentialAction\":[{\"@type\":\"ReadAction\",\"target\":[\"https:\/\/www.centrumczystosci.com\/WP\/produkt\/knigliche-wsche-pyn-do-pukania-blaue-leidenschaft-de-3x18l\"]}]},{\"@type\":\"ImageObject\",\"inLanguage\":\"pl-PL\",\"@id\":\"https:\/\/www.centrumczystosci.com\/WP\/produkt\/knigliche-wsche-pyn-do-pukania-blaue-leidenschaft-de-3x18l#primaryimage\",\"url\":\"https:\/\/www.centrumczystosci.com\/WP\/wp-content\/uploads\/2025\/04\/0bea45bd0deb4d60fade620cd466d081.jpg\",\"contentUrl\":\"https:\/\/www.centrumczystosci.com\/WP\/wp-content\/uploads\/2025\/04\/0bea45bd0deb4d60fade620cd466d081.jpg\",\"width\":1352,\"height\":1343},{\"@type\":\"BreadcrumbList\",\"@id\":\"https:\/\/www.centrumczystosci.com\/WP\/produkt\/knigliche-wsche-pyn-do-pukania-blaue-leidenschaft-de-3x18l#breadcrumb\",\"itemListElement\":[{\"@type\":\"ListItem\",\"position\":1,\"name\":\"Strona g\u0142\u00f3wna\",\"item\":\"https:\/\/www.centrumczystosci.com\/WP\/\"},{\"@type\":\"ListItem\",\"position\":2,\"name\":\"Sklep\",\"item\":\"https:\/\/www.centrumczystosci.com\/WP\/shop\"},{\"@type\":\"ListItem\",\"position\":3,\"name\":\"K\u00f6nigliche W\u00e4sche P\u0142yn do p\u0142ukania Blaue Leidenschaft DE 3&#215;1,8L\"}]},{\"@type\":\"WebSite\",\"@id\":\"https:\/\/www.centrumczystosci.com\/WP\/#website\",\"url\":\"https:\/\/www.centrumczystosci.com\/WP\/\",\"name\":\"Centrum Czysto\u015bci - Hurtownia chemii gospodarczej\",\"description\":\"\",\"publisher\":{\"@id\":\"https:\/\/www.centrumczystosci.com\/WP\/#organization\"},\"potentialAction\":[{\"@type\":\"SearchAction\",\"target\":{\"@type\":\"EntryPoint\",\"urlTemplate\":\"https:\/\/www.centrumczystosci.com\/WP\/?s={search_term_string}\"},\"query-input\":{\"@type\":\"PropertyValueSpecification\",\"valueRequired\":true,\"valueName\":\"search_term_string\"}}],\"inLanguage\":\"pl-PL\"},{\"@type\":\"Organization\",\"@id\":\"https:\/\/www.centrumczystosci.com\/WP\/#organization\",\"name\":\"Centrum Czysto\u015bci - Hurtownia chemii gospodarczej\",\"url\":\"https:\/\/www.centrumczystosci.com\/WP\/\",\"logo\":{\"@type\":\"ImageObject\",\"inLanguage\":\"pl-PL\",\"@id\":\"https:\/\/www.centrumczystosci.com\/WP\/#\/schema\/logo\/image\/\",\"url\":\"https:\/\/www.centrumczystosci.com\/WP\/wp-content\/uploads\/2025\/02\/cropped-logo-CC-4000x4000-1.png\",\"contentUrl\":\"https:\/\/www.centrumczystosci.com\/WP\/wp-content\/uploads\/2025\/02\/cropped-logo-CC-4000x4000-1.png\",\"width\":2983,\"height\":1602,\"caption\":\"Centrum Czysto\u015bci - Hurtownia chemii gospodarczej\"},\"image\":{\"@id\":\"https:\/\/www.centrumczystosci.com\/WP\/#\/schema\/logo\/image\/\"}}]}<\/script>\n<!-- \/ Yoast SEO plugin. -->","yoast_head_json":{"title":"K\u00f6nigliche W\u00e4sche P\u0142yn do p\u0142ukania Blaue Leidenschaft DE 3x1,8L - Centrum Czysto\u015bci - Hurtownia chemii gospodarczej","robots":{"index":"index","follow":"follow","max-snippet":"max-snippet:-1","max-image-preview":"max-image-preview:large","max-video-preview":"max-video-preview:-1"},"canonical":"https:\/\/www.centrumczystosci.com\/WP\/produkt\/knigliche-wsche-pyn-do-pukania-blaue-leidenschaft-de-3x18l","og_locale":"pl_PL","og_type":"article","og_title":"K\u00f6nigliche W\u00e4sche P\u0142yn do p\u0142ukania Blaue Leidenschaft DE 3x1,8L - Centrum Czysto\u015bci - Hurtownia chemii gospodarczej","og_description":"K\u00f6nigliche W\u00e4sche P\u0142yn do p\u0142ukania Blaue Leidenschaft DE 3&#215;1,8L Przedstawiamy K\u00f6nigliche W\u00e4sche P\u0142yn do p\u0142ukania Blaue Leidenschaft, idealny wyb\u00f3r dla tych, kt\u00f3rzy pragn\u0105 doskona\u0142ej jako\u015bci i \u015bwie\u017co\u015bci w ka\u017cdym praniu.Ten p\u0142yn do p\u0142ukania o pojemno\u015bci 3&#215;1,8 litra zosta\u0142 stworzony w oparciu o unikaln\u0105 formu\u0142\u0119, kt\u00f3ra zapewnia g\u0142\u0119bokie i skuteczne czyszczenie Twoich tkanin. Dzi\u0119ki swoim w\u0142a\u015bciwo\u015bciom,...","og_url":"https:\/\/www.centrumczystosci.com\/WP\/produkt\/knigliche-wsche-pyn-do-pukania-blaue-leidenschaft-de-3x18l","og_site_name":"Centrum Czysto\u015bci - Hurtownia chemii gospodarczej","article_modified_time":"2026-04-16T14:38:51+00:00","og_image":[{"width":1352,"height":1343,"url":"https:\/\/www.centrumczystosci.com\/WP\/wp-content\/uploads\/2025\/04\/0bea45bd0deb4d60fade620cd466d081.jpg","type":"image\/jpeg"}],"twitter_card":"summary_large_image","twitter_misc":{"Szacowany czas czytania":"1 minuta"},"schema":{"@context":"https:\/\/schema.org","@graph":[{"@type":"WebPage","@id":"https:\/\/www.centrumczystosci.com\/WP\/produkt\/knigliche-wsche-pyn-do-pukania-blaue-leidenschaft-de-3x18l","url":"https:\/\/www.centrumczystosci.com\/WP\/produkt\/knigliche-wsche-pyn-do-pukania-blaue-leidenschaft-de-3x18l","name":"K\u00f6nigliche W\u00e4sche P\u0142yn do p\u0142ukania Blaue Leidenschaft DE 3x1,8L - Centrum Czysto\u015bci - Hurtownia chemii gospodarczej","isPartOf":{"@id":"https:\/\/www.centrumczystosci.com\/WP\/#website"},"primaryImageOfPage":{"@id":"https:\/\/www.centrumczystosci.com\/WP\/produkt\/knigliche-wsche-pyn-do-pukania-blaue-leidenschaft-de-3x18l#primaryimage"},"image":{"@id":"https:\/\/www.centrumczystosci.com\/WP\/produkt\/knigliche-wsche-pyn-do-pukania-blaue-leidenschaft-de-3x18l#primaryimage"},"thumbnailUrl":"https:\/\/www.centrumczystosci.com\/WP\/wp-content\/uploads\/2025\/04\/0bea45bd0deb4d60fade620cd466d081.jpg","datePublished":"2025-04-18T07:14:58+00:00","dateModified":"2026-04-16T14:38:51+00:00","breadcrumb":{"@id":"https:\/\/www.centrumczystosci.com\/WP\/produkt\/knigliche-wsche-pyn-do-pukania-blaue-leidenschaft-de-3x18l#breadcrumb"},"inLanguage":"pl-PL","potentialAction":[{"@type":"ReadAction","target":["https:\/\/www.centrumczystosci.com\/WP\/produkt\/knigliche-wsche-pyn-do-pukania-blaue-leidenschaft-de-3x18l"]}]},{"@type":"ImageObject","inLanguage":"pl-PL","@id":"https:\/\/www.centrumczystosci.com\/WP\/produkt\/knigliche-wsche-pyn-do-pukania-blaue-leidenschaft-de-3x18l#primaryimage","url":"https:\/\/www.centrumczystosci.com\/WP\/wp-content\/uploads\/2025\/04\/0bea45bd0deb4d60fade620cd466d081.jpg","contentUrl":"https:\/\/www.centrumczystosci.com\/WP\/wp-content\/uploads\/2025\/04\/0bea45bd0deb4d60fade620cd466d081.jpg","width":1352,"height":1343},{"@type":"BreadcrumbList","@id":"https:\/\/www.centrumczystosci.com\/WP\/produkt\/knigliche-wsche-pyn-do-pukania-blaue-leidenschaft-de-3x18l#breadcrumb","itemListElement":[{"@type":"ListItem","position":1,"name":"Strona g\u0142\u00f3wna","item":"https:\/\/www.centrumczystosci.com\/WP\/"},{"@type":"ListItem","position":2,"name":"Sklep","item":"https:\/\/www.centrumczystosci.com\/WP\/shop"},{"@type":"ListItem","position":3,"name":"K\u00f6nigliche W\u00e4sche P\u0142yn do p\u0142ukania Blaue Leidenschaft DE 3&#215;1,8L"}]},{"@type":"WebSite","@id":"https:\/\/www.centrumczystosci.com\/WP\/#website","url":"https:\/\/www.centrumczystosci.com\/WP\/","name":"Centrum Czysto\u015bci - Hurtownia chemii gospodarczej","description":"","publisher":{"@id":"https:\/\/www.centrumczystosci.com\/WP\/#organization"},"potentialAction":[{"@type":"SearchAction","target":{"@type":"EntryPoint","urlTemplate":"https:\/\/www.centrumczystosci.com\/WP\/?s={search_term_string}"},"query-input":{"@type":"PropertyValueSpecification","valueRequired":true,"valueName":"search_term_string"}}],"inLanguage":"pl-PL"},{"@type":"Organization","@id":"https:\/\/www.centrumczystosci.com\/WP\/#organization","name":"Centrum Czysto\u015bci - Hurtownia chemii gospodarczej","url":"https:\/\/www.centrumczystosci.com\/WP\/","logo":{"@type":"ImageObject","inLanguage":"pl-PL","@id":"https:\/\/www.centrumczystosci.com\/WP\/#\/schema\/logo\/image\/","url":"https:\/\/www.centrumczystosci.com\/WP\/wp-content\/uploads\/2025\/02\/cropped-logo-CC-4000x4000-1.png","contentUrl":"https:\/\/www.centrumczystosci.com\/WP\/wp-content\/uploads\/2025\/02\/cropped-logo-CC-4000x4000-1.png","width":2983,"height":1602,"caption":"Centrum Czysto\u015bci - Hurtownia chemii gospodarczej"},"image":{"@id":"https:\/\/www.centrumczystosci.com\/WP\/#\/schema\/logo\/image\/"}}]}},"_links":{"self":[{"href":"https:\/\/www.centrumczystosci.com\/WP\/wp-json\/wp\/v2\/product\/4981","targetHints":{"allow":["GET"]}}],"collection":[{"href":"https:\/\/www.centrumczystosci.com\/WP\/wp-json\/wp\/v2\/product"}],"about":[{"href":"https:\/\/www.centrumczystosci.com\/WP\/wp-json\/wp\/v2\/types\/product"}],"replies":[{"embeddable":true,"href":"https:\/\/www.centrumczystosci.com\/WP\/wp-json\/wp\/v2\/comments?post=4981"}],"wp:featuredmedia":[{"embeddable":true,"href":"https:\/\/www.centrumczystosci.com\/WP\/wp-json\/wp\/v2\/media\/4986"}],"wp:attachment":[{"href":"https:\/\/www.centrumczystosci.com\/WP\/wp-json\/wp\/v2\/media?parent=4981"}],"wp:term":[{"taxonomy":"product_brand","embeddable":true,"href":"https:\/\/www.centrumczystosci.com\/WP\/wp-json\/wp\/v2\/product_brand?post=4981"},{"taxonomy":"product_cat","embeddable":true,"href":"https:\/\/www.centrumczystosci.com\/WP\/wp-json\/wp\/v2\/product_cat?post=4981"},{"taxonomy":"product_tag","embeddable":true,"href":"https:\/\/www.centrumczystosci.com\/WP\/wp-json\/wp\/v2\/product_tag?post=4981"}],"curies":[{"name":"wp","href":"https:\/\/api.w.org\/{rel}","templated":true}]}}