
{"id":5007,"date":"2025-04-18T07:15:15","date_gmt":"2025-04-18T07:15:15","guid":{"rendered":"https:\/\/www.centrumczystosci.com\/WP\/?post_type=product&#038;p=5007"},"modified":"2026-04-18T23:44:36","modified_gmt":"2026-04-18T21:44:36","slug":"pampers-fresh-clean-chusteczki-nawilane-dla-dzieci-op-6x80-szt","status":"publish","type":"product","link":"https:\/\/www.centrumczystosci.com\/WP\/produkt\/pampers-fresh-clean-chusteczki-nawilane-dla-dzieci-op-6x80-szt","title":{"rendered":"PAMPERS FRESH CLEAN chusteczki nawil\u017cane dla dzieci op. 6&#215;80 szt"},"content":{"rendered":"<p><!--- SELLASIST HTML START --><\/p>\n<div class=\"esp_column_description\">\n<section class=\"section\">\n<div class=\"item item-12\">\n<section class=\"text-item\">\n<h1>PAMPERS FRESH CLEAN chusteczki nawil\u017cane dla dzieci op. 6&#215;80 szt<\/h1>\n<\/section>\n<\/div>\n<\/section>\n<section class=\"section\">\n<div class=\"item item-6\">\n<section class=\"text-item\">PAMPERS Chusteczki FRESH CLEAN dla dzieci to nawil\u017cane chusteczki o wyj\u0105tkowo delikatnej formule, idealne do codziennej piel\u0119gnacji sk\u00f3ry malucha. Opakowanie zawiera 6 paczek po 80 sztuk, zapewniaj\u0105c d\u0142ugotrwa\u0142e korzystanie z produktu. Chusteczki PAMPERS zapewniaj\u0105 skuteczne oczyszczenie i od\u015bwie\u017cenie sk\u00f3ry dziecka, zapewniaj\u0105c jednocze\u015bnie nawil\u017cenie i piel\u0119gnacj\u0119. Dzi\u0119ki praktycznemu formatowi, chusteczki s\u0105 idealne do u\u017cywania w domu oraz w podr\u00f3\u017cy. Pozw\u00f3l swojemu dziecku cieszy\u0107 si\u0119 komfortem i czysto\u015bci\u0105 dzi\u0119ki chusteczkom PAMPERS Chusteczki FRESH CLEAN.<\/section>\n<\/div>\n<div class=\"item item-6\"><\/div>\n<\/section>\n<section class=\"section\">\n<div class=\"item item-6\"><\/div>\n<\/section>\n<section class=\"section\">\n<div class=\"item item-6\">\n<section class=\"text-item\">\n<ul>\n<li>Nawil\u017cenie i ochrona sk\u00f3ry dziecka:\u00a0Chusteczki PAMPERS FRESH CLEAN zapewniaj\u0105 skuteczne nawil\u017cenie oraz ochron\u0119 delikatnej sk\u00f3ry malucha.<\/li>\n<li>Wyj\u0105tkowo delikatna formu\u0142a:\u00a0Dzi\u0119ki formule o wysokiej jako\u015bci, chusteczki s\u0105 \u0142agodne dla sk\u00f3ry dziecka, nie powoduj\u0105c podra\u017cnie\u0144.<\/li>\n<li>Praktyczny format opakowania:\u00a0Opakowanie zawieraj\u0105ce\u00a0 6 paczek po 80\u00a0 chusteczek u\u0142atwia przechowywanie i zapewnia d\u0142ugotrwa\u0142e korzystanie z produktu.<\/li>\n<li>Uniwersalne zastosowanie:\u00a0Doskona\u0142e zar\u00f3wno do u\u017cywania w domu, jak i do zabrania w podr\u00f3\u017c, dzi\u0119ki czemu Twoje dziecko mo\u017ce cieszy\u0107 si\u0119 komfortem i \u015bwie\u017co\u015bci\u0105 bez wzgl\u0119du na okoliczno\u015bci.<\/li>\n<li>Oczyszczanie i od\u015bwie\u017canie sk\u00f3ry:\u00a0Chusteczki skutecznie usuwaj\u0105 zabrudzenia i od\u015bwie\u017caj\u0105 sk\u00f3r\u0119, dbaj\u0105c jednocze\u015bnie o jej odpowiednie nawil\u017cenie.<\/li>\n<\/ul>\n<\/section>\n<\/div>\n<\/section>\n<\/div>\n","protected":false},"excerpt":{"rendered":"<p>PAMPERS FRESH CLEAN chusteczki nawil\u017cane dla dzieci op. 6&#215;80 szt PAMPERS Chusteczki FRESH CLEAN dla dzieci to nawil\u017cane chusteczki o wyj\u0105tkowo delikatnej formule, idealne do codziennej piel\u0119gnacji sk\u00f3ry malucha. Opakowanie zawiera 6 paczek po 80 sztuk, zapewniaj\u0105c d\u0142ugotrwa\u0142e korzystanie z produktu. Chusteczki PAMPERS zapewniaj\u0105 skuteczne oczyszczenie i od\u015bwie\u017cenie sk\u00f3ry dziecka, zapewniaj\u0105c jednocze\u015bnie nawil\u017cenie i piel\u0119gnacj\u0119&#8230;.<\/p>\n","protected":false},"featured_media":7079,"comment_status":"open","ping_status":"closed","template":"","meta":{"om_disable_all_campaigns":false,"_kadence_starter_templates_imported_post":false,"_kad_post_transparent":"default","_kad_post_title":"","_kad_post_layout":"default","_kad_post_sidebar_id":"","_kad_post_content_style":"default","_kad_post_vertical_padding":"default","_kad_post_feature":"","_kad_post_feature_position":"","_kad_post_header":false,"_kad_post_footer":false},"product_brand":[137],"product_cat":[84,82,15],"product_tag":[],"class_list":{"0":"post-5007","1":"product","2":"type-product","3":"status-publish","4":"has-post-thumbnail","6":"product_brand-pampers","7":"product_cat-chusteczki-nawilzane","8":"product_cat-zdrowie-i-higiena","9":"product_cat-wszystkie-produkty","11":"first","12":"instock","13":"taxable","14":"shipping-taxable","15":"purchasable","16":"product-type-simple","17":"entry","18":"content-bg","19":"loop-entry"},"yoast_head":"<!-- This site is optimized with the Yoast SEO plugin v26.7 - https:\/\/yoast.com\/wordpress\/plugins\/seo\/ -->\n<title>PAMPERS FRESH CLEAN chusteczki nawil\u017cane dla dzieci op. 6x80 szt - Centrum Czysto\u015bci - Hurtownia chemii gospodarczej<\/title>\n<meta name=\"robots\" content=\"index, follow, max-snippet:-1, max-image-preview:large, max-video-preview:-1\" \/>\n<link rel=\"canonical\" href=\"https:\/\/www.centrumczystosci.com\/WP\/produkt\/pampers-fresh-clean-chusteczki-nawilane-dla-dzieci-op-6x80-szt\" \/>\n<meta property=\"og:locale\" content=\"pl_PL\" \/>\n<meta property=\"og:type\" content=\"article\" \/>\n<meta property=\"og:title\" content=\"PAMPERS FRESH CLEAN chusteczki nawil\u017cane dla dzieci op. 6x80 szt - Centrum Czysto\u015bci - Hurtownia chemii gospodarczej\" \/>\n<meta property=\"og:description\" content=\"PAMPERS FRESH CLEAN chusteczki nawil\u017cane dla dzieci op. 6&#215;80 szt PAMPERS Chusteczki FRESH CLEAN dla dzieci to nawil\u017cane chusteczki o wyj\u0105tkowo delikatnej formule, idealne do codziennej piel\u0119gnacji sk\u00f3ry malucha. Opakowanie zawiera 6 paczek po 80 sztuk, zapewniaj\u0105c d\u0142ugotrwa\u0142e korzystanie z produktu. Chusteczki PAMPERS zapewniaj\u0105 skuteczne oczyszczenie i od\u015bwie\u017cenie sk\u00f3ry dziecka, zapewniaj\u0105c jednocze\u015bnie nawil\u017cenie i piel\u0119gnacj\u0119....\" \/>\n<meta property=\"og:url\" content=\"https:\/\/www.centrumczystosci.com\/WP\/produkt\/pampers-fresh-clean-chusteczki-nawilane-dla-dzieci-op-6x80-szt\" \/>\n<meta property=\"og:site_name\" content=\"Centrum Czysto\u015bci - Hurtownia chemii gospodarczej\" \/>\n<meta property=\"article:modified_time\" content=\"2026-04-18T21:44:36+00:00\" \/>\n<meta property=\"og:image\" content=\"https:\/\/www.centrumczystosci.com\/WP\/wp-content\/uploads\/2025\/04\/PAMPERS-FRESH-CLEAN-chusteczki-nawilzane-dla-dzieci-op.-6x80-szt.jpg\" \/>\n\t<meta property=\"og:image:width\" content=\"801\" \/>\n\t<meta property=\"og:image:height\" content=\"798\" \/>\n\t<meta property=\"og:image:type\" content=\"image\/jpeg\" \/>\n<meta name=\"twitter:card\" content=\"summary_large_image\" \/>\n<meta name=\"twitter:label1\" content=\"Szacowany czas czytania\" \/>\n\t<meta name=\"twitter:data1\" content=\"1 minuta\" \/>\n<script type=\"application\/ld+json\" class=\"yoast-schema-graph\">{\"@context\":\"https:\/\/schema.org\",\"@graph\":[{\"@type\":\"WebPage\",\"@id\":\"https:\/\/www.centrumczystosci.com\/WP\/produkt\/pampers-fresh-clean-chusteczki-nawilane-dla-dzieci-op-6x80-szt\",\"url\":\"https:\/\/www.centrumczystosci.com\/WP\/produkt\/pampers-fresh-clean-chusteczki-nawilane-dla-dzieci-op-6x80-szt\",\"name\":\"PAMPERS FRESH CLEAN chusteczki nawil\u017cane dla dzieci op. 6x80 szt - Centrum Czysto\u015bci - Hurtownia chemii gospodarczej\",\"isPartOf\":{\"@id\":\"https:\/\/www.centrumczystosci.com\/WP\/#website\"},\"primaryImageOfPage\":{\"@id\":\"https:\/\/www.centrumczystosci.com\/WP\/produkt\/pampers-fresh-clean-chusteczki-nawilane-dla-dzieci-op-6x80-szt#primaryimage\"},\"image\":{\"@id\":\"https:\/\/www.centrumczystosci.com\/WP\/produkt\/pampers-fresh-clean-chusteczki-nawilane-dla-dzieci-op-6x80-szt#primaryimage\"},\"thumbnailUrl\":\"https:\/\/www.centrumczystosci.com\/WP\/wp-content\/uploads\/2025\/04\/PAMPERS-FRESH-CLEAN-chusteczki-nawilzane-dla-dzieci-op.-6x80-szt.jpg\",\"datePublished\":\"2025-04-18T07:15:15+00:00\",\"dateModified\":\"2026-04-18T21:44:36+00:00\",\"breadcrumb\":{\"@id\":\"https:\/\/www.centrumczystosci.com\/WP\/produkt\/pampers-fresh-clean-chusteczki-nawilane-dla-dzieci-op-6x80-szt#breadcrumb\"},\"inLanguage\":\"pl-PL\",\"potentialAction\":[{\"@type\":\"ReadAction\",\"target\":[\"https:\/\/www.centrumczystosci.com\/WP\/produkt\/pampers-fresh-clean-chusteczki-nawilane-dla-dzieci-op-6x80-szt\"]}]},{\"@type\":\"ImageObject\",\"inLanguage\":\"pl-PL\",\"@id\":\"https:\/\/www.centrumczystosci.com\/WP\/produkt\/pampers-fresh-clean-chusteczki-nawilane-dla-dzieci-op-6x80-szt#primaryimage\",\"url\":\"https:\/\/www.centrumczystosci.com\/WP\/wp-content\/uploads\/2025\/04\/PAMPERS-FRESH-CLEAN-chusteczki-nawilzane-dla-dzieci-op.-6x80-szt.jpg\",\"contentUrl\":\"https:\/\/www.centrumczystosci.com\/WP\/wp-content\/uploads\/2025\/04\/PAMPERS-FRESH-CLEAN-chusteczki-nawilzane-dla-dzieci-op.-6x80-szt.jpg\",\"width\":801,\"height\":798,\"caption\":\"e1df78f19523cc828d801746d0759391a93d9ab14946c2c2fd9aeef238ced08ac6cb49eadce4a573b6862c685994f36cbbb862a33668035231d5141e2f559ee63da86d1fdbe54099351793241a9e7f4a\"},{\"@type\":\"BreadcrumbList\",\"@id\":\"https:\/\/www.centrumczystosci.com\/WP\/produkt\/pampers-fresh-clean-chusteczki-nawilane-dla-dzieci-op-6x80-szt#breadcrumb\",\"itemListElement\":[{\"@type\":\"ListItem\",\"position\":1,\"name\":\"Strona g\u0142\u00f3wna\",\"item\":\"https:\/\/www.centrumczystosci.com\/WP\/\"},{\"@type\":\"ListItem\",\"position\":2,\"name\":\"Sklep\",\"item\":\"https:\/\/www.centrumczystosci.com\/WP\/shop\"},{\"@type\":\"ListItem\",\"position\":3,\"name\":\"PAMPERS FRESH CLEAN chusteczki nawil\u017cane dla dzieci op. 6&#215;80 szt\"}]},{\"@type\":\"WebSite\",\"@id\":\"https:\/\/www.centrumczystosci.com\/WP\/#website\",\"url\":\"https:\/\/www.centrumczystosci.com\/WP\/\",\"name\":\"Centrum Czysto\u015bci - Hurtownia chemii gospodarczej\",\"description\":\"\",\"publisher\":{\"@id\":\"https:\/\/www.centrumczystosci.com\/WP\/#organization\"},\"potentialAction\":[{\"@type\":\"SearchAction\",\"target\":{\"@type\":\"EntryPoint\",\"urlTemplate\":\"https:\/\/www.centrumczystosci.com\/WP\/?s={search_term_string}\"},\"query-input\":{\"@type\":\"PropertyValueSpecification\",\"valueRequired\":true,\"valueName\":\"search_term_string\"}}],\"inLanguage\":\"pl-PL\"},{\"@type\":\"Organization\",\"@id\":\"https:\/\/www.centrumczystosci.com\/WP\/#organization\",\"name\":\"Centrum Czysto\u015bci - Hurtownia chemii gospodarczej\",\"url\":\"https:\/\/www.centrumczystosci.com\/WP\/\",\"logo\":{\"@type\":\"ImageObject\",\"inLanguage\":\"pl-PL\",\"@id\":\"https:\/\/www.centrumczystosci.com\/WP\/#\/schema\/logo\/image\/\",\"url\":\"https:\/\/www.centrumczystosci.com\/WP\/wp-content\/uploads\/2025\/02\/cropped-logo-CC-4000x4000-1.png\",\"contentUrl\":\"https:\/\/www.centrumczystosci.com\/WP\/wp-content\/uploads\/2025\/02\/cropped-logo-CC-4000x4000-1.png\",\"width\":2983,\"height\":1602,\"caption\":\"Centrum Czysto\u015bci - Hurtownia chemii gospodarczej\"},\"image\":{\"@id\":\"https:\/\/www.centrumczystosci.com\/WP\/#\/schema\/logo\/image\/\"}}]}<\/script>\n<!-- \/ Yoast SEO plugin. -->","yoast_head_json":{"title":"PAMPERS FRESH CLEAN chusteczki nawil\u017cane dla dzieci op. 6x80 szt - Centrum Czysto\u015bci - Hurtownia chemii gospodarczej","robots":{"index":"index","follow":"follow","max-snippet":"max-snippet:-1","max-image-preview":"max-image-preview:large","max-video-preview":"max-video-preview:-1"},"canonical":"https:\/\/www.centrumczystosci.com\/WP\/produkt\/pampers-fresh-clean-chusteczki-nawilane-dla-dzieci-op-6x80-szt","og_locale":"pl_PL","og_type":"article","og_title":"PAMPERS FRESH CLEAN chusteczki nawil\u017cane dla dzieci op. 6x80 szt - Centrum Czysto\u015bci - Hurtownia chemii gospodarczej","og_description":"PAMPERS FRESH CLEAN chusteczki nawil\u017cane dla dzieci op. 6&#215;80 szt PAMPERS Chusteczki FRESH CLEAN dla dzieci to nawil\u017cane chusteczki o wyj\u0105tkowo delikatnej formule, idealne do codziennej piel\u0119gnacji sk\u00f3ry malucha. Opakowanie zawiera 6 paczek po 80 sztuk, zapewniaj\u0105c d\u0142ugotrwa\u0142e korzystanie z produktu. Chusteczki PAMPERS zapewniaj\u0105 skuteczne oczyszczenie i od\u015bwie\u017cenie sk\u00f3ry dziecka, zapewniaj\u0105c jednocze\u015bnie nawil\u017cenie i piel\u0119gnacj\u0119....","og_url":"https:\/\/www.centrumczystosci.com\/WP\/produkt\/pampers-fresh-clean-chusteczki-nawilane-dla-dzieci-op-6x80-szt","og_site_name":"Centrum Czysto\u015bci - Hurtownia chemii gospodarczej","article_modified_time":"2026-04-18T21:44:36+00:00","og_image":[{"width":801,"height":798,"url":"https:\/\/www.centrumczystosci.com\/WP\/wp-content\/uploads\/2025\/04\/PAMPERS-FRESH-CLEAN-chusteczki-nawilzane-dla-dzieci-op.-6x80-szt.jpg","type":"image\/jpeg"}],"twitter_card":"summary_large_image","twitter_misc":{"Szacowany czas czytania":"1 minuta"},"schema":{"@context":"https:\/\/schema.org","@graph":[{"@type":"WebPage","@id":"https:\/\/www.centrumczystosci.com\/WP\/produkt\/pampers-fresh-clean-chusteczki-nawilane-dla-dzieci-op-6x80-szt","url":"https:\/\/www.centrumczystosci.com\/WP\/produkt\/pampers-fresh-clean-chusteczki-nawilane-dla-dzieci-op-6x80-szt","name":"PAMPERS FRESH CLEAN chusteczki nawil\u017cane dla dzieci op. 6x80 szt - Centrum Czysto\u015bci - Hurtownia chemii gospodarczej","isPartOf":{"@id":"https:\/\/www.centrumczystosci.com\/WP\/#website"},"primaryImageOfPage":{"@id":"https:\/\/www.centrumczystosci.com\/WP\/produkt\/pampers-fresh-clean-chusteczki-nawilane-dla-dzieci-op-6x80-szt#primaryimage"},"image":{"@id":"https:\/\/www.centrumczystosci.com\/WP\/produkt\/pampers-fresh-clean-chusteczki-nawilane-dla-dzieci-op-6x80-szt#primaryimage"},"thumbnailUrl":"https:\/\/www.centrumczystosci.com\/WP\/wp-content\/uploads\/2025\/04\/PAMPERS-FRESH-CLEAN-chusteczki-nawilzane-dla-dzieci-op.-6x80-szt.jpg","datePublished":"2025-04-18T07:15:15+00:00","dateModified":"2026-04-18T21:44:36+00:00","breadcrumb":{"@id":"https:\/\/www.centrumczystosci.com\/WP\/produkt\/pampers-fresh-clean-chusteczki-nawilane-dla-dzieci-op-6x80-szt#breadcrumb"},"inLanguage":"pl-PL","potentialAction":[{"@type":"ReadAction","target":["https:\/\/www.centrumczystosci.com\/WP\/produkt\/pampers-fresh-clean-chusteczki-nawilane-dla-dzieci-op-6x80-szt"]}]},{"@type":"ImageObject","inLanguage":"pl-PL","@id":"https:\/\/www.centrumczystosci.com\/WP\/produkt\/pampers-fresh-clean-chusteczki-nawilane-dla-dzieci-op-6x80-szt#primaryimage","url":"https:\/\/www.centrumczystosci.com\/WP\/wp-content\/uploads\/2025\/04\/PAMPERS-FRESH-CLEAN-chusteczki-nawilzane-dla-dzieci-op.-6x80-szt.jpg","contentUrl":"https:\/\/www.centrumczystosci.com\/WP\/wp-content\/uploads\/2025\/04\/PAMPERS-FRESH-CLEAN-chusteczki-nawilzane-dla-dzieci-op.-6x80-szt.jpg","width":801,"height":798,"caption":"e1df78f19523cc828d801746d0759391a93d9ab14946c2c2fd9aeef238ced08ac6cb49eadce4a573b6862c685994f36cbbb862a33668035231d5141e2f559ee63da86d1fdbe54099351793241a9e7f4a"},{"@type":"BreadcrumbList","@id":"https:\/\/www.centrumczystosci.com\/WP\/produkt\/pampers-fresh-clean-chusteczki-nawilane-dla-dzieci-op-6x80-szt#breadcrumb","itemListElement":[{"@type":"ListItem","position":1,"name":"Strona g\u0142\u00f3wna","item":"https:\/\/www.centrumczystosci.com\/WP\/"},{"@type":"ListItem","position":2,"name":"Sklep","item":"https:\/\/www.centrumczystosci.com\/WP\/shop"},{"@type":"ListItem","position":3,"name":"PAMPERS FRESH CLEAN chusteczki nawil\u017cane dla dzieci op. 6&#215;80 szt"}]},{"@type":"WebSite","@id":"https:\/\/www.centrumczystosci.com\/WP\/#website","url":"https:\/\/www.centrumczystosci.com\/WP\/","name":"Centrum Czysto\u015bci - Hurtownia chemii gospodarczej","description":"","publisher":{"@id":"https:\/\/www.centrumczystosci.com\/WP\/#organization"},"potentialAction":[{"@type":"SearchAction","target":{"@type":"EntryPoint","urlTemplate":"https:\/\/www.centrumczystosci.com\/WP\/?s={search_term_string}"},"query-input":{"@type":"PropertyValueSpecification","valueRequired":true,"valueName":"search_term_string"}}],"inLanguage":"pl-PL"},{"@type":"Organization","@id":"https:\/\/www.centrumczystosci.com\/WP\/#organization","name":"Centrum Czysto\u015bci - Hurtownia chemii gospodarczej","url":"https:\/\/www.centrumczystosci.com\/WP\/","logo":{"@type":"ImageObject","inLanguage":"pl-PL","@id":"https:\/\/www.centrumczystosci.com\/WP\/#\/schema\/logo\/image\/","url":"https:\/\/www.centrumczystosci.com\/WP\/wp-content\/uploads\/2025\/02\/cropped-logo-CC-4000x4000-1.png","contentUrl":"https:\/\/www.centrumczystosci.com\/WP\/wp-content\/uploads\/2025\/02\/cropped-logo-CC-4000x4000-1.png","width":2983,"height":1602,"caption":"Centrum Czysto\u015bci - Hurtownia chemii gospodarczej"},"image":{"@id":"https:\/\/www.centrumczystosci.com\/WP\/#\/schema\/logo\/image\/"}}]}},"_links":{"self":[{"href":"https:\/\/www.centrumczystosci.com\/WP\/wp-json\/wp\/v2\/product\/5007","targetHints":{"allow":["GET"]}}],"collection":[{"href":"https:\/\/www.centrumczystosci.com\/WP\/wp-json\/wp\/v2\/product"}],"about":[{"href":"https:\/\/www.centrumczystosci.com\/WP\/wp-json\/wp\/v2\/types\/product"}],"replies":[{"embeddable":true,"href":"https:\/\/www.centrumczystosci.com\/WP\/wp-json\/wp\/v2\/comments?post=5007"}],"wp:featuredmedia":[{"embeddable":true,"href":"https:\/\/www.centrumczystosci.com\/WP\/wp-json\/wp\/v2\/media\/7079"}],"wp:attachment":[{"href":"https:\/\/www.centrumczystosci.com\/WP\/wp-json\/wp\/v2\/media?parent=5007"}],"wp:term":[{"taxonomy":"product_brand","embeddable":true,"href":"https:\/\/www.centrumczystosci.com\/WP\/wp-json\/wp\/v2\/product_brand?post=5007"},{"taxonomy":"product_cat","embeddable":true,"href":"https:\/\/www.centrumczystosci.com\/WP\/wp-json\/wp\/v2\/product_cat?post=5007"},{"taxonomy":"product_tag","embeddable":true,"href":"https:\/\/www.centrumczystosci.com\/WP\/wp-json\/wp\/v2\/product_tag?post=5007"}],"curies":[{"name":"wp","href":"https:\/\/api.w.org\/{rel}","templated":true}]}}