
{"id":5039,"date":"2026-01-30T10:31:39","date_gmt":"2026-01-30T08:31:39","guid":{"rendered":"https:\/\/www.centrumczystosci.com\/WP\/?post_type=product&#038;p=5039"},"modified":"2026-04-17T21:22:43","modified_gmt":"2026-04-17T19:22:43","slug":"oral-b-szczoteczki-do-zbw-classic-care-35-21-gratis","status":"publish","type":"product","link":"https:\/\/www.centrumczystosci.com\/WP\/produkt\/oral-b-szczoteczki-do-zbw-classic-care-35-21-gratis","title":{"rendered":"Oral-B Szczoteczki do z\u0119b\u00f3w Classic Care 35 2+1 gratis"},"content":{"rendered":"<p><!--- SELLASIST HTML START --><\/p>\n<div class=\"esp_column_description\">\n<section class=\"section\">\n<div class=\"item item-12\">\n<section class=\"text-item\">\n<h2>Oral-B Szczoteczki do z\u0119b\u00f3w Classic Care 35 2+1 gratis<\/h2>\n<\/section>\n<\/div>\n<\/section>\n<section class=\"section\">\n<div class=\"item item-6\">\n<section class=\"text-item\">Szczoteczki do z\u0119b\u00f3w Oral-B Classic Care 35 to doskona\u0142e rozwi\u0105zanie dla os\u00f3b pragn\u0105cych zadba\u0107 o zdrowie jamy ustnej. Dzi\u0119ki mi\u0119kkim w\u0142\u00f3knom, kt\u00f3re skutecznie usuwaj\u0105 p\u0142ytk\u0119 naz\u0119bn\u0105, a jednocze\u015bnie s\u0105 delikatne dla dzi\u0105se\u0142, te szczoteczki zapewniaj\u0105 komfortowe czyszczenie z\u0119b\u00f3w. W zestawie 2 szczoteczki oraz jedna gratis, co czyni go idealnym wyborem dla ca\u0142ej rodziny. Ergonomiczny uchwyt gwarantuje pewny chwyt, a klasyczny design sprawia, \u017ce s\u0105 nie tylko funkcjonalne, ale tak\u017ce estetyczne. Zainwestuj w swoje zdrowie i codzienn\u0105 piel\u0119gnacj\u0119 z Oral-B Classic Care 35.<\/section>\n<\/div>\n<div class=\"item item-6\"><\/div>\n<\/section>\n<section class=\"section\"><\/section>\n<\/div>\n","protected":false},"excerpt":{"rendered":"<p>Oral-B Szczoteczki do z\u0119b\u00f3w Classic Care 35 2+1 gratis Szczoteczki do z\u0119b\u00f3w Oral-B Classic Care 35 to doskona\u0142e rozwi\u0105zanie dla os\u00f3b pragn\u0105cych zadba\u0107 o zdrowie jamy ustnej. Dzi\u0119ki mi\u0119kkim w\u0142\u00f3knom, kt\u00f3re skutecznie usuwaj\u0105 p\u0142ytk\u0119 naz\u0119bn\u0105, a jednocze\u015bnie s\u0105 delikatne dla dzi\u0105se\u0142, te szczoteczki zapewniaj\u0105 komfortowe czyszczenie z\u0119b\u00f3w. W zestawie 2 szczoteczki oraz jedna gratis, co&#8230;<\/p>\n","protected":false},"featured_media":4767,"comment_status":"open","ping_status":"closed","template":"","meta":{"om_disable_all_campaigns":false,"_kadence_starter_templates_imported_post":false,"_kad_post_transparent":"default","_kad_post_title":"","_kad_post_layout":"default","_kad_post_sidebar_id":"","_kad_post_content_style":"default","_kad_post_vertical_padding":"default","_kad_post_feature":"","_kad_post_feature_position":"","_kad_post_header":false,"_kad_post_footer":false},"product_brand":[119],"product_cat":[87,82,15],"product_tag":[],"class_list":{"0":"post-5039","1":"product","2":"type-product","3":"status-publish","4":"has-post-thumbnail","6":"product_brand-oral-b","7":"product_cat-szczoteczki-do-zebow","8":"product_cat-zdrowie-i-higiena","9":"product_cat-wszystkie-produkty","11":"first","12":"instock","13":"taxable","14":"shipping-taxable","15":"purchasable","16":"product-type-simple","17":"entry","18":"content-bg","19":"loop-entry"},"yoast_head":"<!-- This site is optimized with the Yoast SEO plugin v26.7 - https:\/\/yoast.com\/wordpress\/plugins\/seo\/ -->\n<title>Oral-B Szczoteczki do z\u0119b\u00f3w Classic Care 35 2+1 gratis - Centrum Czysto\u015bci - Hurtownia chemii gospodarczej<\/title>\n<meta name=\"robots\" content=\"index, follow, max-snippet:-1, max-image-preview:large, max-video-preview:-1\" \/>\n<link rel=\"canonical\" href=\"https:\/\/www.centrumczystosci.com\/WP\/produkt\/oral-b-szczoteczki-do-zbw-classic-care-35-21-gratis\" \/>\n<meta property=\"og:locale\" content=\"pl_PL\" \/>\n<meta property=\"og:type\" content=\"article\" \/>\n<meta property=\"og:title\" content=\"Oral-B Szczoteczki do z\u0119b\u00f3w Classic Care 35 2+1 gratis - Centrum Czysto\u015bci - Hurtownia chemii gospodarczej\" \/>\n<meta property=\"og:description\" content=\"Oral-B Szczoteczki do z\u0119b\u00f3w Classic Care 35 2+1 gratis Szczoteczki do z\u0119b\u00f3w Oral-B Classic Care 35 to doskona\u0142e rozwi\u0105zanie dla os\u00f3b pragn\u0105cych zadba\u0107 o zdrowie jamy ustnej. Dzi\u0119ki mi\u0119kkim w\u0142\u00f3knom, kt\u00f3re skutecznie usuwaj\u0105 p\u0142ytk\u0119 naz\u0119bn\u0105, a jednocze\u015bnie s\u0105 delikatne dla dzi\u0105se\u0142, te szczoteczki zapewniaj\u0105 komfortowe czyszczenie z\u0119b\u00f3w. W zestawie 2 szczoteczki oraz jedna gratis, co...\" \/>\n<meta property=\"og:url\" content=\"https:\/\/www.centrumczystosci.com\/WP\/produkt\/oral-b-szczoteczki-do-zbw-classic-care-35-21-gratis\" \/>\n<meta property=\"og:site_name\" content=\"Centrum Czysto\u015bci - Hurtownia chemii gospodarczej\" \/>\n<meta property=\"article:modified_time\" content=\"2026-04-17T19:22:43+00:00\" \/>\n<meta property=\"og:image\" content=\"https:\/\/www.centrumczystosci.com\/WP\/wp-content\/uploads\/2025\/04\/828786ee5de4cc562b78cd6f32056421.jpg\" \/>\n\t<meta property=\"og:image:width\" content=\"1000\" \/>\n\t<meta property=\"og:image:height\" content=\"1000\" \/>\n\t<meta property=\"og:image:type\" content=\"image\/jpeg\" \/>\n<meta name=\"twitter:card\" content=\"summary_large_image\" \/>\n<meta name=\"twitter:label1\" content=\"Szacowany czas czytania\" \/>\n\t<meta name=\"twitter:data1\" content=\"1 minuta\" \/>\n<script type=\"application\/ld+json\" class=\"yoast-schema-graph\">{\"@context\":\"https:\/\/schema.org\",\"@graph\":[{\"@type\":\"WebPage\",\"@id\":\"https:\/\/www.centrumczystosci.com\/WP\/produkt\/oral-b-szczoteczki-do-zbw-classic-care-35-21-gratis\",\"url\":\"https:\/\/www.centrumczystosci.com\/WP\/produkt\/oral-b-szczoteczki-do-zbw-classic-care-35-21-gratis\",\"name\":\"Oral-B Szczoteczki do z\u0119b\u00f3w Classic Care 35 2+1 gratis - Centrum Czysto\u015bci - Hurtownia chemii gospodarczej\",\"isPartOf\":{\"@id\":\"https:\/\/www.centrumczystosci.com\/WP\/#website\"},\"primaryImageOfPage\":{\"@id\":\"https:\/\/www.centrumczystosci.com\/WP\/produkt\/oral-b-szczoteczki-do-zbw-classic-care-35-21-gratis#primaryimage\"},\"image\":{\"@id\":\"https:\/\/www.centrumczystosci.com\/WP\/produkt\/oral-b-szczoteczki-do-zbw-classic-care-35-21-gratis#primaryimage\"},\"thumbnailUrl\":\"https:\/\/www.centrumczystosci.com\/WP\/wp-content\/uploads\/2025\/04\/828786ee5de4cc562b78cd6f32056421.jpg\",\"datePublished\":\"2026-01-30T08:31:39+00:00\",\"dateModified\":\"2026-04-17T19:22:43+00:00\",\"breadcrumb\":{\"@id\":\"https:\/\/www.centrumczystosci.com\/WP\/produkt\/oral-b-szczoteczki-do-zbw-classic-care-35-21-gratis#breadcrumb\"},\"inLanguage\":\"pl-PL\",\"potentialAction\":[{\"@type\":\"ReadAction\",\"target\":[\"https:\/\/www.centrumczystosci.com\/WP\/produkt\/oral-b-szczoteczki-do-zbw-classic-care-35-21-gratis\"]}]},{\"@type\":\"ImageObject\",\"inLanguage\":\"pl-PL\",\"@id\":\"https:\/\/www.centrumczystosci.com\/WP\/produkt\/oral-b-szczoteczki-do-zbw-classic-care-35-21-gratis#primaryimage\",\"url\":\"https:\/\/www.centrumczystosci.com\/WP\/wp-content\/uploads\/2025\/04\/828786ee5de4cc562b78cd6f32056421.jpg\",\"contentUrl\":\"https:\/\/www.centrumczystosci.com\/WP\/wp-content\/uploads\/2025\/04\/828786ee5de4cc562b78cd6f32056421.jpg\",\"width\":1000,\"height\":1000},{\"@type\":\"BreadcrumbList\",\"@id\":\"https:\/\/www.centrumczystosci.com\/WP\/produkt\/oral-b-szczoteczki-do-zbw-classic-care-35-21-gratis#breadcrumb\",\"itemListElement\":[{\"@type\":\"ListItem\",\"position\":1,\"name\":\"Strona g\u0142\u00f3wna\",\"item\":\"https:\/\/www.centrumczystosci.com\/WP\/\"},{\"@type\":\"ListItem\",\"position\":2,\"name\":\"Sklep\",\"item\":\"https:\/\/www.centrumczystosci.com\/WP\/shop\"},{\"@type\":\"ListItem\",\"position\":3,\"name\":\"Oral-B Szczoteczki do z\u0119b\u00f3w Classic Care 35 2+1 gratis\"}]},{\"@type\":\"WebSite\",\"@id\":\"https:\/\/www.centrumczystosci.com\/WP\/#website\",\"url\":\"https:\/\/www.centrumczystosci.com\/WP\/\",\"name\":\"Centrum Czysto\u015bci - Hurtownia chemii gospodarczej\",\"description\":\"\",\"publisher\":{\"@id\":\"https:\/\/www.centrumczystosci.com\/WP\/#organization\"},\"potentialAction\":[{\"@type\":\"SearchAction\",\"target\":{\"@type\":\"EntryPoint\",\"urlTemplate\":\"https:\/\/www.centrumczystosci.com\/WP\/?s={search_term_string}\"},\"query-input\":{\"@type\":\"PropertyValueSpecification\",\"valueRequired\":true,\"valueName\":\"search_term_string\"}}],\"inLanguage\":\"pl-PL\"},{\"@type\":\"Organization\",\"@id\":\"https:\/\/www.centrumczystosci.com\/WP\/#organization\",\"name\":\"Centrum Czysto\u015bci - Hurtownia chemii gospodarczej\",\"url\":\"https:\/\/www.centrumczystosci.com\/WP\/\",\"logo\":{\"@type\":\"ImageObject\",\"inLanguage\":\"pl-PL\",\"@id\":\"https:\/\/www.centrumczystosci.com\/WP\/#\/schema\/logo\/image\/\",\"url\":\"https:\/\/www.centrumczystosci.com\/WP\/wp-content\/uploads\/2025\/02\/cropped-logo-CC-4000x4000-1.png\",\"contentUrl\":\"https:\/\/www.centrumczystosci.com\/WP\/wp-content\/uploads\/2025\/02\/cropped-logo-CC-4000x4000-1.png\",\"width\":2983,\"height\":1602,\"caption\":\"Centrum Czysto\u015bci - Hurtownia chemii gospodarczej\"},\"image\":{\"@id\":\"https:\/\/www.centrumczystosci.com\/WP\/#\/schema\/logo\/image\/\"}}]}<\/script>\n<!-- \/ Yoast SEO plugin. -->","yoast_head_json":{"title":"Oral-B Szczoteczki do z\u0119b\u00f3w Classic Care 35 2+1 gratis - Centrum Czysto\u015bci - Hurtownia chemii gospodarczej","robots":{"index":"index","follow":"follow","max-snippet":"max-snippet:-1","max-image-preview":"max-image-preview:large","max-video-preview":"max-video-preview:-1"},"canonical":"https:\/\/www.centrumczystosci.com\/WP\/produkt\/oral-b-szczoteczki-do-zbw-classic-care-35-21-gratis","og_locale":"pl_PL","og_type":"article","og_title":"Oral-B Szczoteczki do z\u0119b\u00f3w Classic Care 35 2+1 gratis - Centrum Czysto\u015bci - Hurtownia chemii gospodarczej","og_description":"Oral-B Szczoteczki do z\u0119b\u00f3w Classic Care 35 2+1 gratis Szczoteczki do z\u0119b\u00f3w Oral-B Classic Care 35 to doskona\u0142e rozwi\u0105zanie dla os\u00f3b pragn\u0105cych zadba\u0107 o zdrowie jamy ustnej. Dzi\u0119ki mi\u0119kkim w\u0142\u00f3knom, kt\u00f3re skutecznie usuwaj\u0105 p\u0142ytk\u0119 naz\u0119bn\u0105, a jednocze\u015bnie s\u0105 delikatne dla dzi\u0105se\u0142, te szczoteczki zapewniaj\u0105 komfortowe czyszczenie z\u0119b\u00f3w. W zestawie 2 szczoteczki oraz jedna gratis, co...","og_url":"https:\/\/www.centrumczystosci.com\/WP\/produkt\/oral-b-szczoteczki-do-zbw-classic-care-35-21-gratis","og_site_name":"Centrum Czysto\u015bci - Hurtownia chemii gospodarczej","article_modified_time":"2026-04-17T19:22:43+00:00","og_image":[{"width":1000,"height":1000,"url":"https:\/\/www.centrumczystosci.com\/WP\/wp-content\/uploads\/2025\/04\/828786ee5de4cc562b78cd6f32056421.jpg","type":"image\/jpeg"}],"twitter_card":"summary_large_image","twitter_misc":{"Szacowany czas czytania":"1 minuta"},"schema":{"@context":"https:\/\/schema.org","@graph":[{"@type":"WebPage","@id":"https:\/\/www.centrumczystosci.com\/WP\/produkt\/oral-b-szczoteczki-do-zbw-classic-care-35-21-gratis","url":"https:\/\/www.centrumczystosci.com\/WP\/produkt\/oral-b-szczoteczki-do-zbw-classic-care-35-21-gratis","name":"Oral-B Szczoteczki do z\u0119b\u00f3w Classic Care 35 2+1 gratis - Centrum Czysto\u015bci - Hurtownia chemii gospodarczej","isPartOf":{"@id":"https:\/\/www.centrumczystosci.com\/WP\/#website"},"primaryImageOfPage":{"@id":"https:\/\/www.centrumczystosci.com\/WP\/produkt\/oral-b-szczoteczki-do-zbw-classic-care-35-21-gratis#primaryimage"},"image":{"@id":"https:\/\/www.centrumczystosci.com\/WP\/produkt\/oral-b-szczoteczki-do-zbw-classic-care-35-21-gratis#primaryimage"},"thumbnailUrl":"https:\/\/www.centrumczystosci.com\/WP\/wp-content\/uploads\/2025\/04\/828786ee5de4cc562b78cd6f32056421.jpg","datePublished":"2026-01-30T08:31:39+00:00","dateModified":"2026-04-17T19:22:43+00:00","breadcrumb":{"@id":"https:\/\/www.centrumczystosci.com\/WP\/produkt\/oral-b-szczoteczki-do-zbw-classic-care-35-21-gratis#breadcrumb"},"inLanguage":"pl-PL","potentialAction":[{"@type":"ReadAction","target":["https:\/\/www.centrumczystosci.com\/WP\/produkt\/oral-b-szczoteczki-do-zbw-classic-care-35-21-gratis"]}]},{"@type":"ImageObject","inLanguage":"pl-PL","@id":"https:\/\/www.centrumczystosci.com\/WP\/produkt\/oral-b-szczoteczki-do-zbw-classic-care-35-21-gratis#primaryimage","url":"https:\/\/www.centrumczystosci.com\/WP\/wp-content\/uploads\/2025\/04\/828786ee5de4cc562b78cd6f32056421.jpg","contentUrl":"https:\/\/www.centrumczystosci.com\/WP\/wp-content\/uploads\/2025\/04\/828786ee5de4cc562b78cd6f32056421.jpg","width":1000,"height":1000},{"@type":"BreadcrumbList","@id":"https:\/\/www.centrumczystosci.com\/WP\/produkt\/oral-b-szczoteczki-do-zbw-classic-care-35-21-gratis#breadcrumb","itemListElement":[{"@type":"ListItem","position":1,"name":"Strona g\u0142\u00f3wna","item":"https:\/\/www.centrumczystosci.com\/WP\/"},{"@type":"ListItem","position":2,"name":"Sklep","item":"https:\/\/www.centrumczystosci.com\/WP\/shop"},{"@type":"ListItem","position":3,"name":"Oral-B Szczoteczki do z\u0119b\u00f3w Classic Care 35 2+1 gratis"}]},{"@type":"WebSite","@id":"https:\/\/www.centrumczystosci.com\/WP\/#website","url":"https:\/\/www.centrumczystosci.com\/WP\/","name":"Centrum Czysto\u015bci - Hurtownia chemii gospodarczej","description":"","publisher":{"@id":"https:\/\/www.centrumczystosci.com\/WP\/#organization"},"potentialAction":[{"@type":"SearchAction","target":{"@type":"EntryPoint","urlTemplate":"https:\/\/www.centrumczystosci.com\/WP\/?s={search_term_string}"},"query-input":{"@type":"PropertyValueSpecification","valueRequired":true,"valueName":"search_term_string"}}],"inLanguage":"pl-PL"},{"@type":"Organization","@id":"https:\/\/www.centrumczystosci.com\/WP\/#organization","name":"Centrum Czysto\u015bci - Hurtownia chemii gospodarczej","url":"https:\/\/www.centrumczystosci.com\/WP\/","logo":{"@type":"ImageObject","inLanguage":"pl-PL","@id":"https:\/\/www.centrumczystosci.com\/WP\/#\/schema\/logo\/image\/","url":"https:\/\/www.centrumczystosci.com\/WP\/wp-content\/uploads\/2025\/02\/cropped-logo-CC-4000x4000-1.png","contentUrl":"https:\/\/www.centrumczystosci.com\/WP\/wp-content\/uploads\/2025\/02\/cropped-logo-CC-4000x4000-1.png","width":2983,"height":1602,"caption":"Centrum Czysto\u015bci - Hurtownia chemii gospodarczej"},"image":{"@id":"https:\/\/www.centrumczystosci.com\/WP\/#\/schema\/logo\/image\/"}}]}},"_links":{"self":[{"href":"https:\/\/www.centrumczystosci.com\/WP\/wp-json\/wp\/v2\/product\/5039","targetHints":{"allow":["GET"]}}],"collection":[{"href":"https:\/\/www.centrumczystosci.com\/WP\/wp-json\/wp\/v2\/product"}],"about":[{"href":"https:\/\/www.centrumczystosci.com\/WP\/wp-json\/wp\/v2\/types\/product"}],"replies":[{"embeddable":true,"href":"https:\/\/www.centrumczystosci.com\/WP\/wp-json\/wp\/v2\/comments?post=5039"}],"wp:featuredmedia":[{"embeddable":true,"href":"https:\/\/www.centrumczystosci.com\/WP\/wp-json\/wp\/v2\/media\/4767"}],"wp:attachment":[{"href":"https:\/\/www.centrumczystosci.com\/WP\/wp-json\/wp\/v2\/media?parent=5039"}],"wp:term":[{"taxonomy":"product_brand","embeddable":true,"href":"https:\/\/www.centrumczystosci.com\/WP\/wp-json\/wp\/v2\/product_brand?post=5039"},{"taxonomy":"product_cat","embeddable":true,"href":"https:\/\/www.centrumczystosci.com\/WP\/wp-json\/wp\/v2\/product_cat?post=5039"},{"taxonomy":"product_tag","embeddable":true,"href":"https:\/\/www.centrumczystosci.com\/WP\/wp-json\/wp\/v2\/product_tag?post=5039"}],"curies":[{"name":"wp","href":"https:\/\/api.w.org\/{rel}","templated":true}]}}