
{"id":5043,"date":"2026-01-29T14:34:26","date_gmt":"2026-01-29T12:34:26","guid":{"rendered":"https:\/\/www.centrumczystosci.com\/WP\/?post_type=product&#038;p=5043"},"modified":"2026-04-18T08:42:37","modified_gmt":"2026-04-18T06:42:37","slug":"finish-pyn-do-czyszczenia-zmywarki-regular-250ml","status":"publish","type":"product","link":"https:\/\/www.centrumczystosci.com\/WP\/produkt\/finish-pyn-do-czyszczenia-zmywarki-regular-250ml","title":{"rendered":"FINISH P\u0142yn do czyszczenia zmywarki regular 250ml"},"content":{"rendered":"<p><!--- SELLASIST HTML START --><\/p>\n<div class=\"esp_column_description\">\n<section class=\"section\">\n<div class=\"item item-12\">\n<section class=\"text-item\">\n<h2>FINISH P\u0142yn do czyszczenia zmywarki regular 250ml<\/h2>\n<\/section>\n<\/div>\n<\/section>\n<section class=\"section\">\n<div class=\"item item-6\">\n<section class=\"text-item\">FINISH P\u0142yn do czyszczenia zmywarki regular 250ml to wysokiej jako\u015bci \u015brodek do regularnego czyszczenia i konserwacji zmywarek. Ten specjalistyczny p\u0142yn pomo\u017ce utrzyma\u0107 Twoj\u0105 zmywark\u0119 w idealnym stanie, zapewniaj\u0105c doskona\u0142\u0105 wydajno\u015b\u0107 oraz d\u0142u\u017csz\u0105 \u017cywotno\u015b\u0107 sprz\u0119tu.Zawarty w produkcie unikalny sk\u0142ad, oparty na formule bez fosforan\u00f3w, skutecznie usuwa t\u0142uszcz, resztki jedzenia, kamie\u0144 oraz inne zanieczyszczenia, kt\u00f3re mog\u0105 si\u0119 gromadzi\u0107 w zmywarce podczas codziennego u\u017cytkowania. Regularne stosowanie p\u0142ynu pozwala utrzyma\u0107 czysto\u015b\u0107 w ca\u0142ym urz\u0105dzeniu, w tym w uk\u0142adzie filtr\u00f3w, dysz i armatek, zapewniaj\u0105c jednocze\u015bnie optymalne warunki pracy.<\/p>\n<p>FINISH P\u0142yn do czyszczenia zmywarki regular 250ml jest \u0142atwy w u\u017cyciu &#8211; wystarczy doda\u0107 odpowiedni\u0105 ilo\u015b\u0107 p\u0142ynu do pojemnika na detergenty zmywarki i uruchomi\u0107 program czyszcz\u0105cy. Produkt nie zawiera szkodliwych substancji, jest bezpieczny dla ludzi oraz dla \u015brodowiska.<\/p>\n<p>Je\u015bli chcesz zadba\u0107 o swoj\u0105 zmywark\u0119 i zapewni\u0107 jej d\u0142ug\u0105 \u017cywotno\u015b\u0107 oraz doskona\u0142\u0105 wydajno\u015b\u0107, FINISH P\u0142yn do czyszczenia zmywarki regular 250ml jest idealnym wyborem dla Ciebie.<\/p>\n<\/section>\n<\/div>\n<\/section>\n<\/div>\n","protected":false},"excerpt":{"rendered":"<p>FINISH P\u0142yn do czyszczenia zmywarki regular 250ml FINISH P\u0142yn do czyszczenia zmywarki regular 250ml to wysokiej jako\u015bci \u015brodek do regularnego czyszczenia i konserwacji zmywarek. Ten specjalistyczny p\u0142yn pomo\u017ce utrzyma\u0107 Twoj\u0105 zmywark\u0119 w idealnym stanie, zapewniaj\u0105c doskona\u0142\u0105 wydajno\u015b\u0107 oraz d\u0142u\u017csz\u0105 \u017cywotno\u015b\u0107 sprz\u0119tu.Zawarty w produkcie unikalny sk\u0142ad, oparty na formule bez fosforan\u00f3w, skutecznie usuwa t\u0142uszcz, resztki jedzenia,&#8230;<\/p>\n","protected":false},"featured_media":5105,"comment_status":"open","ping_status":"closed","template":"","meta":{"om_disable_all_campaigns":false,"_kadence_starter_templates_imported_post":false,"_kad_post_transparent":"default","_kad_post_title":"","_kad_post_layout":"default","_kad_post_sidebar_id":"","_kad_post_content_style":"default","_kad_post_vertical_padding":"default","_kad_post_feature":"","_kad_post_feature_position":"","_kad_post_header":false,"_kad_post_footer":false},"product_brand":[122],"product_cat":[102,95,15],"product_tag":[],"class_list":{"0":"post-5043","1":"product","2":"type-product","3":"status-publish","4":"has-post-thumbnail","6":"product_brand-finish","7":"product_cat-produkty-do-zmywarki","8":"product_cat-srodki-czystosci","9":"product_cat-wszystkie-produkty","11":"first","12":"instock","13":"taxable","14":"shipping-taxable","15":"purchasable","16":"product-type-simple","17":"entry","18":"content-bg","19":"loop-entry"},"yoast_head":"<!-- This site is optimized with the Yoast SEO plugin v26.7 - https:\/\/yoast.com\/wordpress\/plugins\/seo\/ -->\n<title>FINISH P\u0142yn do czyszczenia zmywarki regular 250ml - Centrum Czysto\u015bci - Hurtownia chemii gospodarczej<\/title>\n<meta name=\"robots\" content=\"index, follow, max-snippet:-1, max-image-preview:large, max-video-preview:-1\" \/>\n<link rel=\"canonical\" href=\"https:\/\/www.centrumczystosci.com\/WP\/produkt\/finish-pyn-do-czyszczenia-zmywarki-regular-250ml\" \/>\n<meta property=\"og:locale\" content=\"pl_PL\" \/>\n<meta property=\"og:type\" content=\"article\" \/>\n<meta property=\"og:title\" content=\"FINISH P\u0142yn do czyszczenia zmywarki regular 250ml - Centrum Czysto\u015bci - Hurtownia chemii gospodarczej\" \/>\n<meta property=\"og:description\" content=\"FINISH P\u0142yn do czyszczenia zmywarki regular 250ml FINISH P\u0142yn do czyszczenia zmywarki regular 250ml to wysokiej jako\u015bci \u015brodek do regularnego czyszczenia i konserwacji zmywarek. Ten specjalistyczny p\u0142yn pomo\u017ce utrzyma\u0107 Twoj\u0105 zmywark\u0119 w idealnym stanie, zapewniaj\u0105c doskona\u0142\u0105 wydajno\u015b\u0107 oraz d\u0142u\u017csz\u0105 \u017cywotno\u015b\u0107 sprz\u0119tu.Zawarty w produkcie unikalny sk\u0142ad, oparty na formule bez fosforan\u00f3w, skutecznie usuwa t\u0142uszcz, resztki jedzenia,...\" \/>\n<meta property=\"og:url\" content=\"https:\/\/www.centrumczystosci.com\/WP\/produkt\/finish-pyn-do-czyszczenia-zmywarki-regular-250ml\" \/>\n<meta property=\"og:site_name\" content=\"Centrum Czysto\u015bci - Hurtownia chemii gospodarczej\" \/>\n<meta property=\"article:modified_time\" content=\"2026-04-18T06:42:37+00:00\" \/>\n<meta property=\"og:image\" content=\"https:\/\/www.centrumczystosci.com\/WP\/wp-content\/uploads\/2025\/04\/FINISH-Plyn-do-czyszczenia-zmywarki-regular-250ml.png\" \/>\n\t<meta property=\"og:image:width\" content=\"720\" \/>\n\t<meta property=\"og:image:height\" content=\"720\" \/>\n\t<meta property=\"og:image:type\" content=\"image\/png\" \/>\n<meta name=\"twitter:card\" content=\"summary_large_image\" \/>\n<meta name=\"twitter:label1\" content=\"Szacowany czas czytania\" \/>\n\t<meta name=\"twitter:data1\" content=\"1 minuta\" \/>\n<script type=\"application\/ld+json\" class=\"yoast-schema-graph\">{\"@context\":\"https:\/\/schema.org\",\"@graph\":[{\"@type\":\"WebPage\",\"@id\":\"https:\/\/www.centrumczystosci.com\/WP\/produkt\/finish-pyn-do-czyszczenia-zmywarki-regular-250ml\",\"url\":\"https:\/\/www.centrumczystosci.com\/WP\/produkt\/finish-pyn-do-czyszczenia-zmywarki-regular-250ml\",\"name\":\"FINISH P\u0142yn do czyszczenia zmywarki regular 250ml - Centrum Czysto\u015bci - Hurtownia chemii gospodarczej\",\"isPartOf\":{\"@id\":\"https:\/\/www.centrumczystosci.com\/WP\/#website\"},\"primaryImageOfPage\":{\"@id\":\"https:\/\/www.centrumczystosci.com\/WP\/produkt\/finish-pyn-do-czyszczenia-zmywarki-regular-250ml#primaryimage\"},\"image\":{\"@id\":\"https:\/\/www.centrumczystosci.com\/WP\/produkt\/finish-pyn-do-czyszczenia-zmywarki-regular-250ml#primaryimage\"},\"thumbnailUrl\":\"https:\/\/www.centrumczystosci.com\/WP\/wp-content\/uploads\/2025\/04\/FINISH-Plyn-do-czyszczenia-zmywarki-regular-250ml.png\",\"datePublished\":\"2026-01-29T12:34:26+00:00\",\"dateModified\":\"2026-04-18T06:42:37+00:00\",\"breadcrumb\":{\"@id\":\"https:\/\/www.centrumczystosci.com\/WP\/produkt\/finish-pyn-do-czyszczenia-zmywarki-regular-250ml#breadcrumb\"},\"inLanguage\":\"pl-PL\",\"potentialAction\":[{\"@type\":\"ReadAction\",\"target\":[\"https:\/\/www.centrumczystosci.com\/WP\/produkt\/finish-pyn-do-czyszczenia-zmywarki-regular-250ml\"]}]},{\"@type\":\"ImageObject\",\"inLanguage\":\"pl-PL\",\"@id\":\"https:\/\/www.centrumczystosci.com\/WP\/produkt\/finish-pyn-do-czyszczenia-zmywarki-regular-250ml#primaryimage\",\"url\":\"https:\/\/www.centrumczystosci.com\/WP\/wp-content\/uploads\/2025\/04\/FINISH-Plyn-do-czyszczenia-zmywarki-regular-250ml.png\",\"contentUrl\":\"https:\/\/www.centrumczystosci.com\/WP\/wp-content\/uploads\/2025\/04\/FINISH-Plyn-do-czyszczenia-zmywarki-regular-250ml.png\",\"width\":720,\"height\":720},{\"@type\":\"BreadcrumbList\",\"@id\":\"https:\/\/www.centrumczystosci.com\/WP\/produkt\/finish-pyn-do-czyszczenia-zmywarki-regular-250ml#breadcrumb\",\"itemListElement\":[{\"@type\":\"ListItem\",\"position\":1,\"name\":\"Strona g\u0142\u00f3wna\",\"item\":\"https:\/\/www.centrumczystosci.com\/WP\/\"},{\"@type\":\"ListItem\",\"position\":2,\"name\":\"Sklep\",\"item\":\"https:\/\/www.centrumczystosci.com\/WP\/shop\"},{\"@type\":\"ListItem\",\"position\":3,\"name\":\"FINISH P\u0142yn do czyszczenia zmywarki regular 250ml\"}]},{\"@type\":\"WebSite\",\"@id\":\"https:\/\/www.centrumczystosci.com\/WP\/#website\",\"url\":\"https:\/\/www.centrumczystosci.com\/WP\/\",\"name\":\"Centrum Czysto\u015bci - Hurtownia chemii gospodarczej\",\"description\":\"\",\"publisher\":{\"@id\":\"https:\/\/www.centrumczystosci.com\/WP\/#organization\"},\"potentialAction\":[{\"@type\":\"SearchAction\",\"target\":{\"@type\":\"EntryPoint\",\"urlTemplate\":\"https:\/\/www.centrumczystosci.com\/WP\/?s={search_term_string}\"},\"query-input\":{\"@type\":\"PropertyValueSpecification\",\"valueRequired\":true,\"valueName\":\"search_term_string\"}}],\"inLanguage\":\"pl-PL\"},{\"@type\":\"Organization\",\"@id\":\"https:\/\/www.centrumczystosci.com\/WP\/#organization\",\"name\":\"Centrum Czysto\u015bci - Hurtownia chemii gospodarczej\",\"url\":\"https:\/\/www.centrumczystosci.com\/WP\/\",\"logo\":{\"@type\":\"ImageObject\",\"inLanguage\":\"pl-PL\",\"@id\":\"https:\/\/www.centrumczystosci.com\/WP\/#\/schema\/logo\/image\/\",\"url\":\"https:\/\/www.centrumczystosci.com\/WP\/wp-content\/uploads\/2025\/02\/cropped-logo-CC-4000x4000-1.png\",\"contentUrl\":\"https:\/\/www.centrumczystosci.com\/WP\/wp-content\/uploads\/2025\/02\/cropped-logo-CC-4000x4000-1.png\",\"width\":2983,\"height\":1602,\"caption\":\"Centrum Czysto\u015bci - Hurtownia chemii gospodarczej\"},\"image\":{\"@id\":\"https:\/\/www.centrumczystosci.com\/WP\/#\/schema\/logo\/image\/\"}}]}<\/script>\n<!-- \/ Yoast SEO plugin. -->","yoast_head_json":{"title":"FINISH P\u0142yn do czyszczenia zmywarki regular 250ml - Centrum Czysto\u015bci - Hurtownia chemii gospodarczej","robots":{"index":"index","follow":"follow","max-snippet":"max-snippet:-1","max-image-preview":"max-image-preview:large","max-video-preview":"max-video-preview:-1"},"canonical":"https:\/\/www.centrumczystosci.com\/WP\/produkt\/finish-pyn-do-czyszczenia-zmywarki-regular-250ml","og_locale":"pl_PL","og_type":"article","og_title":"FINISH P\u0142yn do czyszczenia zmywarki regular 250ml - Centrum Czysto\u015bci - Hurtownia chemii gospodarczej","og_description":"FINISH P\u0142yn do czyszczenia zmywarki regular 250ml FINISH P\u0142yn do czyszczenia zmywarki regular 250ml to wysokiej jako\u015bci \u015brodek do regularnego czyszczenia i konserwacji zmywarek. Ten specjalistyczny p\u0142yn pomo\u017ce utrzyma\u0107 Twoj\u0105 zmywark\u0119 w idealnym stanie, zapewniaj\u0105c doskona\u0142\u0105 wydajno\u015b\u0107 oraz d\u0142u\u017csz\u0105 \u017cywotno\u015b\u0107 sprz\u0119tu.Zawarty w produkcie unikalny sk\u0142ad, oparty na formule bez fosforan\u00f3w, skutecznie usuwa t\u0142uszcz, resztki jedzenia,...","og_url":"https:\/\/www.centrumczystosci.com\/WP\/produkt\/finish-pyn-do-czyszczenia-zmywarki-regular-250ml","og_site_name":"Centrum Czysto\u015bci - Hurtownia chemii gospodarczej","article_modified_time":"2026-04-18T06:42:37+00:00","og_image":[{"width":720,"height":720,"url":"https:\/\/www.centrumczystosci.com\/WP\/wp-content\/uploads\/2025\/04\/FINISH-Plyn-do-czyszczenia-zmywarki-regular-250ml.png","type":"image\/png"}],"twitter_card":"summary_large_image","twitter_misc":{"Szacowany czas czytania":"1 minuta"},"schema":{"@context":"https:\/\/schema.org","@graph":[{"@type":"WebPage","@id":"https:\/\/www.centrumczystosci.com\/WP\/produkt\/finish-pyn-do-czyszczenia-zmywarki-regular-250ml","url":"https:\/\/www.centrumczystosci.com\/WP\/produkt\/finish-pyn-do-czyszczenia-zmywarki-regular-250ml","name":"FINISH P\u0142yn do czyszczenia zmywarki regular 250ml - Centrum Czysto\u015bci - Hurtownia chemii gospodarczej","isPartOf":{"@id":"https:\/\/www.centrumczystosci.com\/WP\/#website"},"primaryImageOfPage":{"@id":"https:\/\/www.centrumczystosci.com\/WP\/produkt\/finish-pyn-do-czyszczenia-zmywarki-regular-250ml#primaryimage"},"image":{"@id":"https:\/\/www.centrumczystosci.com\/WP\/produkt\/finish-pyn-do-czyszczenia-zmywarki-regular-250ml#primaryimage"},"thumbnailUrl":"https:\/\/www.centrumczystosci.com\/WP\/wp-content\/uploads\/2025\/04\/FINISH-Plyn-do-czyszczenia-zmywarki-regular-250ml.png","datePublished":"2026-01-29T12:34:26+00:00","dateModified":"2026-04-18T06:42:37+00:00","breadcrumb":{"@id":"https:\/\/www.centrumczystosci.com\/WP\/produkt\/finish-pyn-do-czyszczenia-zmywarki-regular-250ml#breadcrumb"},"inLanguage":"pl-PL","potentialAction":[{"@type":"ReadAction","target":["https:\/\/www.centrumczystosci.com\/WP\/produkt\/finish-pyn-do-czyszczenia-zmywarki-regular-250ml"]}]},{"@type":"ImageObject","inLanguage":"pl-PL","@id":"https:\/\/www.centrumczystosci.com\/WP\/produkt\/finish-pyn-do-czyszczenia-zmywarki-regular-250ml#primaryimage","url":"https:\/\/www.centrumczystosci.com\/WP\/wp-content\/uploads\/2025\/04\/FINISH-Plyn-do-czyszczenia-zmywarki-regular-250ml.png","contentUrl":"https:\/\/www.centrumczystosci.com\/WP\/wp-content\/uploads\/2025\/04\/FINISH-Plyn-do-czyszczenia-zmywarki-regular-250ml.png","width":720,"height":720},{"@type":"BreadcrumbList","@id":"https:\/\/www.centrumczystosci.com\/WP\/produkt\/finish-pyn-do-czyszczenia-zmywarki-regular-250ml#breadcrumb","itemListElement":[{"@type":"ListItem","position":1,"name":"Strona g\u0142\u00f3wna","item":"https:\/\/www.centrumczystosci.com\/WP\/"},{"@type":"ListItem","position":2,"name":"Sklep","item":"https:\/\/www.centrumczystosci.com\/WP\/shop"},{"@type":"ListItem","position":3,"name":"FINISH P\u0142yn do czyszczenia zmywarki regular 250ml"}]},{"@type":"WebSite","@id":"https:\/\/www.centrumczystosci.com\/WP\/#website","url":"https:\/\/www.centrumczystosci.com\/WP\/","name":"Centrum Czysto\u015bci - Hurtownia chemii gospodarczej","description":"","publisher":{"@id":"https:\/\/www.centrumczystosci.com\/WP\/#organization"},"potentialAction":[{"@type":"SearchAction","target":{"@type":"EntryPoint","urlTemplate":"https:\/\/www.centrumczystosci.com\/WP\/?s={search_term_string}"},"query-input":{"@type":"PropertyValueSpecification","valueRequired":true,"valueName":"search_term_string"}}],"inLanguage":"pl-PL"},{"@type":"Organization","@id":"https:\/\/www.centrumczystosci.com\/WP\/#organization","name":"Centrum Czysto\u015bci - Hurtownia chemii gospodarczej","url":"https:\/\/www.centrumczystosci.com\/WP\/","logo":{"@type":"ImageObject","inLanguage":"pl-PL","@id":"https:\/\/www.centrumczystosci.com\/WP\/#\/schema\/logo\/image\/","url":"https:\/\/www.centrumczystosci.com\/WP\/wp-content\/uploads\/2025\/02\/cropped-logo-CC-4000x4000-1.png","contentUrl":"https:\/\/www.centrumczystosci.com\/WP\/wp-content\/uploads\/2025\/02\/cropped-logo-CC-4000x4000-1.png","width":2983,"height":1602,"caption":"Centrum Czysto\u015bci - Hurtownia chemii gospodarczej"},"image":{"@id":"https:\/\/www.centrumczystosci.com\/WP\/#\/schema\/logo\/image\/"}}]}},"_links":{"self":[{"href":"https:\/\/www.centrumczystosci.com\/WP\/wp-json\/wp\/v2\/product\/5043","targetHints":{"allow":["GET"]}}],"collection":[{"href":"https:\/\/www.centrumczystosci.com\/WP\/wp-json\/wp\/v2\/product"}],"about":[{"href":"https:\/\/www.centrumczystosci.com\/WP\/wp-json\/wp\/v2\/types\/product"}],"replies":[{"embeddable":true,"href":"https:\/\/www.centrumczystosci.com\/WP\/wp-json\/wp\/v2\/comments?post=5043"}],"wp:featuredmedia":[{"embeddable":true,"href":"https:\/\/www.centrumczystosci.com\/WP\/wp-json\/wp\/v2\/media\/5105"}],"wp:attachment":[{"href":"https:\/\/www.centrumczystosci.com\/WP\/wp-json\/wp\/v2\/media?parent=5043"}],"wp:term":[{"taxonomy":"product_brand","embeddable":true,"href":"https:\/\/www.centrumczystosci.com\/WP\/wp-json\/wp\/v2\/product_brand?post=5043"},{"taxonomy":"product_cat","embeddable":true,"href":"https:\/\/www.centrumczystosci.com\/WP\/wp-json\/wp\/v2\/product_cat?post=5043"},{"taxonomy":"product_tag","embeddable":true,"href":"https:\/\/www.centrumczystosci.com\/WP\/wp-json\/wp\/v2\/product_tag?post=5043"}],"curies":[{"name":"wp","href":"https:\/\/api.w.org\/{rel}","templated":true}]}}