
{"id":5044,"date":"2026-01-29T13:00:34","date_gmt":"2026-01-29T11:00:34","guid":{"rendered":"https:\/\/www.centrumczystosci.com\/WP\/?post_type=product&#038;p=5044"},"modified":"2026-04-18T19:28:39","modified_gmt":"2026-04-18T17:28:39","slug":"domestos-pyn-do-wc-pine-zielony-750-ml","status":"publish","type":"product","link":"https:\/\/www.centrumczystosci.com\/WP\/produkt\/domestos-pyn-do-wc-pine-zielony-750-ml","title":{"rendered":"DOMESTOS P\u0142yn do WC PINE zielony, 750 ml"},"content":{"rendered":"<p><!--- SELLASIST HTML START --><\/p>\n<div class=\"esp_column_description\">\n<section class=\"section\">\n<div class=\"item item-12\">\n<section class=\"text-item\">\n<h2>DOMESTOS P\u0142yn do WC PINE zielony, 750 ml<\/h2>\n<\/section>\n<\/div>\n<\/section>\n<section class=\"section\">\n<div class=\"item item-6\">\n<section class=\"text-item\">Domestos WC, to silny produkt bakteriob\u00f3jczo myj\u0105cy z dodatkiem chloru aktywnego. Dzi\u0119ki komponentom zawartych w produkcie oraz dzia\u0142aniu bakteriob\u00f3jczym mo\u017cna stosowa\u0107 skutecznie na powierzchniach takich jak: toalety, pisuary czy umywalki. Jego g\u0119sta konsystencja pozwala na d\u0142ugie pozostanie na powierzchni mytej np \u015bciankach muszli toaletowej.Spos\u00f3b u\u017cycia: Na\u0142\u00f3\u017c produkt na powierzchnie myt\u0105. Rozprowad\u017a za pomoc\u0105 szczotki i zostaw od 5-60 min. Nast\u0119pnie sp\u0142ucz du\u017c\u0105 ilo\u015bci\u0105 wody.<\/p>\n<p>Informacje dodatkowe : opakowanie : 750 ml opakowanie zbiorcze: 20 sztuk w kartonie.<\/p>\n<\/section>\n<\/div>\n<div class=\"item item-6\">\n<section class=\"image-item\"><img decoding=\"async\" src=\"https:\/\/imge.pl\/p\/317883\/n\/2523fcf45f8bc94fff84a6e6695db2aa.jpg\" \/><\/section>\n<\/div>\n<\/section>\n<\/div>\n","protected":false},"excerpt":{"rendered":"<p>DOMESTOS P\u0142yn do WC PINE zielony, 750 ml Domestos WC, to silny produkt bakteriob\u00f3jczo myj\u0105cy z dodatkiem chloru aktywnego. Dzi\u0119ki komponentom zawartych w produkcie oraz dzia\u0142aniu bakteriob\u00f3jczym mo\u017cna stosowa\u0107 skutecznie na powierzchniach takich jak: toalety, pisuary czy umywalki. Jego g\u0119sta konsystencja pozwala na d\u0142ugie pozostanie na powierzchni mytej np \u015bciankach muszli toaletowej.Spos\u00f3b u\u017cycia: Na\u0142\u00f3\u017c produkt&#8230;<\/p>\n","protected":false},"featured_media":4772,"comment_status":"open","ping_status":"closed","template":"","meta":{"om_disable_all_campaigns":false,"_kadence_starter_templates_imported_post":false,"_kad_post_transparent":"default","_kad_post_title":"","_kad_post_layout":"default","_kad_post_sidebar_id":"","_kad_post_content_style":"default","_kad_post_vertical_padding":"default","_kad_post_feature":"","_kad_post_feature_position":"","_kad_post_header":false,"_kad_post_footer":false},"product_brand":[123],"product_cat":[95,97,15],"product_tag":[],"class_list":{"0":"post-5044","1":"product","2":"type-product","3":"status-publish","4":"has-post-thumbnail","6":"product_brand-domestos","7":"product_cat-srodki-czystosci","8":"product_cat-srodki-czystosci-do-lazienki","9":"product_cat-wszystkie-produkty","11":"first","12":"instock","13":"taxable","14":"shipping-taxable","15":"purchasable","16":"product-type-simple","17":"entry","18":"content-bg","19":"loop-entry"},"yoast_head":"<!-- This site is optimized with the Yoast SEO plugin v26.7 - https:\/\/yoast.com\/wordpress\/plugins\/seo\/ -->\n<title>DOMESTOS P\u0142yn do WC PINE zielony, 750 ml - Centrum Czysto\u015bci - Hurtownia chemii gospodarczej<\/title>\n<meta name=\"description\" content=\"Domestos WC, to silny produkt bakteriob\u00f3jczo myj\u0105cy z dodatkiem chloru aktywnego. Mo\u017cna stosowa\u0107 na powierzchniach takich jak: toalety, czy umywalki.\" \/>\n<meta name=\"robots\" content=\"index, follow, max-snippet:-1, max-image-preview:large, max-video-preview:-1\" \/>\n<link rel=\"canonical\" href=\"https:\/\/www.centrumczystosci.com\/WP\/produkt\/domestos-pyn-do-wc-pine-zielony-750-ml\" \/>\n<meta property=\"og:locale\" content=\"pl_PL\" \/>\n<meta property=\"og:type\" content=\"article\" \/>\n<meta property=\"og:title\" content=\"DOMESTOS P\u0142yn do WC PINE zielony, 750 ml - Centrum Czysto\u015bci - Hurtownia chemii gospodarczej\" \/>\n<meta property=\"og:description\" content=\"Domestos WC, to silny produkt bakteriob\u00f3jczo myj\u0105cy z dodatkiem chloru aktywnego. Mo\u017cna stosowa\u0107 na powierzchniach takich jak: toalety, czy umywalki.\" \/>\n<meta property=\"og:url\" content=\"https:\/\/www.centrumczystosci.com\/WP\/produkt\/domestos-pyn-do-wc-pine-zielony-750-ml\" \/>\n<meta property=\"og:site_name\" content=\"Centrum Czysto\u015bci - Hurtownia chemii gospodarczej\" \/>\n<meta property=\"article:modified_time\" content=\"2026-04-18T17:28:39+00:00\" \/>\n<meta property=\"og:image\" content=\"https:\/\/www.centrumczystosci.com\/WP\/wp-content\/uploads\/2025\/04\/2523fcf45f8bc94fff84a6e6695db2aa.jpg\" \/>\n\t<meta property=\"og:image:width\" content=\"250\" \/>\n\t<meta property=\"og:image:height\" content=\"250\" \/>\n\t<meta property=\"og:image:type\" content=\"image\/jpeg\" \/>\n<meta name=\"twitter:card\" content=\"summary_large_image\" \/>\n<meta name=\"twitter:label1\" content=\"Szacowany czas czytania\" \/>\n\t<meta name=\"twitter:data1\" content=\"1 minuta\" \/>\n<script type=\"application\/ld+json\" class=\"yoast-schema-graph\">{\"@context\":\"https:\/\/schema.org\",\"@graph\":[{\"@type\":\"WebPage\",\"@id\":\"https:\/\/www.centrumczystosci.com\/WP\/produkt\/domestos-pyn-do-wc-pine-zielony-750-ml\",\"url\":\"https:\/\/www.centrumczystosci.com\/WP\/produkt\/domestos-pyn-do-wc-pine-zielony-750-ml\",\"name\":\"DOMESTOS P\u0142yn do WC PINE zielony, 750 ml - Centrum Czysto\u015bci - Hurtownia chemii gospodarczej\",\"isPartOf\":{\"@id\":\"https:\/\/www.centrumczystosci.com\/WP\/#website\"},\"primaryImageOfPage\":{\"@id\":\"https:\/\/www.centrumczystosci.com\/WP\/produkt\/domestos-pyn-do-wc-pine-zielony-750-ml#primaryimage\"},\"image\":{\"@id\":\"https:\/\/www.centrumczystosci.com\/WP\/produkt\/domestos-pyn-do-wc-pine-zielony-750-ml#primaryimage\"},\"thumbnailUrl\":\"https:\/\/www.centrumczystosci.com\/WP\/wp-content\/uploads\/2025\/04\/2523fcf45f8bc94fff84a6e6695db2aa.jpg\",\"datePublished\":\"2026-01-29T11:00:34+00:00\",\"dateModified\":\"2026-04-18T17:28:39+00:00\",\"description\":\"Domestos WC, to silny produkt bakteriob\u00f3jczo myj\u0105cy z dodatkiem chloru aktywnego. Mo\u017cna stosowa\u0107 na powierzchniach takich jak: toalety, czy umywalki.\",\"breadcrumb\":{\"@id\":\"https:\/\/www.centrumczystosci.com\/WP\/produkt\/domestos-pyn-do-wc-pine-zielony-750-ml#breadcrumb\"},\"inLanguage\":\"pl-PL\",\"potentialAction\":[{\"@type\":\"ReadAction\",\"target\":[\"https:\/\/www.centrumczystosci.com\/WP\/produkt\/domestos-pyn-do-wc-pine-zielony-750-ml\"]}]},{\"@type\":\"ImageObject\",\"inLanguage\":\"pl-PL\",\"@id\":\"https:\/\/www.centrumczystosci.com\/WP\/produkt\/domestos-pyn-do-wc-pine-zielony-750-ml#primaryimage\",\"url\":\"https:\/\/www.centrumczystosci.com\/WP\/wp-content\/uploads\/2025\/04\/2523fcf45f8bc94fff84a6e6695db2aa.jpg\",\"contentUrl\":\"https:\/\/www.centrumczystosci.com\/WP\/wp-content\/uploads\/2025\/04\/2523fcf45f8bc94fff84a6e6695db2aa.jpg\",\"width\":250,\"height\":250},{\"@type\":\"BreadcrumbList\",\"@id\":\"https:\/\/www.centrumczystosci.com\/WP\/produkt\/domestos-pyn-do-wc-pine-zielony-750-ml#breadcrumb\",\"itemListElement\":[{\"@type\":\"ListItem\",\"position\":1,\"name\":\"Strona g\u0142\u00f3wna\",\"item\":\"https:\/\/www.centrumczystosci.com\/WP\/\"},{\"@type\":\"ListItem\",\"position\":2,\"name\":\"Sklep\",\"item\":\"https:\/\/www.centrumczystosci.com\/WP\/shop\"},{\"@type\":\"ListItem\",\"position\":3,\"name\":\"DOMESTOS P\u0142yn do WC PINE zielony, 750 ml\"}]},{\"@type\":\"WebSite\",\"@id\":\"https:\/\/www.centrumczystosci.com\/WP\/#website\",\"url\":\"https:\/\/www.centrumczystosci.com\/WP\/\",\"name\":\"Centrum Czysto\u015bci - Hurtownia chemii gospodarczej\",\"description\":\"\",\"publisher\":{\"@id\":\"https:\/\/www.centrumczystosci.com\/WP\/#organization\"},\"potentialAction\":[{\"@type\":\"SearchAction\",\"target\":{\"@type\":\"EntryPoint\",\"urlTemplate\":\"https:\/\/www.centrumczystosci.com\/WP\/?s={search_term_string}\"},\"query-input\":{\"@type\":\"PropertyValueSpecification\",\"valueRequired\":true,\"valueName\":\"search_term_string\"}}],\"inLanguage\":\"pl-PL\"},{\"@type\":\"Organization\",\"@id\":\"https:\/\/www.centrumczystosci.com\/WP\/#organization\",\"name\":\"Centrum Czysto\u015bci - Hurtownia chemii gospodarczej\",\"url\":\"https:\/\/www.centrumczystosci.com\/WP\/\",\"logo\":{\"@type\":\"ImageObject\",\"inLanguage\":\"pl-PL\",\"@id\":\"https:\/\/www.centrumczystosci.com\/WP\/#\/schema\/logo\/image\/\",\"url\":\"https:\/\/www.centrumczystosci.com\/WP\/wp-content\/uploads\/2025\/02\/cropped-logo-CC-4000x4000-1.png\",\"contentUrl\":\"https:\/\/www.centrumczystosci.com\/WP\/wp-content\/uploads\/2025\/02\/cropped-logo-CC-4000x4000-1.png\",\"width\":2983,\"height\":1602,\"caption\":\"Centrum Czysto\u015bci - Hurtownia chemii gospodarczej\"},\"image\":{\"@id\":\"https:\/\/www.centrumczystosci.com\/WP\/#\/schema\/logo\/image\/\"}}]}<\/script>\n<!-- \/ Yoast SEO plugin. -->","yoast_head_json":{"title":"DOMESTOS P\u0142yn do WC PINE zielony, 750 ml - Centrum Czysto\u015bci - Hurtownia chemii gospodarczej","description":"Domestos WC, to silny produkt bakteriob\u00f3jczo myj\u0105cy z dodatkiem chloru aktywnego. Mo\u017cna stosowa\u0107 na powierzchniach takich jak: toalety, czy umywalki.","robots":{"index":"index","follow":"follow","max-snippet":"max-snippet:-1","max-image-preview":"max-image-preview:large","max-video-preview":"max-video-preview:-1"},"canonical":"https:\/\/www.centrumczystosci.com\/WP\/produkt\/domestos-pyn-do-wc-pine-zielony-750-ml","og_locale":"pl_PL","og_type":"article","og_title":"DOMESTOS P\u0142yn do WC PINE zielony, 750 ml - Centrum Czysto\u015bci - Hurtownia chemii gospodarczej","og_description":"Domestos WC, to silny produkt bakteriob\u00f3jczo myj\u0105cy z dodatkiem chloru aktywnego. Mo\u017cna stosowa\u0107 na powierzchniach takich jak: toalety, czy umywalki.","og_url":"https:\/\/www.centrumczystosci.com\/WP\/produkt\/domestos-pyn-do-wc-pine-zielony-750-ml","og_site_name":"Centrum Czysto\u015bci - Hurtownia chemii gospodarczej","article_modified_time":"2026-04-18T17:28:39+00:00","og_image":[{"width":250,"height":250,"url":"https:\/\/www.centrumczystosci.com\/WP\/wp-content\/uploads\/2025\/04\/2523fcf45f8bc94fff84a6e6695db2aa.jpg","type":"image\/jpeg"}],"twitter_card":"summary_large_image","twitter_misc":{"Szacowany czas czytania":"1 minuta"},"schema":{"@context":"https:\/\/schema.org","@graph":[{"@type":"WebPage","@id":"https:\/\/www.centrumczystosci.com\/WP\/produkt\/domestos-pyn-do-wc-pine-zielony-750-ml","url":"https:\/\/www.centrumczystosci.com\/WP\/produkt\/domestos-pyn-do-wc-pine-zielony-750-ml","name":"DOMESTOS P\u0142yn do WC PINE zielony, 750 ml - Centrum Czysto\u015bci - Hurtownia chemii gospodarczej","isPartOf":{"@id":"https:\/\/www.centrumczystosci.com\/WP\/#website"},"primaryImageOfPage":{"@id":"https:\/\/www.centrumczystosci.com\/WP\/produkt\/domestos-pyn-do-wc-pine-zielony-750-ml#primaryimage"},"image":{"@id":"https:\/\/www.centrumczystosci.com\/WP\/produkt\/domestos-pyn-do-wc-pine-zielony-750-ml#primaryimage"},"thumbnailUrl":"https:\/\/www.centrumczystosci.com\/WP\/wp-content\/uploads\/2025\/04\/2523fcf45f8bc94fff84a6e6695db2aa.jpg","datePublished":"2026-01-29T11:00:34+00:00","dateModified":"2026-04-18T17:28:39+00:00","description":"Domestos WC, to silny produkt bakteriob\u00f3jczo myj\u0105cy z dodatkiem chloru aktywnego. Mo\u017cna stosowa\u0107 na powierzchniach takich jak: toalety, czy umywalki.","breadcrumb":{"@id":"https:\/\/www.centrumczystosci.com\/WP\/produkt\/domestos-pyn-do-wc-pine-zielony-750-ml#breadcrumb"},"inLanguage":"pl-PL","potentialAction":[{"@type":"ReadAction","target":["https:\/\/www.centrumczystosci.com\/WP\/produkt\/domestos-pyn-do-wc-pine-zielony-750-ml"]}]},{"@type":"ImageObject","inLanguage":"pl-PL","@id":"https:\/\/www.centrumczystosci.com\/WP\/produkt\/domestos-pyn-do-wc-pine-zielony-750-ml#primaryimage","url":"https:\/\/www.centrumczystosci.com\/WP\/wp-content\/uploads\/2025\/04\/2523fcf45f8bc94fff84a6e6695db2aa.jpg","contentUrl":"https:\/\/www.centrumczystosci.com\/WP\/wp-content\/uploads\/2025\/04\/2523fcf45f8bc94fff84a6e6695db2aa.jpg","width":250,"height":250},{"@type":"BreadcrumbList","@id":"https:\/\/www.centrumczystosci.com\/WP\/produkt\/domestos-pyn-do-wc-pine-zielony-750-ml#breadcrumb","itemListElement":[{"@type":"ListItem","position":1,"name":"Strona g\u0142\u00f3wna","item":"https:\/\/www.centrumczystosci.com\/WP\/"},{"@type":"ListItem","position":2,"name":"Sklep","item":"https:\/\/www.centrumczystosci.com\/WP\/shop"},{"@type":"ListItem","position":3,"name":"DOMESTOS P\u0142yn do WC PINE zielony, 750 ml"}]},{"@type":"WebSite","@id":"https:\/\/www.centrumczystosci.com\/WP\/#website","url":"https:\/\/www.centrumczystosci.com\/WP\/","name":"Centrum Czysto\u015bci - Hurtownia chemii gospodarczej","description":"","publisher":{"@id":"https:\/\/www.centrumczystosci.com\/WP\/#organization"},"potentialAction":[{"@type":"SearchAction","target":{"@type":"EntryPoint","urlTemplate":"https:\/\/www.centrumczystosci.com\/WP\/?s={search_term_string}"},"query-input":{"@type":"PropertyValueSpecification","valueRequired":true,"valueName":"search_term_string"}}],"inLanguage":"pl-PL"},{"@type":"Organization","@id":"https:\/\/www.centrumczystosci.com\/WP\/#organization","name":"Centrum Czysto\u015bci - Hurtownia chemii gospodarczej","url":"https:\/\/www.centrumczystosci.com\/WP\/","logo":{"@type":"ImageObject","inLanguage":"pl-PL","@id":"https:\/\/www.centrumczystosci.com\/WP\/#\/schema\/logo\/image\/","url":"https:\/\/www.centrumczystosci.com\/WP\/wp-content\/uploads\/2025\/02\/cropped-logo-CC-4000x4000-1.png","contentUrl":"https:\/\/www.centrumczystosci.com\/WP\/wp-content\/uploads\/2025\/02\/cropped-logo-CC-4000x4000-1.png","width":2983,"height":1602,"caption":"Centrum Czysto\u015bci - Hurtownia chemii gospodarczej"},"image":{"@id":"https:\/\/www.centrumczystosci.com\/WP\/#\/schema\/logo\/image\/"}}]}},"_links":{"self":[{"href":"https:\/\/www.centrumczystosci.com\/WP\/wp-json\/wp\/v2\/product\/5044","targetHints":{"allow":["GET"]}}],"collection":[{"href":"https:\/\/www.centrumczystosci.com\/WP\/wp-json\/wp\/v2\/product"}],"about":[{"href":"https:\/\/www.centrumczystosci.com\/WP\/wp-json\/wp\/v2\/types\/product"}],"replies":[{"embeddable":true,"href":"https:\/\/www.centrumczystosci.com\/WP\/wp-json\/wp\/v2\/comments?post=5044"}],"wp:featuredmedia":[{"embeddable":true,"href":"https:\/\/www.centrumczystosci.com\/WP\/wp-json\/wp\/v2\/media\/4772"}],"wp:attachment":[{"href":"https:\/\/www.centrumczystosci.com\/WP\/wp-json\/wp\/v2\/media?parent=5044"}],"wp:term":[{"taxonomy":"product_brand","embeddable":true,"href":"https:\/\/www.centrumczystosci.com\/WP\/wp-json\/wp\/v2\/product_brand?post=5044"},{"taxonomy":"product_cat","embeddable":true,"href":"https:\/\/www.centrumczystosci.com\/WP\/wp-json\/wp\/v2\/product_cat?post=5044"},{"taxonomy":"product_tag","embeddable":true,"href":"https:\/\/www.centrumczystosci.com\/WP\/wp-json\/wp\/v2\/product_tag?post=5044"}],"curies":[{"name":"wp","href":"https:\/\/api.w.org\/{rel}","templated":true}]}}