
{"id":5048,"date":"2026-01-29T13:00:34","date_gmt":"2026-01-29T11:00:34","guid":{"rendered":"https:\/\/www.centrumczystosci.com\/WP\/?post_type=product&#038;p=5048"},"modified":"2026-04-18T20:31:41","modified_gmt":"2026-04-18T18:31:41","slug":"domestos-zero-kamienia-pyn-do-wc-blue-750ml","status":"publish","type":"product","link":"https:\/\/www.centrumczystosci.com\/WP\/produkt\/domestos-zero-kamienia-pyn-do-wc-blue-750ml","title":{"rendered":"DOMESTOS Zero Kamienia P\u0142yn do WC BLUE 750ml"},"content":{"rendered":"<p><!--- SELLASIST HTML START --><\/p>\n<div class=\"esp_column_description\">\n<section class=\"section\">\n<div class=\"item item-12\">\n<section class=\"text-item\">\n<h2>DOMESTOS Zero Kamienia P\u0142yn do WC BLUE 750ml<\/h2>\n<\/section>\n<\/div>\n<\/section>\n<section class=\"section\">\n<div class=\"item item-6\">\n<section class=\"text-item\">DOMESTOS Zero Kamienia P\u0142yn do WC BLUE 750ml to wysokiej jako\u015bci \u015brodek do czyszczenia toalety, kt\u00f3ry skutecznie usuwa kamie\u0144 i zapewnia doskona\u0142\u0105 higien\u0119. Ten silny p\u0142yn do WC jest idealny do codziennego czyszczenia i od\u015bwie\u017cania toalety w domu, biurze czy innych miejscach publicznych.Dzi\u0119ki swojej specjalnej formule ten produkt penetruje powierzchnie i skutecznie usuwa kamie\u0144, osad oraz inne zabrudzenia. Zapewnia r\u00f3wnie\u017c dezynfekcj\u0119, eliminuj\u0105c bakterie i wirusy, kt\u00f3re mog\u0105 powodowa\u0107 choroby. Produkt jest niezwykle \u0142atwy w u\u017cyciu &#8211; wystarczy nala\u0107 odpowiedni\u0105 ilo\u015b\u0107 p\u0142ynu do muszli WC, pozostawi\u0107 na kilka minut, a nast\u0119pnie sp\u0142uka\u0107 wod\u0105.DOMESTOS Zero Kamienia P\u0142yn do WC BLUE 750ml ma przyjemny zapach, kt\u00f3ry pozostawia toalet\u0119 \u015bwie\u017c\u0105 i czyst\u0105. Doskonale sprawdza si\u0119 w walce z trudnymi do usuni\u0119cia plamami i osadami, a tak\u017ce zapobiega powstawaniu nowych osad\u00f3w w przysz\u0142o\u015bci.<\/p>\n<p>Zainwestuj w DOMESTOS Zero kamienia P\u0142yn do WC BLUE 750ml i ciesz si\u0119 czyst\u0105 i higieniczn\u0105 toalet\u0105 ka\u017cdego dnia. Oferuj\u0105c najwy\u017csz\u0105 jako\u015b\u0107 i skuteczno\u015b\u0107, ten produkt jest niezast\u0105piony w codziennej piel\u0119gnacji \u0142azienki. Przekonaj si\u0119 sam i zam\u00f3w go ju\u017c teraz!<\/p>\n<\/section>\n<\/div>\n<div class=\"item item-6\">\n<section class=\"image-item\"><img decoding=\"async\" src=\"https:\/\/imge.pl\/p\/317883\/n\/a392f6b5b6dafd21dda77cfe6d800326.jpg\" \/><\/section>\n<\/div>\n<\/section>\n<section class=\"section\"><\/section>\n<\/div>\n","protected":false},"excerpt":{"rendered":"<p>DOMESTOS Zero Kamienia P\u0142yn do WC BLUE 750ml DOMESTOS Zero Kamienia P\u0142yn do WC BLUE 750ml to wysokiej jako\u015bci \u015brodek do czyszczenia toalety, kt\u00f3ry skutecznie usuwa kamie\u0144 i zapewnia doskona\u0142\u0105 higien\u0119. Ten silny p\u0142yn do WC jest idealny do codziennego czyszczenia i od\u015bwie\u017cania toalety w domu, biurze czy innych miejscach publicznych.Dzi\u0119ki swojej specjalnej formule ten&#8230;<\/p>\n","protected":false},"featured_media":4780,"comment_status":"open","ping_status":"closed","template":"","meta":{"om_disable_all_campaigns":false,"_kadence_starter_templates_imported_post":false,"_kad_post_transparent":"default","_kad_post_title":"","_kad_post_layout":"default","_kad_post_sidebar_id":"","_kad_post_content_style":"default","_kad_post_vertical_padding":"default","_kad_post_feature":"","_kad_post_feature_position":"","_kad_post_header":false,"_kad_post_footer":false},"product_brand":[123],"product_cat":[95,97,15],"product_tag":[],"class_list":{"0":"post-5048","1":"product","2":"type-product","3":"status-publish","4":"has-post-thumbnail","6":"product_brand-domestos","7":"product_cat-srodki-czystosci","8":"product_cat-srodki-czystosci-do-lazienki","9":"product_cat-wszystkie-produkty","11":"first","12":"instock","13":"taxable","14":"shipping-taxable","15":"purchasable","16":"product-type-simple","17":"entry","18":"content-bg","19":"loop-entry"},"yoast_head":"<!-- This site is optimized with the Yoast SEO plugin v26.7 - https:\/\/yoast.com\/wordpress\/plugins\/seo\/ -->\n<title>DOMESTOS Zero Kamienia P\u0142yn do WC BLUE 750ml - Centrum Czysto\u015bci - Hurtownia chemii gospodarczej<\/title>\n<meta name=\"description\" content=\"DOMESTOS Zero Kamienia P\u0142yn do WC BLUE 750ml to wysokiej jako\u015bci \u015brodek do czyszczenia toalety, kt\u00f3ry skutecznie usuwa kamie\u0144 i zapewnia doskona\u0142\u0105 higien\u0119.\" \/>\n<meta name=\"robots\" content=\"index, follow, max-snippet:-1, max-image-preview:large, max-video-preview:-1\" \/>\n<link rel=\"canonical\" href=\"https:\/\/www.centrumczystosci.com\/WP\/produkt\/domestos-zero-kamienia-pyn-do-wc-blue-750ml\" \/>\n<meta property=\"og:locale\" content=\"pl_PL\" \/>\n<meta property=\"og:type\" content=\"article\" \/>\n<meta property=\"og:title\" content=\"DOMESTOS Zero Kamienia P\u0142yn do WC BLUE 750ml - Centrum Czysto\u015bci - Hurtownia chemii gospodarczej\" \/>\n<meta property=\"og:description\" content=\"DOMESTOS Zero Kamienia P\u0142yn do WC BLUE 750ml to wysokiej jako\u015bci \u015brodek do czyszczenia toalety, kt\u00f3ry skutecznie usuwa kamie\u0144 i zapewnia doskona\u0142\u0105 higien\u0119.\" \/>\n<meta property=\"og:url\" content=\"https:\/\/www.centrumczystosci.com\/WP\/produkt\/domestos-zero-kamienia-pyn-do-wc-blue-750ml\" \/>\n<meta property=\"og:site_name\" content=\"Centrum Czysto\u015bci - Hurtownia chemii gospodarczej\" \/>\n<meta property=\"article:modified_time\" content=\"2026-04-18T18:31:41+00:00\" \/>\n<meta property=\"og:image\" content=\"https:\/\/www.centrumczystosci.com\/WP\/wp-content\/uploads\/2025\/04\/a392f6b5b6dafd21dda77cfe6d800326.jpg\" \/>\n\t<meta property=\"og:image:width\" content=\"108\" \/>\n\t<meta property=\"og:image:height\" content=\"400\" \/>\n\t<meta property=\"og:image:type\" content=\"image\/jpeg\" \/>\n<meta name=\"twitter:card\" content=\"summary_large_image\" \/>\n<meta name=\"twitter:label1\" content=\"Szacowany czas czytania\" \/>\n\t<meta name=\"twitter:data1\" content=\"2 minuty\" \/>\n<script type=\"application\/ld+json\" class=\"yoast-schema-graph\">{\"@context\":\"https:\/\/schema.org\",\"@graph\":[{\"@type\":\"WebPage\",\"@id\":\"https:\/\/www.centrumczystosci.com\/WP\/produkt\/domestos-zero-kamienia-pyn-do-wc-blue-750ml\",\"url\":\"https:\/\/www.centrumczystosci.com\/WP\/produkt\/domestos-zero-kamienia-pyn-do-wc-blue-750ml\",\"name\":\"DOMESTOS Zero Kamienia P\u0142yn do WC BLUE 750ml - Centrum Czysto\u015bci - Hurtownia chemii gospodarczej\",\"isPartOf\":{\"@id\":\"https:\/\/www.centrumczystosci.com\/WP\/#website\"},\"primaryImageOfPage\":{\"@id\":\"https:\/\/www.centrumczystosci.com\/WP\/produkt\/domestos-zero-kamienia-pyn-do-wc-blue-750ml#primaryimage\"},\"image\":{\"@id\":\"https:\/\/www.centrumczystosci.com\/WP\/produkt\/domestos-zero-kamienia-pyn-do-wc-blue-750ml#primaryimage\"},\"thumbnailUrl\":\"https:\/\/www.centrumczystosci.com\/WP\/wp-content\/uploads\/2025\/04\/a392f6b5b6dafd21dda77cfe6d800326.jpg\",\"datePublished\":\"2026-01-29T11:00:34+00:00\",\"dateModified\":\"2026-04-18T18:31:41+00:00\",\"description\":\"DOMESTOS Zero Kamienia P\u0142yn do WC BLUE 750ml to wysokiej jako\u015bci \u015brodek do czyszczenia toalety, kt\u00f3ry skutecznie usuwa kamie\u0144 i zapewnia doskona\u0142\u0105 higien\u0119.\",\"breadcrumb\":{\"@id\":\"https:\/\/www.centrumczystosci.com\/WP\/produkt\/domestos-zero-kamienia-pyn-do-wc-blue-750ml#breadcrumb\"},\"inLanguage\":\"pl-PL\",\"potentialAction\":[{\"@type\":\"ReadAction\",\"target\":[\"https:\/\/www.centrumczystosci.com\/WP\/produkt\/domestos-zero-kamienia-pyn-do-wc-blue-750ml\"]}]},{\"@type\":\"ImageObject\",\"inLanguage\":\"pl-PL\",\"@id\":\"https:\/\/www.centrumczystosci.com\/WP\/produkt\/domestos-zero-kamienia-pyn-do-wc-blue-750ml#primaryimage\",\"url\":\"https:\/\/www.centrumczystosci.com\/WP\/wp-content\/uploads\/2025\/04\/a392f6b5b6dafd21dda77cfe6d800326.jpg\",\"contentUrl\":\"https:\/\/www.centrumczystosci.com\/WP\/wp-content\/uploads\/2025\/04\/a392f6b5b6dafd21dda77cfe6d800326.jpg\",\"width\":108,\"height\":400},{\"@type\":\"BreadcrumbList\",\"@id\":\"https:\/\/www.centrumczystosci.com\/WP\/produkt\/domestos-zero-kamienia-pyn-do-wc-blue-750ml#breadcrumb\",\"itemListElement\":[{\"@type\":\"ListItem\",\"position\":1,\"name\":\"Strona g\u0142\u00f3wna\",\"item\":\"https:\/\/www.centrumczystosci.com\/WP\/\"},{\"@type\":\"ListItem\",\"position\":2,\"name\":\"Sklep\",\"item\":\"https:\/\/www.centrumczystosci.com\/WP\/shop\"},{\"@type\":\"ListItem\",\"position\":3,\"name\":\"DOMESTOS Zero Kamienia P\u0142yn do WC BLUE 750ml\"}]},{\"@type\":\"WebSite\",\"@id\":\"https:\/\/www.centrumczystosci.com\/WP\/#website\",\"url\":\"https:\/\/www.centrumczystosci.com\/WP\/\",\"name\":\"Centrum Czysto\u015bci - Hurtownia chemii gospodarczej\",\"description\":\"\",\"publisher\":{\"@id\":\"https:\/\/www.centrumczystosci.com\/WP\/#organization\"},\"potentialAction\":[{\"@type\":\"SearchAction\",\"target\":{\"@type\":\"EntryPoint\",\"urlTemplate\":\"https:\/\/www.centrumczystosci.com\/WP\/?s={search_term_string}\"},\"query-input\":{\"@type\":\"PropertyValueSpecification\",\"valueRequired\":true,\"valueName\":\"search_term_string\"}}],\"inLanguage\":\"pl-PL\"},{\"@type\":\"Organization\",\"@id\":\"https:\/\/www.centrumczystosci.com\/WP\/#organization\",\"name\":\"Centrum Czysto\u015bci - Hurtownia chemii gospodarczej\",\"url\":\"https:\/\/www.centrumczystosci.com\/WP\/\",\"logo\":{\"@type\":\"ImageObject\",\"inLanguage\":\"pl-PL\",\"@id\":\"https:\/\/www.centrumczystosci.com\/WP\/#\/schema\/logo\/image\/\",\"url\":\"https:\/\/www.centrumczystosci.com\/WP\/wp-content\/uploads\/2025\/02\/cropped-logo-CC-4000x4000-1.png\",\"contentUrl\":\"https:\/\/www.centrumczystosci.com\/WP\/wp-content\/uploads\/2025\/02\/cropped-logo-CC-4000x4000-1.png\",\"width\":2983,\"height\":1602,\"caption\":\"Centrum Czysto\u015bci - Hurtownia chemii gospodarczej\"},\"image\":{\"@id\":\"https:\/\/www.centrumczystosci.com\/WP\/#\/schema\/logo\/image\/\"}}]}<\/script>\n<!-- \/ Yoast SEO plugin. -->","yoast_head_json":{"title":"DOMESTOS Zero Kamienia P\u0142yn do WC BLUE 750ml - Centrum Czysto\u015bci - Hurtownia chemii gospodarczej","description":"DOMESTOS Zero Kamienia P\u0142yn do WC BLUE 750ml to wysokiej jako\u015bci \u015brodek do czyszczenia toalety, kt\u00f3ry skutecznie usuwa kamie\u0144 i zapewnia doskona\u0142\u0105 higien\u0119.","robots":{"index":"index","follow":"follow","max-snippet":"max-snippet:-1","max-image-preview":"max-image-preview:large","max-video-preview":"max-video-preview:-1"},"canonical":"https:\/\/www.centrumczystosci.com\/WP\/produkt\/domestos-zero-kamienia-pyn-do-wc-blue-750ml","og_locale":"pl_PL","og_type":"article","og_title":"DOMESTOS Zero Kamienia P\u0142yn do WC BLUE 750ml - Centrum Czysto\u015bci - Hurtownia chemii gospodarczej","og_description":"DOMESTOS Zero Kamienia P\u0142yn do WC BLUE 750ml to wysokiej jako\u015bci \u015brodek do czyszczenia toalety, kt\u00f3ry skutecznie usuwa kamie\u0144 i zapewnia doskona\u0142\u0105 higien\u0119.","og_url":"https:\/\/www.centrumczystosci.com\/WP\/produkt\/domestos-zero-kamienia-pyn-do-wc-blue-750ml","og_site_name":"Centrum Czysto\u015bci - Hurtownia chemii gospodarczej","article_modified_time":"2026-04-18T18:31:41+00:00","og_image":[{"width":108,"height":400,"url":"https:\/\/www.centrumczystosci.com\/WP\/wp-content\/uploads\/2025\/04\/a392f6b5b6dafd21dda77cfe6d800326.jpg","type":"image\/jpeg"}],"twitter_card":"summary_large_image","twitter_misc":{"Szacowany czas czytania":"2 minuty"},"schema":{"@context":"https:\/\/schema.org","@graph":[{"@type":"WebPage","@id":"https:\/\/www.centrumczystosci.com\/WP\/produkt\/domestos-zero-kamienia-pyn-do-wc-blue-750ml","url":"https:\/\/www.centrumczystosci.com\/WP\/produkt\/domestos-zero-kamienia-pyn-do-wc-blue-750ml","name":"DOMESTOS Zero Kamienia P\u0142yn do WC BLUE 750ml - Centrum Czysto\u015bci - Hurtownia chemii gospodarczej","isPartOf":{"@id":"https:\/\/www.centrumczystosci.com\/WP\/#website"},"primaryImageOfPage":{"@id":"https:\/\/www.centrumczystosci.com\/WP\/produkt\/domestos-zero-kamienia-pyn-do-wc-blue-750ml#primaryimage"},"image":{"@id":"https:\/\/www.centrumczystosci.com\/WP\/produkt\/domestos-zero-kamienia-pyn-do-wc-blue-750ml#primaryimage"},"thumbnailUrl":"https:\/\/www.centrumczystosci.com\/WP\/wp-content\/uploads\/2025\/04\/a392f6b5b6dafd21dda77cfe6d800326.jpg","datePublished":"2026-01-29T11:00:34+00:00","dateModified":"2026-04-18T18:31:41+00:00","description":"DOMESTOS Zero Kamienia P\u0142yn do WC BLUE 750ml to wysokiej jako\u015bci \u015brodek do czyszczenia toalety, kt\u00f3ry skutecznie usuwa kamie\u0144 i zapewnia doskona\u0142\u0105 higien\u0119.","breadcrumb":{"@id":"https:\/\/www.centrumczystosci.com\/WP\/produkt\/domestos-zero-kamienia-pyn-do-wc-blue-750ml#breadcrumb"},"inLanguage":"pl-PL","potentialAction":[{"@type":"ReadAction","target":["https:\/\/www.centrumczystosci.com\/WP\/produkt\/domestos-zero-kamienia-pyn-do-wc-blue-750ml"]}]},{"@type":"ImageObject","inLanguage":"pl-PL","@id":"https:\/\/www.centrumczystosci.com\/WP\/produkt\/domestos-zero-kamienia-pyn-do-wc-blue-750ml#primaryimage","url":"https:\/\/www.centrumczystosci.com\/WP\/wp-content\/uploads\/2025\/04\/a392f6b5b6dafd21dda77cfe6d800326.jpg","contentUrl":"https:\/\/www.centrumczystosci.com\/WP\/wp-content\/uploads\/2025\/04\/a392f6b5b6dafd21dda77cfe6d800326.jpg","width":108,"height":400},{"@type":"BreadcrumbList","@id":"https:\/\/www.centrumczystosci.com\/WP\/produkt\/domestos-zero-kamienia-pyn-do-wc-blue-750ml#breadcrumb","itemListElement":[{"@type":"ListItem","position":1,"name":"Strona g\u0142\u00f3wna","item":"https:\/\/www.centrumczystosci.com\/WP\/"},{"@type":"ListItem","position":2,"name":"Sklep","item":"https:\/\/www.centrumczystosci.com\/WP\/shop"},{"@type":"ListItem","position":3,"name":"DOMESTOS Zero Kamienia P\u0142yn do WC BLUE 750ml"}]},{"@type":"WebSite","@id":"https:\/\/www.centrumczystosci.com\/WP\/#website","url":"https:\/\/www.centrumczystosci.com\/WP\/","name":"Centrum Czysto\u015bci - Hurtownia chemii gospodarczej","description":"","publisher":{"@id":"https:\/\/www.centrumczystosci.com\/WP\/#organization"},"potentialAction":[{"@type":"SearchAction","target":{"@type":"EntryPoint","urlTemplate":"https:\/\/www.centrumczystosci.com\/WP\/?s={search_term_string}"},"query-input":{"@type":"PropertyValueSpecification","valueRequired":true,"valueName":"search_term_string"}}],"inLanguage":"pl-PL"},{"@type":"Organization","@id":"https:\/\/www.centrumczystosci.com\/WP\/#organization","name":"Centrum Czysto\u015bci - Hurtownia chemii gospodarczej","url":"https:\/\/www.centrumczystosci.com\/WP\/","logo":{"@type":"ImageObject","inLanguage":"pl-PL","@id":"https:\/\/www.centrumczystosci.com\/WP\/#\/schema\/logo\/image\/","url":"https:\/\/www.centrumczystosci.com\/WP\/wp-content\/uploads\/2025\/02\/cropped-logo-CC-4000x4000-1.png","contentUrl":"https:\/\/www.centrumczystosci.com\/WP\/wp-content\/uploads\/2025\/02\/cropped-logo-CC-4000x4000-1.png","width":2983,"height":1602,"caption":"Centrum Czysto\u015bci - Hurtownia chemii gospodarczej"},"image":{"@id":"https:\/\/www.centrumczystosci.com\/WP\/#\/schema\/logo\/image\/"}}]}},"_links":{"self":[{"href":"https:\/\/www.centrumczystosci.com\/WP\/wp-json\/wp\/v2\/product\/5048","targetHints":{"allow":["GET"]}}],"collection":[{"href":"https:\/\/www.centrumczystosci.com\/WP\/wp-json\/wp\/v2\/product"}],"about":[{"href":"https:\/\/www.centrumczystosci.com\/WP\/wp-json\/wp\/v2\/types\/product"}],"replies":[{"embeddable":true,"href":"https:\/\/www.centrumczystosci.com\/WP\/wp-json\/wp\/v2\/comments?post=5048"}],"wp:featuredmedia":[{"embeddable":true,"href":"https:\/\/www.centrumczystosci.com\/WP\/wp-json\/wp\/v2\/media\/4780"}],"wp:attachment":[{"href":"https:\/\/www.centrumczystosci.com\/WP\/wp-json\/wp\/v2\/media?parent=5048"}],"wp:term":[{"taxonomy":"product_brand","embeddable":true,"href":"https:\/\/www.centrumczystosci.com\/WP\/wp-json\/wp\/v2\/product_brand?post=5048"},{"taxonomy":"product_cat","embeddable":true,"href":"https:\/\/www.centrumczystosci.com\/WP\/wp-json\/wp\/v2\/product_cat?post=5048"},{"taxonomy":"product_tag","embeddable":true,"href":"https:\/\/www.centrumczystosci.com\/WP\/wp-json\/wp\/v2\/product_tag?post=5048"}],"curies":[{"name":"wp","href":"https:\/\/api.w.org\/{rel}","templated":true}]}}