
{"id":5049,"date":"2026-01-29T13:00:35","date_gmt":"2026-01-29T11:00:35","guid":{"rendered":"https:\/\/www.centrumczystosci.com\/WP\/?post_type=product&#038;p=5049"},"modified":"2026-04-17T13:15:38","modified_gmt":"2026-04-17T11:15:38","slug":"domestos-zero-kamienia-pyn-do-wc-lime-750ml","status":"publish","type":"product","link":"https:\/\/www.centrumczystosci.com\/WP\/produkt\/domestos-zero-kamienia-pyn-do-wc-lime-750ml","title":{"rendered":"DOMESTOS Zero Kamienia P\u0142yn do WC LIME 750ml"},"content":{"rendered":"<p><!--- SELLASIST HTML START --><\/p>\n<div class=\"esp_column_description\">\n<section class=\"section\">\n<div class=\"item item-12\">\n<section class=\"text-item\">\n<h2>DOMESTOS Zero Kamienia P\u0142yn do WC LIME 750ml<\/h2>\n<\/section>\n<\/div>\n<\/section>\n<section class=\"section\">\n<div class=\"item item-6\">\n<section class=\"text-item\">DOMESTOS Zero Kamienia P\u0142yn do WC LIME 750ml to wysokiej jako\u015bci p\u0142yn do czyszczenia toalety, kt\u00f3ry skutecznie usuwa kamie\u0144 i osad w toalecie. Ten specjalnie opracowany p\u0142yn zosta\u0142 stworzony, aby zapewni\u0107 Ci czyst\u0105 i pachn\u0105c\u0105 toalet\u0119 bez \u017cadnego wysi\u0142ku.Formu\u0142a p\u0142ynu DOMESTOS Zero Kamienia P\u0142yn do WC LIME 750ml jest oparta na nowoczesnych technologiach i zawiera specjalne sk\u0142adniki, kt\u00f3re skutecznie penetruj\u0105 i usuwaj\u0105 trudne do usuni\u0119cia osady kamienia w toalecie. Dzi\u0119ki temu, Tw\u00f3j sedes b\u0119dzie zawsze czysty i higieniczny.Ponadto, p\u0142yn do WC DOMESTOS Zero Kamienia LIME 750ml ma przyjemny, \u015bwie\u017cy zapach lime, kt\u00f3ry przyjemnie od\u015bwie\u017ca \u0142azienk\u0119 po ka\u017cdym u\u017cyciu. Jego d\u0142ugotrwa\u0142y efekt zapewnia ci\u0105g\u0142\u0105 \u015bwie\u017co\u015b\u0107, czyni\u0105c Twoj\u0105 toalet\u0119 jeszcze bardziej przyjemn\u0105 i pachn\u0105c\u0105.<\/p>\n<p>Ten produkt DOMESTOS to gwarancja jako\u015bci i skuteczno\u015bci. Mo\u017cesz mie\u0107 pewno\u015b\u0107, \u017ce Twoja toaleta zostanie dok\u0142adnie wyczyszczona i pozbawiona kamienia, aby zapewni\u0107 higien\u0119 i komfort Twojej rodziny.<\/p>\n<p>Wypr\u00f3buj DOMESTOS Zero Kamienia P\u0142yn do WC LIME 750ml i przekonaj si\u0119, jak \u0142atwo mo\u017cna utrzyma\u0107 czyst\u0105 i \u015bwie\u017c\u0105 toalet\u0119. Dodaj ten p\u0142yn do swojego koszyka ju\u017c teraz i ciesz si\u0119 doskona\u0142ym efektem czyszczenia w Twojej \u0142azience!<\/p>\n<\/section>\n<\/div>\n<div class=\"item item-6\">\n<section class=\"image-item\"><img decoding=\"async\" src=\"https:\/\/imge.pl\/p\/317883\/n\/ed17fbc1e1b77150cd676b53b65a37e0.jpg\" \/><\/section>\n<\/div>\n<\/section>\n<section class=\"section\"><\/section>\n<\/div>\n","protected":false},"excerpt":{"rendered":"<p>DOMESTOS Zero Kamienia P\u0142yn do WC LIME 750ml DOMESTOS Zero Kamienia P\u0142yn do WC LIME 750ml to wysokiej jako\u015bci p\u0142yn do czyszczenia toalety, kt\u00f3ry skutecznie usuwa kamie\u0144 i osad w toalecie. Ten specjalnie opracowany p\u0142yn zosta\u0142 stworzony, aby zapewni\u0107 Ci czyst\u0105 i pachn\u0105c\u0105 toalet\u0119 bez \u017cadnego wysi\u0142ku.Formu\u0142a p\u0142ynu DOMESTOS Zero Kamienia P\u0142yn do WC LIME&#8230;<\/p>\n","protected":false},"featured_media":4781,"comment_status":"open","ping_status":"closed","template":"","meta":{"om_disable_all_campaigns":false,"_kadence_starter_templates_imported_post":false,"_kad_post_transparent":"default","_kad_post_title":"","_kad_post_layout":"default","_kad_post_sidebar_id":"","_kad_post_content_style":"default","_kad_post_vertical_padding":"default","_kad_post_feature":"","_kad_post_feature_position":"","_kad_post_header":false,"_kad_post_footer":false},"product_brand":[123],"product_cat":[95,97,15],"product_tag":[],"class_list":{"0":"post-5049","1":"product","2":"type-product","3":"status-publish","4":"has-post-thumbnail","6":"product_brand-domestos","7":"product_cat-srodki-czystosci","8":"product_cat-srodki-czystosci-do-lazienki","9":"product_cat-wszystkie-produkty","11":"first","12":"instock","13":"taxable","14":"shipping-taxable","15":"purchasable","16":"product-type-simple","17":"entry","18":"content-bg","19":"loop-entry"},"yoast_head":"<!-- This site is optimized with the Yoast SEO plugin v26.7 - https:\/\/yoast.com\/wordpress\/plugins\/seo\/ -->\n<title>DOMESTOS Zero Kamienia P\u0142yn do WC LIME 750ml - Centrum Czysto\u015bci - Hurtownia chemii gospodarczej<\/title>\n<meta name=\"description\" content=\"DOMESTOS Zero Kamienia P\u0142yn do WC LIME 750ml to wysokiej jako\u015bci p\u0142yn do czyszczenia toalety, kt\u00f3ry skutecznie usuwa kamie\u0144 i osad w toalecie.\" \/>\n<meta name=\"robots\" content=\"index, follow, max-snippet:-1, max-image-preview:large, max-video-preview:-1\" \/>\n<link rel=\"canonical\" href=\"https:\/\/www.centrumczystosci.com\/WP\/produkt\/domestos-zero-kamienia-pyn-do-wc-lime-750ml\" \/>\n<meta property=\"og:locale\" content=\"pl_PL\" \/>\n<meta property=\"og:type\" content=\"article\" \/>\n<meta property=\"og:title\" content=\"DOMESTOS Zero Kamienia P\u0142yn do WC LIME 750ml - Centrum Czysto\u015bci - Hurtownia chemii gospodarczej\" \/>\n<meta property=\"og:description\" content=\"DOMESTOS Zero Kamienia P\u0142yn do WC LIME 750ml to wysokiej jako\u015bci p\u0142yn do czyszczenia toalety, kt\u00f3ry skutecznie usuwa kamie\u0144 i osad w toalecie.\" \/>\n<meta property=\"og:url\" content=\"https:\/\/www.centrumczystosci.com\/WP\/produkt\/domestos-zero-kamienia-pyn-do-wc-lime-750ml\" \/>\n<meta property=\"og:site_name\" content=\"Centrum Czysto\u015bci - Hurtownia chemii gospodarczej\" \/>\n<meta property=\"article:modified_time\" content=\"2026-04-17T11:15:38+00:00\" \/>\n<meta property=\"og:image\" content=\"https:\/\/www.centrumczystosci.com\/WP\/wp-content\/uploads\/2025\/04\/ed17fbc1e1b77150cd676b53b65a37e0.jpg\" \/>\n\t<meta property=\"og:image:width\" content=\"500\" \/>\n\t<meta property=\"og:image:height\" content=\"500\" \/>\n\t<meta property=\"og:image:type\" content=\"image\/jpeg\" \/>\n<meta name=\"twitter:card\" content=\"summary_large_image\" \/>\n<meta name=\"twitter:label1\" content=\"Szacowany czas czytania\" \/>\n\t<meta name=\"twitter:data1\" content=\"2 minuty\" \/>\n<script type=\"application\/ld+json\" class=\"yoast-schema-graph\">{\"@context\":\"https:\/\/schema.org\",\"@graph\":[{\"@type\":\"WebPage\",\"@id\":\"https:\/\/www.centrumczystosci.com\/WP\/produkt\/domestos-zero-kamienia-pyn-do-wc-lime-750ml\",\"url\":\"https:\/\/www.centrumczystosci.com\/WP\/produkt\/domestos-zero-kamienia-pyn-do-wc-lime-750ml\",\"name\":\"DOMESTOS Zero Kamienia P\u0142yn do WC LIME 750ml - Centrum Czysto\u015bci - Hurtownia chemii gospodarczej\",\"isPartOf\":{\"@id\":\"https:\/\/www.centrumczystosci.com\/WP\/#website\"},\"primaryImageOfPage\":{\"@id\":\"https:\/\/www.centrumczystosci.com\/WP\/produkt\/domestos-zero-kamienia-pyn-do-wc-lime-750ml#primaryimage\"},\"image\":{\"@id\":\"https:\/\/www.centrumczystosci.com\/WP\/produkt\/domestos-zero-kamienia-pyn-do-wc-lime-750ml#primaryimage\"},\"thumbnailUrl\":\"https:\/\/www.centrumczystosci.com\/WP\/wp-content\/uploads\/2025\/04\/ed17fbc1e1b77150cd676b53b65a37e0.jpg\",\"datePublished\":\"2026-01-29T11:00:35+00:00\",\"dateModified\":\"2026-04-17T11:15:38+00:00\",\"description\":\"DOMESTOS Zero Kamienia P\u0142yn do WC LIME 750ml to wysokiej jako\u015bci p\u0142yn do czyszczenia toalety, kt\u00f3ry skutecznie usuwa kamie\u0144 i osad w toalecie.\",\"breadcrumb\":{\"@id\":\"https:\/\/www.centrumczystosci.com\/WP\/produkt\/domestos-zero-kamienia-pyn-do-wc-lime-750ml#breadcrumb\"},\"inLanguage\":\"pl-PL\",\"potentialAction\":[{\"@type\":\"ReadAction\",\"target\":[\"https:\/\/www.centrumczystosci.com\/WP\/produkt\/domestos-zero-kamienia-pyn-do-wc-lime-750ml\"]}]},{\"@type\":\"ImageObject\",\"inLanguage\":\"pl-PL\",\"@id\":\"https:\/\/www.centrumczystosci.com\/WP\/produkt\/domestos-zero-kamienia-pyn-do-wc-lime-750ml#primaryimage\",\"url\":\"https:\/\/www.centrumczystosci.com\/WP\/wp-content\/uploads\/2025\/04\/ed17fbc1e1b77150cd676b53b65a37e0.jpg\",\"contentUrl\":\"https:\/\/www.centrumczystosci.com\/WP\/wp-content\/uploads\/2025\/04\/ed17fbc1e1b77150cd676b53b65a37e0.jpg\",\"width\":500,\"height\":500},{\"@type\":\"BreadcrumbList\",\"@id\":\"https:\/\/www.centrumczystosci.com\/WP\/produkt\/domestos-zero-kamienia-pyn-do-wc-lime-750ml#breadcrumb\",\"itemListElement\":[{\"@type\":\"ListItem\",\"position\":1,\"name\":\"Strona g\u0142\u00f3wna\",\"item\":\"https:\/\/www.centrumczystosci.com\/WP\/\"},{\"@type\":\"ListItem\",\"position\":2,\"name\":\"Sklep\",\"item\":\"https:\/\/www.centrumczystosci.com\/WP\/shop\"},{\"@type\":\"ListItem\",\"position\":3,\"name\":\"DOMESTOS Zero Kamienia P\u0142yn do WC LIME 750ml\"}]},{\"@type\":\"WebSite\",\"@id\":\"https:\/\/www.centrumczystosci.com\/WP\/#website\",\"url\":\"https:\/\/www.centrumczystosci.com\/WP\/\",\"name\":\"Centrum Czysto\u015bci - Hurtownia chemii gospodarczej\",\"description\":\"\",\"publisher\":{\"@id\":\"https:\/\/www.centrumczystosci.com\/WP\/#organization\"},\"potentialAction\":[{\"@type\":\"SearchAction\",\"target\":{\"@type\":\"EntryPoint\",\"urlTemplate\":\"https:\/\/www.centrumczystosci.com\/WP\/?s={search_term_string}\"},\"query-input\":{\"@type\":\"PropertyValueSpecification\",\"valueRequired\":true,\"valueName\":\"search_term_string\"}}],\"inLanguage\":\"pl-PL\"},{\"@type\":\"Organization\",\"@id\":\"https:\/\/www.centrumczystosci.com\/WP\/#organization\",\"name\":\"Centrum Czysto\u015bci - Hurtownia chemii gospodarczej\",\"url\":\"https:\/\/www.centrumczystosci.com\/WP\/\",\"logo\":{\"@type\":\"ImageObject\",\"inLanguage\":\"pl-PL\",\"@id\":\"https:\/\/www.centrumczystosci.com\/WP\/#\/schema\/logo\/image\/\",\"url\":\"https:\/\/www.centrumczystosci.com\/WP\/wp-content\/uploads\/2025\/02\/cropped-logo-CC-4000x4000-1.png\",\"contentUrl\":\"https:\/\/www.centrumczystosci.com\/WP\/wp-content\/uploads\/2025\/02\/cropped-logo-CC-4000x4000-1.png\",\"width\":2983,\"height\":1602,\"caption\":\"Centrum Czysto\u015bci - Hurtownia chemii gospodarczej\"},\"image\":{\"@id\":\"https:\/\/www.centrumczystosci.com\/WP\/#\/schema\/logo\/image\/\"}}]}<\/script>\n<!-- \/ Yoast SEO plugin. -->","yoast_head_json":{"title":"DOMESTOS Zero Kamienia P\u0142yn do WC LIME 750ml - Centrum Czysto\u015bci - Hurtownia chemii gospodarczej","description":"DOMESTOS Zero Kamienia P\u0142yn do WC LIME 750ml to wysokiej jako\u015bci p\u0142yn do czyszczenia toalety, kt\u00f3ry skutecznie usuwa kamie\u0144 i osad w toalecie.","robots":{"index":"index","follow":"follow","max-snippet":"max-snippet:-1","max-image-preview":"max-image-preview:large","max-video-preview":"max-video-preview:-1"},"canonical":"https:\/\/www.centrumczystosci.com\/WP\/produkt\/domestos-zero-kamienia-pyn-do-wc-lime-750ml","og_locale":"pl_PL","og_type":"article","og_title":"DOMESTOS Zero Kamienia P\u0142yn do WC LIME 750ml - Centrum Czysto\u015bci - Hurtownia chemii gospodarczej","og_description":"DOMESTOS Zero Kamienia P\u0142yn do WC LIME 750ml to wysokiej jako\u015bci p\u0142yn do czyszczenia toalety, kt\u00f3ry skutecznie usuwa kamie\u0144 i osad w toalecie.","og_url":"https:\/\/www.centrumczystosci.com\/WP\/produkt\/domestos-zero-kamienia-pyn-do-wc-lime-750ml","og_site_name":"Centrum Czysto\u015bci - Hurtownia chemii gospodarczej","article_modified_time":"2026-04-17T11:15:38+00:00","og_image":[{"width":500,"height":500,"url":"https:\/\/www.centrumczystosci.com\/WP\/wp-content\/uploads\/2025\/04\/ed17fbc1e1b77150cd676b53b65a37e0.jpg","type":"image\/jpeg"}],"twitter_card":"summary_large_image","twitter_misc":{"Szacowany czas czytania":"2 minuty"},"schema":{"@context":"https:\/\/schema.org","@graph":[{"@type":"WebPage","@id":"https:\/\/www.centrumczystosci.com\/WP\/produkt\/domestos-zero-kamienia-pyn-do-wc-lime-750ml","url":"https:\/\/www.centrumczystosci.com\/WP\/produkt\/domestos-zero-kamienia-pyn-do-wc-lime-750ml","name":"DOMESTOS Zero Kamienia P\u0142yn do WC LIME 750ml - Centrum Czysto\u015bci - Hurtownia chemii gospodarczej","isPartOf":{"@id":"https:\/\/www.centrumczystosci.com\/WP\/#website"},"primaryImageOfPage":{"@id":"https:\/\/www.centrumczystosci.com\/WP\/produkt\/domestos-zero-kamienia-pyn-do-wc-lime-750ml#primaryimage"},"image":{"@id":"https:\/\/www.centrumczystosci.com\/WP\/produkt\/domestos-zero-kamienia-pyn-do-wc-lime-750ml#primaryimage"},"thumbnailUrl":"https:\/\/www.centrumczystosci.com\/WP\/wp-content\/uploads\/2025\/04\/ed17fbc1e1b77150cd676b53b65a37e0.jpg","datePublished":"2026-01-29T11:00:35+00:00","dateModified":"2026-04-17T11:15:38+00:00","description":"DOMESTOS Zero Kamienia P\u0142yn do WC LIME 750ml to wysokiej jako\u015bci p\u0142yn do czyszczenia toalety, kt\u00f3ry skutecznie usuwa kamie\u0144 i osad w toalecie.","breadcrumb":{"@id":"https:\/\/www.centrumczystosci.com\/WP\/produkt\/domestos-zero-kamienia-pyn-do-wc-lime-750ml#breadcrumb"},"inLanguage":"pl-PL","potentialAction":[{"@type":"ReadAction","target":["https:\/\/www.centrumczystosci.com\/WP\/produkt\/domestos-zero-kamienia-pyn-do-wc-lime-750ml"]}]},{"@type":"ImageObject","inLanguage":"pl-PL","@id":"https:\/\/www.centrumczystosci.com\/WP\/produkt\/domestos-zero-kamienia-pyn-do-wc-lime-750ml#primaryimage","url":"https:\/\/www.centrumczystosci.com\/WP\/wp-content\/uploads\/2025\/04\/ed17fbc1e1b77150cd676b53b65a37e0.jpg","contentUrl":"https:\/\/www.centrumczystosci.com\/WP\/wp-content\/uploads\/2025\/04\/ed17fbc1e1b77150cd676b53b65a37e0.jpg","width":500,"height":500},{"@type":"BreadcrumbList","@id":"https:\/\/www.centrumczystosci.com\/WP\/produkt\/domestos-zero-kamienia-pyn-do-wc-lime-750ml#breadcrumb","itemListElement":[{"@type":"ListItem","position":1,"name":"Strona g\u0142\u00f3wna","item":"https:\/\/www.centrumczystosci.com\/WP\/"},{"@type":"ListItem","position":2,"name":"Sklep","item":"https:\/\/www.centrumczystosci.com\/WP\/shop"},{"@type":"ListItem","position":3,"name":"DOMESTOS Zero Kamienia P\u0142yn do WC LIME 750ml"}]},{"@type":"WebSite","@id":"https:\/\/www.centrumczystosci.com\/WP\/#website","url":"https:\/\/www.centrumczystosci.com\/WP\/","name":"Centrum Czysto\u015bci - Hurtownia chemii gospodarczej","description":"","publisher":{"@id":"https:\/\/www.centrumczystosci.com\/WP\/#organization"},"potentialAction":[{"@type":"SearchAction","target":{"@type":"EntryPoint","urlTemplate":"https:\/\/www.centrumczystosci.com\/WP\/?s={search_term_string}"},"query-input":{"@type":"PropertyValueSpecification","valueRequired":true,"valueName":"search_term_string"}}],"inLanguage":"pl-PL"},{"@type":"Organization","@id":"https:\/\/www.centrumczystosci.com\/WP\/#organization","name":"Centrum Czysto\u015bci - Hurtownia chemii gospodarczej","url":"https:\/\/www.centrumczystosci.com\/WP\/","logo":{"@type":"ImageObject","inLanguage":"pl-PL","@id":"https:\/\/www.centrumczystosci.com\/WP\/#\/schema\/logo\/image\/","url":"https:\/\/www.centrumczystosci.com\/WP\/wp-content\/uploads\/2025\/02\/cropped-logo-CC-4000x4000-1.png","contentUrl":"https:\/\/www.centrumczystosci.com\/WP\/wp-content\/uploads\/2025\/02\/cropped-logo-CC-4000x4000-1.png","width":2983,"height":1602,"caption":"Centrum Czysto\u015bci - Hurtownia chemii gospodarczej"},"image":{"@id":"https:\/\/www.centrumczystosci.com\/WP\/#\/schema\/logo\/image\/"}}]}},"_links":{"self":[{"href":"https:\/\/www.centrumczystosci.com\/WP\/wp-json\/wp\/v2\/product\/5049","targetHints":{"allow":["GET"]}}],"collection":[{"href":"https:\/\/www.centrumczystosci.com\/WP\/wp-json\/wp\/v2\/product"}],"about":[{"href":"https:\/\/www.centrumczystosci.com\/WP\/wp-json\/wp\/v2\/types\/product"}],"replies":[{"embeddable":true,"href":"https:\/\/www.centrumczystosci.com\/WP\/wp-json\/wp\/v2\/comments?post=5049"}],"wp:featuredmedia":[{"embeddable":true,"href":"https:\/\/www.centrumczystosci.com\/WP\/wp-json\/wp\/v2\/media\/4781"}],"wp:attachment":[{"href":"https:\/\/www.centrumczystosci.com\/WP\/wp-json\/wp\/v2\/media?parent=5049"}],"wp:term":[{"taxonomy":"product_brand","embeddable":true,"href":"https:\/\/www.centrumczystosci.com\/WP\/wp-json\/wp\/v2\/product_brand?post=5049"},{"taxonomy":"product_cat","embeddable":true,"href":"https:\/\/www.centrumczystosci.com\/WP\/wp-json\/wp\/v2\/product_cat?post=5049"},{"taxonomy":"product_tag","embeddable":true,"href":"https:\/\/www.centrumczystosci.com\/WP\/wp-json\/wp\/v2\/product_tag?post=5049"}],"curies":[{"name":"wp","href":"https:\/\/api.w.org\/{rel}","templated":true}]}}