
{"id":5055,"date":"2026-01-30T11:00:39","date_gmt":"2026-01-30T09:00:39","guid":{"rendered":"https:\/\/www.centrumczystosci.com\/WP\/?post_type=product&#038;p=5055"},"modified":"2026-04-19T01:34:37","modified_gmt":"2026-04-18T23:34:37","slug":"swiffer-duster-mioteka-do-kurzu-rczka-3-wkady-de","status":"publish","type":"product","link":"https:\/\/www.centrumczystosci.com\/WP\/produkt\/swiffer-duster-mioteka-do-kurzu-rczka-3-wkady-de","title":{"rendered":"Swiffer Duster Miote\u0142ka do kurzu r\u0105czka + 3 wk\u0142ady DE"},"content":{"rendered":"<p><!--- SELLASIST HTML START --><\/p>\n<div class=\"esp_column_description\">\n<section class=\"section\">\n<div class=\"item item-12\">\n<section class=\"text-item\">\n<h2>Swiffer Duster Miote\u0142ka do kurzu r\u0105czka + 3 wk\u0142ady DE<\/h2>\n<p>Swiffer Duster Miote\u0142ka do kurzu to innowacyjne narz\u0119dzie, kt\u00f3re skutecznie zbiera kurz i zanieczyszczenia z r\u00f3\u017cnych powierzchni w Twoim domu. Wyposa\u017cona w wygodn\u0105 r\u0105czk\u0119, miote\u0142ka pozwala na \u0142atwe i wygodne sprz\u0105tanie w trudno dost\u0119pnych miejscach. W opakowaniu znajduj\u0105 si\u0119 trzy wymienne wk\u0142ady, kt\u00f3re s\u0105 zaprojektowane tak, aby przyci\u0105ga\u0107 brud i kurz jak magnes, dzi\u0119ki specjalnej technologii w\u0142\u00f3kien. Miote\u0142ka jest idealna do u\u017cywania na meblach, p\u00f3\u0142kach oraz elektonice. Swiffer Duster Miote\u0142ka do kurzu r\u0105czka + 3 wk\u0142ady to przyjazne dla u\u017cytkownika rozwi\u0105zanie, kt\u00f3re po prostu dzia\u0142a. Nie musisz ju\u017c martwi\u0107 si\u0119 o py\u0142ki czy drobne cz\u0105steczki \u2013 produkt ten gwarantuje efektywne czyszczenie przy minimalnym wysi\u0142ku. R\u0105czka jest lekka, co sprawia, \u017ce sprz\u0105tanie staje si\u0119 bardziej komfortowe i mniej m\u0119cz\u0105ce. Zastosowane materia\u0142y s\u0105 trwa\u0142e i dostosowane do codziennego u\u017cytku, co zapewnia d\u0142ugotrwa\u0142e u\u017cytkowanie. Idealny wyb\u00f3r dla os\u00f3b ceni\u0105cych sobie czysto\u015b\u0107 oraz wygod\u0119.<\/p>\n<\/section>\n<\/div>\n<\/section>\n<section class=\"section\">\n<div class=\"item item-6\">\n<section class=\"image-item\"><img decoding=\"async\" src=\"undefined\" \/><\/section>\n<\/div>\n<div class=\"item item-6\">\n<section class=\"image-item\"><img decoding=\"async\" src=\"https:\/\/imge.pl\/p\/317883\/n\/7bf0bf0f7d4e54b0f750dba1b6e66649.jpg\" \/><\/section>\n<\/div>\n<\/section>\n<\/div>\n","protected":false},"excerpt":{"rendered":"<p>Swiffer Duster Miote\u0142ka do kurzu r\u0105czka + 3 wk\u0142ady DE Swiffer Duster Miote\u0142ka do kurzu to innowacyjne narz\u0119dzie, kt\u00f3re skutecznie zbiera kurz i zanieczyszczenia z r\u00f3\u017cnych powierzchni w Twoim domu. Wyposa\u017cona w wygodn\u0105 r\u0105czk\u0119, miote\u0142ka pozwala na \u0142atwe i wygodne sprz\u0105tanie w trudno dost\u0119pnych miejscach. W opakowaniu znajduj\u0105 si\u0119 trzy wymienne wk\u0142ady, kt\u00f3re s\u0105 zaprojektowane&#8230;<\/p>\n","protected":false},"featured_media":5117,"comment_status":"open","ping_status":"closed","template":"","meta":{"om_disable_all_campaigns":false,"_kadence_starter_templates_imported_post":false,"_kad_post_transparent":"default","_kad_post_title":"","_kad_post_layout":"default","_kad_post_sidebar_id":"","_kad_post_content_style":"default","_kad_post_vertical_padding":"default","_kad_post_feature":"","_kad_post_feature_position":"","_kad_post_header":false,"_kad_post_footer":false},"product_brand":[120],"product_cat":[15,79,43],"product_tag":[],"class_list":{"0":"post-5055","1":"product","2":"type-product","3":"status-publish","4":"has-post-thumbnail","6":"product_brand-swiffer","7":"product_cat-wszystkie-produkty","8":"product_cat-akcesoria-do-sprzatania","9":"product_cat-miotelki-do-kurzu","11":"first","12":"instock","13":"taxable","14":"shipping-taxable","15":"purchasable","16":"product-type-simple","17":"entry","18":"content-bg","19":"loop-entry"},"yoast_head":"<!-- This site is optimized with the Yoast SEO plugin v26.7 - https:\/\/yoast.com\/wordpress\/plugins\/seo\/ -->\n<title>Swiffer Duster Miote\u0142ka do kurzu r\u0105czka + 3 wk\u0142ady DE - Centrum Czysto\u015bci - Hurtownia chemii gospodarczej<\/title>\n<meta name=\"description\" content=\"Swiffer Duster Miote\u0142ka do kurzu to innowacyjne narz\u0119dzie, kt\u00f3re skutecznie zbiera kurz i zanieczyszczenia z r\u00f3\u017cnych powierzchni w Twoim domu.\" \/>\n<meta name=\"robots\" content=\"index, follow, max-snippet:-1, max-image-preview:large, max-video-preview:-1\" \/>\n<link rel=\"canonical\" href=\"https:\/\/www.centrumczystosci.com\/WP\/produkt\/swiffer-duster-mioteka-do-kurzu-rczka-3-wkady-de\" \/>\n<meta property=\"og:locale\" content=\"pl_PL\" \/>\n<meta property=\"og:type\" content=\"article\" \/>\n<meta property=\"og:title\" content=\"Swiffer Duster Miote\u0142ka do kurzu r\u0105czka + 3 wk\u0142ady DE - Centrum Czysto\u015bci - Hurtownia chemii gospodarczej\" \/>\n<meta property=\"og:description\" content=\"Swiffer Duster Miote\u0142ka do kurzu to innowacyjne narz\u0119dzie, kt\u00f3re skutecznie zbiera kurz i zanieczyszczenia z r\u00f3\u017cnych powierzchni w Twoim domu.\" \/>\n<meta property=\"og:url\" content=\"https:\/\/www.centrumczystosci.com\/WP\/produkt\/swiffer-duster-mioteka-do-kurzu-rczka-3-wkady-de\" \/>\n<meta property=\"og:site_name\" content=\"Centrum Czysto\u015bci - Hurtownia chemii gospodarczej\" \/>\n<meta property=\"article:modified_time\" content=\"2026-04-18T23:34:37+00:00\" \/>\n<meta property=\"og:image\" content=\"https:\/\/www.centrumczystosci.com\/WP\/wp-content\/uploads\/2025\/04\/Swiffer-Duster-Miotelka-do-kurzu-raczka-3-wklady-DE.jpeg\" \/>\n\t<meta property=\"og:image:width\" content=\"720\" \/>\n\t<meta property=\"og:image:height\" content=\"640\" \/>\n\t<meta property=\"og:image:type\" content=\"image\/jpeg\" \/>\n<meta name=\"twitter:card\" content=\"summary_large_image\" \/>\n<meta name=\"twitter:label1\" content=\"Szacowany czas czytania\" \/>\n\t<meta name=\"twitter:data1\" content=\"2 minuty\" \/>\n<script type=\"application\/ld+json\" class=\"yoast-schema-graph\">{\"@context\":\"https:\/\/schema.org\",\"@graph\":[{\"@type\":\"WebPage\",\"@id\":\"https:\/\/www.centrumczystosci.com\/WP\/produkt\/swiffer-duster-mioteka-do-kurzu-rczka-3-wkady-de\",\"url\":\"https:\/\/www.centrumczystosci.com\/WP\/produkt\/swiffer-duster-mioteka-do-kurzu-rczka-3-wkady-de\",\"name\":\"Swiffer Duster Miote\u0142ka do kurzu r\u0105czka + 3 wk\u0142ady DE - Centrum Czysto\u015bci - Hurtownia chemii gospodarczej\",\"isPartOf\":{\"@id\":\"https:\/\/www.centrumczystosci.com\/WP\/#website\"},\"primaryImageOfPage\":{\"@id\":\"https:\/\/www.centrumczystosci.com\/WP\/produkt\/swiffer-duster-mioteka-do-kurzu-rczka-3-wkady-de#primaryimage\"},\"image\":{\"@id\":\"https:\/\/www.centrumczystosci.com\/WP\/produkt\/swiffer-duster-mioteka-do-kurzu-rczka-3-wkady-de#primaryimage\"},\"thumbnailUrl\":\"https:\/\/www.centrumczystosci.com\/WP\/wp-content\/uploads\/2025\/04\/Swiffer-Duster-Miotelka-do-kurzu-raczka-3-wklady-DE.jpeg\",\"datePublished\":\"2026-01-30T09:00:39+00:00\",\"dateModified\":\"2026-04-18T23:34:37+00:00\",\"description\":\"Swiffer Duster Miote\u0142ka do kurzu to innowacyjne narz\u0119dzie, kt\u00f3re skutecznie zbiera kurz i zanieczyszczenia z r\u00f3\u017cnych powierzchni w Twoim domu.\",\"breadcrumb\":{\"@id\":\"https:\/\/www.centrumczystosci.com\/WP\/produkt\/swiffer-duster-mioteka-do-kurzu-rczka-3-wkady-de#breadcrumb\"},\"inLanguage\":\"pl-PL\",\"potentialAction\":[{\"@type\":\"ReadAction\",\"target\":[\"https:\/\/www.centrumczystosci.com\/WP\/produkt\/swiffer-duster-mioteka-do-kurzu-rczka-3-wkady-de\"]}]},{\"@type\":\"ImageObject\",\"inLanguage\":\"pl-PL\",\"@id\":\"https:\/\/www.centrumczystosci.com\/WP\/produkt\/swiffer-duster-mioteka-do-kurzu-rczka-3-wkady-de#primaryimage\",\"url\":\"https:\/\/www.centrumczystosci.com\/WP\/wp-content\/uploads\/2025\/04\/Swiffer-Duster-Miotelka-do-kurzu-raczka-3-wklady-DE.jpeg\",\"contentUrl\":\"https:\/\/www.centrumczystosci.com\/WP\/wp-content\/uploads\/2025\/04\/Swiffer-Duster-Miotelka-do-kurzu-raczka-3-wklady-DE.jpeg\",\"width\":720,\"height\":640,\"caption\":\"4fbb3eb7158cc1445cb0907c34e7a223d443c534148bd14888ba15cf91d41dd5a971250b31e62e68ba267e8f39b802542dcaf281825209c222344dc765f8887e91b9e509892a5f2a1cd5fa45581370dd\"},{\"@type\":\"BreadcrumbList\",\"@id\":\"https:\/\/www.centrumczystosci.com\/WP\/produkt\/swiffer-duster-mioteka-do-kurzu-rczka-3-wkady-de#breadcrumb\",\"itemListElement\":[{\"@type\":\"ListItem\",\"position\":1,\"name\":\"Strona g\u0142\u00f3wna\",\"item\":\"https:\/\/www.centrumczystosci.com\/WP\/\"},{\"@type\":\"ListItem\",\"position\":2,\"name\":\"Sklep\",\"item\":\"https:\/\/www.centrumczystosci.com\/WP\/shop\"},{\"@type\":\"ListItem\",\"position\":3,\"name\":\"Swiffer Duster Miote\u0142ka do kurzu r\u0105czka + 3 wk\u0142ady DE\"}]},{\"@type\":\"WebSite\",\"@id\":\"https:\/\/www.centrumczystosci.com\/WP\/#website\",\"url\":\"https:\/\/www.centrumczystosci.com\/WP\/\",\"name\":\"Centrum Czysto\u015bci - Hurtownia chemii gospodarczej\",\"description\":\"\",\"publisher\":{\"@id\":\"https:\/\/www.centrumczystosci.com\/WP\/#organization\"},\"potentialAction\":[{\"@type\":\"SearchAction\",\"target\":{\"@type\":\"EntryPoint\",\"urlTemplate\":\"https:\/\/www.centrumczystosci.com\/WP\/?s={search_term_string}\"},\"query-input\":{\"@type\":\"PropertyValueSpecification\",\"valueRequired\":true,\"valueName\":\"search_term_string\"}}],\"inLanguage\":\"pl-PL\"},{\"@type\":\"Organization\",\"@id\":\"https:\/\/www.centrumczystosci.com\/WP\/#organization\",\"name\":\"Centrum Czysto\u015bci - Hurtownia chemii gospodarczej\",\"url\":\"https:\/\/www.centrumczystosci.com\/WP\/\",\"logo\":{\"@type\":\"ImageObject\",\"inLanguage\":\"pl-PL\",\"@id\":\"https:\/\/www.centrumczystosci.com\/WP\/#\/schema\/logo\/image\/\",\"url\":\"https:\/\/www.centrumczystosci.com\/WP\/wp-content\/uploads\/2025\/02\/cropped-logo-CC-4000x4000-1.png\",\"contentUrl\":\"https:\/\/www.centrumczystosci.com\/WP\/wp-content\/uploads\/2025\/02\/cropped-logo-CC-4000x4000-1.png\",\"width\":2983,\"height\":1602,\"caption\":\"Centrum Czysto\u015bci - Hurtownia chemii gospodarczej\"},\"image\":{\"@id\":\"https:\/\/www.centrumczystosci.com\/WP\/#\/schema\/logo\/image\/\"}}]}<\/script>\n<!-- \/ Yoast SEO plugin. -->","yoast_head_json":{"title":"Swiffer Duster Miote\u0142ka do kurzu r\u0105czka + 3 wk\u0142ady DE - Centrum Czysto\u015bci - Hurtownia chemii gospodarczej","description":"Swiffer Duster Miote\u0142ka do kurzu to innowacyjne narz\u0119dzie, kt\u00f3re skutecznie zbiera kurz i zanieczyszczenia z r\u00f3\u017cnych powierzchni w Twoim domu.","robots":{"index":"index","follow":"follow","max-snippet":"max-snippet:-1","max-image-preview":"max-image-preview:large","max-video-preview":"max-video-preview:-1"},"canonical":"https:\/\/www.centrumczystosci.com\/WP\/produkt\/swiffer-duster-mioteka-do-kurzu-rczka-3-wkady-de","og_locale":"pl_PL","og_type":"article","og_title":"Swiffer Duster Miote\u0142ka do kurzu r\u0105czka + 3 wk\u0142ady DE - Centrum Czysto\u015bci - Hurtownia chemii gospodarczej","og_description":"Swiffer Duster Miote\u0142ka do kurzu to innowacyjne narz\u0119dzie, kt\u00f3re skutecznie zbiera kurz i zanieczyszczenia z r\u00f3\u017cnych powierzchni w Twoim domu.","og_url":"https:\/\/www.centrumczystosci.com\/WP\/produkt\/swiffer-duster-mioteka-do-kurzu-rczka-3-wkady-de","og_site_name":"Centrum Czysto\u015bci - Hurtownia chemii gospodarczej","article_modified_time":"2026-04-18T23:34:37+00:00","og_image":[{"width":720,"height":640,"url":"https:\/\/www.centrumczystosci.com\/WP\/wp-content\/uploads\/2025\/04\/Swiffer-Duster-Miotelka-do-kurzu-raczka-3-wklady-DE.jpeg","type":"image\/jpeg"}],"twitter_card":"summary_large_image","twitter_misc":{"Szacowany czas czytania":"2 minuty"},"schema":{"@context":"https:\/\/schema.org","@graph":[{"@type":"WebPage","@id":"https:\/\/www.centrumczystosci.com\/WP\/produkt\/swiffer-duster-mioteka-do-kurzu-rczka-3-wkady-de","url":"https:\/\/www.centrumczystosci.com\/WP\/produkt\/swiffer-duster-mioteka-do-kurzu-rczka-3-wkady-de","name":"Swiffer Duster Miote\u0142ka do kurzu r\u0105czka + 3 wk\u0142ady DE - Centrum Czysto\u015bci - Hurtownia chemii gospodarczej","isPartOf":{"@id":"https:\/\/www.centrumczystosci.com\/WP\/#website"},"primaryImageOfPage":{"@id":"https:\/\/www.centrumczystosci.com\/WP\/produkt\/swiffer-duster-mioteka-do-kurzu-rczka-3-wkady-de#primaryimage"},"image":{"@id":"https:\/\/www.centrumczystosci.com\/WP\/produkt\/swiffer-duster-mioteka-do-kurzu-rczka-3-wkady-de#primaryimage"},"thumbnailUrl":"https:\/\/www.centrumczystosci.com\/WP\/wp-content\/uploads\/2025\/04\/Swiffer-Duster-Miotelka-do-kurzu-raczka-3-wklady-DE.jpeg","datePublished":"2026-01-30T09:00:39+00:00","dateModified":"2026-04-18T23:34:37+00:00","description":"Swiffer Duster Miote\u0142ka do kurzu to innowacyjne narz\u0119dzie, kt\u00f3re skutecznie zbiera kurz i zanieczyszczenia z r\u00f3\u017cnych powierzchni w Twoim domu.","breadcrumb":{"@id":"https:\/\/www.centrumczystosci.com\/WP\/produkt\/swiffer-duster-mioteka-do-kurzu-rczka-3-wkady-de#breadcrumb"},"inLanguage":"pl-PL","potentialAction":[{"@type":"ReadAction","target":["https:\/\/www.centrumczystosci.com\/WP\/produkt\/swiffer-duster-mioteka-do-kurzu-rczka-3-wkady-de"]}]},{"@type":"ImageObject","inLanguage":"pl-PL","@id":"https:\/\/www.centrumczystosci.com\/WP\/produkt\/swiffer-duster-mioteka-do-kurzu-rczka-3-wkady-de#primaryimage","url":"https:\/\/www.centrumczystosci.com\/WP\/wp-content\/uploads\/2025\/04\/Swiffer-Duster-Miotelka-do-kurzu-raczka-3-wklady-DE.jpeg","contentUrl":"https:\/\/www.centrumczystosci.com\/WP\/wp-content\/uploads\/2025\/04\/Swiffer-Duster-Miotelka-do-kurzu-raczka-3-wklady-DE.jpeg","width":720,"height":640,"caption":"4fbb3eb7158cc1445cb0907c34e7a223d443c534148bd14888ba15cf91d41dd5a971250b31e62e68ba267e8f39b802542dcaf281825209c222344dc765f8887e91b9e509892a5f2a1cd5fa45581370dd"},{"@type":"BreadcrumbList","@id":"https:\/\/www.centrumczystosci.com\/WP\/produkt\/swiffer-duster-mioteka-do-kurzu-rczka-3-wkady-de#breadcrumb","itemListElement":[{"@type":"ListItem","position":1,"name":"Strona g\u0142\u00f3wna","item":"https:\/\/www.centrumczystosci.com\/WP\/"},{"@type":"ListItem","position":2,"name":"Sklep","item":"https:\/\/www.centrumczystosci.com\/WP\/shop"},{"@type":"ListItem","position":3,"name":"Swiffer Duster Miote\u0142ka do kurzu r\u0105czka + 3 wk\u0142ady DE"}]},{"@type":"WebSite","@id":"https:\/\/www.centrumczystosci.com\/WP\/#website","url":"https:\/\/www.centrumczystosci.com\/WP\/","name":"Centrum Czysto\u015bci - Hurtownia chemii gospodarczej","description":"","publisher":{"@id":"https:\/\/www.centrumczystosci.com\/WP\/#organization"},"potentialAction":[{"@type":"SearchAction","target":{"@type":"EntryPoint","urlTemplate":"https:\/\/www.centrumczystosci.com\/WP\/?s={search_term_string}"},"query-input":{"@type":"PropertyValueSpecification","valueRequired":true,"valueName":"search_term_string"}}],"inLanguage":"pl-PL"},{"@type":"Organization","@id":"https:\/\/www.centrumczystosci.com\/WP\/#organization","name":"Centrum Czysto\u015bci - Hurtownia chemii gospodarczej","url":"https:\/\/www.centrumczystosci.com\/WP\/","logo":{"@type":"ImageObject","inLanguage":"pl-PL","@id":"https:\/\/www.centrumczystosci.com\/WP\/#\/schema\/logo\/image\/","url":"https:\/\/www.centrumczystosci.com\/WP\/wp-content\/uploads\/2025\/02\/cropped-logo-CC-4000x4000-1.png","contentUrl":"https:\/\/www.centrumczystosci.com\/WP\/wp-content\/uploads\/2025\/02\/cropped-logo-CC-4000x4000-1.png","width":2983,"height":1602,"caption":"Centrum Czysto\u015bci - Hurtownia chemii gospodarczej"},"image":{"@id":"https:\/\/www.centrumczystosci.com\/WP\/#\/schema\/logo\/image\/"}}]}},"_links":{"self":[{"href":"https:\/\/www.centrumczystosci.com\/WP\/wp-json\/wp\/v2\/product\/5055","targetHints":{"allow":["GET"]}}],"collection":[{"href":"https:\/\/www.centrumczystosci.com\/WP\/wp-json\/wp\/v2\/product"}],"about":[{"href":"https:\/\/www.centrumczystosci.com\/WP\/wp-json\/wp\/v2\/types\/product"}],"replies":[{"embeddable":true,"href":"https:\/\/www.centrumczystosci.com\/WP\/wp-json\/wp\/v2\/comments?post=5055"}],"wp:featuredmedia":[{"embeddable":true,"href":"https:\/\/www.centrumczystosci.com\/WP\/wp-json\/wp\/v2\/media\/5117"}],"wp:attachment":[{"href":"https:\/\/www.centrumczystosci.com\/WP\/wp-json\/wp\/v2\/media?parent=5055"}],"wp:term":[{"taxonomy":"product_brand","embeddable":true,"href":"https:\/\/www.centrumczystosci.com\/WP\/wp-json\/wp\/v2\/product_brand?post=5055"},{"taxonomy":"product_cat","embeddable":true,"href":"https:\/\/www.centrumczystosci.com\/WP\/wp-json\/wp\/v2\/product_cat?post=5055"},{"taxonomy":"product_tag","embeddable":true,"href":"https:\/\/www.centrumczystosci.com\/WP\/wp-json\/wp\/v2\/product_tag?post=5055"}],"curies":[{"name":"wp","href":"https:\/\/api.w.org\/{rel}","templated":true}]}}