
{"id":5063,"date":"2026-01-29T10:43:22","date_gmt":"2026-01-29T08:43:22","guid":{"rendered":"https:\/\/www.centrumczystosci.com\/WP\/?post_type=product&#038;p=5063"},"modified":"2026-04-15T11:35:46","modified_gmt":"2026-04-15T09:35:46","slug":"tytan-spray-pyn-do-mycia-wc-antybakteryjny-dziaa-do-gry-nogami-500g","status":"publish","type":"product","link":"https:\/\/www.centrumczystosci.com\/WP\/produkt\/tytan-spray-pyn-do-mycia-wc-antybakteryjny-dziaa-do-gry-nogami-500g","title":{"rendered":"Tytan Spray P\u0142yn do mycia WC Antybakteryjny dzia\u0142a do g\u00f3ry nogami 500g"},"content":{"rendered":"<p><!--- SELLASIST HTML START --><\/p>\n<div class=\"esp_column_description\">\n<section class=\"section\">\n<div class=\"item item-12\">\n<section class=\"text-item\">\n<h2>Tytan Spray P\u0142yn do mycia WC Antybakteryjny dzia\u0142a do g\u00f3ry nogami 500g<\/h2>\n<\/section>\n<\/div>\n<\/section>\n<section class=\"section\">\n<div class=\"item item-6\">\n<section class=\"text-item\">Tytan Spray P\u0142yn do mycia WC Antybakteryjny o pojemno\u015bci 500g to innowacyjny \u015brodek czyszcz\u0105cy, kt\u00f3ry skutecznie radzi sobie z uporczywymi zanieczyszczeniami w \u0142azience. Jego unikalna formu\u0142a dzia\u0142a efektywnie nawet w odwr\u00f3conej pozycji, co u\u0142atwia dotarcie do trudno dost\u0119pnych miejsc. Dzi\u0119ki w\u0142a\u015bciwo\u015bciom antybakteryjnym, p\u0142yn nie tylko zapewnia czysto\u015b\u0107, ale r\u00f3wnie\u017c eliminuje bakterie, pozostawiaj\u0105c toalet\u0119 \u015bwie\u017c\u0105 i hygienicznie czyst\u0105. Produkt jest \u0142atwy w u\u017cyciu, wystarczy spryska\u0107 powierzchni\u0119 i sp\u0142uka\u0107 wod\u0105. Tytan Spray to doskona\u0142y wyb\u00f3r dla os\u00f3b ceni\u0105cych sobie skuteczno\u015b\u0107 i wygod\u0119 w codziennym sprz\u0105taniu.<\/section>\n<\/div>\n<\/section>\n<\/div>\n","protected":false},"excerpt":{"rendered":"<p>Tytan Spray P\u0142yn do mycia WC Antybakteryjny dzia\u0142a do g\u00f3ry nogami 500g Tytan Spray P\u0142yn do mycia WC Antybakteryjny o pojemno\u015bci 500g to innowacyjny \u015brodek czyszcz\u0105cy, kt\u00f3ry skutecznie radzi sobie z uporczywymi zanieczyszczeniami w \u0142azience. Jego unikalna formu\u0142a dzia\u0142a efektywnie nawet w odwr\u00f3conej pozycji, co u\u0142atwia dotarcie do trudno dost\u0119pnych miejsc. Dzi\u0119ki w\u0142a\u015bciwo\u015bciom antybakteryjnym, p\u0142yn&#8230;<\/p>\n","protected":false},"featured_media":4814,"comment_status":"open","ping_status":"closed","template":"","meta":{"om_disable_all_campaigns":false,"_kadence_starter_templates_imported_post":false,"_kad_post_transparent":"default","_kad_post_title":"","_kad_post_layout":"default","_kad_post_sidebar_id":"","_kad_post_content_style":"default","_kad_post_vertical_padding":"default","_kad_post_feature":"","_kad_post_feature_position":"","_kad_post_header":false,"_kad_post_footer":false},"product_brand":[134],"product_cat":[95,97,15],"product_tag":[],"class_list":{"0":"post-5063","1":"product","2":"type-product","3":"status-publish","4":"has-post-thumbnail","6":"product_brand-tytan","7":"product_cat-srodki-czystosci","8":"product_cat-srodki-czystosci-do-lazienki","9":"product_cat-wszystkie-produkty","11":"first","12":"instock","13":"taxable","14":"shipping-taxable","15":"purchasable","16":"product-type-simple","17":"entry","18":"content-bg","19":"loop-entry"},"yoast_head":"<!-- This site is optimized with the Yoast SEO plugin v26.7 - https:\/\/yoast.com\/wordpress\/plugins\/seo\/ -->\n<title>Tytan Spray P\u0142yn do mycia WC Antybakteryjny dzia\u0142a do g\u00f3ry nogami 500g - Centrum Czysto\u015bci - Hurtownia chemii gospodarczej<\/title>\n<meta name=\"robots\" content=\"index, follow, max-snippet:-1, max-image-preview:large, max-video-preview:-1\" \/>\n<link rel=\"canonical\" href=\"https:\/\/www.centrumczystosci.com\/WP\/produkt\/tytan-spray-pyn-do-mycia-wc-antybakteryjny-dziaa-do-gry-nogami-500g\" \/>\n<meta property=\"og:locale\" content=\"pl_PL\" \/>\n<meta property=\"og:type\" content=\"article\" \/>\n<meta property=\"og:title\" content=\"Tytan Spray P\u0142yn do mycia WC Antybakteryjny dzia\u0142a do g\u00f3ry nogami 500g - Centrum Czysto\u015bci - Hurtownia chemii gospodarczej\" \/>\n<meta property=\"og:description\" content=\"Tytan Spray P\u0142yn do mycia WC Antybakteryjny dzia\u0142a do g\u00f3ry nogami 500g Tytan Spray P\u0142yn do mycia WC Antybakteryjny o pojemno\u015bci 500g to innowacyjny \u015brodek czyszcz\u0105cy, kt\u00f3ry skutecznie radzi sobie z uporczywymi zanieczyszczeniami w \u0142azience. Jego unikalna formu\u0142a dzia\u0142a efektywnie nawet w odwr\u00f3conej pozycji, co u\u0142atwia dotarcie do trudno dost\u0119pnych miejsc. Dzi\u0119ki w\u0142a\u015bciwo\u015bciom antybakteryjnym, p\u0142yn...\" \/>\n<meta property=\"og:url\" content=\"https:\/\/www.centrumczystosci.com\/WP\/produkt\/tytan-spray-pyn-do-mycia-wc-antybakteryjny-dziaa-do-gry-nogami-500g\" \/>\n<meta property=\"og:site_name\" content=\"Centrum Czysto\u015bci - Hurtownia chemii gospodarczej\" \/>\n<meta property=\"article:modified_time\" content=\"2026-04-15T09:35:46+00:00\" \/>\n<meta property=\"og:image\" content=\"https:\/\/www.centrumczystosci.com\/WP\/wp-content\/uploads\/2025\/04\/2782251706fd54e4a3e709f8d7271dc6.jpg\" \/>\n\t<meta property=\"og:image:width\" content=\"800\" \/>\n\t<meta property=\"og:image:height\" content=\"799\" \/>\n\t<meta property=\"og:image:type\" content=\"image\/jpeg\" \/>\n<meta name=\"twitter:card\" content=\"summary_large_image\" \/>\n<meta name=\"twitter:label1\" content=\"Szacowany czas czytania\" \/>\n\t<meta name=\"twitter:data1\" content=\"1 minuta\" \/>\n<script type=\"application\/ld+json\" class=\"yoast-schema-graph\">{\"@context\":\"https:\/\/schema.org\",\"@graph\":[{\"@type\":\"WebPage\",\"@id\":\"https:\/\/www.centrumczystosci.com\/WP\/produkt\/tytan-spray-pyn-do-mycia-wc-antybakteryjny-dziaa-do-gry-nogami-500g\",\"url\":\"https:\/\/www.centrumczystosci.com\/WP\/produkt\/tytan-spray-pyn-do-mycia-wc-antybakteryjny-dziaa-do-gry-nogami-500g\",\"name\":\"Tytan Spray P\u0142yn do mycia WC Antybakteryjny dzia\u0142a do g\u00f3ry nogami 500g - Centrum Czysto\u015bci - Hurtownia chemii gospodarczej\",\"isPartOf\":{\"@id\":\"https:\/\/www.centrumczystosci.com\/WP\/#website\"},\"primaryImageOfPage\":{\"@id\":\"https:\/\/www.centrumczystosci.com\/WP\/produkt\/tytan-spray-pyn-do-mycia-wc-antybakteryjny-dziaa-do-gry-nogami-500g#primaryimage\"},\"image\":{\"@id\":\"https:\/\/www.centrumczystosci.com\/WP\/produkt\/tytan-spray-pyn-do-mycia-wc-antybakteryjny-dziaa-do-gry-nogami-500g#primaryimage\"},\"thumbnailUrl\":\"https:\/\/www.centrumczystosci.com\/WP\/wp-content\/uploads\/2025\/04\/2782251706fd54e4a3e709f8d7271dc6.jpg\",\"datePublished\":\"2026-01-29T08:43:22+00:00\",\"dateModified\":\"2026-04-15T09:35:46+00:00\",\"breadcrumb\":{\"@id\":\"https:\/\/www.centrumczystosci.com\/WP\/produkt\/tytan-spray-pyn-do-mycia-wc-antybakteryjny-dziaa-do-gry-nogami-500g#breadcrumb\"},\"inLanguage\":\"pl-PL\",\"potentialAction\":[{\"@type\":\"ReadAction\",\"target\":[\"https:\/\/www.centrumczystosci.com\/WP\/produkt\/tytan-spray-pyn-do-mycia-wc-antybakteryjny-dziaa-do-gry-nogami-500g\"]}]},{\"@type\":\"ImageObject\",\"inLanguage\":\"pl-PL\",\"@id\":\"https:\/\/www.centrumczystosci.com\/WP\/produkt\/tytan-spray-pyn-do-mycia-wc-antybakteryjny-dziaa-do-gry-nogami-500g#primaryimage\",\"url\":\"https:\/\/www.centrumczystosci.com\/WP\/wp-content\/uploads\/2025\/04\/2782251706fd54e4a3e709f8d7271dc6.jpg\",\"contentUrl\":\"https:\/\/www.centrumczystosci.com\/WP\/wp-content\/uploads\/2025\/04\/2782251706fd54e4a3e709f8d7271dc6.jpg\",\"width\":800,\"height\":799},{\"@type\":\"BreadcrumbList\",\"@id\":\"https:\/\/www.centrumczystosci.com\/WP\/produkt\/tytan-spray-pyn-do-mycia-wc-antybakteryjny-dziaa-do-gry-nogami-500g#breadcrumb\",\"itemListElement\":[{\"@type\":\"ListItem\",\"position\":1,\"name\":\"Strona g\u0142\u00f3wna\",\"item\":\"https:\/\/www.centrumczystosci.com\/WP\/\"},{\"@type\":\"ListItem\",\"position\":2,\"name\":\"Sklep\",\"item\":\"https:\/\/www.centrumczystosci.com\/WP\/shop\"},{\"@type\":\"ListItem\",\"position\":3,\"name\":\"Tytan Spray P\u0142yn do mycia WC Antybakteryjny dzia\u0142a do g\u00f3ry nogami 500g\"}]},{\"@type\":\"WebSite\",\"@id\":\"https:\/\/www.centrumczystosci.com\/WP\/#website\",\"url\":\"https:\/\/www.centrumczystosci.com\/WP\/\",\"name\":\"Centrum Czysto\u015bci - Hurtownia chemii gospodarczej\",\"description\":\"\",\"publisher\":{\"@id\":\"https:\/\/www.centrumczystosci.com\/WP\/#organization\"},\"potentialAction\":[{\"@type\":\"SearchAction\",\"target\":{\"@type\":\"EntryPoint\",\"urlTemplate\":\"https:\/\/www.centrumczystosci.com\/WP\/?s={search_term_string}\"},\"query-input\":{\"@type\":\"PropertyValueSpecification\",\"valueRequired\":true,\"valueName\":\"search_term_string\"}}],\"inLanguage\":\"pl-PL\"},{\"@type\":\"Organization\",\"@id\":\"https:\/\/www.centrumczystosci.com\/WP\/#organization\",\"name\":\"Centrum Czysto\u015bci - Hurtownia chemii gospodarczej\",\"url\":\"https:\/\/www.centrumczystosci.com\/WP\/\",\"logo\":{\"@type\":\"ImageObject\",\"inLanguage\":\"pl-PL\",\"@id\":\"https:\/\/www.centrumczystosci.com\/WP\/#\/schema\/logo\/image\/\",\"url\":\"https:\/\/www.centrumczystosci.com\/WP\/wp-content\/uploads\/2025\/02\/cropped-logo-CC-4000x4000-1.png\",\"contentUrl\":\"https:\/\/www.centrumczystosci.com\/WP\/wp-content\/uploads\/2025\/02\/cropped-logo-CC-4000x4000-1.png\",\"width\":2983,\"height\":1602,\"caption\":\"Centrum Czysto\u015bci - Hurtownia chemii gospodarczej\"},\"image\":{\"@id\":\"https:\/\/www.centrumczystosci.com\/WP\/#\/schema\/logo\/image\/\"}}]}<\/script>\n<!-- \/ Yoast SEO plugin. -->","yoast_head_json":{"title":"Tytan Spray P\u0142yn do mycia WC Antybakteryjny dzia\u0142a do g\u00f3ry nogami 500g - Centrum Czysto\u015bci - Hurtownia chemii gospodarczej","robots":{"index":"index","follow":"follow","max-snippet":"max-snippet:-1","max-image-preview":"max-image-preview:large","max-video-preview":"max-video-preview:-1"},"canonical":"https:\/\/www.centrumczystosci.com\/WP\/produkt\/tytan-spray-pyn-do-mycia-wc-antybakteryjny-dziaa-do-gry-nogami-500g","og_locale":"pl_PL","og_type":"article","og_title":"Tytan Spray P\u0142yn do mycia WC Antybakteryjny dzia\u0142a do g\u00f3ry nogami 500g - Centrum Czysto\u015bci - Hurtownia chemii gospodarczej","og_description":"Tytan Spray P\u0142yn do mycia WC Antybakteryjny dzia\u0142a do g\u00f3ry nogami 500g Tytan Spray P\u0142yn do mycia WC Antybakteryjny o pojemno\u015bci 500g to innowacyjny \u015brodek czyszcz\u0105cy, kt\u00f3ry skutecznie radzi sobie z uporczywymi zanieczyszczeniami w \u0142azience. Jego unikalna formu\u0142a dzia\u0142a efektywnie nawet w odwr\u00f3conej pozycji, co u\u0142atwia dotarcie do trudno dost\u0119pnych miejsc. Dzi\u0119ki w\u0142a\u015bciwo\u015bciom antybakteryjnym, p\u0142yn...","og_url":"https:\/\/www.centrumczystosci.com\/WP\/produkt\/tytan-spray-pyn-do-mycia-wc-antybakteryjny-dziaa-do-gry-nogami-500g","og_site_name":"Centrum Czysto\u015bci - Hurtownia chemii gospodarczej","article_modified_time":"2026-04-15T09:35:46+00:00","og_image":[{"width":800,"height":799,"url":"https:\/\/www.centrumczystosci.com\/WP\/wp-content\/uploads\/2025\/04\/2782251706fd54e4a3e709f8d7271dc6.jpg","type":"image\/jpeg"}],"twitter_card":"summary_large_image","twitter_misc":{"Szacowany czas czytania":"1 minuta"},"schema":{"@context":"https:\/\/schema.org","@graph":[{"@type":"WebPage","@id":"https:\/\/www.centrumczystosci.com\/WP\/produkt\/tytan-spray-pyn-do-mycia-wc-antybakteryjny-dziaa-do-gry-nogami-500g","url":"https:\/\/www.centrumczystosci.com\/WP\/produkt\/tytan-spray-pyn-do-mycia-wc-antybakteryjny-dziaa-do-gry-nogami-500g","name":"Tytan Spray P\u0142yn do mycia WC Antybakteryjny dzia\u0142a do g\u00f3ry nogami 500g - Centrum Czysto\u015bci - Hurtownia chemii gospodarczej","isPartOf":{"@id":"https:\/\/www.centrumczystosci.com\/WP\/#website"},"primaryImageOfPage":{"@id":"https:\/\/www.centrumczystosci.com\/WP\/produkt\/tytan-spray-pyn-do-mycia-wc-antybakteryjny-dziaa-do-gry-nogami-500g#primaryimage"},"image":{"@id":"https:\/\/www.centrumczystosci.com\/WP\/produkt\/tytan-spray-pyn-do-mycia-wc-antybakteryjny-dziaa-do-gry-nogami-500g#primaryimage"},"thumbnailUrl":"https:\/\/www.centrumczystosci.com\/WP\/wp-content\/uploads\/2025\/04\/2782251706fd54e4a3e709f8d7271dc6.jpg","datePublished":"2026-01-29T08:43:22+00:00","dateModified":"2026-04-15T09:35:46+00:00","breadcrumb":{"@id":"https:\/\/www.centrumczystosci.com\/WP\/produkt\/tytan-spray-pyn-do-mycia-wc-antybakteryjny-dziaa-do-gry-nogami-500g#breadcrumb"},"inLanguage":"pl-PL","potentialAction":[{"@type":"ReadAction","target":["https:\/\/www.centrumczystosci.com\/WP\/produkt\/tytan-spray-pyn-do-mycia-wc-antybakteryjny-dziaa-do-gry-nogami-500g"]}]},{"@type":"ImageObject","inLanguage":"pl-PL","@id":"https:\/\/www.centrumczystosci.com\/WP\/produkt\/tytan-spray-pyn-do-mycia-wc-antybakteryjny-dziaa-do-gry-nogami-500g#primaryimage","url":"https:\/\/www.centrumczystosci.com\/WP\/wp-content\/uploads\/2025\/04\/2782251706fd54e4a3e709f8d7271dc6.jpg","contentUrl":"https:\/\/www.centrumczystosci.com\/WP\/wp-content\/uploads\/2025\/04\/2782251706fd54e4a3e709f8d7271dc6.jpg","width":800,"height":799},{"@type":"BreadcrumbList","@id":"https:\/\/www.centrumczystosci.com\/WP\/produkt\/tytan-spray-pyn-do-mycia-wc-antybakteryjny-dziaa-do-gry-nogami-500g#breadcrumb","itemListElement":[{"@type":"ListItem","position":1,"name":"Strona g\u0142\u00f3wna","item":"https:\/\/www.centrumczystosci.com\/WP\/"},{"@type":"ListItem","position":2,"name":"Sklep","item":"https:\/\/www.centrumczystosci.com\/WP\/shop"},{"@type":"ListItem","position":3,"name":"Tytan Spray P\u0142yn do mycia WC Antybakteryjny dzia\u0142a do g\u00f3ry nogami 500g"}]},{"@type":"WebSite","@id":"https:\/\/www.centrumczystosci.com\/WP\/#website","url":"https:\/\/www.centrumczystosci.com\/WP\/","name":"Centrum Czysto\u015bci - Hurtownia chemii gospodarczej","description":"","publisher":{"@id":"https:\/\/www.centrumczystosci.com\/WP\/#organization"},"potentialAction":[{"@type":"SearchAction","target":{"@type":"EntryPoint","urlTemplate":"https:\/\/www.centrumczystosci.com\/WP\/?s={search_term_string}"},"query-input":{"@type":"PropertyValueSpecification","valueRequired":true,"valueName":"search_term_string"}}],"inLanguage":"pl-PL"},{"@type":"Organization","@id":"https:\/\/www.centrumczystosci.com\/WP\/#organization","name":"Centrum Czysto\u015bci - Hurtownia chemii gospodarczej","url":"https:\/\/www.centrumczystosci.com\/WP\/","logo":{"@type":"ImageObject","inLanguage":"pl-PL","@id":"https:\/\/www.centrumczystosci.com\/WP\/#\/schema\/logo\/image\/","url":"https:\/\/www.centrumczystosci.com\/WP\/wp-content\/uploads\/2025\/02\/cropped-logo-CC-4000x4000-1.png","contentUrl":"https:\/\/www.centrumczystosci.com\/WP\/wp-content\/uploads\/2025\/02\/cropped-logo-CC-4000x4000-1.png","width":2983,"height":1602,"caption":"Centrum Czysto\u015bci - Hurtownia chemii gospodarczej"},"image":{"@id":"https:\/\/www.centrumczystosci.com\/WP\/#\/schema\/logo\/image\/"}}]}},"_links":{"self":[{"href":"https:\/\/www.centrumczystosci.com\/WP\/wp-json\/wp\/v2\/product\/5063","targetHints":{"allow":["GET"]}}],"collection":[{"href":"https:\/\/www.centrumczystosci.com\/WP\/wp-json\/wp\/v2\/product"}],"about":[{"href":"https:\/\/www.centrumczystosci.com\/WP\/wp-json\/wp\/v2\/types\/product"}],"replies":[{"embeddable":true,"href":"https:\/\/www.centrumczystosci.com\/WP\/wp-json\/wp\/v2\/comments?post=5063"}],"wp:featuredmedia":[{"embeddable":true,"href":"https:\/\/www.centrumczystosci.com\/WP\/wp-json\/wp\/v2\/media\/4814"}],"wp:attachment":[{"href":"https:\/\/www.centrumczystosci.com\/WP\/wp-json\/wp\/v2\/media?parent=5063"}],"wp:term":[{"taxonomy":"product_brand","embeddable":true,"href":"https:\/\/www.centrumczystosci.com\/WP\/wp-json\/wp\/v2\/product_brand?post=5063"},{"taxonomy":"product_cat","embeddable":true,"href":"https:\/\/www.centrumczystosci.com\/WP\/wp-json\/wp\/v2\/product_cat?post=5063"},{"taxonomy":"product_tag","embeddable":true,"href":"https:\/\/www.centrumczystosci.com\/WP\/wp-json\/wp\/v2\/product_tag?post=5063"}],"curies":[{"name":"wp","href":"https:\/\/api.w.org\/{rel}","templated":true}]}}