
{"id":5072,"date":"2026-01-30T10:31:46","date_gmt":"2026-01-30T08:31:46","guid":{"rendered":"https:\/\/www.centrumczystosci.com\/WP\/?post_type=product&#038;p=5072"},"modified":"2026-04-09T13:41:52","modified_gmt":"2026-04-09T11:41:52","slug":"pampers-chusteczki-sensitive-dla-dzieci-chusteczki-nawilane-op-52szt","status":"publish","type":"product","link":"https:\/\/www.centrumczystosci.com\/WP\/produkt\/pampers-chusteczki-sensitive-dla-dzieci-chusteczki-nawilane-op-52szt","title":{"rendered":"PAMPERS Chusteczki SENSITIVE dla dzieci chusteczki nawil\u017cane op. 52szt"},"content":{"rendered":"<p><!--- SELLASIST HTML START --><\/p>\n<div class=\"esp_column_description\">\n<section class=\"section\">\n<div class=\"item item-12\">\n<section class=\"text-item\">\n<h1>PAMPERS SENSITIVE Chusteczki dla dzieci chusteczki nawil\u017cane op. 52szt<\/h1>\n<\/section>\n<\/div>\n<\/section>\n<section class=\"section\">\n<div class=\"item item-6\">\n<section class=\"text-item\">Chusteczki nawil\u017cane PAMPERS Sensitve dla dzieci to doskona\u0142e rozwi\u0105zanie dla delikatnej sk\u00f3ry maluszka. Zapewniaj\u0105 skuteczne oczyszczenie i nawil\u017cenie podczas codziennej piel\u0119gnacji. Opakowanie zawiera 52 chusteczki, kt\u00f3re s\u0105 \u0142agodne dla sk\u00f3ry dziecka i nie powoduj\u0105 podra\u017cnie\u0144. Dzi\u0119ki wygodnemu formatowi, chusteczki s\u0105 idealne do u\u017cytku w domu oraz w podr\u00f3\u017cy. Zadbaj o komfort i higien\u0119 swojego dziecka z chusteczkami PAMPERS Sensitive.<\/section>\n<\/div>\n<div class=\"item item-6\"><\/div>\n<\/section>\n<section class=\"section\">\n<div class=\"item item-6\"><\/div>\n<div class=\"item item-6\">\n<section class=\"text-item\">\n<ul>\n<li>Nadaje si\u0119 ju\u017c od pierwszych dni \u017cycia<\/li>\n<\/ul>\n<p>Wzboga\u0107 codzienn\u0105 piel\u0119gnacj\u0119 swojego maluszka chusteczkami nawil\u017canymi PAMPERS Sensitive, stworzonymi specjalnie dla delikatnej sk\u00f3ry dziecka.<\/p>\n<ul>\n<li>Bezpieczne i \u0142agodne sk\u0142adniki<\/li>\n<\/ul>\n<p>Sk\u0142ad chusteczek zosta\u0142 dok\u0142adnie przemy\u015blany, aby zapewni\u0107 skuteczne oczyszczenie bez podra\u017cnie\u0144.<\/p>\n<ul>\n<li>Dopasowane do potrzeb Twojego dziecka<\/li>\n<\/ul>\n<p>52 chusteczki o w\u0142a\u015bciwo\u015bciach nawil\u017caj\u0105cych, kt\u00f3re doskonale sprawdz\u0105 si\u0119 zar\u00f3wno w domu, jak i w podr\u00f3\u017cy.<\/p>\n<ul>\n<li>Piel\u0119gnacja na ka\u017cdym kroku<\/li>\n<\/ul>\n<p>Zapewnij swojemu male\u0144stwu komfort i higien\u0119 dzi\u0119ki chusteczkom PAMPERS Sensitive, kt\u00f3re spe\u0142ni\u0105 oczekiwania nawet najbardziej wymagaj\u0105cych rodzic\u00f3w.<\/p>\n<\/section>\n<\/div>\n<\/section>\n<section class=\"section\">\n<div class=\"item item-6\"><\/div>\n<div class=\"item item-6\"><\/div>\n<\/section>\n<section class=\"section\">\n<div class=\"item item-6\"><\/div>\n<\/section>\n<section class=\"section\">\n<div class=\"item item-6\"><\/div>\n<div class=\"item item-6\"><\/div>\n<\/section>\n<section class=\"section\">\n<div class=\"item item-6\"><\/div>\n<div class=\"item item-6\"><\/div>\n<\/section>\n<section class=\"section\">\n<div class=\"item item-6\"><\/div>\n<\/section>\n<\/div>\n","protected":false},"excerpt":{"rendered":"<p>PAMPERS SENSITIVE Chusteczki dla dzieci chusteczki nawil\u017cane op. 52szt Chusteczki nawil\u017cane PAMPERS Sensitve dla dzieci to doskona\u0142e rozwi\u0105zanie dla delikatnej sk\u00f3ry maluszka. Zapewniaj\u0105 skuteczne oczyszczenie i nawil\u017cenie podczas codziennej piel\u0119gnacji. Opakowanie zawiera 52 chusteczki, kt\u00f3re s\u0105 \u0142agodne dla sk\u00f3ry dziecka i nie powoduj\u0105 podra\u017cnie\u0144. Dzi\u0119ki wygodnemu formatowi, chusteczki s\u0105 idealne do u\u017cytku w domu oraz&#8230;<\/p>\n","protected":false},"featured_media":6968,"comment_status":"open","ping_status":"closed","template":"","meta":{"om_disable_all_campaigns":false,"_kadence_starter_templates_imported_post":false,"_kad_post_transparent":"default","_kad_post_title":"","_kad_post_layout":"default","_kad_post_sidebar_id":"","_kad_post_content_style":"default","_kad_post_vertical_padding":"default","_kad_post_feature":"","_kad_post_feature_position":"","_kad_post_header":false,"_kad_post_footer":false},"product_brand":[137],"product_cat":[84,82,15],"product_tag":[],"class_list":{"0":"post-5072","1":"product","2":"type-product","3":"status-publish","4":"has-post-thumbnail","6":"product_brand-pampers","7":"product_cat-chusteczki-nawilzane","8":"product_cat-zdrowie-i-higiena","9":"product_cat-wszystkie-produkty","11":"first","12":"instock","13":"taxable","14":"shipping-taxable","15":"purchasable","16":"product-type-simple","17":"entry","18":"content-bg","19":"loop-entry"},"yoast_head":"<!-- This site is optimized with the Yoast SEO plugin v26.7 - https:\/\/yoast.com\/wordpress\/plugins\/seo\/ -->\n<title>PAMPERS Chusteczki SENSITIVE dla dzieci chusteczki nawil\u017cane op. 52szt - Centrum Czysto\u015bci - Hurtownia chemii gospodarczej<\/title>\n<meta name=\"description\" content=\"Chusteczki nawil\u017cane dla dzieci to doskona\u0142e dla delikatnej sk\u00f3ry maluszka. Zapewniaj\u0105 skuteczne oczyszczenie i nawil\u017cenie podczas codziennej piel\u0119gnacji.\" \/>\n<meta name=\"robots\" content=\"index, follow, max-snippet:-1, max-image-preview:large, max-video-preview:-1\" \/>\n<link rel=\"canonical\" href=\"https:\/\/www.centrumczystosci.com\/WP\/produkt\/pampers-chusteczki-sensitive-dla-dzieci-chusteczki-nawilane-op-52szt\" \/>\n<meta property=\"og:locale\" content=\"pl_PL\" \/>\n<meta property=\"og:type\" content=\"article\" \/>\n<meta property=\"og:title\" content=\"PAMPERS Chusteczki SENSITIVE dla dzieci chusteczki nawil\u017cane op. 52szt - Centrum Czysto\u015bci - Hurtownia chemii gospodarczej\" \/>\n<meta property=\"og:description\" content=\"Chusteczki nawil\u017cane dla dzieci to doskona\u0142e dla delikatnej sk\u00f3ry maluszka. Zapewniaj\u0105 skuteczne oczyszczenie i nawil\u017cenie podczas codziennej piel\u0119gnacji.\" \/>\n<meta property=\"og:url\" content=\"https:\/\/www.centrumczystosci.com\/WP\/produkt\/pampers-chusteczki-sensitive-dla-dzieci-chusteczki-nawilane-op-52szt\" \/>\n<meta property=\"og:site_name\" content=\"Centrum Czysto\u015bci - Hurtownia chemii gospodarczej\" \/>\n<meta property=\"article:modified_time\" content=\"2026-04-09T11:41:52+00:00\" \/>\n<meta property=\"og:image\" content=\"https:\/\/www.centrumczystosci.com\/WP\/wp-content\/uploads\/2025\/04\/PAMPERS-SENSITIVE-Chusteczki-dla-dzieci-chusteczki-nawilzane-op.-52szt.jpg\" \/>\n\t<meta property=\"og:image:width\" content=\"1000\" \/>\n\t<meta property=\"og:image:height\" content=\"1000\" \/>\n\t<meta property=\"og:image:type\" content=\"image\/jpeg\" \/>\n<meta name=\"twitter:card\" content=\"summary_large_image\" \/>\n<meta name=\"twitter:label1\" content=\"Szacowany czas czytania\" \/>\n\t<meta name=\"twitter:data1\" content=\"2 minuty\" \/>\n<script type=\"application\/ld+json\" class=\"yoast-schema-graph\">{\"@context\":\"https:\/\/schema.org\",\"@graph\":[{\"@type\":\"WebPage\",\"@id\":\"https:\/\/www.centrumczystosci.com\/WP\/produkt\/pampers-chusteczki-sensitive-dla-dzieci-chusteczki-nawilane-op-52szt\",\"url\":\"https:\/\/www.centrumczystosci.com\/WP\/produkt\/pampers-chusteczki-sensitive-dla-dzieci-chusteczki-nawilane-op-52szt\",\"name\":\"PAMPERS Chusteczki SENSITIVE dla dzieci chusteczki nawil\u017cane op. 52szt - Centrum Czysto\u015bci - Hurtownia chemii gospodarczej\",\"isPartOf\":{\"@id\":\"https:\/\/www.centrumczystosci.com\/WP\/#website\"},\"primaryImageOfPage\":{\"@id\":\"https:\/\/www.centrumczystosci.com\/WP\/produkt\/pampers-chusteczki-sensitive-dla-dzieci-chusteczki-nawilane-op-52szt#primaryimage\"},\"image\":{\"@id\":\"https:\/\/www.centrumczystosci.com\/WP\/produkt\/pampers-chusteczki-sensitive-dla-dzieci-chusteczki-nawilane-op-52szt#primaryimage\"},\"thumbnailUrl\":\"https:\/\/www.centrumczystosci.com\/WP\/wp-content\/uploads\/2025\/04\/PAMPERS-SENSITIVE-Chusteczki-dla-dzieci-chusteczki-nawilzane-op.-52szt.jpg\",\"datePublished\":\"2026-01-30T08:31:46+00:00\",\"dateModified\":\"2026-04-09T11:41:52+00:00\",\"description\":\"Chusteczki nawil\u017cane dla dzieci to doskona\u0142e dla delikatnej sk\u00f3ry maluszka. Zapewniaj\u0105 skuteczne oczyszczenie i nawil\u017cenie podczas codziennej piel\u0119gnacji.\",\"breadcrumb\":{\"@id\":\"https:\/\/www.centrumczystosci.com\/WP\/produkt\/pampers-chusteczki-sensitive-dla-dzieci-chusteczki-nawilane-op-52szt#breadcrumb\"},\"inLanguage\":\"pl-PL\",\"potentialAction\":[{\"@type\":\"ReadAction\",\"target\":[\"https:\/\/www.centrumczystosci.com\/WP\/produkt\/pampers-chusteczki-sensitive-dla-dzieci-chusteczki-nawilane-op-52szt\"]}]},{\"@type\":\"ImageObject\",\"inLanguage\":\"pl-PL\",\"@id\":\"https:\/\/www.centrumczystosci.com\/WP\/produkt\/pampers-chusteczki-sensitive-dla-dzieci-chusteczki-nawilane-op-52szt#primaryimage\",\"url\":\"https:\/\/www.centrumczystosci.com\/WP\/wp-content\/uploads\/2025\/04\/PAMPERS-SENSITIVE-Chusteczki-dla-dzieci-chusteczki-nawilzane-op.-52szt.jpg\",\"contentUrl\":\"https:\/\/www.centrumczystosci.com\/WP\/wp-content\/uploads\/2025\/04\/PAMPERS-SENSITIVE-Chusteczki-dla-dzieci-chusteczki-nawilzane-op.-52szt.jpg\",\"width\":1000,\"height\":1000},{\"@type\":\"BreadcrumbList\",\"@id\":\"https:\/\/www.centrumczystosci.com\/WP\/produkt\/pampers-chusteczki-sensitive-dla-dzieci-chusteczki-nawilane-op-52szt#breadcrumb\",\"itemListElement\":[{\"@type\":\"ListItem\",\"position\":1,\"name\":\"Strona g\u0142\u00f3wna\",\"item\":\"https:\/\/www.centrumczystosci.com\/WP\/\"},{\"@type\":\"ListItem\",\"position\":2,\"name\":\"Sklep\",\"item\":\"https:\/\/www.centrumczystosci.com\/WP\/shop\"},{\"@type\":\"ListItem\",\"position\":3,\"name\":\"PAMPERS Chusteczki SENSITIVE dla dzieci chusteczki nawil\u017cane op. 52szt\"}]},{\"@type\":\"WebSite\",\"@id\":\"https:\/\/www.centrumczystosci.com\/WP\/#website\",\"url\":\"https:\/\/www.centrumczystosci.com\/WP\/\",\"name\":\"Centrum Czysto\u015bci - Hurtownia chemii gospodarczej\",\"description\":\"\",\"publisher\":{\"@id\":\"https:\/\/www.centrumczystosci.com\/WP\/#organization\"},\"potentialAction\":[{\"@type\":\"SearchAction\",\"target\":{\"@type\":\"EntryPoint\",\"urlTemplate\":\"https:\/\/www.centrumczystosci.com\/WP\/?s={search_term_string}\"},\"query-input\":{\"@type\":\"PropertyValueSpecification\",\"valueRequired\":true,\"valueName\":\"search_term_string\"}}],\"inLanguage\":\"pl-PL\"},{\"@type\":\"Organization\",\"@id\":\"https:\/\/www.centrumczystosci.com\/WP\/#organization\",\"name\":\"Centrum Czysto\u015bci - Hurtownia chemii gospodarczej\",\"url\":\"https:\/\/www.centrumczystosci.com\/WP\/\",\"logo\":{\"@type\":\"ImageObject\",\"inLanguage\":\"pl-PL\",\"@id\":\"https:\/\/www.centrumczystosci.com\/WP\/#\/schema\/logo\/image\/\",\"url\":\"https:\/\/www.centrumczystosci.com\/WP\/wp-content\/uploads\/2025\/02\/cropped-logo-CC-4000x4000-1.png\",\"contentUrl\":\"https:\/\/www.centrumczystosci.com\/WP\/wp-content\/uploads\/2025\/02\/cropped-logo-CC-4000x4000-1.png\",\"width\":2983,\"height\":1602,\"caption\":\"Centrum Czysto\u015bci - Hurtownia chemii gospodarczej\"},\"image\":{\"@id\":\"https:\/\/www.centrumczystosci.com\/WP\/#\/schema\/logo\/image\/\"}}]}<\/script>\n<!-- \/ Yoast SEO plugin. -->","yoast_head_json":{"title":"PAMPERS Chusteczki SENSITIVE dla dzieci chusteczki nawil\u017cane op. 52szt - Centrum Czysto\u015bci - Hurtownia chemii gospodarczej","description":"Chusteczki nawil\u017cane dla dzieci to doskona\u0142e dla delikatnej sk\u00f3ry maluszka. Zapewniaj\u0105 skuteczne oczyszczenie i nawil\u017cenie podczas codziennej piel\u0119gnacji.","robots":{"index":"index","follow":"follow","max-snippet":"max-snippet:-1","max-image-preview":"max-image-preview:large","max-video-preview":"max-video-preview:-1"},"canonical":"https:\/\/www.centrumczystosci.com\/WP\/produkt\/pampers-chusteczki-sensitive-dla-dzieci-chusteczki-nawilane-op-52szt","og_locale":"pl_PL","og_type":"article","og_title":"PAMPERS Chusteczki SENSITIVE dla dzieci chusteczki nawil\u017cane op. 52szt - Centrum Czysto\u015bci - Hurtownia chemii gospodarczej","og_description":"Chusteczki nawil\u017cane dla dzieci to doskona\u0142e dla delikatnej sk\u00f3ry maluszka. Zapewniaj\u0105 skuteczne oczyszczenie i nawil\u017cenie podczas codziennej piel\u0119gnacji.","og_url":"https:\/\/www.centrumczystosci.com\/WP\/produkt\/pampers-chusteczki-sensitive-dla-dzieci-chusteczki-nawilane-op-52szt","og_site_name":"Centrum Czysto\u015bci - Hurtownia chemii gospodarczej","article_modified_time":"2026-04-09T11:41:52+00:00","og_image":[{"width":1000,"height":1000,"url":"https:\/\/www.centrumczystosci.com\/WP\/wp-content\/uploads\/2025\/04\/PAMPERS-SENSITIVE-Chusteczki-dla-dzieci-chusteczki-nawilzane-op.-52szt.jpg","type":"image\/jpeg"}],"twitter_card":"summary_large_image","twitter_misc":{"Szacowany czas czytania":"2 minuty"},"schema":{"@context":"https:\/\/schema.org","@graph":[{"@type":"WebPage","@id":"https:\/\/www.centrumczystosci.com\/WP\/produkt\/pampers-chusteczki-sensitive-dla-dzieci-chusteczki-nawilane-op-52szt","url":"https:\/\/www.centrumczystosci.com\/WP\/produkt\/pampers-chusteczki-sensitive-dla-dzieci-chusteczki-nawilane-op-52szt","name":"PAMPERS Chusteczki SENSITIVE dla dzieci chusteczki nawil\u017cane op. 52szt - Centrum Czysto\u015bci - Hurtownia chemii gospodarczej","isPartOf":{"@id":"https:\/\/www.centrumczystosci.com\/WP\/#website"},"primaryImageOfPage":{"@id":"https:\/\/www.centrumczystosci.com\/WP\/produkt\/pampers-chusteczki-sensitive-dla-dzieci-chusteczki-nawilane-op-52szt#primaryimage"},"image":{"@id":"https:\/\/www.centrumczystosci.com\/WP\/produkt\/pampers-chusteczki-sensitive-dla-dzieci-chusteczki-nawilane-op-52szt#primaryimage"},"thumbnailUrl":"https:\/\/www.centrumczystosci.com\/WP\/wp-content\/uploads\/2025\/04\/PAMPERS-SENSITIVE-Chusteczki-dla-dzieci-chusteczki-nawilzane-op.-52szt.jpg","datePublished":"2026-01-30T08:31:46+00:00","dateModified":"2026-04-09T11:41:52+00:00","description":"Chusteczki nawil\u017cane dla dzieci to doskona\u0142e dla delikatnej sk\u00f3ry maluszka. Zapewniaj\u0105 skuteczne oczyszczenie i nawil\u017cenie podczas codziennej piel\u0119gnacji.","breadcrumb":{"@id":"https:\/\/www.centrumczystosci.com\/WP\/produkt\/pampers-chusteczki-sensitive-dla-dzieci-chusteczki-nawilane-op-52szt#breadcrumb"},"inLanguage":"pl-PL","potentialAction":[{"@type":"ReadAction","target":["https:\/\/www.centrumczystosci.com\/WP\/produkt\/pampers-chusteczki-sensitive-dla-dzieci-chusteczki-nawilane-op-52szt"]}]},{"@type":"ImageObject","inLanguage":"pl-PL","@id":"https:\/\/www.centrumczystosci.com\/WP\/produkt\/pampers-chusteczki-sensitive-dla-dzieci-chusteczki-nawilane-op-52szt#primaryimage","url":"https:\/\/www.centrumczystosci.com\/WP\/wp-content\/uploads\/2025\/04\/PAMPERS-SENSITIVE-Chusteczki-dla-dzieci-chusteczki-nawilzane-op.-52szt.jpg","contentUrl":"https:\/\/www.centrumczystosci.com\/WP\/wp-content\/uploads\/2025\/04\/PAMPERS-SENSITIVE-Chusteczki-dla-dzieci-chusteczki-nawilzane-op.-52szt.jpg","width":1000,"height":1000},{"@type":"BreadcrumbList","@id":"https:\/\/www.centrumczystosci.com\/WP\/produkt\/pampers-chusteczki-sensitive-dla-dzieci-chusteczki-nawilane-op-52szt#breadcrumb","itemListElement":[{"@type":"ListItem","position":1,"name":"Strona g\u0142\u00f3wna","item":"https:\/\/www.centrumczystosci.com\/WP\/"},{"@type":"ListItem","position":2,"name":"Sklep","item":"https:\/\/www.centrumczystosci.com\/WP\/shop"},{"@type":"ListItem","position":3,"name":"PAMPERS Chusteczki SENSITIVE dla dzieci chusteczki nawil\u017cane op. 52szt"}]},{"@type":"WebSite","@id":"https:\/\/www.centrumczystosci.com\/WP\/#website","url":"https:\/\/www.centrumczystosci.com\/WP\/","name":"Centrum Czysto\u015bci - Hurtownia chemii gospodarczej","description":"","publisher":{"@id":"https:\/\/www.centrumczystosci.com\/WP\/#organization"},"potentialAction":[{"@type":"SearchAction","target":{"@type":"EntryPoint","urlTemplate":"https:\/\/www.centrumczystosci.com\/WP\/?s={search_term_string}"},"query-input":{"@type":"PropertyValueSpecification","valueRequired":true,"valueName":"search_term_string"}}],"inLanguage":"pl-PL"},{"@type":"Organization","@id":"https:\/\/www.centrumczystosci.com\/WP\/#organization","name":"Centrum Czysto\u015bci - Hurtownia chemii gospodarczej","url":"https:\/\/www.centrumczystosci.com\/WP\/","logo":{"@type":"ImageObject","inLanguage":"pl-PL","@id":"https:\/\/www.centrumczystosci.com\/WP\/#\/schema\/logo\/image\/","url":"https:\/\/www.centrumczystosci.com\/WP\/wp-content\/uploads\/2025\/02\/cropped-logo-CC-4000x4000-1.png","contentUrl":"https:\/\/www.centrumczystosci.com\/WP\/wp-content\/uploads\/2025\/02\/cropped-logo-CC-4000x4000-1.png","width":2983,"height":1602,"caption":"Centrum Czysto\u015bci - Hurtownia chemii gospodarczej"},"image":{"@id":"https:\/\/www.centrumczystosci.com\/WP\/#\/schema\/logo\/image\/"}}]}},"_links":{"self":[{"href":"https:\/\/www.centrumczystosci.com\/WP\/wp-json\/wp\/v2\/product\/5072","targetHints":{"allow":["GET"]}}],"collection":[{"href":"https:\/\/www.centrumczystosci.com\/WP\/wp-json\/wp\/v2\/product"}],"about":[{"href":"https:\/\/www.centrumczystosci.com\/WP\/wp-json\/wp\/v2\/types\/product"}],"replies":[{"embeddable":true,"href":"https:\/\/www.centrumczystosci.com\/WP\/wp-json\/wp\/v2\/comments?post=5072"}],"wp:featuredmedia":[{"embeddable":true,"href":"https:\/\/www.centrumczystosci.com\/WP\/wp-json\/wp\/v2\/media\/6968"}],"wp:attachment":[{"href":"https:\/\/www.centrumczystosci.com\/WP\/wp-json\/wp\/v2\/media?parent=5072"}],"wp:term":[{"taxonomy":"product_brand","embeddable":true,"href":"https:\/\/www.centrumczystosci.com\/WP\/wp-json\/wp\/v2\/product_brand?post=5072"},{"taxonomy":"product_cat","embeddable":true,"href":"https:\/\/www.centrumczystosci.com\/WP\/wp-json\/wp\/v2\/product_cat?post=5072"},{"taxonomy":"product_tag","embeddable":true,"href":"https:\/\/www.centrumczystosci.com\/WP\/wp-json\/wp\/v2\/product_tag?post=5072"}],"curies":[{"name":"wp","href":"https:\/\/api.w.org\/{rel}","templated":true}]}}