
{"id":5096,"date":"2026-01-29T15:40:51","date_gmt":"2026-01-29T13:40:51","guid":{"rendered":"https:\/\/www.centrumczystosci.com\/WP\/?post_type=product&#038;p=5096"},"modified":"2026-04-20T10:41:41","modified_gmt":"2026-04-20T08:41:41","slug":"lenor-crease-releaser-elazko-w-sprayu-ruby-jasmin-500ml","status":"publish","type":"product","link":"https:\/\/www.centrumczystosci.com\/WP\/produkt\/lenor-crease-releaser-elazko-w-sprayu-ruby-jasmin-500ml","title":{"rendered":"LENOR Crease releaser \u017belazko w sprayu Ruby jasmin 500ml"},"content":{"rendered":"<p><!--- SELLASIST HTML START --><\/p>\n<div class=\"esp_column_description\">\n<section class=\"section\">\n<div class=\"item item-12\">\n<section class=\"text-item\">\n<h2>LENOR Crease releaser \u017belazko w sprayu Ruby jasmin 500ml<\/h2>\n<\/section>\n<\/div>\n<\/section>\n<section class=\"section\">\n<div class=\"item item-6\">\n<section class=\"text-item\">Skutecznie usu\u0144 zagniecenia z Twoich ubra\u0144 dzi\u0119ki LENOR Crease releaser \u017belazko w sprayu Ruby jasmin. Ten innowacyjny produkt o pojemno\u015bci 500ml od\u015bwie\u017cy i wyg\u0142adzi tkaniny, pozostawiaj\u0105c je pachn\u0105ce delikatnym zapachem ja\u015bminu. \u0141atwy w u\u017cyciu, idealny do szybkiego poprawienia wygl\u0105du ubra\u0144 w biegu. Daj swoim tkaninom nowe \u017cycie z LENOR Crease releaser!<\/section>\n<\/div>\n<div class=\"item item-6\">\n<section class=\"image-item\"><img decoding=\"async\" src=\"https:\/\/imge.pl\/p\/317883\/n\/c1108a10ea64fbc3ef36e865074e2559.jpg\" \/><\/section>\n<\/div>\n<\/section>\n<section class=\"section\"><\/section>\n<\/div>\n","protected":false},"excerpt":{"rendered":"<p>LENOR Crease releaser \u017belazko w sprayu Ruby jasmin 500ml Skutecznie usu\u0144 zagniecenia z Twoich ubra\u0144 dzi\u0119ki LENOR Crease releaser \u017belazko w sprayu Ruby jasmin. Ten innowacyjny produkt o pojemno\u015bci 500ml od\u015bwie\u017cy i wyg\u0142adzi tkaniny, pozostawiaj\u0105c je pachn\u0105ce delikatnym zapachem ja\u015bminu. \u0141atwy w u\u017cyciu, idealny do szybkiego poprawienia wygl\u0105du ubra\u0144 w biegu. Daj swoim tkaninom nowe&#8230;<\/p>\n","protected":false},"featured_media":4863,"comment_status":"open","ping_status":"closed","template":"","meta":{"om_disable_all_campaigns":false,"_kadence_starter_templates_imported_post":false,"_kad_post_transparent":"default","_kad_post_title":"","_kad_post_layout":"default","_kad_post_sidebar_id":"","_kad_post_content_style":"default","_kad_post_vertical_padding":"default","_kad_post_feature":"","_kad_post_feature_position":"","_kad_post_header":false,"_kad_post_footer":false},"product_brand":[130],"product_cat":[112,15,26],"product_tag":[],"class_list":{"0":"post-5096","1":"product","2":"type-product","3":"status-publish","4":"has-post-thumbnail","6":"product_brand-lenor","7":"product_cat-akcesoria-do-prania","8":"product_cat-wszystkie-produkty","9":"product_cat-chemia-gospodarcza","11":"first","12":"instock","13":"taxable","14":"shipping-taxable","15":"purchasable","16":"product-type-simple","17":"entry","18":"content-bg","19":"loop-entry"},"yoast_head":"<!-- This site is optimized with the Yoast SEO plugin v26.7 - https:\/\/yoast.com\/wordpress\/plugins\/seo\/ -->\n<title>LENOR Crease releaser \u017belazko w sprayu Ruby jasmin 500ml - Centrum Czysto\u015bci - Hurtownia chemii gospodarczej<\/title>\n<meta name=\"robots\" content=\"index, follow, max-snippet:-1, max-image-preview:large, max-video-preview:-1\" \/>\n<link rel=\"canonical\" href=\"https:\/\/www.centrumczystosci.com\/WP\/produkt\/lenor-crease-releaser-elazko-w-sprayu-ruby-jasmin-500ml\" \/>\n<meta property=\"og:locale\" content=\"pl_PL\" \/>\n<meta property=\"og:type\" content=\"article\" \/>\n<meta property=\"og:title\" content=\"LENOR Crease releaser \u017belazko w sprayu Ruby jasmin 500ml - Centrum Czysto\u015bci - Hurtownia chemii gospodarczej\" \/>\n<meta property=\"og:description\" content=\"LENOR Crease releaser \u017belazko w sprayu Ruby jasmin 500ml Skutecznie usu\u0144 zagniecenia z Twoich ubra\u0144 dzi\u0119ki LENOR Crease releaser \u017belazko w sprayu Ruby jasmin. Ten innowacyjny produkt o pojemno\u015bci 500ml od\u015bwie\u017cy i wyg\u0142adzi tkaniny, pozostawiaj\u0105c je pachn\u0105ce delikatnym zapachem ja\u015bminu. \u0141atwy w u\u017cyciu, idealny do szybkiego poprawienia wygl\u0105du ubra\u0144 w biegu. Daj swoim tkaninom nowe...\" \/>\n<meta property=\"og:url\" content=\"https:\/\/www.centrumczystosci.com\/WP\/produkt\/lenor-crease-releaser-elazko-w-sprayu-ruby-jasmin-500ml\" \/>\n<meta property=\"og:site_name\" content=\"Centrum Czysto\u015bci - Hurtownia chemii gospodarczej\" \/>\n<meta property=\"article:modified_time\" content=\"2026-04-20T08:41:41+00:00\" \/>\n<meta property=\"og:image\" content=\"https:\/\/www.centrumczystosci.com\/WP\/wp-content\/uploads\/2025\/04\/c1108a10ea64fbc3ef36e865074e2559.jpg\" \/>\n\t<meta property=\"og:image:width\" content=\"336\" \/>\n\t<meta property=\"og:image:height\" content=\"340\" \/>\n\t<meta property=\"og:image:type\" content=\"image\/jpeg\" \/>\n<meta name=\"twitter:card\" content=\"summary_large_image\" \/>\n<script type=\"application\/ld+json\" class=\"yoast-schema-graph\">{\"@context\":\"https:\/\/schema.org\",\"@graph\":[{\"@type\":\"WebPage\",\"@id\":\"https:\/\/www.centrumczystosci.com\/WP\/produkt\/lenor-crease-releaser-elazko-w-sprayu-ruby-jasmin-500ml\",\"url\":\"https:\/\/www.centrumczystosci.com\/WP\/produkt\/lenor-crease-releaser-elazko-w-sprayu-ruby-jasmin-500ml\",\"name\":\"LENOR Crease releaser \u017belazko w sprayu Ruby jasmin 500ml - Centrum Czysto\u015bci - Hurtownia chemii gospodarczej\",\"isPartOf\":{\"@id\":\"https:\/\/www.centrumczystosci.com\/WP\/#website\"},\"primaryImageOfPage\":{\"@id\":\"https:\/\/www.centrumczystosci.com\/WP\/produkt\/lenor-crease-releaser-elazko-w-sprayu-ruby-jasmin-500ml#primaryimage\"},\"image\":{\"@id\":\"https:\/\/www.centrumczystosci.com\/WP\/produkt\/lenor-crease-releaser-elazko-w-sprayu-ruby-jasmin-500ml#primaryimage\"},\"thumbnailUrl\":\"https:\/\/www.centrumczystosci.com\/WP\/wp-content\/uploads\/2025\/04\/c1108a10ea64fbc3ef36e865074e2559.jpg\",\"datePublished\":\"2026-01-29T13:40:51+00:00\",\"dateModified\":\"2026-04-20T08:41:41+00:00\",\"breadcrumb\":{\"@id\":\"https:\/\/www.centrumczystosci.com\/WP\/produkt\/lenor-crease-releaser-elazko-w-sprayu-ruby-jasmin-500ml#breadcrumb\"},\"inLanguage\":\"pl-PL\",\"potentialAction\":[{\"@type\":\"ReadAction\",\"target\":[\"https:\/\/www.centrumczystosci.com\/WP\/produkt\/lenor-crease-releaser-elazko-w-sprayu-ruby-jasmin-500ml\"]}]},{\"@type\":\"ImageObject\",\"inLanguage\":\"pl-PL\",\"@id\":\"https:\/\/www.centrumczystosci.com\/WP\/produkt\/lenor-crease-releaser-elazko-w-sprayu-ruby-jasmin-500ml#primaryimage\",\"url\":\"https:\/\/www.centrumczystosci.com\/WP\/wp-content\/uploads\/2025\/04\/c1108a10ea64fbc3ef36e865074e2559.jpg\",\"contentUrl\":\"https:\/\/www.centrumczystosci.com\/WP\/wp-content\/uploads\/2025\/04\/c1108a10ea64fbc3ef36e865074e2559.jpg\",\"width\":336,\"height\":340},{\"@type\":\"BreadcrumbList\",\"@id\":\"https:\/\/www.centrumczystosci.com\/WP\/produkt\/lenor-crease-releaser-elazko-w-sprayu-ruby-jasmin-500ml#breadcrumb\",\"itemListElement\":[{\"@type\":\"ListItem\",\"position\":1,\"name\":\"Strona g\u0142\u00f3wna\",\"item\":\"https:\/\/www.centrumczystosci.com\/WP\/\"},{\"@type\":\"ListItem\",\"position\":2,\"name\":\"Sklep\",\"item\":\"https:\/\/www.centrumczystosci.com\/WP\/shop\"},{\"@type\":\"ListItem\",\"position\":3,\"name\":\"LENOR Crease releaser \u017belazko w sprayu Ruby jasmin 500ml\"}]},{\"@type\":\"WebSite\",\"@id\":\"https:\/\/www.centrumczystosci.com\/WP\/#website\",\"url\":\"https:\/\/www.centrumczystosci.com\/WP\/\",\"name\":\"Centrum Czysto\u015bci - Hurtownia chemii gospodarczej\",\"description\":\"\",\"publisher\":{\"@id\":\"https:\/\/www.centrumczystosci.com\/WP\/#organization\"},\"potentialAction\":[{\"@type\":\"SearchAction\",\"target\":{\"@type\":\"EntryPoint\",\"urlTemplate\":\"https:\/\/www.centrumczystosci.com\/WP\/?s={search_term_string}\"},\"query-input\":{\"@type\":\"PropertyValueSpecification\",\"valueRequired\":true,\"valueName\":\"search_term_string\"}}],\"inLanguage\":\"pl-PL\"},{\"@type\":\"Organization\",\"@id\":\"https:\/\/www.centrumczystosci.com\/WP\/#organization\",\"name\":\"Centrum Czysto\u015bci - Hurtownia chemii gospodarczej\",\"url\":\"https:\/\/www.centrumczystosci.com\/WP\/\",\"logo\":{\"@type\":\"ImageObject\",\"inLanguage\":\"pl-PL\",\"@id\":\"https:\/\/www.centrumczystosci.com\/WP\/#\/schema\/logo\/image\/\",\"url\":\"https:\/\/www.centrumczystosci.com\/WP\/wp-content\/uploads\/2025\/02\/cropped-logo-CC-4000x4000-1.png\",\"contentUrl\":\"https:\/\/www.centrumczystosci.com\/WP\/wp-content\/uploads\/2025\/02\/cropped-logo-CC-4000x4000-1.png\",\"width\":2983,\"height\":1602,\"caption\":\"Centrum Czysto\u015bci - Hurtownia chemii gospodarczej\"},\"image\":{\"@id\":\"https:\/\/www.centrumczystosci.com\/WP\/#\/schema\/logo\/image\/\"}}]}<\/script>\n<!-- \/ Yoast SEO plugin. -->","yoast_head_json":{"title":"LENOR Crease releaser \u017belazko w sprayu Ruby jasmin 500ml - Centrum Czysto\u015bci - Hurtownia chemii gospodarczej","robots":{"index":"index","follow":"follow","max-snippet":"max-snippet:-1","max-image-preview":"max-image-preview:large","max-video-preview":"max-video-preview:-1"},"canonical":"https:\/\/www.centrumczystosci.com\/WP\/produkt\/lenor-crease-releaser-elazko-w-sprayu-ruby-jasmin-500ml","og_locale":"pl_PL","og_type":"article","og_title":"LENOR Crease releaser \u017belazko w sprayu Ruby jasmin 500ml - Centrum Czysto\u015bci - Hurtownia chemii gospodarczej","og_description":"LENOR Crease releaser \u017belazko w sprayu Ruby jasmin 500ml Skutecznie usu\u0144 zagniecenia z Twoich ubra\u0144 dzi\u0119ki LENOR Crease releaser \u017belazko w sprayu Ruby jasmin. Ten innowacyjny produkt o pojemno\u015bci 500ml od\u015bwie\u017cy i wyg\u0142adzi tkaniny, pozostawiaj\u0105c je pachn\u0105ce delikatnym zapachem ja\u015bminu. \u0141atwy w u\u017cyciu, idealny do szybkiego poprawienia wygl\u0105du ubra\u0144 w biegu. Daj swoim tkaninom nowe...","og_url":"https:\/\/www.centrumczystosci.com\/WP\/produkt\/lenor-crease-releaser-elazko-w-sprayu-ruby-jasmin-500ml","og_site_name":"Centrum Czysto\u015bci - Hurtownia chemii gospodarczej","article_modified_time":"2026-04-20T08:41:41+00:00","og_image":[{"width":336,"height":340,"url":"https:\/\/www.centrumczystosci.com\/WP\/wp-content\/uploads\/2025\/04\/c1108a10ea64fbc3ef36e865074e2559.jpg","type":"image\/jpeg"}],"twitter_card":"summary_large_image","schema":{"@context":"https:\/\/schema.org","@graph":[{"@type":"WebPage","@id":"https:\/\/www.centrumczystosci.com\/WP\/produkt\/lenor-crease-releaser-elazko-w-sprayu-ruby-jasmin-500ml","url":"https:\/\/www.centrumczystosci.com\/WP\/produkt\/lenor-crease-releaser-elazko-w-sprayu-ruby-jasmin-500ml","name":"LENOR Crease releaser \u017belazko w sprayu Ruby jasmin 500ml - Centrum Czysto\u015bci - Hurtownia chemii gospodarczej","isPartOf":{"@id":"https:\/\/www.centrumczystosci.com\/WP\/#website"},"primaryImageOfPage":{"@id":"https:\/\/www.centrumczystosci.com\/WP\/produkt\/lenor-crease-releaser-elazko-w-sprayu-ruby-jasmin-500ml#primaryimage"},"image":{"@id":"https:\/\/www.centrumczystosci.com\/WP\/produkt\/lenor-crease-releaser-elazko-w-sprayu-ruby-jasmin-500ml#primaryimage"},"thumbnailUrl":"https:\/\/www.centrumczystosci.com\/WP\/wp-content\/uploads\/2025\/04\/c1108a10ea64fbc3ef36e865074e2559.jpg","datePublished":"2026-01-29T13:40:51+00:00","dateModified":"2026-04-20T08:41:41+00:00","breadcrumb":{"@id":"https:\/\/www.centrumczystosci.com\/WP\/produkt\/lenor-crease-releaser-elazko-w-sprayu-ruby-jasmin-500ml#breadcrumb"},"inLanguage":"pl-PL","potentialAction":[{"@type":"ReadAction","target":["https:\/\/www.centrumczystosci.com\/WP\/produkt\/lenor-crease-releaser-elazko-w-sprayu-ruby-jasmin-500ml"]}]},{"@type":"ImageObject","inLanguage":"pl-PL","@id":"https:\/\/www.centrumczystosci.com\/WP\/produkt\/lenor-crease-releaser-elazko-w-sprayu-ruby-jasmin-500ml#primaryimage","url":"https:\/\/www.centrumczystosci.com\/WP\/wp-content\/uploads\/2025\/04\/c1108a10ea64fbc3ef36e865074e2559.jpg","contentUrl":"https:\/\/www.centrumczystosci.com\/WP\/wp-content\/uploads\/2025\/04\/c1108a10ea64fbc3ef36e865074e2559.jpg","width":336,"height":340},{"@type":"BreadcrumbList","@id":"https:\/\/www.centrumczystosci.com\/WP\/produkt\/lenor-crease-releaser-elazko-w-sprayu-ruby-jasmin-500ml#breadcrumb","itemListElement":[{"@type":"ListItem","position":1,"name":"Strona g\u0142\u00f3wna","item":"https:\/\/www.centrumczystosci.com\/WP\/"},{"@type":"ListItem","position":2,"name":"Sklep","item":"https:\/\/www.centrumczystosci.com\/WP\/shop"},{"@type":"ListItem","position":3,"name":"LENOR Crease releaser \u017belazko w sprayu Ruby jasmin 500ml"}]},{"@type":"WebSite","@id":"https:\/\/www.centrumczystosci.com\/WP\/#website","url":"https:\/\/www.centrumczystosci.com\/WP\/","name":"Centrum Czysto\u015bci - Hurtownia chemii gospodarczej","description":"","publisher":{"@id":"https:\/\/www.centrumczystosci.com\/WP\/#organization"},"potentialAction":[{"@type":"SearchAction","target":{"@type":"EntryPoint","urlTemplate":"https:\/\/www.centrumczystosci.com\/WP\/?s={search_term_string}"},"query-input":{"@type":"PropertyValueSpecification","valueRequired":true,"valueName":"search_term_string"}}],"inLanguage":"pl-PL"},{"@type":"Organization","@id":"https:\/\/www.centrumczystosci.com\/WP\/#organization","name":"Centrum Czysto\u015bci - Hurtownia chemii gospodarczej","url":"https:\/\/www.centrumczystosci.com\/WP\/","logo":{"@type":"ImageObject","inLanguage":"pl-PL","@id":"https:\/\/www.centrumczystosci.com\/WP\/#\/schema\/logo\/image\/","url":"https:\/\/www.centrumczystosci.com\/WP\/wp-content\/uploads\/2025\/02\/cropped-logo-CC-4000x4000-1.png","contentUrl":"https:\/\/www.centrumczystosci.com\/WP\/wp-content\/uploads\/2025\/02\/cropped-logo-CC-4000x4000-1.png","width":2983,"height":1602,"caption":"Centrum Czysto\u015bci - Hurtownia chemii gospodarczej"},"image":{"@id":"https:\/\/www.centrumczystosci.com\/WP\/#\/schema\/logo\/image\/"}}]}},"_links":{"self":[{"href":"https:\/\/www.centrumczystosci.com\/WP\/wp-json\/wp\/v2\/product\/5096","targetHints":{"allow":["GET"]}}],"collection":[{"href":"https:\/\/www.centrumczystosci.com\/WP\/wp-json\/wp\/v2\/product"}],"about":[{"href":"https:\/\/www.centrumczystosci.com\/WP\/wp-json\/wp\/v2\/types\/product"}],"replies":[{"embeddable":true,"href":"https:\/\/www.centrumczystosci.com\/WP\/wp-json\/wp\/v2\/comments?post=5096"}],"wp:featuredmedia":[{"embeddable":true,"href":"https:\/\/www.centrumczystosci.com\/WP\/wp-json\/wp\/v2\/media\/4863"}],"wp:attachment":[{"href":"https:\/\/www.centrumczystosci.com\/WP\/wp-json\/wp\/v2\/media?parent=5096"}],"wp:term":[{"taxonomy":"product_brand","embeddable":true,"href":"https:\/\/www.centrumczystosci.com\/WP\/wp-json\/wp\/v2\/product_brand?post=5096"},{"taxonomy":"product_cat","embeddable":true,"href":"https:\/\/www.centrumczystosci.com\/WP\/wp-json\/wp\/v2\/product_cat?post=5096"},{"taxonomy":"product_tag","embeddable":true,"href":"https:\/\/www.centrumczystosci.com\/WP\/wp-json\/wp\/v2\/product_tag?post=5096"}],"curies":[{"name":"wp","href":"https:\/\/api.w.org\/{rel}","templated":true}]}}