
{"id":5215,"date":"2026-01-30T11:00:32","date_gmt":"2026-01-30T09:00:32","guid":{"rendered":"https:\/\/www.centrumczystosci.com\/WP\/?post_type=product&#038;p=5215"},"modified":"2026-04-14T17:54:41","modified_gmt":"2026-04-14T15:54:41","slug":"softlan-pyn-do-pukania-traumfrisch-fioletowy-1l","status":"publish","type":"product","link":"https:\/\/www.centrumczystosci.com\/WP\/produkt\/softlan-pyn-do-pukania-traumfrisch-fioletowy-1l","title":{"rendered":"SOFTLAN P\u0142yn do p\u0142ukania TRAUMFRISCH Fioletowy 1L"},"content":{"rendered":"<p><!--- SELLASIST HTML START --><\/p>\n<div class=\"esp_column_description\">\n<section class=\"section\">\n<div class=\"item item-12\">\n<section class=\"text-item\">\n<h2>SOFTLAN P\u0142yn do p\u0142ukania TRAUMFRISCH Fioletowy 1L<\/h2>\n<\/section>\n<\/div>\n<\/section>\n<section class=\"section\">\n<div class=\"item item-6\">\n<section class=\"text-item\">SOFTLAN P\u0142yn do p\u0142ukania TRAUMFRISCH Fioletowy 1L to wysokiej jako\u015bci p\u0142yn do p\u0142ukania tkanin, kt\u00f3ry zapewnia Twoim ubraniom, r\u0119cznikom i po\u015bcieli intensywny zapach i d\u0142ugotrwa\u0142\u0105 mi\u0119kko\u015b\u0107. P\u0142yn ten zosta\u0142 opracowany, aby zapewni\u0107 Twoim tkaninom wyj\u0105tkow\u0105, fioletow\u0105 nut\u0119 zapachow\u0105, kt\u00f3ra doda im elegancji i \u015bwie\u017co\u015bci.SOFTLAN P\u0142yn do p\u0142ukania TRAUMFRISCH Fioletowy 1L zawiera formu\u0142\u0119 Neutral PH, co minimalizuje ryzyko podra\u017cnie\u0144 sk\u00f3ry. Jego zaawansowana formu\u0142a zapewnia d\u0142ugotrwa\u0142y efekt mi\u0119kko\u015bci i ochrony tkanin przed uszkodzeniami. P\u0142yn ten posiada r\u00f3wnie\u017c w\u0142a\u015bciwo\u015bci antystatyczne, co pomaga utrzyma\u0107 ubrania wolne od elektryzowania i u\u0142atwia proces prasowania.Opakowanie SOFTLAN P\u0142ynu do p\u0142ukania TRAUMFRISCH Fioletowy 1L jest bardzo wygodne w u\u017cyciu &#8211; pozwala na \u0142atwe i precyzyjne dozowanie p\u0142ynu bez ryzyka rozlewania. Produkt ten jest odpowiedni do stosowania z r\u00f3\u017cnymi rodzajami tkanin i mo\u017ce by\u0107 u\u017cywany zar\u00f3wno w pralkach automatycznych, jak i r\u0119cznych.<\/p>\n<p>Je\u015bli chcesz doda\u0107 swoim tkaninom intensywny i d\u0142ugotrwa\u0142y zapach fioletowy, SOFTLAN P\u0142yn do p\u0142ukania TRAUMFRISCH Fioletowy 1L jest idealnym wyborem dla Ciebie. Zapewni Twoim ubraniom i po\u015bcieli wyj\u0105tkow\u0105 mi\u0119kko\u015b\u0107 oraz efekt ochrony i antystatyczny. Dzi\u0119ki niemu Twoje tkaniny b\u0119d\u0105 wygl\u0105da\u0107 i pachnie\u0107 jak nowe!<\/p>\n<\/section>\n<\/div>\n<\/section>\n<\/div>\n","protected":false},"excerpt":{"rendered":"<p>SOFTLAN P\u0142yn do p\u0142ukania TRAUMFRISCH Fioletowy 1L SOFTLAN P\u0142yn do p\u0142ukania TRAUMFRISCH Fioletowy 1L to wysokiej jako\u015bci p\u0142yn do p\u0142ukania tkanin, kt\u00f3ry zapewnia Twoim ubraniom, r\u0119cznikom i po\u015bcieli intensywny zapach i d\u0142ugotrwa\u0142\u0105 mi\u0119kko\u015b\u0107. P\u0142yn ten zosta\u0142 opracowany, aby zapewni\u0107 Twoim tkaninom wyj\u0105tkow\u0105, fioletow\u0105 nut\u0119 zapachow\u0105, kt\u00f3ra doda im elegancji i \u015bwie\u017co\u015bci.SOFTLAN P\u0142yn do p\u0142ukania TRAUMFRISCH&#8230;<\/p>\n","protected":false},"featured_media":4932,"comment_status":"open","ping_status":"closed","template":"","meta":{"om_disable_all_campaigns":false,"_kadence_starter_templates_imported_post":false,"_kad_post_transparent":"default","_kad_post_title":"","_kad_post_layout":"default","_kad_post_sidebar_id":"","_kad_post_content_style":"default","_kad_post_vertical_padding":"default","_kad_post_feature":"","_kad_post_feature_position":"","_kad_post_header":false,"_kad_post_footer":false},"product_brand":[150],"product_cat":[15,26,30],"product_tag":[],"class_list":{"0":"post-5215","1":"product","2":"type-product","3":"status-publish","4":"has-post-thumbnail","6":"product_brand-softlan","7":"product_cat-wszystkie-produkty","8":"product_cat-chemia-gospodarcza","9":"product_cat-plyny-do-plukania-tkanin","11":"first","12":"instock","13":"taxable","14":"shipping-taxable","15":"purchasable","16":"product-type-simple","17":"entry","18":"content-bg","19":"loop-entry"},"yoast_head":"<!-- This site is optimized with the Yoast SEO plugin v26.7 - https:\/\/yoast.com\/wordpress\/plugins\/seo\/ -->\n<title>SOFTLAN P\u0142yn do p\u0142ukania TRAUMFRISCH Fioletowy 1L - Centrum Czysto\u015bci - Hurtownia chemii gospodarczej<\/title>\n<meta name=\"description\" content=\"P\u0142yn do p\u0142ukania TRAUMFRISCH Fioletowy 1L to p\u0142yn do p\u0142ukania tkanin, kt\u00f3ry zapewnia Twoim ubraniom i po\u015bcieli intensywny zapach i d\u0142ugotrwa\u0142\u0105 mi\u0119kko\u015b\u0107.\" \/>\n<meta name=\"robots\" content=\"index, follow, max-snippet:-1, max-image-preview:large, max-video-preview:-1\" \/>\n<link rel=\"canonical\" href=\"https:\/\/www.centrumczystosci.com\/WP\/produkt\/softlan-pyn-do-pukania-traumfrisch-fioletowy-1l\" \/>\n<meta property=\"og:locale\" content=\"pl_PL\" \/>\n<meta property=\"og:type\" content=\"article\" \/>\n<meta property=\"og:title\" content=\"SOFTLAN P\u0142yn do p\u0142ukania TRAUMFRISCH Fioletowy 1L - Centrum Czysto\u015bci - Hurtownia chemii gospodarczej\" \/>\n<meta property=\"og:description\" content=\"P\u0142yn do p\u0142ukania TRAUMFRISCH Fioletowy 1L to p\u0142yn do p\u0142ukania tkanin, kt\u00f3ry zapewnia Twoim ubraniom i po\u015bcieli intensywny zapach i d\u0142ugotrwa\u0142\u0105 mi\u0119kko\u015b\u0107.\" \/>\n<meta property=\"og:url\" content=\"https:\/\/www.centrumczystosci.com\/WP\/produkt\/softlan-pyn-do-pukania-traumfrisch-fioletowy-1l\" \/>\n<meta property=\"og:site_name\" content=\"Centrum Czysto\u015bci - Hurtownia chemii gospodarczej\" \/>\n<meta property=\"article:modified_time\" content=\"2026-04-14T15:54:41+00:00\" \/>\n<meta property=\"og:image\" content=\"https:\/\/www.centrumczystosci.com\/WP\/wp-content\/uploads\/2025\/04\/300c611475ecdb994a7dd6a4c8a2ba6c.jpg\" \/>\n\t<meta property=\"og:image:width\" content=\"458\" \/>\n\t<meta property=\"og:image:height\" content=\"458\" \/>\n\t<meta property=\"og:image:type\" content=\"image\/jpeg\" \/>\n<meta name=\"twitter:card\" content=\"summary_large_image\" \/>\n<meta name=\"twitter:label1\" content=\"Szacowany czas czytania\" \/>\n\t<meta name=\"twitter:data1\" content=\"2 minuty\" \/>\n<script type=\"application\/ld+json\" class=\"yoast-schema-graph\">{\"@context\":\"https:\/\/schema.org\",\"@graph\":[{\"@type\":\"WebPage\",\"@id\":\"https:\/\/www.centrumczystosci.com\/WP\/produkt\/softlan-pyn-do-pukania-traumfrisch-fioletowy-1l\",\"url\":\"https:\/\/www.centrumczystosci.com\/WP\/produkt\/softlan-pyn-do-pukania-traumfrisch-fioletowy-1l\",\"name\":\"SOFTLAN P\u0142yn do p\u0142ukania TRAUMFRISCH Fioletowy 1L - Centrum Czysto\u015bci - Hurtownia chemii gospodarczej\",\"isPartOf\":{\"@id\":\"https:\/\/www.centrumczystosci.com\/WP\/#website\"},\"primaryImageOfPage\":{\"@id\":\"https:\/\/www.centrumczystosci.com\/WP\/produkt\/softlan-pyn-do-pukania-traumfrisch-fioletowy-1l#primaryimage\"},\"image\":{\"@id\":\"https:\/\/www.centrumczystosci.com\/WP\/produkt\/softlan-pyn-do-pukania-traumfrisch-fioletowy-1l#primaryimage\"},\"thumbnailUrl\":\"https:\/\/www.centrumczystosci.com\/WP\/wp-content\/uploads\/2025\/04\/300c611475ecdb994a7dd6a4c8a2ba6c.jpg\",\"datePublished\":\"2026-01-30T09:00:32+00:00\",\"dateModified\":\"2026-04-14T15:54:41+00:00\",\"description\":\"P\u0142yn do p\u0142ukania TRAUMFRISCH Fioletowy 1L to p\u0142yn do p\u0142ukania tkanin, kt\u00f3ry zapewnia Twoim ubraniom i po\u015bcieli intensywny zapach i d\u0142ugotrwa\u0142\u0105 mi\u0119kko\u015b\u0107.\",\"breadcrumb\":{\"@id\":\"https:\/\/www.centrumczystosci.com\/WP\/produkt\/softlan-pyn-do-pukania-traumfrisch-fioletowy-1l#breadcrumb\"},\"inLanguage\":\"pl-PL\",\"potentialAction\":[{\"@type\":\"ReadAction\",\"target\":[\"https:\/\/www.centrumczystosci.com\/WP\/produkt\/softlan-pyn-do-pukania-traumfrisch-fioletowy-1l\"]}]},{\"@type\":\"ImageObject\",\"inLanguage\":\"pl-PL\",\"@id\":\"https:\/\/www.centrumczystosci.com\/WP\/produkt\/softlan-pyn-do-pukania-traumfrisch-fioletowy-1l#primaryimage\",\"url\":\"https:\/\/www.centrumczystosci.com\/WP\/wp-content\/uploads\/2025\/04\/300c611475ecdb994a7dd6a4c8a2ba6c.jpg\",\"contentUrl\":\"https:\/\/www.centrumczystosci.com\/WP\/wp-content\/uploads\/2025\/04\/300c611475ecdb994a7dd6a4c8a2ba6c.jpg\",\"width\":458,\"height\":458},{\"@type\":\"BreadcrumbList\",\"@id\":\"https:\/\/www.centrumczystosci.com\/WP\/produkt\/softlan-pyn-do-pukania-traumfrisch-fioletowy-1l#breadcrumb\",\"itemListElement\":[{\"@type\":\"ListItem\",\"position\":1,\"name\":\"Strona g\u0142\u00f3wna\",\"item\":\"https:\/\/www.centrumczystosci.com\/WP\/\"},{\"@type\":\"ListItem\",\"position\":2,\"name\":\"Sklep\",\"item\":\"https:\/\/www.centrumczystosci.com\/WP\/shop\"},{\"@type\":\"ListItem\",\"position\":3,\"name\":\"SOFTLAN P\u0142yn do p\u0142ukania TRAUMFRISCH Fioletowy 1L\"}]},{\"@type\":\"WebSite\",\"@id\":\"https:\/\/www.centrumczystosci.com\/WP\/#website\",\"url\":\"https:\/\/www.centrumczystosci.com\/WP\/\",\"name\":\"Centrum Czysto\u015bci - Hurtownia chemii gospodarczej\",\"description\":\"\",\"publisher\":{\"@id\":\"https:\/\/www.centrumczystosci.com\/WP\/#organization\"},\"potentialAction\":[{\"@type\":\"SearchAction\",\"target\":{\"@type\":\"EntryPoint\",\"urlTemplate\":\"https:\/\/www.centrumczystosci.com\/WP\/?s={search_term_string}\"},\"query-input\":{\"@type\":\"PropertyValueSpecification\",\"valueRequired\":true,\"valueName\":\"search_term_string\"}}],\"inLanguage\":\"pl-PL\"},{\"@type\":\"Organization\",\"@id\":\"https:\/\/www.centrumczystosci.com\/WP\/#organization\",\"name\":\"Centrum Czysto\u015bci - Hurtownia chemii gospodarczej\",\"url\":\"https:\/\/www.centrumczystosci.com\/WP\/\",\"logo\":{\"@type\":\"ImageObject\",\"inLanguage\":\"pl-PL\",\"@id\":\"https:\/\/www.centrumczystosci.com\/WP\/#\/schema\/logo\/image\/\",\"url\":\"https:\/\/www.centrumczystosci.com\/WP\/wp-content\/uploads\/2025\/02\/cropped-logo-CC-4000x4000-1.png\",\"contentUrl\":\"https:\/\/www.centrumczystosci.com\/WP\/wp-content\/uploads\/2025\/02\/cropped-logo-CC-4000x4000-1.png\",\"width\":2983,\"height\":1602,\"caption\":\"Centrum Czysto\u015bci - Hurtownia chemii gospodarczej\"},\"image\":{\"@id\":\"https:\/\/www.centrumczystosci.com\/WP\/#\/schema\/logo\/image\/\"}}]}<\/script>\n<!-- \/ Yoast SEO plugin. -->","yoast_head_json":{"title":"SOFTLAN P\u0142yn do p\u0142ukania TRAUMFRISCH Fioletowy 1L - Centrum Czysto\u015bci - Hurtownia chemii gospodarczej","description":"P\u0142yn do p\u0142ukania TRAUMFRISCH Fioletowy 1L to p\u0142yn do p\u0142ukania tkanin, kt\u00f3ry zapewnia Twoim ubraniom i po\u015bcieli intensywny zapach i d\u0142ugotrwa\u0142\u0105 mi\u0119kko\u015b\u0107.","robots":{"index":"index","follow":"follow","max-snippet":"max-snippet:-1","max-image-preview":"max-image-preview:large","max-video-preview":"max-video-preview:-1"},"canonical":"https:\/\/www.centrumczystosci.com\/WP\/produkt\/softlan-pyn-do-pukania-traumfrisch-fioletowy-1l","og_locale":"pl_PL","og_type":"article","og_title":"SOFTLAN P\u0142yn do p\u0142ukania TRAUMFRISCH Fioletowy 1L - Centrum Czysto\u015bci - Hurtownia chemii gospodarczej","og_description":"P\u0142yn do p\u0142ukania TRAUMFRISCH Fioletowy 1L to p\u0142yn do p\u0142ukania tkanin, kt\u00f3ry zapewnia Twoim ubraniom i po\u015bcieli intensywny zapach i d\u0142ugotrwa\u0142\u0105 mi\u0119kko\u015b\u0107.","og_url":"https:\/\/www.centrumczystosci.com\/WP\/produkt\/softlan-pyn-do-pukania-traumfrisch-fioletowy-1l","og_site_name":"Centrum Czysto\u015bci - Hurtownia chemii gospodarczej","article_modified_time":"2026-04-14T15:54:41+00:00","og_image":[{"width":458,"height":458,"url":"https:\/\/www.centrumczystosci.com\/WP\/wp-content\/uploads\/2025\/04\/300c611475ecdb994a7dd6a4c8a2ba6c.jpg","type":"image\/jpeg"}],"twitter_card":"summary_large_image","twitter_misc":{"Szacowany czas czytania":"2 minuty"},"schema":{"@context":"https:\/\/schema.org","@graph":[{"@type":"WebPage","@id":"https:\/\/www.centrumczystosci.com\/WP\/produkt\/softlan-pyn-do-pukania-traumfrisch-fioletowy-1l","url":"https:\/\/www.centrumczystosci.com\/WP\/produkt\/softlan-pyn-do-pukania-traumfrisch-fioletowy-1l","name":"SOFTLAN P\u0142yn do p\u0142ukania TRAUMFRISCH Fioletowy 1L - Centrum Czysto\u015bci - Hurtownia chemii gospodarczej","isPartOf":{"@id":"https:\/\/www.centrumczystosci.com\/WP\/#website"},"primaryImageOfPage":{"@id":"https:\/\/www.centrumczystosci.com\/WP\/produkt\/softlan-pyn-do-pukania-traumfrisch-fioletowy-1l#primaryimage"},"image":{"@id":"https:\/\/www.centrumczystosci.com\/WP\/produkt\/softlan-pyn-do-pukania-traumfrisch-fioletowy-1l#primaryimage"},"thumbnailUrl":"https:\/\/www.centrumczystosci.com\/WP\/wp-content\/uploads\/2025\/04\/300c611475ecdb994a7dd6a4c8a2ba6c.jpg","datePublished":"2026-01-30T09:00:32+00:00","dateModified":"2026-04-14T15:54:41+00:00","description":"P\u0142yn do p\u0142ukania TRAUMFRISCH Fioletowy 1L to p\u0142yn do p\u0142ukania tkanin, kt\u00f3ry zapewnia Twoim ubraniom i po\u015bcieli intensywny zapach i d\u0142ugotrwa\u0142\u0105 mi\u0119kko\u015b\u0107.","breadcrumb":{"@id":"https:\/\/www.centrumczystosci.com\/WP\/produkt\/softlan-pyn-do-pukania-traumfrisch-fioletowy-1l#breadcrumb"},"inLanguage":"pl-PL","potentialAction":[{"@type":"ReadAction","target":["https:\/\/www.centrumczystosci.com\/WP\/produkt\/softlan-pyn-do-pukania-traumfrisch-fioletowy-1l"]}]},{"@type":"ImageObject","inLanguage":"pl-PL","@id":"https:\/\/www.centrumczystosci.com\/WP\/produkt\/softlan-pyn-do-pukania-traumfrisch-fioletowy-1l#primaryimage","url":"https:\/\/www.centrumczystosci.com\/WP\/wp-content\/uploads\/2025\/04\/300c611475ecdb994a7dd6a4c8a2ba6c.jpg","contentUrl":"https:\/\/www.centrumczystosci.com\/WP\/wp-content\/uploads\/2025\/04\/300c611475ecdb994a7dd6a4c8a2ba6c.jpg","width":458,"height":458},{"@type":"BreadcrumbList","@id":"https:\/\/www.centrumczystosci.com\/WP\/produkt\/softlan-pyn-do-pukania-traumfrisch-fioletowy-1l#breadcrumb","itemListElement":[{"@type":"ListItem","position":1,"name":"Strona g\u0142\u00f3wna","item":"https:\/\/www.centrumczystosci.com\/WP\/"},{"@type":"ListItem","position":2,"name":"Sklep","item":"https:\/\/www.centrumczystosci.com\/WP\/shop"},{"@type":"ListItem","position":3,"name":"SOFTLAN P\u0142yn do p\u0142ukania TRAUMFRISCH Fioletowy 1L"}]},{"@type":"WebSite","@id":"https:\/\/www.centrumczystosci.com\/WP\/#website","url":"https:\/\/www.centrumczystosci.com\/WP\/","name":"Centrum Czysto\u015bci - Hurtownia chemii gospodarczej","description":"","publisher":{"@id":"https:\/\/www.centrumczystosci.com\/WP\/#organization"},"potentialAction":[{"@type":"SearchAction","target":{"@type":"EntryPoint","urlTemplate":"https:\/\/www.centrumczystosci.com\/WP\/?s={search_term_string}"},"query-input":{"@type":"PropertyValueSpecification","valueRequired":true,"valueName":"search_term_string"}}],"inLanguage":"pl-PL"},{"@type":"Organization","@id":"https:\/\/www.centrumczystosci.com\/WP\/#organization","name":"Centrum Czysto\u015bci - Hurtownia chemii gospodarczej","url":"https:\/\/www.centrumczystosci.com\/WP\/","logo":{"@type":"ImageObject","inLanguage":"pl-PL","@id":"https:\/\/www.centrumczystosci.com\/WP\/#\/schema\/logo\/image\/","url":"https:\/\/www.centrumczystosci.com\/WP\/wp-content\/uploads\/2025\/02\/cropped-logo-CC-4000x4000-1.png","contentUrl":"https:\/\/www.centrumczystosci.com\/WP\/wp-content\/uploads\/2025\/02\/cropped-logo-CC-4000x4000-1.png","width":2983,"height":1602,"caption":"Centrum Czysto\u015bci - Hurtownia chemii gospodarczej"},"image":{"@id":"https:\/\/www.centrumczystosci.com\/WP\/#\/schema\/logo\/image\/"}}]}},"_links":{"self":[{"href":"https:\/\/www.centrumczystosci.com\/WP\/wp-json\/wp\/v2\/product\/5215","targetHints":{"allow":["GET"]}}],"collection":[{"href":"https:\/\/www.centrumczystosci.com\/WP\/wp-json\/wp\/v2\/product"}],"about":[{"href":"https:\/\/www.centrumczystosci.com\/WP\/wp-json\/wp\/v2\/types\/product"}],"replies":[{"embeddable":true,"href":"https:\/\/www.centrumczystosci.com\/WP\/wp-json\/wp\/v2\/comments?post=5215"}],"wp:featuredmedia":[{"embeddable":true,"href":"https:\/\/www.centrumczystosci.com\/WP\/wp-json\/wp\/v2\/media\/4932"}],"wp:attachment":[{"href":"https:\/\/www.centrumczystosci.com\/WP\/wp-json\/wp\/v2\/media?parent=5215"}],"wp:term":[{"taxonomy":"product_brand","embeddable":true,"href":"https:\/\/www.centrumczystosci.com\/WP\/wp-json\/wp\/v2\/product_brand?post=5215"},{"taxonomy":"product_cat","embeddable":true,"href":"https:\/\/www.centrumczystosci.com\/WP\/wp-json\/wp\/v2\/product_cat?post=5215"},{"taxonomy":"product_tag","embeddable":true,"href":"https:\/\/www.centrumczystosci.com\/WP\/wp-json\/wp\/v2\/product_tag?post=5215"}],"curies":[{"name":"wp","href":"https:\/\/api.w.org\/{rel}","templated":true}]}}