
{"id":6094,"date":"2026-01-30T09:23:51","date_gmt":"2026-01-30T07:23:51","guid":{"rendered":"https:\/\/www.centrumczystosci.com\/WP\/?post_type=product&#038;p=6094"},"modified":"2026-03-24T15:41:38","modified_gmt":"2026-03-24T13:41:38","slug":"master-folia-aluminiowa-1kg-duga-cateringowa-29cm-s003","status":"publish","type":"product","link":"https:\/\/www.centrumczystosci.com\/WP\/produkt\/master-folia-aluminiowa-1kg-duga-cateringowa-29cm-s003","title":{"rendered":"MASTER Folia aluminiowa 1KG d\u0142uga Cateringowa 29cm S003"},"content":{"rendered":"<p><!--- SELLASIST HTML START --><\/p>\n<div class=\"esp_column_description\">\n<section class=\"section\">\n<div class=\"item item-12\">\n<section class=\"text-item\">\n<h2>MASTER Folia aluminiowa 1KG d\u0142uga Cateringowa 29cm S003<\/h2>\n<p>Folia aluminiowa MASTER to doskona\u0142y produkt dla os\u00f3b prowadz\u0105cych catering, restauracje czy domowe piekarnie. Ta d\u0142uga cateringowa rolka, o d\u0142ugo\u015bci 29cm i wadze 1KG, zapewni Ci wiele praktycznych rozwi\u0105za\u0144 do przechowywania, pakowania i serwowania potraw.<\/p>\n<p>Folia aluminiowa to uniwersalny produkt, kt\u00f3ry sprawdzi si\u0119 w wielu sytuacjach &#8211; mo\u017cesz u\u017cy\u0107 jej do przykrywania naczy\u0144, owijania \u017cywno\u015bci, zapiekania w piekarniku, a nawet do grillowania. Dzi\u0119ki swojej trwa\u0142o\u015bci i odporno\u015bci na wysok\u0105 temperatur\u0119, folia aluminiowa jest niezast\u0105piona w ka\u017cdej kuchni.<\/p>\n<p>Rolka folii aluminiowej MASTER to tak\u017ce wygodne rozwi\u0105zanie dla os\u00f3b, kt\u00f3re potrzebuj\u0105 produktu w wi\u0119kszej ilo\u015bci. Dzi\u0119ki swojemu rozmiarowi, mo\u017cesz swobodnie korzysta\u0107 z folii aluminiowej przez d\u0142ugi czas, nie martwi\u0105c si\u0119 o jej szybkie zu\u017cycie.<\/p>\n<p>Je\u015bli potrzebujesz solidnego i praktycznego produktu do swojej kuchni, to folia aluminiowa MASTER to doskona\u0142y wyb\u00f3r dla Ciebie. Oferuje ona trwa\u0142o\u015b\u0107, niezawodno\u015b\u0107 i wszechstronno\u015b\u0107, a tak\u017ce gwarantuje ochron\u0119 Twoich potraw przed utrat\u0105 smaku i aromatu.<\/p>\n<\/section>\n<\/div>\n<\/section>\n<section class=\"section\">\n<div class=\"item item-6\"><\/div>\n<\/section>\n<\/div>\n","protected":false},"excerpt":{"rendered":"<p>MASTER Folia aluminiowa 1KG d\u0142uga Cateringowa 29cm S003 Folia aluminiowa MASTER to doskona\u0142y produkt dla os\u00f3b prowadz\u0105cych catering, restauracje czy domowe piekarnie. Ta d\u0142uga cateringowa rolka, o d\u0142ugo\u015bci 29cm i wadze 1KG, zapewni Ci wiele praktycznych rozwi\u0105za\u0144 do przechowywania, pakowania i serwowania potraw. Folia aluminiowa to uniwersalny produkt, kt\u00f3ry sprawdzi si\u0119 w wielu sytuacjach &#8211;&#8230;<\/p>\n","protected":false},"featured_media":5855,"comment_status":"open","ping_status":"closed","template":"","meta":{"om_disable_all_campaigns":false,"_kadence_starter_templates_imported_post":false,"_kad_post_transparent":"default","_kad_post_title":"","_kad_post_layout":"default","_kad_post_sidebar_id":"","_kad_post_content_style":"default","_kad_post_vertical_padding":"default","_kad_post_feature":"","_kad_post_feature_position":"","_kad_post_header":false,"_kad_post_footer":false},"product_brand":[142],"product_cat":[103,15],"product_tag":[],"class_list":{"0":"post-6094","1":"product","2":"type-product","3":"status-publish","4":"has-post-thumbnail","6":"product_brand-master","7":"product_cat-akcesoria-i-przybory-kuchenne","8":"product_cat-wszystkie-produkty","10":"first","11":"outofstock","12":"taxable","13":"shipping-taxable","14":"purchasable","15":"product-type-simple","16":"entry","17":"content-bg","18":"loop-entry"},"yoast_head":"<!-- This site is optimized with the Yoast SEO plugin v26.7 - https:\/\/yoast.com\/wordpress\/plugins\/seo\/ -->\n<title>MASTER Folia aluminiowa 1KG d\u0142uga Cateringowa 29cm S003 - Centrum Czysto\u015bci - Hurtownia chemii gospodarczej<\/title>\n<meta name=\"robots\" content=\"index, follow, max-snippet:-1, max-image-preview:large, max-video-preview:-1\" \/>\n<link rel=\"canonical\" href=\"https:\/\/www.centrumczystosci.com\/WP\/produkt\/master-folia-aluminiowa-1kg-duga-cateringowa-29cm-s003\" \/>\n<meta property=\"og:locale\" content=\"pl_PL\" \/>\n<meta property=\"og:type\" content=\"article\" \/>\n<meta property=\"og:title\" content=\"MASTER Folia aluminiowa 1KG d\u0142uga Cateringowa 29cm S003 - Centrum Czysto\u015bci - Hurtownia chemii gospodarczej\" \/>\n<meta property=\"og:description\" content=\"MASTER Folia aluminiowa 1KG d\u0142uga Cateringowa 29cm S003 Folia aluminiowa MASTER to doskona\u0142y produkt dla os\u00f3b prowadz\u0105cych catering, restauracje czy domowe piekarnie. Ta d\u0142uga cateringowa rolka, o d\u0142ugo\u015bci 29cm i wadze 1KG, zapewni Ci wiele praktycznych rozwi\u0105za\u0144 do przechowywania, pakowania i serwowania potraw. Folia aluminiowa to uniwersalny produkt, kt\u00f3ry sprawdzi si\u0119 w wielu sytuacjach &#8211;...\" \/>\n<meta property=\"og:url\" content=\"https:\/\/www.centrumczystosci.com\/WP\/produkt\/master-folia-aluminiowa-1kg-duga-cateringowa-29cm-s003\" \/>\n<meta property=\"og:site_name\" content=\"Centrum Czysto\u015bci - Hurtownia chemii gospodarczej\" \/>\n<meta property=\"article:modified_time\" content=\"2026-03-24T13:41:38+00:00\" \/>\n<meta property=\"og:image\" content=\"https:\/\/www.centrumczystosci.com\/WP\/wp-content\/uploads\/2025\/04\/6bee2ba0a43212a73093571516e27952.jpg\" \/>\n\t<meta property=\"og:image:width\" content=\"1200\" \/>\n\t<meta property=\"og:image:height\" content=\"1372\" \/>\n\t<meta property=\"og:image:type\" content=\"image\/jpeg\" \/>\n<meta name=\"twitter:card\" content=\"summary_large_image\" \/>\n<meta name=\"twitter:label1\" content=\"Szacowany czas czytania\" \/>\n\t<meta name=\"twitter:data1\" content=\"1 minuta\" \/>\n<script type=\"application\/ld+json\" class=\"yoast-schema-graph\">{\"@context\":\"https:\/\/schema.org\",\"@graph\":[{\"@type\":\"WebPage\",\"@id\":\"https:\/\/www.centrumczystosci.com\/WP\/produkt\/master-folia-aluminiowa-1kg-duga-cateringowa-29cm-s003\",\"url\":\"https:\/\/www.centrumczystosci.com\/WP\/produkt\/master-folia-aluminiowa-1kg-duga-cateringowa-29cm-s003\",\"name\":\"MASTER Folia aluminiowa 1KG d\u0142uga Cateringowa 29cm S003 - Centrum Czysto\u015bci - Hurtownia chemii gospodarczej\",\"isPartOf\":{\"@id\":\"https:\/\/www.centrumczystosci.com\/WP\/#website\"},\"primaryImageOfPage\":{\"@id\":\"https:\/\/www.centrumczystosci.com\/WP\/produkt\/master-folia-aluminiowa-1kg-duga-cateringowa-29cm-s003#primaryimage\"},\"image\":{\"@id\":\"https:\/\/www.centrumczystosci.com\/WP\/produkt\/master-folia-aluminiowa-1kg-duga-cateringowa-29cm-s003#primaryimage\"},\"thumbnailUrl\":\"https:\/\/www.centrumczystosci.com\/WP\/wp-content\/uploads\/2025\/04\/6bee2ba0a43212a73093571516e27952.jpg\",\"datePublished\":\"2026-01-30T07:23:51+00:00\",\"dateModified\":\"2026-03-24T13:41:38+00:00\",\"breadcrumb\":{\"@id\":\"https:\/\/www.centrumczystosci.com\/WP\/produkt\/master-folia-aluminiowa-1kg-duga-cateringowa-29cm-s003#breadcrumb\"},\"inLanguage\":\"pl-PL\",\"potentialAction\":[{\"@type\":\"ReadAction\",\"target\":[\"https:\/\/www.centrumczystosci.com\/WP\/produkt\/master-folia-aluminiowa-1kg-duga-cateringowa-29cm-s003\"]}]},{\"@type\":\"ImageObject\",\"inLanguage\":\"pl-PL\",\"@id\":\"https:\/\/www.centrumczystosci.com\/WP\/produkt\/master-folia-aluminiowa-1kg-duga-cateringowa-29cm-s003#primaryimage\",\"url\":\"https:\/\/www.centrumczystosci.com\/WP\/wp-content\/uploads\/2025\/04\/6bee2ba0a43212a73093571516e27952.jpg\",\"contentUrl\":\"https:\/\/www.centrumczystosci.com\/WP\/wp-content\/uploads\/2025\/04\/6bee2ba0a43212a73093571516e27952.jpg\",\"width\":1200,\"height\":1372},{\"@type\":\"BreadcrumbList\",\"@id\":\"https:\/\/www.centrumczystosci.com\/WP\/produkt\/master-folia-aluminiowa-1kg-duga-cateringowa-29cm-s003#breadcrumb\",\"itemListElement\":[{\"@type\":\"ListItem\",\"position\":1,\"name\":\"Strona g\u0142\u00f3wna\",\"item\":\"https:\/\/www.centrumczystosci.com\/WP\/\"},{\"@type\":\"ListItem\",\"position\":2,\"name\":\"Sklep\",\"item\":\"https:\/\/www.centrumczystosci.com\/WP\/shop\"},{\"@type\":\"ListItem\",\"position\":3,\"name\":\"MASTER Folia aluminiowa 1KG d\u0142uga Cateringowa 29cm S003\"}]},{\"@type\":\"WebSite\",\"@id\":\"https:\/\/www.centrumczystosci.com\/WP\/#website\",\"url\":\"https:\/\/www.centrumczystosci.com\/WP\/\",\"name\":\"Centrum Czysto\u015bci - Hurtownia chemii gospodarczej\",\"description\":\"\",\"publisher\":{\"@id\":\"https:\/\/www.centrumczystosci.com\/WP\/#organization\"},\"potentialAction\":[{\"@type\":\"SearchAction\",\"target\":{\"@type\":\"EntryPoint\",\"urlTemplate\":\"https:\/\/www.centrumczystosci.com\/WP\/?s={search_term_string}\"},\"query-input\":{\"@type\":\"PropertyValueSpecification\",\"valueRequired\":true,\"valueName\":\"search_term_string\"}}],\"inLanguage\":\"pl-PL\"},{\"@type\":\"Organization\",\"@id\":\"https:\/\/www.centrumczystosci.com\/WP\/#organization\",\"name\":\"Centrum Czysto\u015bci - Hurtownia chemii gospodarczej\",\"url\":\"https:\/\/www.centrumczystosci.com\/WP\/\",\"logo\":{\"@type\":\"ImageObject\",\"inLanguage\":\"pl-PL\",\"@id\":\"https:\/\/www.centrumczystosci.com\/WP\/#\/schema\/logo\/image\/\",\"url\":\"https:\/\/www.centrumczystosci.com\/WP\/wp-content\/uploads\/2025\/02\/cropped-logo-CC-4000x4000-1.png\",\"contentUrl\":\"https:\/\/www.centrumczystosci.com\/WP\/wp-content\/uploads\/2025\/02\/cropped-logo-CC-4000x4000-1.png\",\"width\":2983,\"height\":1602,\"caption\":\"Centrum Czysto\u015bci - Hurtownia chemii gospodarczej\"},\"image\":{\"@id\":\"https:\/\/www.centrumczystosci.com\/WP\/#\/schema\/logo\/image\/\"}}]}<\/script>\n<!-- \/ Yoast SEO plugin. -->","yoast_head_json":{"title":"MASTER Folia aluminiowa 1KG d\u0142uga Cateringowa 29cm S003 - Centrum Czysto\u015bci - Hurtownia chemii gospodarczej","robots":{"index":"index","follow":"follow","max-snippet":"max-snippet:-1","max-image-preview":"max-image-preview:large","max-video-preview":"max-video-preview:-1"},"canonical":"https:\/\/www.centrumczystosci.com\/WP\/produkt\/master-folia-aluminiowa-1kg-duga-cateringowa-29cm-s003","og_locale":"pl_PL","og_type":"article","og_title":"MASTER Folia aluminiowa 1KG d\u0142uga Cateringowa 29cm S003 - Centrum Czysto\u015bci - Hurtownia chemii gospodarczej","og_description":"MASTER Folia aluminiowa 1KG d\u0142uga Cateringowa 29cm S003 Folia aluminiowa MASTER to doskona\u0142y produkt dla os\u00f3b prowadz\u0105cych catering, restauracje czy domowe piekarnie. Ta d\u0142uga cateringowa rolka, o d\u0142ugo\u015bci 29cm i wadze 1KG, zapewni Ci wiele praktycznych rozwi\u0105za\u0144 do przechowywania, pakowania i serwowania potraw. Folia aluminiowa to uniwersalny produkt, kt\u00f3ry sprawdzi si\u0119 w wielu sytuacjach &#8211;...","og_url":"https:\/\/www.centrumczystosci.com\/WP\/produkt\/master-folia-aluminiowa-1kg-duga-cateringowa-29cm-s003","og_site_name":"Centrum Czysto\u015bci - Hurtownia chemii gospodarczej","article_modified_time":"2026-03-24T13:41:38+00:00","og_image":[{"width":1200,"height":1372,"url":"https:\/\/www.centrumczystosci.com\/WP\/wp-content\/uploads\/2025\/04\/6bee2ba0a43212a73093571516e27952.jpg","type":"image\/jpeg"}],"twitter_card":"summary_large_image","twitter_misc":{"Szacowany czas czytania":"1 minuta"},"schema":{"@context":"https:\/\/schema.org","@graph":[{"@type":"WebPage","@id":"https:\/\/www.centrumczystosci.com\/WP\/produkt\/master-folia-aluminiowa-1kg-duga-cateringowa-29cm-s003","url":"https:\/\/www.centrumczystosci.com\/WP\/produkt\/master-folia-aluminiowa-1kg-duga-cateringowa-29cm-s003","name":"MASTER Folia aluminiowa 1KG d\u0142uga Cateringowa 29cm S003 - Centrum Czysto\u015bci - Hurtownia chemii gospodarczej","isPartOf":{"@id":"https:\/\/www.centrumczystosci.com\/WP\/#website"},"primaryImageOfPage":{"@id":"https:\/\/www.centrumczystosci.com\/WP\/produkt\/master-folia-aluminiowa-1kg-duga-cateringowa-29cm-s003#primaryimage"},"image":{"@id":"https:\/\/www.centrumczystosci.com\/WP\/produkt\/master-folia-aluminiowa-1kg-duga-cateringowa-29cm-s003#primaryimage"},"thumbnailUrl":"https:\/\/www.centrumczystosci.com\/WP\/wp-content\/uploads\/2025\/04\/6bee2ba0a43212a73093571516e27952.jpg","datePublished":"2026-01-30T07:23:51+00:00","dateModified":"2026-03-24T13:41:38+00:00","breadcrumb":{"@id":"https:\/\/www.centrumczystosci.com\/WP\/produkt\/master-folia-aluminiowa-1kg-duga-cateringowa-29cm-s003#breadcrumb"},"inLanguage":"pl-PL","potentialAction":[{"@type":"ReadAction","target":["https:\/\/www.centrumczystosci.com\/WP\/produkt\/master-folia-aluminiowa-1kg-duga-cateringowa-29cm-s003"]}]},{"@type":"ImageObject","inLanguage":"pl-PL","@id":"https:\/\/www.centrumczystosci.com\/WP\/produkt\/master-folia-aluminiowa-1kg-duga-cateringowa-29cm-s003#primaryimage","url":"https:\/\/www.centrumczystosci.com\/WP\/wp-content\/uploads\/2025\/04\/6bee2ba0a43212a73093571516e27952.jpg","contentUrl":"https:\/\/www.centrumczystosci.com\/WP\/wp-content\/uploads\/2025\/04\/6bee2ba0a43212a73093571516e27952.jpg","width":1200,"height":1372},{"@type":"BreadcrumbList","@id":"https:\/\/www.centrumczystosci.com\/WP\/produkt\/master-folia-aluminiowa-1kg-duga-cateringowa-29cm-s003#breadcrumb","itemListElement":[{"@type":"ListItem","position":1,"name":"Strona g\u0142\u00f3wna","item":"https:\/\/www.centrumczystosci.com\/WP\/"},{"@type":"ListItem","position":2,"name":"Sklep","item":"https:\/\/www.centrumczystosci.com\/WP\/shop"},{"@type":"ListItem","position":3,"name":"MASTER Folia aluminiowa 1KG d\u0142uga Cateringowa 29cm S003"}]},{"@type":"WebSite","@id":"https:\/\/www.centrumczystosci.com\/WP\/#website","url":"https:\/\/www.centrumczystosci.com\/WP\/","name":"Centrum Czysto\u015bci - Hurtownia chemii gospodarczej","description":"","publisher":{"@id":"https:\/\/www.centrumczystosci.com\/WP\/#organization"},"potentialAction":[{"@type":"SearchAction","target":{"@type":"EntryPoint","urlTemplate":"https:\/\/www.centrumczystosci.com\/WP\/?s={search_term_string}"},"query-input":{"@type":"PropertyValueSpecification","valueRequired":true,"valueName":"search_term_string"}}],"inLanguage":"pl-PL"},{"@type":"Organization","@id":"https:\/\/www.centrumczystosci.com\/WP\/#organization","name":"Centrum Czysto\u015bci - Hurtownia chemii gospodarczej","url":"https:\/\/www.centrumczystosci.com\/WP\/","logo":{"@type":"ImageObject","inLanguage":"pl-PL","@id":"https:\/\/www.centrumczystosci.com\/WP\/#\/schema\/logo\/image\/","url":"https:\/\/www.centrumczystosci.com\/WP\/wp-content\/uploads\/2025\/02\/cropped-logo-CC-4000x4000-1.png","contentUrl":"https:\/\/www.centrumczystosci.com\/WP\/wp-content\/uploads\/2025\/02\/cropped-logo-CC-4000x4000-1.png","width":2983,"height":1602,"caption":"Centrum Czysto\u015bci - Hurtownia chemii gospodarczej"},"image":{"@id":"https:\/\/www.centrumczystosci.com\/WP\/#\/schema\/logo\/image\/"}}]}},"_links":{"self":[{"href":"https:\/\/www.centrumczystosci.com\/WP\/wp-json\/wp\/v2\/product\/6094","targetHints":{"allow":["GET"]}}],"collection":[{"href":"https:\/\/www.centrumczystosci.com\/WP\/wp-json\/wp\/v2\/product"}],"about":[{"href":"https:\/\/www.centrumczystosci.com\/WP\/wp-json\/wp\/v2\/types\/product"}],"replies":[{"embeddable":true,"href":"https:\/\/www.centrumczystosci.com\/WP\/wp-json\/wp\/v2\/comments?post=6094"}],"wp:featuredmedia":[{"embeddable":true,"href":"https:\/\/www.centrumczystosci.com\/WP\/wp-json\/wp\/v2\/media\/5855"}],"wp:attachment":[{"href":"https:\/\/www.centrumczystosci.com\/WP\/wp-json\/wp\/v2\/media?parent=6094"}],"wp:term":[{"taxonomy":"product_brand","embeddable":true,"href":"https:\/\/www.centrumczystosci.com\/WP\/wp-json\/wp\/v2\/product_brand?post=6094"},{"taxonomy":"product_cat","embeddable":true,"href":"https:\/\/www.centrumczystosci.com\/WP\/wp-json\/wp\/v2\/product_cat?post=6094"},{"taxonomy":"product_tag","embeddable":true,"href":"https:\/\/www.centrumczystosci.com\/WP\/wp-json\/wp\/v2\/product_tag?post=6094"}],"curies":[{"name":"wp","href":"https:\/\/api.w.org\/{rel}","templated":true}]}}