
{"id":8384,"date":"2026-04-03T13:47:23","date_gmt":"2026-04-03T11:47:23","guid":{"rendered":"https:\/\/www.centrumczystosci.com\/WP\/produkt\/swiffer-xxl-duster-miotelka-teleskopowa-2-wklady"},"modified":"2026-04-20T11:23:40","modified_gmt":"2026-04-20T09:23:40","slug":"swiffer-xxl-duster-miotelka-teleskopowa-2-wklady","status":"publish","type":"product","link":"https:\/\/www.centrumczystosci.com\/WP\/produkt\/swiffer-xxl-duster-miotelka-teleskopowa-2-wklady","title":{"rendered":"Swiffer XXL Duster Miote\u0142ka teleskopowa + 2 wk\u0142ady"},"content":{"rendered":"<div>\n<div style=\"width: 49%;display: inline-block;vertical-align: top\">\n<h1>SWIFFER Zestaw do usuwania kurzu<\/h1>\n<h2>Przyci\u0105gaj\u0105cy i zatrzymuj\u0105cy kurz<\/h2>\n<h2>R\u0105czka + 2 Szczotki<\/h2>\n<p>Swiffer Zestaw do usuwania kurzu przyci\u0105gaj\u0105cy i zatrzymuj\u0105cy kurz<\/p>\n<p><b>Po\u017cegnaj si\u0119 z kurzem,<\/b>&nbsp;brudem oraz w\u0142osami i powitaj prawdziw\u0105 czysto\u015b\u0107.<\/p>\n<p>\u015awietnie sprawdzaj\u0105 si\u0119 te\u017c przy sprz\u0105taniu kociej i psiej sier\u015bci dzi\u0119ki tysi\u0105com puszystych w\u0142\u00f3kien pokrytych cienk\u0105 pow\u0142ok\u0105.<\/p>\n<p><b>Przydatne wskaz\u00f3wki:<\/b>&nbsp;Zestaw do usuwania kurzu nadaje si\u0119 do zbierania sier\u015bci, kt\u00f3r\u0105 zwierz\u0119ta domowe stale gubi\u0105. \u015awietnie spisuje si\u0119 r\u00f3wnie\u017c wtedy, gdy kt\u00f3ry\u015b z domownik\u00f3w ma alergi\u0119 na kurz.<\/p>\n<p>Dzia\u0142a tak dobrze, \u017ce mo\u017cesz nawet polubi\u0107 sprz\u0105tanie.<\/p>\n<p><b>Cechy i w\u0142a\u015bciwo\u015bci:<\/b><\/p>\n<ul>\n<li>Ergonomiczna r\u0105czka doskonale le\u017cy w d\u0142oni i jest wygodna w u\u017cyciu<\/li>\n<li>Nadaje si\u0119 do czyszczenia praktycznie wszystkich suchych powierzchni i nie pozostawia osadu<\/li>\n<\/ul>\n<p><b>Ostrze\u017cenia:<\/b><\/p>\n<p>Przechowywa\u0107 poza zasi\u0119giem dzieci.<\/p>\n<\/div>\n<div style=\"width: 49%;display: inline-block;vertical-align: top;text-align: center\"><img decoding=\"async\" data-order=\"2\" style=\"width:100%;height:auto\" src=\"https:\/\/www.centrumczystosci.com\/WP\/wp-content\/uploads\/2026\/04\/a577097cb0fdd06ee8b1c841e52c9387.jpg\" alt=\"\" title=\"\"><\/div>\n<\/div>\n<div>\n<div style=\"width: 100%;display: inline-block;vertical-align: top;text-align: center\"><img decoding=\"async\" data-order=\"1\" style=\"width:100%;height:auto\" src=\"https:\/\/www.centrumczystosci.com\/WP\/wp-content\/uploads\/2026\/04\/5f505744c2e01c9538cf185a8fd75b54.jpg\" alt=\"\" title=\"\"><\/div>\n<\/div>\n","protected":false},"excerpt":{"rendered":"<p>SWIFFER Zestaw do usuwania kurzu Przyci\u0105gaj\u0105cy i zatrzymuj\u0105cy kurz R\u0105czka + 2 Szczotki Swiffer Zestaw do usuwania kurzu przyci\u0105gaj\u0105cy i zatrzymuj\u0105cy kurz Po\u017cegnaj si\u0119 z kurzem,&nbsp;brudem oraz w\u0142osami i powitaj prawdziw\u0105 czysto\u015b\u0107. \u015awietnie sprawdzaj\u0105 si\u0119 te\u017c przy sprz\u0105taniu kociej i psiej sier\u015bci dzi\u0119ki tysi\u0105com puszystych w\u0142\u00f3kien pokrytych cienk\u0105 pow\u0142ok\u0105. Przydatne wskaz\u00f3wki:&nbsp;Zestaw do usuwania kurzu nadaje&#8230;<\/p>\n","protected":false},"featured_media":8381,"comment_status":"open","ping_status":"closed","template":"","meta":{"om_disable_all_campaigns":false,"_kadence_starter_templates_imported_post":false,"_kad_post_transparent":"","_kad_post_title":"","_kad_post_layout":"","_kad_post_sidebar_id":"","_kad_post_content_style":"","_kad_post_vertical_padding":"","_kad_post_feature":"","_kad_post_feature_position":"","_kad_post_header":false,"_kad_post_footer":false},"product_brand":[],"product_cat":[15],"product_tag":[],"class_list":{"0":"post-8384","1":"product","2":"type-product","3":"status-publish","4":"has-post-thumbnail","6":"product_cat-wszystkie-produkty","8":"first","9":"instock","10":"taxable","11":"shipping-taxable","12":"purchasable","13":"product-type-simple","14":"entry","15":"content-bg","16":"loop-entry"},"yoast_head":"<!-- This site is optimized with the Yoast SEO plugin v26.7 - https:\/\/yoast.com\/wordpress\/plugins\/seo\/ -->\n<title>Swiffer XXL Duster Miote\u0142ka teleskopowa + 2 wk\u0142ady - Centrum Czysto\u015bci - Hurtownia chemii gospodarczej<\/title>\n<meta name=\"robots\" content=\"index, follow, max-snippet:-1, max-image-preview:large, max-video-preview:-1\" \/>\n<link rel=\"canonical\" href=\"https:\/\/www.centrumczystosci.com\/WP\/produkt\/swiffer-xxl-duster-miotelka-teleskopowa-2-wklady\" \/>\n<meta property=\"og:locale\" content=\"pl_PL\" \/>\n<meta property=\"og:type\" content=\"article\" \/>\n<meta property=\"og:title\" content=\"Swiffer XXL Duster Miote\u0142ka teleskopowa + 2 wk\u0142ady - Centrum Czysto\u015bci - Hurtownia chemii gospodarczej\" \/>\n<meta property=\"og:description\" content=\"SWIFFER Zestaw do usuwania kurzu Przyci\u0105gaj\u0105cy i zatrzymuj\u0105cy kurz R\u0105czka + 2 Szczotki Swiffer Zestaw do usuwania kurzu przyci\u0105gaj\u0105cy i zatrzymuj\u0105cy kurz Po\u017cegnaj si\u0119 z kurzem,&nbsp;brudem oraz w\u0142osami i powitaj prawdziw\u0105 czysto\u015b\u0107. \u015awietnie sprawdzaj\u0105 si\u0119 te\u017c przy sprz\u0105taniu kociej i psiej sier\u015bci dzi\u0119ki tysi\u0105com puszystych w\u0142\u00f3kien pokrytych cienk\u0105 pow\u0142ok\u0105. Przydatne wskaz\u00f3wki:&nbsp;Zestaw do usuwania kurzu nadaje...\" \/>\n<meta property=\"og:url\" content=\"https:\/\/www.centrumczystosci.com\/WP\/produkt\/swiffer-xxl-duster-miotelka-teleskopowa-2-wklady\" \/>\n<meta property=\"og:site_name\" content=\"Centrum Czysto\u015bci - Hurtownia chemii gospodarczej\" \/>\n<meta property=\"article:modified_time\" content=\"2026-04-20T09:23:40+00:00\" \/>\n<meta property=\"og:image\" content=\"https:\/\/www.centrumczystosci.com\/WP\/wp-content\/uploads\/2026\/04\/39b9f5195ea0940d97f13fbd7efa851e.jpg\" \/>\n\t<meta property=\"og:image:width\" content=\"711\" \/>\n\t<meta property=\"og:image:height\" content=\"1500\" \/>\n\t<meta property=\"og:image:type\" content=\"image\/jpeg\" \/>\n<meta name=\"twitter:card\" content=\"summary_large_image\" \/>\n<meta name=\"twitter:label1\" content=\"Szacowany czas czytania\" \/>\n\t<meta name=\"twitter:data1\" content=\"1 minuta\" \/>\n<script type=\"application\/ld+json\" class=\"yoast-schema-graph\">{\"@context\":\"https:\/\/schema.org\",\"@graph\":[{\"@type\":\"WebPage\",\"@id\":\"https:\/\/www.centrumczystosci.com\/WP\/produkt\/swiffer-xxl-duster-miotelka-teleskopowa-2-wklady\",\"url\":\"https:\/\/www.centrumczystosci.com\/WP\/produkt\/swiffer-xxl-duster-miotelka-teleskopowa-2-wklady\",\"name\":\"Swiffer XXL Duster Miote\u0142ka teleskopowa + 2 wk\u0142ady - Centrum Czysto\u015bci - Hurtownia chemii gospodarczej\",\"isPartOf\":{\"@id\":\"https:\/\/www.centrumczystosci.com\/WP\/#website\"},\"primaryImageOfPage\":{\"@id\":\"https:\/\/www.centrumczystosci.com\/WP\/produkt\/swiffer-xxl-duster-miotelka-teleskopowa-2-wklady#primaryimage\"},\"image\":{\"@id\":\"https:\/\/www.centrumczystosci.com\/WP\/produkt\/swiffer-xxl-duster-miotelka-teleskopowa-2-wklady#primaryimage\"},\"thumbnailUrl\":\"https:\/\/www.centrumczystosci.com\/WP\/wp-content\/uploads\/2026\/04\/39b9f5195ea0940d97f13fbd7efa851e.jpg\",\"datePublished\":\"2026-04-03T11:47:23+00:00\",\"dateModified\":\"2026-04-20T09:23:40+00:00\",\"breadcrumb\":{\"@id\":\"https:\/\/www.centrumczystosci.com\/WP\/produkt\/swiffer-xxl-duster-miotelka-teleskopowa-2-wklady#breadcrumb\"},\"inLanguage\":\"pl-PL\",\"potentialAction\":[{\"@type\":\"ReadAction\",\"target\":[\"https:\/\/www.centrumczystosci.com\/WP\/produkt\/swiffer-xxl-duster-miotelka-teleskopowa-2-wklady\"]}]},{\"@type\":\"ImageObject\",\"inLanguage\":\"pl-PL\",\"@id\":\"https:\/\/www.centrumczystosci.com\/WP\/produkt\/swiffer-xxl-duster-miotelka-teleskopowa-2-wklady#primaryimage\",\"url\":\"https:\/\/www.centrumczystosci.com\/WP\/wp-content\/uploads\/2026\/04\/39b9f5195ea0940d97f13fbd7efa851e.jpg\",\"contentUrl\":\"https:\/\/www.centrumczystosci.com\/WP\/wp-content\/uploads\/2026\/04\/39b9f5195ea0940d97f13fbd7efa851e.jpg\",\"width\":711,\"height\":1500},{\"@type\":\"BreadcrumbList\",\"@id\":\"https:\/\/www.centrumczystosci.com\/WP\/produkt\/swiffer-xxl-duster-miotelka-teleskopowa-2-wklady#breadcrumb\",\"itemListElement\":[{\"@type\":\"ListItem\",\"position\":1,\"name\":\"Strona g\u0142\u00f3wna\",\"item\":\"https:\/\/www.centrumczystosci.com\/WP\/\"},{\"@type\":\"ListItem\",\"position\":2,\"name\":\"Sklep\",\"item\":\"https:\/\/www.centrumczystosci.com\/WP\/shop\"},{\"@type\":\"ListItem\",\"position\":3,\"name\":\"Swiffer XXL Duster Miote\u0142ka teleskopowa + 2 wk\u0142ady\"}]},{\"@type\":\"WebSite\",\"@id\":\"https:\/\/www.centrumczystosci.com\/WP\/#website\",\"url\":\"https:\/\/www.centrumczystosci.com\/WP\/\",\"name\":\"Centrum Czysto\u015bci - Hurtownia chemii gospodarczej\",\"description\":\"\",\"publisher\":{\"@id\":\"https:\/\/www.centrumczystosci.com\/WP\/#organization\"},\"potentialAction\":[{\"@type\":\"SearchAction\",\"target\":{\"@type\":\"EntryPoint\",\"urlTemplate\":\"https:\/\/www.centrumczystosci.com\/WP\/?s={search_term_string}\"},\"query-input\":{\"@type\":\"PropertyValueSpecification\",\"valueRequired\":true,\"valueName\":\"search_term_string\"}}],\"inLanguage\":\"pl-PL\"},{\"@type\":\"Organization\",\"@id\":\"https:\/\/www.centrumczystosci.com\/WP\/#organization\",\"name\":\"Centrum Czysto\u015bci - Hurtownia chemii gospodarczej\",\"url\":\"https:\/\/www.centrumczystosci.com\/WP\/\",\"logo\":{\"@type\":\"ImageObject\",\"inLanguage\":\"pl-PL\",\"@id\":\"https:\/\/www.centrumczystosci.com\/WP\/#\/schema\/logo\/image\/\",\"url\":\"https:\/\/www.centrumczystosci.com\/WP\/wp-content\/uploads\/2025\/02\/cropped-logo-CC-4000x4000-1.png\",\"contentUrl\":\"https:\/\/www.centrumczystosci.com\/WP\/wp-content\/uploads\/2025\/02\/cropped-logo-CC-4000x4000-1.png\",\"width\":2983,\"height\":1602,\"caption\":\"Centrum Czysto\u015bci - Hurtownia chemii gospodarczej\"},\"image\":{\"@id\":\"https:\/\/www.centrumczystosci.com\/WP\/#\/schema\/logo\/image\/\"}}]}<\/script>\n<!-- \/ Yoast SEO plugin. -->","yoast_head_json":{"title":"Swiffer XXL Duster Miote\u0142ka teleskopowa + 2 wk\u0142ady - Centrum Czysto\u015bci - Hurtownia chemii gospodarczej","robots":{"index":"index","follow":"follow","max-snippet":"max-snippet:-1","max-image-preview":"max-image-preview:large","max-video-preview":"max-video-preview:-1"},"canonical":"https:\/\/www.centrumczystosci.com\/WP\/produkt\/swiffer-xxl-duster-miotelka-teleskopowa-2-wklady","og_locale":"pl_PL","og_type":"article","og_title":"Swiffer XXL Duster Miote\u0142ka teleskopowa + 2 wk\u0142ady - Centrum Czysto\u015bci - Hurtownia chemii gospodarczej","og_description":"SWIFFER Zestaw do usuwania kurzu Przyci\u0105gaj\u0105cy i zatrzymuj\u0105cy kurz R\u0105czka + 2 Szczotki Swiffer Zestaw do usuwania kurzu przyci\u0105gaj\u0105cy i zatrzymuj\u0105cy kurz Po\u017cegnaj si\u0119 z kurzem,&nbsp;brudem oraz w\u0142osami i powitaj prawdziw\u0105 czysto\u015b\u0107. \u015awietnie sprawdzaj\u0105 si\u0119 te\u017c przy sprz\u0105taniu kociej i psiej sier\u015bci dzi\u0119ki tysi\u0105com puszystych w\u0142\u00f3kien pokrytych cienk\u0105 pow\u0142ok\u0105. Przydatne wskaz\u00f3wki:&nbsp;Zestaw do usuwania kurzu nadaje...","og_url":"https:\/\/www.centrumczystosci.com\/WP\/produkt\/swiffer-xxl-duster-miotelka-teleskopowa-2-wklady","og_site_name":"Centrum Czysto\u015bci - Hurtownia chemii gospodarczej","article_modified_time":"2026-04-20T09:23:40+00:00","og_image":[{"width":711,"height":1500,"url":"https:\/\/www.centrumczystosci.com\/WP\/wp-content\/uploads\/2026\/04\/39b9f5195ea0940d97f13fbd7efa851e.jpg","type":"image\/jpeg"}],"twitter_card":"summary_large_image","twitter_misc":{"Szacowany czas czytania":"1 minuta"},"schema":{"@context":"https:\/\/schema.org","@graph":[{"@type":"WebPage","@id":"https:\/\/www.centrumczystosci.com\/WP\/produkt\/swiffer-xxl-duster-miotelka-teleskopowa-2-wklady","url":"https:\/\/www.centrumczystosci.com\/WP\/produkt\/swiffer-xxl-duster-miotelka-teleskopowa-2-wklady","name":"Swiffer XXL Duster Miote\u0142ka teleskopowa + 2 wk\u0142ady - Centrum Czysto\u015bci - Hurtownia chemii gospodarczej","isPartOf":{"@id":"https:\/\/www.centrumczystosci.com\/WP\/#website"},"primaryImageOfPage":{"@id":"https:\/\/www.centrumczystosci.com\/WP\/produkt\/swiffer-xxl-duster-miotelka-teleskopowa-2-wklady#primaryimage"},"image":{"@id":"https:\/\/www.centrumczystosci.com\/WP\/produkt\/swiffer-xxl-duster-miotelka-teleskopowa-2-wklady#primaryimage"},"thumbnailUrl":"https:\/\/www.centrumczystosci.com\/WP\/wp-content\/uploads\/2026\/04\/39b9f5195ea0940d97f13fbd7efa851e.jpg","datePublished":"2026-04-03T11:47:23+00:00","dateModified":"2026-04-20T09:23:40+00:00","breadcrumb":{"@id":"https:\/\/www.centrumczystosci.com\/WP\/produkt\/swiffer-xxl-duster-miotelka-teleskopowa-2-wklady#breadcrumb"},"inLanguage":"pl-PL","potentialAction":[{"@type":"ReadAction","target":["https:\/\/www.centrumczystosci.com\/WP\/produkt\/swiffer-xxl-duster-miotelka-teleskopowa-2-wklady"]}]},{"@type":"ImageObject","inLanguage":"pl-PL","@id":"https:\/\/www.centrumczystosci.com\/WP\/produkt\/swiffer-xxl-duster-miotelka-teleskopowa-2-wklady#primaryimage","url":"https:\/\/www.centrumczystosci.com\/WP\/wp-content\/uploads\/2026\/04\/39b9f5195ea0940d97f13fbd7efa851e.jpg","contentUrl":"https:\/\/www.centrumczystosci.com\/WP\/wp-content\/uploads\/2026\/04\/39b9f5195ea0940d97f13fbd7efa851e.jpg","width":711,"height":1500},{"@type":"BreadcrumbList","@id":"https:\/\/www.centrumczystosci.com\/WP\/produkt\/swiffer-xxl-duster-miotelka-teleskopowa-2-wklady#breadcrumb","itemListElement":[{"@type":"ListItem","position":1,"name":"Strona g\u0142\u00f3wna","item":"https:\/\/www.centrumczystosci.com\/WP\/"},{"@type":"ListItem","position":2,"name":"Sklep","item":"https:\/\/www.centrumczystosci.com\/WP\/shop"},{"@type":"ListItem","position":3,"name":"Swiffer XXL Duster Miote\u0142ka teleskopowa + 2 wk\u0142ady"}]},{"@type":"WebSite","@id":"https:\/\/www.centrumczystosci.com\/WP\/#website","url":"https:\/\/www.centrumczystosci.com\/WP\/","name":"Centrum Czysto\u015bci - Hurtownia chemii gospodarczej","description":"","publisher":{"@id":"https:\/\/www.centrumczystosci.com\/WP\/#organization"},"potentialAction":[{"@type":"SearchAction","target":{"@type":"EntryPoint","urlTemplate":"https:\/\/www.centrumczystosci.com\/WP\/?s={search_term_string}"},"query-input":{"@type":"PropertyValueSpecification","valueRequired":true,"valueName":"search_term_string"}}],"inLanguage":"pl-PL"},{"@type":"Organization","@id":"https:\/\/www.centrumczystosci.com\/WP\/#organization","name":"Centrum Czysto\u015bci - Hurtownia chemii gospodarczej","url":"https:\/\/www.centrumczystosci.com\/WP\/","logo":{"@type":"ImageObject","inLanguage":"pl-PL","@id":"https:\/\/www.centrumczystosci.com\/WP\/#\/schema\/logo\/image\/","url":"https:\/\/www.centrumczystosci.com\/WP\/wp-content\/uploads\/2025\/02\/cropped-logo-CC-4000x4000-1.png","contentUrl":"https:\/\/www.centrumczystosci.com\/WP\/wp-content\/uploads\/2025\/02\/cropped-logo-CC-4000x4000-1.png","width":2983,"height":1602,"caption":"Centrum Czysto\u015bci - Hurtownia chemii gospodarczej"},"image":{"@id":"https:\/\/www.centrumczystosci.com\/WP\/#\/schema\/logo\/image\/"}}]}},"_links":{"self":[{"href":"https:\/\/www.centrumczystosci.com\/WP\/wp-json\/wp\/v2\/product\/8384","targetHints":{"allow":["GET"]}}],"collection":[{"href":"https:\/\/www.centrumczystosci.com\/WP\/wp-json\/wp\/v2\/product"}],"about":[{"href":"https:\/\/www.centrumczystosci.com\/WP\/wp-json\/wp\/v2\/types\/product"}],"replies":[{"embeddable":true,"href":"https:\/\/www.centrumczystosci.com\/WP\/wp-json\/wp\/v2\/comments?post=8384"}],"wp:featuredmedia":[{"embeddable":true,"href":"https:\/\/www.centrumczystosci.com\/WP\/wp-json\/wp\/v2\/media\/8381"}],"wp:attachment":[{"href":"https:\/\/www.centrumczystosci.com\/WP\/wp-json\/wp\/v2\/media?parent=8384"}],"wp:term":[{"taxonomy":"product_brand","embeddable":true,"href":"https:\/\/www.centrumczystosci.com\/WP\/wp-json\/wp\/v2\/product_brand?post=8384"},{"taxonomy":"product_cat","embeddable":true,"href":"https:\/\/www.centrumczystosci.com\/WP\/wp-json\/wp\/v2\/product_cat?post=8384"},{"taxonomy":"product_tag","embeddable":true,"href":"https:\/\/www.centrumczystosci.com\/WP\/wp-json\/wp\/v2\/product_tag?post=8384"}],"curies":[{"name":"wp","href":"https:\/\/api.w.org\/{rel}","templated":true}]}}